{"id":25626,"date":"2025-12-18T14:28:00","date_gmt":"2025-12-18T19:28:00","guid":{"rendered":"https:\/\/cjf-fjc.ca\/?page_id=25626"},"modified":"2025-12-18T14:47:25","modified_gmt":"2025-12-18T19:47:25","slug":"prix-cjf-hinton-pour-lexcellence-en-reportage-sur-la-securite-de-lia","status":"publish","type":"page","link":"https:\/\/cjf-fjc.ca\/fr\/prix-cjf-hinton-pour-lexcellence-en-reportage-sur-la-securite-de-lia\/","title":{"rendered":"Prix CJF Hinton pour l&rsquo;excellence en reportage sur la s\u00e9curit\u00e9 de l&rsquo;IA"},"content":{"rendered":"<div class=\"wpb-content-wrapper\"><p>[vc_row][vc_column][vc_btn title=\u00a0\u00bbPostulez ici\u00a0\u00bb align=\u00a0\u00bbcenter\u00a0\u00bb css=\u00a0\u00bb\u00a0\u00bb button_block=\u00a0\u00bbtrue\u00a0\u00bb link=\u00a0\u00bburl:https%3A%2F%2Fcjf-fjc.ca%2Fcjfhintonform%2F\u00a0\u00bb][vc_column_text css=\u00a0\u00bb\u00a0\u00bb]Ce nouveau prix annuel, qui porte le nom du laur\u00e9at Nobel, le Docteur Geoffrey Hinton, r\u00e9compense le journalisme de qualit\u00e9 exceptionnelle qui porte un \u0153il critique sur les implications en mati\u00e8re de s\u00e9curit\u00e9 de l&rsquo;intelligence artificielle (IA) \u2013 une technologie lourde de cons\u00e9quences pour notre soci\u00e9t\u00e9. Le prix de 10 000$ est d\u00e9cern\u00e9 en partenariat avec l\u2019AI Safety Foundation et rendu possible gr\u00e2ce \u00e0 un g\u00e9n\u00e9reux don des philanthropes <strong>Richard Wernham <\/strong>et<strong> Julia West<\/strong>.<\/p>\n<h2 data-start=\"44\" data-end=\"226\"><strong data-start=\"44\" data-end=\"63\">D\u00e9tails du prix<\/strong><br data-start=\"63\" data-end=\"66\" \/><strong data-start=\"66\" data-end=\"76\">Prix :<\/strong> 10 000 $<br data-start=\"85\" data-end=\"88\" \/><strong data-start=\"88\" data-end=\"107\">Admissibilit\u00e9 :<\/strong> Ouvert aux journalistes canadiens ou aux \u00e9quipes dont le travail est publi\u00e9 sur une plateforme m\u00e9diatique nationale.<\/h2>\n<p data-start=\"228\" data-end=\"264\"><strong data-start=\"228\" data-end=\"262\">Formats m\u00e9diatiques accept\u00e9s :<\/strong><\/p>\n<ul data-start=\"265\" data-end=\"451\">\n<li data-start=\"265\" data-end=\"315\">\n<p data-start=\"267\" data-end=\"315\">Reportage d\u2019enqu\u00eate de longue haleine ou s\u00e9rie<\/p>\n<\/li>\n<li data-start=\"316\" data-end=\"360\">\n<p data-start=\"318\" data-end=\"360\">M\u00e9dias num\u00e9riques \/ narration multim\u00e9dia<\/p>\n<\/li>\n<li data-start=\"361\" data-end=\"371\">\n<p data-start=\"363\" data-end=\"371\">Balado<\/p>\n<\/li>\n<li data-start=\"372\" data-end=\"417\">\n<p data-start=\"374\" data-end=\"417\">Reportage audio (p. ex. reportages radio)<\/p>\n<\/li>\n<li data-start=\"418\" data-end=\"451\">\n<p data-start=\"420\" data-end=\"451\">Documentaire (audio ou vid\u00e9o)<\/p>\n<\/li>\n<\/ul>\n<p data-start=\"453\" data-end=\"545\">Les candidatures seront \u00e9valu\u00e9es en fonction de la mani\u00e8re dont le reportage ou la s\u00e9rie :<\/p>\n<ul data-start=\"546\" data-end=\"1184\">\n<li data-start=\"546\" data-end=\"649\">\n<p data-start=\"548\" data-end=\"649\">Offre un traitement nuanc\u00e9 et fond\u00e9 sur des donn\u00e9es probantes des enjeux li\u00e9s \u00e0 la s\u00e9curit\u00e9 de l\u2019IA<\/p>\n<\/li>\n<li data-start=\"650\" data-end=\"775\">\n<p data-start=\"652\" data-end=\"775\">Explore les dilemmes \u00e9thiques, les risques soci\u00e9taux et les risques potentiellement catastrophiques des technologies d\u2019IA<\/p>\n<\/li>\n<li data-start=\"776\" data-end=\"893\">\n<p data-start=\"778\" data-end=\"893\">Enqu\u00eate sur des solutions visant \u00e0 att\u00e9nuer les risques et \u00e0 renforcer la s\u00e9curit\u00e9 de l\u2019IA, et les met en lumi\u00e8re<\/p>\n<\/li>\n<li data-start=\"894\" data-end=\"1005\">\n<p data-start=\"896\" data-end=\"1005\">Met en \u00e9vidence les mesures de protection n\u00e9cessaires pour assurer un avenir s\u00e9curitaire et s\u00fbr face \u00e0 l\u2019IA<\/p>\n<\/li>\n<li data-start=\"1006\" data-end=\"1086\">\n<p data-start=\"1008\" data-end=\"1086\">Fait preuve d\u2019exactitude scientifique et respecte l\u2019int\u00e9grit\u00e9 journalistique<\/p>\n<\/li>\n<li data-start=\"1087\" data-end=\"1184\">\n<p data-start=\"1089\" data-end=\"1184\">Favorise la compr\u00e9hension du public \u00e0 l\u2019\u00e9gard des enjeux complexes li\u00e9s \u00e0 la s\u00e9curit\u00e9 de l\u2019IA<\/p>\n<\/li>\n<\/ul>\n<p data-start=\"1186\" data-end=\"1396\" data-is-last-node=\"\" data-is-only-node=\"\">La p\u00e9riode de mise en candidature pour le Prix CJF Hinton pour l\u2019excellence en journalisme sur la s\u00e9curit\u00e9 de l\u2019IA est maintenant ouverte. La date limite de soumission est le <strong data-start=\"1361\" data-end=\"1395\">23 janvier 2026 \u00e0 23 h 59 (HE)<\/strong>.<\/p>\n<p>[\/vc_column_text][\/vc_column][\/vc_row][vc_row][vc_column][vc_btn title=\u00a0\u00bbPostulez ici\u00a0\u00bb align=\u00a0\u00bbcenter\u00a0\u00bb css=\u00a0\u00bb\u00a0\u00bb button_block=\u00a0\u00bbtrue\u00a0\u00bb link=\u00a0\u00bburl:https%3A%2F%2Fcjf-fjc.ca%2Fcjfhintonform%2F\u00a0\u00bb][\/vc_column][\/vc_row]<\/p>\n<\/div>","protected":false},"excerpt":{"rendered":"<p>[vc_row][vc_column][vc_btn title=\u00a0\u00bbPostulez ici\u00a0\u00bb align=\u00a0\u00bbcenter\u00a0\u00bb css=\u00a0\u00bb\u00a0\u00bb button_block=\u00a0\u00bbtrue\u00a0\u00bb link=\u00a0\u00bburl:https%3A%2F%2Fcjf-fjc.ca%2Fcjfhintonform%2F\u00a0\u00bb][vc_column_text css=\u00a0\u00bb\u00a0\u00bb]Ce nouveau prix annuel, qui porte le nom du laur\u00e9at Nobel, le Docteur Geoffrey Hinton, r\u00e9compense le journalisme de qualit\u00e9 exceptionnelle qui porte [&hellip;]<\/p>\n","protected":false},"author":16,"featured_media":0,"parent":0,"menu_order":0,"comment_status":"closed","ping_status":"closed","template":"","meta":{"_acf_changed":false,"footnotes":""},"class_list":["post-25626","page","type-page","status-publish","hentry"],"acf":[],"_links":{"self":[{"href":"https:\/\/cjf-fjc.ca\/fr\/wp-json\/wp\/v2\/pages\/25626","targetHints":{"allow":["GET"]}}],"collection":[{"href":"https:\/\/cjf-fjc.ca\/fr\/wp-json\/wp\/v2\/pages"}],"about":[{"href":"https:\/\/cjf-fjc.ca\/fr\/wp-json\/wp\/v2\/types\/page"}],"author":[{"embeddable":true,"href":"https:\/\/cjf-fjc.ca\/fr\/wp-json\/wp\/v2\/users\/16"}],"replies":[{"embeddable":true,"href":"https:\/\/cjf-fjc.ca\/fr\/wp-json\/wp\/v2\/comments?post=25626"}],"version-history":[{"count":4,"href":"https:\/\/cjf-fjc.ca\/fr\/wp-json\/wp\/v2\/pages\/25626\/revisions"}],"predecessor-version":[{"id":25632,"href":"https:\/\/cjf-fjc.ca\/fr\/wp-json\/wp\/v2\/pages\/25626\/revisions\/25632"}],"wp:attachment":[{"href":"https:\/\/cjf-fjc.ca\/fr\/wp-json\/wp\/v2\/media?parent=25626"}],"curies":[{"name":"wp","href":"https:\/\/api.w.org\/{rel}","templated":true}]}}