{"id":24201,"date":"2024-12-09T16:47:22","date_gmt":"2024-12-09T21:47:22","guid":{"rendered":"https:\/\/cjf-fjc.ca\/?page_id=24201"},"modified":"2025-05-29T16:39:02","modified_gmt":"2025-05-29T20:39:02","slug":"sante-autochtone","status":"publish","type":"page","link":"https:\/\/cjf-fjc.ca\/fr\/sante-autochtone\/","title":{"rendered":"Bourse de recherche en journalisme de sant\u00e9 autochtone de la FJC"},"content":{"rendered":"<div class=\"wpb-content-wrapper\"><p>[vc_row][vc_column]\n    <div style=\"text-align:center\" class=\"nd_options_section\">\n      <img decoding=\"async\" alt=\"\" style=\"width:full\" class=\" nd_options_margin_0 nd_options_padding_0 \" src=\"https:\/\/cjf-fjc.ca\/wp-content\/uploads\/CJF-AWARDS-2025-copy-2-1024x576.jpg\">\n    <\/div>\n   [\/vc_column][\/vc_row][vc_row][vc_column]<div style=\"background-color:;height: 50px\" class=\"nicdark_section  \"><\/div>[vc_column_text css=\u00a0\u00bb\u00a0\u00bb]<\/p>\n<h2><\/h2>\n<h2><strong><span class=\"OYPEnA font-feature-liga-off font-feature-clig-off font-feature-calt-off text-decoration-none text-strikethrough-none\">Bourse de recherche en journalisme de sant\u00e9 autochtone de la FJC<\/span><\/strong><\/h2>\n<p>&nbsp;<\/p>\n<p>Cette nouvelle bourse d&rsquo;un an est une initiative sans pr\u00e9c\u00e9dent, \u00e9labor\u00e9e en partenariat avec l&rsquo;Association m\u00e9dicale canadienne (AMC) visant \u00e0 favoriser la production de reportages sp\u00e9cialis\u00e9s sur les probl\u00e8mes de sant\u00e9 critiques qui touchent les communaut\u00e9s autochtones au Canada. Ouverte aux journalistes autochtones (Premi\u00e8res Nations, Inuits et M\u00e9tis) ayant au moins cinq ans d&rsquo;exp\u00e9rience professionnelle, cette bourse prestigieuse offre une bourse de recherche d&rsquo;un an de 100 000 $, jusqu&rsquo;\u00e0 20 000 $ pour les d\u00e9penses et jusqu&rsquo;\u00e0 30 000 $ de financement suppl\u00e9mentaire pour soutenir un journaliste en d\u00e9but de carri\u00e8re et \/ ou des voyages dans des communaut\u00e9s \u00e9loign\u00e9es. Les boursiers collaboreront avec un partenaire m\u00e9diatique national pour produire des reportages percutants dans un ou plusieurs des m\u00e9dias suivants&nbsp;: une s\u00e9rie documentaire radiodiffus\u00e9e, un podcast, une s\u00e9rie d&rsquo;articles publi\u00e9s avec un partenaire d\u2019\u00e9dition ou un distributeur de m\u00e9dias national d&rsquo;ici la fin de 2026.<\/p>\n<p>&nbsp;<\/p>\n<p>Cette bourse de recherche in\u00e9dite comblera une lacune critique en alimentant des reportages approfondis sur un sujet qui ne re\u00e7oit pas l\u2019attention qu\u2019il m\u00e9rite&nbsp;: la sant\u00e9 des Autochtones.<\/p>\n<p>&nbsp;<\/p>\n<p>La sant\u00e9 des Autochtones englobe un large \u00e9ventail de sujets, comme l&rsquo;acc\u00e8s aux soins m\u00e9dicaux pour les communaut\u00e9s marginalis\u00e9es, les pr\u00e9jug\u00e9s syst\u00e9miques, les r\u00e9percussions des d\u00e9terminants sociaux de la sant\u00e9 pour les peuples autochtones, les disparit\u00e9s en mati\u00e8re de sant\u00e9 mentale, les effets du racisme syst\u00e9mique dans les soins de sant\u00e9, le g\u00e9nocide, les traumatismes interg\u00e9n\u00e9rationnels et l&rsquo;acc\u00e8s \u00e9quitable pour tous aux soins tenant compte des traumatismes subis.<\/p>\n<p>&nbsp;<\/p>\n<p>Cette bourse aidera \u00e9galement \u00e0 \u00e9clairer le travail visant \u00e0 am\u00e9liorer les r\u00e9sultats en mati\u00e8re de sant\u00e9 des Autochtones, \u00e0 valoriser et \u00e0 conserver un espace s\u00fbr pour les visions du monde, la m\u00e9decine et les pratiques de gu\u00e9rison autochtones, tout en aidant \u00e0 assurer un acc\u00e8s \u00e9quitable pour tous \u00e0 des soins culturellement s\u00fbrs tenant compte des traumatismes subis.<\/p>\n<p>&nbsp;[\/vc_column_text][\/vc_column][\/vc_row][vc_row][vc_column][vc_column_text css=\u00a0\u00bb\u00a0\u00bb]<strong>D\u00e9tails de pr\u00e9-candidature pour les candidats<\/strong><\/p>\n<p>Votre demande doit comprendre les \u00e9l\u00e9ments suivants :<\/p>\n<p>&nbsp;<\/p>\n<p>i) <strong><u>Curriculum vitae \u00e0 jour<\/u><\/strong><\/p>\n<p><u>ii)<\/u><strong><u> D\u00e9claration sur le lien ou les relations de votre candidat(e) avec la communaut\u00e9 autochtone.<\/u><\/strong><\/p>\n<p>iii) Une <strong><u>pr\u00e9sentation tr\u00e8s cibl\u00e9e<\/u><\/strong> d\u2019un maximum de 1 000 mots sur une question de sant\u00e9 autochtone, qui d\u00e9montre une ma\u00eetrise et un bon aper\u00e7u du sujet propos\u00e9, et qui explique l&rsquo;int\u00e9r\u00eat de l&rsquo;histoire pour un public canadien. Les candidats sont \u00e9galement encourag\u00e9s \u00e0 souligner toute incidence potentielle sur les politiques publiques, le cas \u00e9ch\u00e9ant.<\/p>\n<p>Le pitch doit aborder un seul sujet, d\u00e9montrer une recherche sur le sujet et donner un aper\u00e7u des sc\u00e9narios et des interview\u00e9s possibles.<\/p>\n<p>Les candidats doivent indiquer clairement dans le cadre de leur demande s&rsquo;ils ont soumis leur candidature pour d&rsquo;autres subventions, bourses de recherche ou financement connexe, ou s&rsquo;il y a des partenaires institutionnels actuels ou potentiels associ\u00e9s \u00e0 leur candidature.<\/p>\n<p>Ils devraient \u00e9galement indiquer le ou les formats de m\u00e9dias qu&rsquo;ils ont l&rsquo;intention d&rsquo;utiliser pour leur projet.<\/p>\n<p>iv) Un <strong><u>plan de reportage<\/u><\/strong> (d&rsquo;une page maximum) d\u00e9crivant la logistique de la fa\u00e7on et du calendrier du travail de recherche, de production et de diffusion \/ publication au cours de l&rsquo;ann\u00e9e civile 2026.<\/p>\n<p>v) Une <strong><u>lettre d&rsquo;appui<\/u><\/strong> d&rsquo;un organe de presse canadien \u00e9tabli et r\u00e9put\u00e9 de port\u00e9e nationale, reconnu pour son int\u00e9grit\u00e9 journalistique et ses normes \u00e9ditoriales \u00e9lev\u00e9es, y compris un engagement \u00e0 publier ou \u00e0 diffuser le projet termin\u00e9 \u00e0 un auditoire canadien en fran\u00e7ais ou en anglais.<\/p>\n<p>vi) Un <strong><u>plan budg\u00e9taire <\/u><\/strong>indiquant la mani\u00e8re dont la bourse sera utilis\u00e9e. La FJC fournira un mod\u00e8le.<\/p>\n<p>vii) <strong><u>Liens vers trois exemples de votre travail<\/u><\/strong> montrant la gamme des comp\u00e9tences n\u00e9cessaires pour concr\u00e9tiser le pitch. Tout travail se trouvant sur un site payant doit inclure un nom d&rsquo;utilisateur et un mot de passe valables pour acc\u00e9der au reportage, ou doit \u00eatre enregistr\u00e9 dans un format t\u00e9l\u00e9chargeable (par exemple en PDF) et t\u00e9l\u00e9charg\u00e9 sur un service de partage de fichiers avec un lien actif.<\/p>\n<p>viii) <strong><u>R\u00e9f\u00e9rences <\/u>:<\/strong> tous les candidats doivent fournir les noms, les titres et les coordonn\u00e9es (courriel et t\u00e9l\u00e9phone) de deux r\u00e9dacteurs superviseurs qui connaissent bien leur travail. Assurez-vous de mentionner aux personnes fournissant une r\u00e9f\u00e9rence que si on leur demande d&rsquo;\u00e9crire une lettre, elles auront deux semaines pour le faire.<\/p>\n<p>&nbsp;<\/p>\n<p>&nbsp;<\/p>\n<p><strong>LA CJF EST RECONNAISSANTE DU SOUTIEN DE NOTRE PARTENAIRE POUR CETTE BOURSE&nbsp;: <\/strong><\/p>\n<p><strong>&nbsp;<\/strong><a href=\"https:\/\/cjf-fjc.ca\/wp-content\/uploads\/CMA-logo.png\"><img loading=\"lazy\" decoding=\"async\" class=\"alignnone size-medium wp-image-24198\" src=\"https:\/\/cjf-fjc.ca\/wp-content\/uploads\/CMA-logo-300x113.png\" alt=\"Association Medicale Canadien Canadian Medical Association\" width=\"300\" height=\"113\" srcset=\"https:\/\/cjf-fjc.ca\/wp-content\/uploads\/CMA-logo-300x113.png 300w, https:\/\/cjf-fjc.ca\/wp-content\/uploads\/CMA-logo-1024x384.png 1024w, https:\/\/cjf-fjc.ca\/wp-content\/uploads\/CMA-logo-768x288.png 768w, https:\/\/cjf-fjc.ca\/wp-content\/uploads\/CMA-logo-1536x576.png 1536w, https:\/\/cjf-fjc.ca\/wp-content\/uploads\/CMA-logo-24x9.png 24w, https:\/\/cjf-fjc.ca\/wp-content\/uploads\/CMA-logo-36x14.png 36w, https:\/\/cjf-fjc.ca\/wp-content\/uploads\/CMA-logo-48x18.png 48w, https:\/\/cjf-fjc.ca\/wp-content\/uploads\/CMA-logo.png 1600w\" sizes=\"auto, (max-width: 300px) 100vw, 300px\" \/><\/a><\/p>\n<p>&nbsp;<\/p>\n<p><strong>La date limite de candidature est le 24 juin 2025. <\/strong><\/p>\n<p>&nbsp;<\/p>\n<p><strong>Pour renseignements, contactez : <\/strong><\/p>\n<p>Natalie Turvey<\/p>\n<p>Pr\u00e9sident et directeur g\u00e9n\u00e9ral La Fondation pour le journalisme canadien<\/p>\n<p>nturvey@cjf-fjc.ca[\/vc_column_text][vc_separator css=\u00a0\u00bb\u00a0\u00bb][vc_btn title=\u00a0\u00bbSoumettez votre candidature\u00a0\u00bb color=\u00a0\u00bbinverse\u00a0\u00bb size=\u00a0\u00bblg\u00a0\u00bb align=\u00a0\u00bbcenter\u00a0\u00bb css=\u00a0\u00bb\u00a0\u00bb button_block=\u00a0\u00bbtrue\u00a0\u00bb link=\u00a0\u00bburl:https%3A%2F%2Fcjf-fjc.ca%2Findigenoushealthform%2F|title:CJF%20Indigenous%20Health%20Journalism%20Fellowship%2C%20in%20partnership%20with%20CMA\u00a0\u00bb]<div style=\"background-color:;height: 50px\" class=\"nicdark_section  \"><\/div>[\/vc_column][\/vc_row][vc_row][vc_column][vc_column_text css=\u00a0\u00bb\u00a0\u00bb]<\/p>\n<h3><b><i>\u00c0 propos de l\u2019AMC\u00a0<\/i><\/b><\/h3>\n<p>L\u2019Association m\u00e9dicale canadienne est \u00e0 l\u2019origine d\u2019un regroupement national de m\u00e9decins et d\u2019apprenants en m\u00e9decine qui croient en un avenir meilleur pour la sant\u00e9. Elle aspire \u00e0 cr\u00e9er un syst\u00e8me de sant\u00e9 viable et accessible o\u00f9 les patients participent \u00e0 leurs soins, une culture m\u00e9dicale qui favorise l\u2019\u00e9quit\u00e9, la diversit\u00e9 et le bien-\u00eatre des m\u00e9decins, ainsi que des communaut\u00e9s inclusives o\u00f9 chaque personne peut vivre en bonne sant\u00e9. Guid\u00e9e par des valeurs de collaboration et d\u2019inclusion, elle provoque des changements gr\u00e2ce \u00e0 son travail de repr\u00e9sentation, aux dons, commandites et subventions et au partage des connaissances.[\/vc_column_text][\/vc_column][\/vc_row]<\/p>\n<\/div>","protected":false},"excerpt":{"rendered":"<p>[vc_row][vc_column][\/vc_column][\/vc_row][vc_row][vc_column][vc_column_text css=\u00a0\u00bb\u00a0\u00bb] Bourse de recherche en journalisme de sant\u00e9 autochtone de la FJC &nbsp; Cette nouvelle bourse d&rsquo;un an est une initiative sans pr\u00e9c\u00e9dent, \u00e9labor\u00e9e en partenariat avec l&rsquo;Association m\u00e9dicale [&hellip;]<\/p>\n","protected":false},"author":16,"featured_media":0,"parent":0,"menu_order":0,"comment_status":"closed","ping_status":"closed","template":"","meta":{"_acf_changed":false,"footnotes":""},"class_list":["post-24201","page","type-page","status-publish","hentry"],"acf":[],"_links":{"self":[{"href":"https:\/\/cjf-fjc.ca\/fr\/wp-json\/wp\/v2\/pages\/24201","targetHints":{"allow":["GET"]}}],"collection":[{"href":"https:\/\/cjf-fjc.ca\/fr\/wp-json\/wp\/v2\/pages"}],"about":[{"href":"https:\/\/cjf-fjc.ca\/fr\/wp-json\/wp\/v2\/types\/page"}],"author":[{"embeddable":true,"href":"https:\/\/cjf-fjc.ca\/fr\/wp-json\/wp\/v2\/users\/16"}],"replies":[{"embeddable":true,"href":"https:\/\/cjf-fjc.ca\/fr\/wp-json\/wp\/v2\/comments?post=24201"}],"version-history":[{"count":8,"href":"https:\/\/cjf-fjc.ca\/fr\/wp-json\/wp\/v2\/pages\/24201\/revisions"}],"predecessor-version":[{"id":24865,"href":"https:\/\/cjf-fjc.ca\/fr\/wp-json\/wp\/v2\/pages\/24201\/revisions\/24865"}],"wp:attachment":[{"href":"https:\/\/cjf-fjc.ca\/fr\/wp-json\/wp\/v2\/media?parent=24201"}],"curies":[{"name":"wp","href":"https:\/\/api.w.org\/{rel}","templated":true}]}}