{"id":23346,"date":"2024-08-07T17:33:14","date_gmt":"2024-08-07T21:33:14","guid":{"rendered":"https:\/\/cjf-fjc.ca\/?page_id=23346"},"modified":"2024-08-07T17:33:17","modified_gmt":"2024-08-07T21:33:17","slug":"les-membres-du-jury-bourses-de-recherche-en-journalisme-autochtone-cjf-cbc","status":"publish","type":"page","link":"https:\/\/cjf-fjc.ca\/fr\/les-membres-du-jury-bourses-de-recherche-en-journalisme-autochtone-cjf-cbc\/","title":{"rendered":"Les membres du jury &#8211; Bourses de recherche en journalisme autochtone CJF-CBC"},"content":{"rendered":"<div class=\"wpb-content-wrapper\"><p>[vc_row][vc_column][vc_column_text css=\u00a0\u00bb\u00a0\u00bb]<\/p>\n<h4><strong>2024 Jury<\/strong><\/h4>\n<p>[\/vc_column_text][vc_column_text css=\u00a0\u00bb\u00a0\u00bb]<img loading=\"lazy\" decoding=\"async\" class=\"alignnone wp-image-15552\" src=\"https:\/\/cjf-fjc.ca\/wp-content\/uploads\/duncan_mccue_square.jpeg\" alt=\"\" width=\"120\" height=\"113\" \/><\/p>\n<p><strong>Duncan McCue<\/strong><\/p>\n<p>Diffuseur prim\u00e9 de la CBC et ardent d\u00e9fenseur de la promotion du lien entre le journalisme et les communaut\u00e9s autochtones<\/p>\n<p>&nbsp;<\/p>\n<p><img loading=\"lazy\" decoding=\"async\" class=\"alignnone wp-image-15559\" src=\"https:\/\/cjf-fjc.ca\/wp-content\/uploads\/MeaganFiddler_Crop-110x110-1.png\" alt=\"\" width=\"127\" height=\"127\" \/><\/p>\n<p><strong>Meagan Fiddler<\/strong><\/p>\n<p>Producteur principal \u00e0 CBC Indigenous<\/p>\n<p>&nbsp;<\/p>\n<p><img loading=\"lazy\" decoding=\"async\" class=\"alignnone wp-image-20999\" src=\"https:\/\/cjf-fjc.ca\/wp-content\/uploads\/Eden-Fineday-2-225x300.jpeg\" alt=\"Eden Fineday\" width=\"104\" height=\"138\" srcset=\"https:\/\/cjf-fjc.ca\/wp-content\/uploads\/Eden-Fineday-2-225x300.jpeg 225w, https:\/\/cjf-fjc.ca\/wp-content\/uploads\/Eden-Fineday-2-768x1024.jpeg 768w, https:\/\/cjf-fjc.ca\/wp-content\/uploads\/Eden-Fineday-2-18x24.jpeg 18w, https:\/\/cjf-fjc.ca\/wp-content\/uploads\/Eden-Fineday-2-27x36.jpeg 27w, https:\/\/cjf-fjc.ca\/wp-content\/uploads\/Eden-Fineday-2-36x48.jpeg 36w, https:\/\/cjf-fjc.ca\/wp-content\/uploads\/Eden-Fineday-2.jpeg 960w\" sizes=\"auto, (max-width: 104px) 100vw, 104px\" \/><\/p>\n<p><strong>Eden Fineday<\/strong><\/p>\n<p>Journaliste prim\u00e9 et \u00e9diteur d&rsquo;IndigiNews<\/p>\n<p>&nbsp;<\/p>\n<p><strong><img loading=\"lazy\" decoding=\"async\" class=\"alignnone wp-image-15601\" src=\"https:\/\/cjf-fjc.ca\/wp-content\/uploads\/Lenard_Monkman_100px.jpeg\" alt=\"\" width=\"105\" height=\"132\" \/><\/strong><\/p>\n<p><strong>Lenard Monkman<\/strong><\/p>\n<p>Journaliste, CBC Indigenous<\/p>\n<p>&nbsp;<\/p>\n<p><strong><img loading=\"lazy\" decoding=\"async\" class=\"alignnone wp-image-15557\" src=\"https:\/\/cjf-fjc.ca\/wp-content\/uploads\/TanyaTalaga_porch_crop_100px.jpeg\" alt=\"\" width=\"128\" height=\"128\" \/><\/strong><\/p>\n<p><strong>Tanya Talaga<\/strong><\/p>\n<p>Pr\u00e9sident et directeur g\u00e9n\u00e9ral de Makwa Creative, auteur et journaliste<\/p>\n<p>&nbsp;<\/p>\n<p><strong><img loading=\"lazy\" decoding=\"async\" class=\"alignnone wp-image-15558\" src=\"https:\/\/cjf-fjc.ca\/wp-content\/uploads\/MWente-Updated-bio-pic-2020_crop_100px.jpeg\" alt=\"\" width=\"115\" height=\"115\" \/><\/strong><\/p>\n<p><strong>Maggie Wente<\/strong><\/p>\n<div class=\"vc_row wpb_row vc_row-fluid vc_custom_1651071790151\">\n<div class=\"wpb_column vc_column_container vc_col-sm-12\">\n<div class=\"vc_column-inner\">\n<div class=\"wpb_wrapper\">\n<div class=\"wpb_text_column wpb_content_element\">\n<div class=\"wpb_wrapper\"><\/div>\n<\/div>\n<\/div>\n<\/div>\n<\/div>\n<\/div>\n<div class=\"vc_row wpb_row vc_row-fluid vc_custom_1651071790151\">\n<div class=\"wpb_column vc_column_container vc_col-sm-12\">\n<div class=\"vc_column-inner\">\n<div class=\"wpb_wrapper\">\n<div class=\"wpb_text_column wpb_content_element\">\n<div class=\"wpb_wrapper\">\n<p>Avocat en droits autochtones, Olthuis Kleer Townshend LLP<\/p>\n<\/div>\n<\/div>\n<\/div>\n<\/div>\n<\/div>\n<\/div>\n<p>&nbsp;<\/p>\n<p>&nbsp;<\/p>\n<p>&nbsp;[\/vc_column_text][\/vc_column][\/vc_row]<\/p>\n<\/div>","protected":false},"excerpt":{"rendered":"<p>[vc_row][vc_column][vc_column_text css=\u00a0\u00bb\u00a0\u00bb] 2024 Jury [\/vc_column_text][vc_column_text css=\u00a0\u00bb\u00a0\u00bb] Duncan McCue Diffuseur prim\u00e9 de la CBC et ardent d\u00e9fenseur de la promotion du lien entre le journalisme et les communaut\u00e9s autochtones &nbsp; Meagan [&hellip;]<\/p>\n","protected":false},"author":20,"featured_media":0,"parent":0,"menu_order":0,"comment_status":"closed","ping_status":"closed","template":"","meta":{"_acf_changed":false,"footnotes":""},"class_list":["post-23346","page","type-page","status-publish","hentry"],"acf":[],"_links":{"self":[{"href":"https:\/\/cjf-fjc.ca\/fr\/wp-json\/wp\/v2\/pages\/23346","targetHints":{"allow":["GET"]}}],"collection":[{"href":"https:\/\/cjf-fjc.ca\/fr\/wp-json\/wp\/v2\/pages"}],"about":[{"href":"https:\/\/cjf-fjc.ca\/fr\/wp-json\/wp\/v2\/types\/page"}],"author":[{"embeddable":true,"href":"https:\/\/cjf-fjc.ca\/fr\/wp-json\/wp\/v2\/users\/20"}],"replies":[{"embeddable":true,"href":"https:\/\/cjf-fjc.ca\/fr\/wp-json\/wp\/v2\/comments?post=23346"}],"version-history":[{"count":2,"href":"https:\/\/cjf-fjc.ca\/fr\/wp-json\/wp\/v2\/pages\/23346\/revisions"}],"predecessor-version":[{"id":23348,"href":"https:\/\/cjf-fjc.ca\/fr\/wp-json\/wp\/v2\/pages\/23346\/revisions\/23348"}],"wp:attachment":[{"href":"https:\/\/cjf-fjc.ca\/fr\/wp-json\/wp\/v2\/media?parent=23346"}],"curies":[{"name":"wp","href":"https:\/\/api.w.org\/{rel}","templated":true}]}}