{"id":23331,"date":"2024-08-01T18:41:11","date_gmt":"2024-08-01T22:41:11","guid":{"rendered":"https:\/\/cjf-fjc.ca\/?page_id=23331"},"modified":"2024-08-07T17:53:00","modified_gmt":"2024-08-07T21:53:00","slug":"les-membres-du-jury-bourse-cjf-pour-etudiants-journalistes-du-bipoc","status":"publish","type":"page","link":"https:\/\/cjf-fjc.ca\/fr\/les-membres-du-jury-bourse-cjf-pour-etudiants-journalistes-du-bipoc\/","title":{"rendered":"Les membres du jury &#8211; Bourse CJF pour \u00e9tudiants journalistes du BIPOC"},"content":{"rendered":"<div class=\"wpb-content-wrapper\"><p>[vc_row][vc_column][vc_column_text css=\u00a0\u00bb\u00a0\u00bb]<\/p>\n<h4><strong>2024 Jury<\/strong><\/h4>\n<p>[\/vc_column_text][vc_column_text css=\u00a0\u00bb\u00a0\u00bb]&nbsp;<\/p>\n<p><strong><img loading=\"lazy\" decoding=\"async\" class=\"size-full wp-image-17625 alignnone\" src=\"https:\/\/cjf-fjc.ca\/wp-content\/uploads\/Kathy-English_100-x-124-px_0.png\" alt=\"\" width=\"100\" height=\"124\" \/><\/strong><\/p>\n<p><strong>Kathy English\u00a0<\/strong><\/p>\n<p>Pr\u00e9sident, La Fondation pour le journalisme Canadien<\/p>\n<p>&nbsp;<\/p>\n<p><img loading=\"lazy\" decoding=\"async\" class=\" wp-image-23256\" src=\"https:\/\/cjf-fjc.ca\/wp-content\/uploads\/NatalieTurvey-228x300.jpg\" alt=\"\" width=\"99\" height=\"130\" srcset=\"https:\/\/cjf-fjc.ca\/wp-content\/uploads\/NatalieTurvey-228x300.jpg 228w, https:\/\/cjf-fjc.ca\/wp-content\/uploads\/NatalieTurvey-18x24.jpg 18w, https:\/\/cjf-fjc.ca\/wp-content\/uploads\/NatalieTurvey-27x36.jpg 27w, https:\/\/cjf-fjc.ca\/wp-content\/uploads\/NatalieTurvey-37x48.jpg 37w, https:\/\/cjf-fjc.ca\/wp-content\/uploads\/NatalieTurvey.jpg 706w\" sizes=\"auto, (max-width: 99px) 100vw, 99px\" \/><\/p>\n<p><strong>Natalie Turvey<\/strong><\/p>\n<p>Pr\u00e9sident et directeur g\u00e9n\u00e9ral, CJF<\/p>\n<p>&nbsp;<\/p>\n<p><b><img loading=\"lazy\" decoding=\"async\" class=\"wp-image-23250 alignnone\" src=\"https:\/\/cjf-fjc.ca\/wp-content\/uploads\/Harada_Susan.jpg\" alt=\"\" width=\"111\" height=\"111\" srcset=\"https:\/\/cjf-fjc.ca\/wp-content\/uploads\/Harada_Susan.jpg 200w, https:\/\/cjf-fjc.ca\/wp-content\/uploads\/Harada_Susan-150x150.jpg 150w, https:\/\/cjf-fjc.ca\/wp-content\/uploads\/Harada_Susan-24x24.jpg 24w, https:\/\/cjf-fjc.ca\/wp-content\/uploads\/Harada_Susan-36x36.jpg 36w, https:\/\/cjf-fjc.ca\/wp-content\/uploads\/Harada_Susan-48x48.jpg 48w\" sizes=\"auto, (max-width: 111px) 100vw, 111px\" \/><\/b><\/p>\n<p><b>Susan Harada<\/b><\/p>\n<p>(Pr\u00e9sident) Professeur agr\u00e9g\u00e9, \u00c9cole de journalisme et de communication, Universit\u00e9 Carleton<\/p>\n<p>&nbsp;<\/p>\n<p><strong><img loading=\"lazy\" decoding=\"async\" class=\"wp-image-18374 alignnone\" src=\"https:\/\/cjf-fjc.ca\/wp-content\/uploads\/waddell-chris-crop100pxjpg.jpeg\" alt=\"\" width=\"112\" height=\"144\" \/><\/strong><\/p>\n<p><strong>Christopher Waddell\u00a0\u00a0<\/strong><\/p>\n<p>(Pr\u00e9sident) Professeur \u00e9m\u00e9rite, \u00c9cole de journalisme et de communication, Universit\u00e9 Carleton[\/vc_column_text][\/vc_column][\/vc_row]<\/p>\n<\/div>","protected":false},"excerpt":{"rendered":"<p>[vc_row][vc_column][vc_column_text css=\u00a0\u00bb\u00a0\u00bb] 2024 Jury [\/vc_column_text][vc_column_text css=\u00a0\u00bb\u00a0\u00bb]&nbsp; Kathy English\u00a0 Pr\u00e9sident, La Fondation pour le journalisme Canadien &nbsp; Natalie Turvey Pr\u00e9sident et directeur g\u00e9n\u00e9ral, CJF &nbsp; Susan Harada (Pr\u00e9sident) Professeur agr\u00e9g\u00e9, \u00c9cole [&hellip;]<\/p>\n","protected":false},"author":20,"featured_media":0,"parent":0,"menu_order":0,"comment_status":"closed","ping_status":"closed","template":"","meta":{"_acf_changed":false,"footnotes":""},"class_list":["post-23331","page","type-page","status-publish","hentry"],"acf":[],"_links":{"self":[{"href":"https:\/\/cjf-fjc.ca\/fr\/wp-json\/wp\/v2\/pages\/23331","targetHints":{"allow":["GET"]}}],"collection":[{"href":"https:\/\/cjf-fjc.ca\/fr\/wp-json\/wp\/v2\/pages"}],"about":[{"href":"https:\/\/cjf-fjc.ca\/fr\/wp-json\/wp\/v2\/types\/page"}],"author":[{"embeddable":true,"href":"https:\/\/cjf-fjc.ca\/fr\/wp-json\/wp\/v2\/users\/20"}],"replies":[{"embeddable":true,"href":"https:\/\/cjf-fjc.ca\/fr\/wp-json\/wp\/v2\/comments?post=23331"}],"version-history":[{"count":3,"href":"https:\/\/cjf-fjc.ca\/fr\/wp-json\/wp\/v2\/pages\/23331\/revisions"}],"predecessor-version":[{"id":23352,"href":"https:\/\/cjf-fjc.ca\/fr\/wp-json\/wp\/v2\/pages\/23331\/revisions\/23352"}],"wp:attachment":[{"href":"https:\/\/cjf-fjc.ca\/fr\/wp-json\/wp\/v2\/media?parent=23331"}],"curies":[{"name":"wp","href":"https:\/\/api.w.org\/{rel}","templated":true}]}}