{"id":23311,"date":"2024-08-01T16:42:00","date_gmt":"2024-08-01T20:42:00","guid":{"rendered":"https:\/\/cjf-fjc.ca\/?page_id=23311"},"modified":"2024-08-01T17:24:28","modified_gmt":"2024-08-01T21:24:28","slug":"les-membres-du-jury-le-prix-cjf-edward-burtynsky-pour-le-photojournalisme-climatique","status":"publish","type":"page","link":"https:\/\/cjf-fjc.ca\/fr\/les-membres-du-jury-le-prix-cjf-edward-burtynsky-pour-le-photojournalisme-climatique\/","title":{"rendered":"Les membres du jury &#8211; Le prix CJF-Edward Burtynsky pour le Photojournalisme Climatique"},"content":{"rendered":"<div class=\"wpb-content-wrapper\"><p>[vc_row][vc_column][vc_column_text css=\u00a0\u00bb\u00a0\u00bb]<\/p>\n<h2><strong>2024 Jury<\/strong><\/h2>\n<p>[\/vc_column_text][\/vc_column][\/vc_row][vc_row][vc_column][vc_column_text css=\u00a0\u00bb\u00a0\u00bb]<\/p>\n<p><img loading=\"lazy\" decoding=\"async\" class=\"size-full wp-image-20964 alignnone\" src=\"https:\/\/cjf-fjc.ca\/wp-content\/uploads\/Edward-Burtynsky.png\" alt=\"Edward Burtynsky\" width=\"100\" height=\"131\" srcset=\"https:\/\/cjf-fjc.ca\/wp-content\/uploads\/Edward-Burtynsky.png 100w, https:\/\/cjf-fjc.ca\/wp-content\/uploads\/Edward-Burtynsky-18x24.png 18w, https:\/\/cjf-fjc.ca\/wp-content\/uploads\/Edward-Burtynsky-27x36.png 27w, https:\/\/cjf-fjc.ca\/wp-content\/uploads\/Edward-Burtynsky-37x48.png 37w\" sizes=\"auto, (max-width: 100px) 100vw, 100px\" \/><\/p>\n<p><strong>Edward Burtynsky, OC RCA<\/strong><\/p>\n<p>Photographe et artiste canadien<\/p>\n<p>&nbsp;<\/p>\n<p><img loading=\"lazy\" decoding=\"async\" class=\"size-full wp-image-20966 alignnone\" src=\"https:\/\/cjf-fjc.ca\/wp-content\/uploads\/Allie-Rougeot.png\" alt=\"Allie Rougeot\" width=\"100\" height=\"131\" srcset=\"https:\/\/cjf-fjc.ca\/wp-content\/uploads\/Allie-Rougeot.png 100w, https:\/\/cjf-fjc.ca\/wp-content\/uploads\/Allie-Rougeot-18x24.png 18w, https:\/\/cjf-fjc.ca\/wp-content\/uploads\/Allie-Rougeot-27x36.png 27w, https:\/\/cjf-fjc.ca\/wp-content\/uploads\/Allie-Rougeot-37x48.png 37w\" sizes=\"auto, (max-width: 100px) 100vw, 100px\" \/><\/p>\n<p class=\"text-heading-xlarge inline t-24 v-align-middle break-words\"><strong>Ali\u00e9nor Rougeot<\/strong><\/p>\n<p>Responsable du programme Environmental Defence et conf\u00e9renci\u00e8re<\/p>\n<p>&nbsp;<\/p>\n<p><img loading=\"lazy\" decoding=\"async\" class=\"size-full wp-image-20968 alignnone\" src=\"https:\/\/cjf-fjc.ca\/wp-content\/uploads\/Jason-Chiu_100px.jpg\" alt=\"Jason Chiu\" width=\"100\" height=\"135\" srcset=\"https:\/\/cjf-fjc.ca\/wp-content\/uploads\/Jason-Chiu_100px.jpg 100w, https:\/\/cjf-fjc.ca\/wp-content\/uploads\/Jason-Chiu_100px-18x24.jpg 18w, https:\/\/cjf-fjc.ca\/wp-content\/uploads\/Jason-Chiu_100px-27x36.jpg 27w, https:\/\/cjf-fjc.ca\/wp-content\/uploads\/Jason-Chiu_100px-36x48.jpg 36w\" sizes=\"auto, (max-width: 100px) 100vw, 100px\" \/><\/p>\n<p><strong>Jason Chiu<\/strong><\/p>\n<p>R\u00e9dacteur visuel au New York Times<\/p>\n<p>&nbsp;<\/p>\n<p><img loading=\"lazy\" decoding=\"async\" class=\"size-full wp-image-16860 alignnone\" src=\"https:\/\/cjf-fjc.ca\/wp-content\/uploads\/Hannah_Yoon_Headshot_Crop.jpeg\" alt=\"\" width=\"90\" height=\"119\" srcset=\"https:\/\/cjf-fjc.ca\/wp-content\/uploads\/Hannah_Yoon_Headshot_Crop.jpeg 90w, https:\/\/cjf-fjc.ca\/wp-content\/uploads\/Hannah_Yoon_Headshot_Crop-18x24.jpeg 18w, https:\/\/cjf-fjc.ca\/wp-content\/uploads\/Hannah_Yoon_Headshot_Crop-27x36.jpeg 27w, https:\/\/cjf-fjc.ca\/wp-content\/uploads\/Hannah_Yoon_Headshot_Crop-36x48.jpeg 36w\" sizes=\"auto, (max-width: 90px) 100vw, 90px\" \/><\/p>\n<p><strong>Hannah Yoon<\/strong><\/p>\n<p>Photojournaliste ind\u00e9pendant<\/p>\n<p>&nbsp;<\/p>\n<p><img loading=\"lazy\" decoding=\"async\" class=\" wp-image-23313\" src=\"https:\/\/cjf-fjc.ca\/wp-content\/uploads\/Lucas-Oleniuk-239x300.jpg\" alt=\"\" width=\"117\" height=\"146\" srcset=\"https:\/\/cjf-fjc.ca\/wp-content\/uploads\/Lucas-Oleniuk-239x300.jpg 239w, https:\/\/cjf-fjc.ca\/wp-content\/uploads\/Lucas-Oleniuk-19x24.jpg 19w, https:\/\/cjf-fjc.ca\/wp-content\/uploads\/Lucas-Oleniuk-29x36.jpg 29w, https:\/\/cjf-fjc.ca\/wp-content\/uploads\/Lucas-Oleniuk-38x48.jpg 38w, https:\/\/cjf-fjc.ca\/wp-content\/uploads\/Lucas-Oleniuk.jpg 528w\" sizes=\"auto, (max-width: 117px) 100vw, 117px\" \/><\/p>\n<p><strong>Lucas Oleniuk<\/strong><\/p>\n<p>Photojournaliste[\/vc_column_text][\/vc_column][\/vc_row]<\/p>\n<\/div>","protected":false},"excerpt":{"rendered":"<p>[vc_row][vc_column][vc_column_text css=\u00a0\u00bb\u00a0\u00bb] 2024 Jury [\/vc_column_text][\/vc_column][\/vc_row][vc_row][vc_column][vc_column_text css=\u00a0\u00bb\u00a0\u00bb] Edward Burtynsky, OC RCA Photographe et artiste canadien &nbsp; Ali\u00e9nor Rougeot Responsable du programme Environmental Defence et conf\u00e9renci\u00e8re &nbsp; Jason Chiu R\u00e9dacteur visuel au [&hellip;]<\/p>\n","protected":false},"author":20,"featured_media":0,"parent":0,"menu_order":0,"comment_status":"closed","ping_status":"closed","template":"","meta":{"_acf_changed":false,"footnotes":""},"class_list":["post-23311","page","type-page","status-publish","hentry"],"acf":[],"_links":{"self":[{"href":"https:\/\/cjf-fjc.ca\/fr\/wp-json\/wp\/v2\/pages\/23311","targetHints":{"allow":["GET"]}}],"collection":[{"href":"https:\/\/cjf-fjc.ca\/fr\/wp-json\/wp\/v2\/pages"}],"about":[{"href":"https:\/\/cjf-fjc.ca\/fr\/wp-json\/wp\/v2\/types\/page"}],"author":[{"embeddable":true,"href":"https:\/\/cjf-fjc.ca\/fr\/wp-json\/wp\/v2\/users\/20"}],"replies":[{"embeddable":true,"href":"https:\/\/cjf-fjc.ca\/fr\/wp-json\/wp\/v2\/comments?post=23311"}],"version-history":[{"count":3,"href":"https:\/\/cjf-fjc.ca\/fr\/wp-json\/wp\/v2\/pages\/23311\/revisions"}],"predecessor-version":[{"id":23329,"href":"https:\/\/cjf-fjc.ca\/fr\/wp-json\/wp\/v2\/pages\/23311\/revisions\/23329"}],"wp:attachment":[{"href":"https:\/\/cjf-fjc.ca\/fr\/wp-json\/wp\/v2\/media?parent=23311"}],"curies":[{"name":"wp","href":"https:\/\/api.w.org\/{rel}","templated":true}]}}