{"id":23296,"date":"2024-07-31T13:44:42","date_gmt":"2024-07-31T17:44:42","guid":{"rendered":"https:\/\/cjf-fjc.ca\/?page_id=23296"},"modified":"2024-08-01T17:07:56","modified_gmt":"2024-08-01T21:07:56","slug":"les-membres-du-jury-bourses-cjf-narcity-pour-les-creatrices-et-createurs-dactualites","status":"publish","type":"page","link":"https:\/\/cjf-fjc.ca\/fr\/les-membres-du-jury-bourses-cjf-narcity-pour-les-creatrices-et-createurs-dactualites\/","title":{"rendered":"Les membres du jury &#8211; Bourses CJF-Narcity pour les cr\u00e9atrices et cr\u00e9ateurs d\u2019actualit\u00e9s"},"content":{"rendered":"<div class=\"wpb-content-wrapper\"><p>[vc_row][vc_column][vc_column_text css=\u00a0\u00bb\u00a0\u00bb]<\/p>\n<h3><strong>2024 Jury<\/strong><\/h3>\n<p>[\/vc_column_text][vc_column_text css=\u00a0\u00bb\u00a0\u00bb]<b><img loading=\"lazy\" decoding=\"async\" class=\" wp-image-23251 alignleft\" src=\"https:\/\/cjf-fjc.ca\/wp-content\/uploads\/Harada_Susan.jpg\" alt=\"\" width=\"124\" height=\"124\" srcset=\"https:\/\/cjf-fjc.ca\/wp-content\/uploads\/Harada_Susan.jpg 200w, https:\/\/cjf-fjc.ca\/wp-content\/uploads\/Harada_Susan-150x150.jpg 150w, https:\/\/cjf-fjc.ca\/wp-content\/uploads\/Harada_Susan-24x24.jpg 24w, https:\/\/cjf-fjc.ca\/wp-content\/uploads\/Harada_Susan-36x36.jpg 36w, https:\/\/cjf-fjc.ca\/wp-content\/uploads\/Harada_Susan-48x48.jpg 48w\" sizes=\"auto, (max-width: 124px) 100vw, 124px\" \/><\/b><\/p>\n<p>&nbsp;<\/p>\n<p>&nbsp;<\/p>\n<p>&nbsp;<\/p>\n<p>&nbsp;<\/p>\n<p><b>Susan Harada<\/b><\/p>\n<p>(Pr\u00e9sident) Professeur agr\u00e9g\u00e9, \u00c9cole de journalisme et de communication, Universit\u00e9 Carleton<\/p>\n<p>&nbsp;<\/p>\n<p><b><img loading=\"lazy\" decoding=\"async\" class=\" wp-image-23253 alignleft\" src=\"https:\/\/cjf-fjc.ca\/wp-content\/uploads\/Owen-Leitch_RTDNA-300x300.jpg\" alt=\"\" width=\"128\" height=\"128\" srcset=\"https:\/\/cjf-fjc.ca\/wp-content\/uploads\/Owen-Leitch_RTDNA-300x300.jpg 300w, https:\/\/cjf-fjc.ca\/wp-content\/uploads\/Owen-Leitch_RTDNA-150x150.jpg 150w, https:\/\/cjf-fjc.ca\/wp-content\/uploads\/Owen-Leitch_RTDNA-24x24.jpg 24w, https:\/\/cjf-fjc.ca\/wp-content\/uploads\/Owen-Leitch_RTDNA-36x36.jpg 36w, https:\/\/cjf-fjc.ca\/wp-content\/uploads\/Owen-Leitch_RTDNA-48x48.jpg 48w, https:\/\/cjf-fjc.ca\/wp-content\/uploads\/Owen-Leitch_RTDNA.jpg 360w\" sizes=\"auto, (max-width: 128px) 100vw, 128px\" \/><\/b><\/p>\n<p>&nbsp;<\/p>\n<p>&nbsp;<\/p>\n<p>&nbsp;<\/p>\n<p>&nbsp;<\/p>\n<p><b>Owen Leitch<\/b><\/p>\n<p>Producteur ex\u00e9cutif de marques mondiales, Narcity Media Group<\/p>\n<p>&nbsp;<\/p>\n<p>&nbsp;<\/p>\n<p><img loading=\"lazy\" decoding=\"async\" class=\" wp-image-23257\" src=\"https:\/\/cjf-fjc.ca\/wp-content\/uploads\/NatalieTurvey-228x300.jpg\" alt=\"\" width=\"148\" height=\"195\" srcset=\"https:\/\/cjf-fjc.ca\/wp-content\/uploads\/NatalieTurvey-228x300.jpg 228w, https:\/\/cjf-fjc.ca\/wp-content\/uploads\/NatalieTurvey-18x24.jpg 18w, https:\/\/cjf-fjc.ca\/wp-content\/uploads\/NatalieTurvey-27x36.jpg 27w, https:\/\/cjf-fjc.ca\/wp-content\/uploads\/NatalieTurvey-37x48.jpg 37w, https:\/\/cjf-fjc.ca\/wp-content\/uploads\/NatalieTurvey.jpg 706w\" sizes=\"auto, (max-width: 148px) 100vw, 148px\" \/><\/p>\n<p><strong>Natalie Turvey<\/strong><\/p>\n<p>Pr\u00e9sident et directeur g\u00e9n\u00e9ral, CJF<\/p>\n<p>&nbsp;<\/p>\n<p>&nbsp;<\/p>\n<p><b><img loading=\"lazy\" decoding=\"async\" class=\" wp-image-23255 alignleft\" src=\"https:\/\/cjf-fjc.ca\/wp-content\/uploads\/Jackie-Vandinther_NarcityMedia.jpeg\" alt=\"\" width=\"144\" height=\"143\" srcset=\"https:\/\/cjf-fjc.ca\/wp-content\/uploads\/Jackie-Vandinther_NarcityMedia.jpeg 210w, https:\/\/cjf-fjc.ca\/wp-content\/uploads\/Jackie-Vandinther_NarcityMedia-150x150.jpeg 150w, https:\/\/cjf-fjc.ca\/wp-content\/uploads\/Jackie-Vandinther_NarcityMedia-24x24.jpeg 24w, https:\/\/cjf-fjc.ca\/wp-content\/uploads\/Jackie-Vandinther_NarcityMedia-36x36.jpeg 36w, https:\/\/cjf-fjc.ca\/wp-content\/uploads\/Jackie-Vandinther_NarcityMedia-48x48.jpeg 48w\" sizes=\"auto, (max-width: 144px) 100vw, 144px\" \/><\/b><\/p>\n<p>&nbsp;<\/p>\n<p>&nbsp;<\/p>\n<p>&nbsp;<\/p>\n<p>&nbsp;<\/p>\n<p><b>Jackie Vandinther<\/b><\/p>\n<p>Responsable des bourses de cr\u00e9ation d&rsquo;actualit\u00e9s, Narcity Media<\/p>\n<p>&nbsp;<\/p>\n<p>&nbsp;<\/p>\n<p><img loading=\"lazy\" decoding=\"async\" class=\" wp-image-23259\" src=\"https:\/\/cjf-fjc.ca\/wp-content\/uploads\/Laurie-Bergeron_NarcityMedia-300x282.jpg\" alt=\"\" width=\"142\" height=\"133\" srcset=\"https:\/\/cjf-fjc.ca\/wp-content\/uploads\/Laurie-Bergeron_NarcityMedia-300x282.jpg 300w, https:\/\/cjf-fjc.ca\/wp-content\/uploads\/Laurie-Bergeron_NarcityMedia-1024x963.jpg 1024w, https:\/\/cjf-fjc.ca\/wp-content\/uploads\/Laurie-Bergeron_NarcityMedia-768x722.jpg 768w, https:\/\/cjf-fjc.ca\/wp-content\/uploads\/Laurie-Bergeron_NarcityMedia-36x34.jpg 36w, https:\/\/cjf-fjc.ca\/wp-content\/uploads\/Laurie-Bergeron_NarcityMedia-48x45.jpg 48w, https:\/\/cjf-fjc.ca\/wp-content\/uploads\/Laurie-Bergeron_NarcityMedia.jpg 1204w\" sizes=\"auto, (max-width: 142px) 100vw, 142px\" \/><\/p>\n<p><b>Laurie Bergeron<\/b><\/p>\n<p>Directrice adjointe du contenu, Narcity Media Groups[\/vc_column_text][\/vc_column][\/vc_row]<\/p>\n<\/div>","protected":false},"excerpt":{"rendered":"<p>[vc_row][vc_column][vc_column_text css=\u00a0\u00bb\u00a0\u00bb] 2024 Jury [\/vc_column_text][vc_column_text css=\u00a0\u00bb\u00a0\u00bb] &nbsp; &nbsp; &nbsp; &nbsp; Susan Harada (Pr\u00e9sident) Professeur agr\u00e9g\u00e9, \u00c9cole de journalisme et de communication, Universit\u00e9 Carleton &nbsp; &nbsp; &nbsp; &nbsp; &nbsp; Owen Leitch [&hellip;]<\/p>\n","protected":false},"author":20,"featured_media":0,"parent":0,"menu_order":0,"comment_status":"closed","ping_status":"closed","template":"","meta":{"_acf_changed":false,"footnotes":""},"class_list":["post-23296","page","type-page","status-publish","hentry"],"acf":[],"_links":{"self":[{"href":"https:\/\/cjf-fjc.ca\/fr\/wp-json\/wp\/v2\/pages\/23296","targetHints":{"allow":["GET"]}}],"collection":[{"href":"https:\/\/cjf-fjc.ca\/fr\/wp-json\/wp\/v2\/pages"}],"about":[{"href":"https:\/\/cjf-fjc.ca\/fr\/wp-json\/wp\/v2\/types\/page"}],"author":[{"embeddable":true,"href":"https:\/\/cjf-fjc.ca\/fr\/wp-json\/wp\/v2\/users\/20"}],"replies":[{"embeddable":true,"href":"https:\/\/cjf-fjc.ca\/fr\/wp-json\/wp\/v2\/comments?post=23296"}],"version-history":[{"count":3,"href":"https:\/\/cjf-fjc.ca\/fr\/wp-json\/wp\/v2\/pages\/23296\/revisions"}],"predecessor-version":[{"id":23324,"href":"https:\/\/cjf-fjc.ca\/fr\/wp-json\/wp\/v2\/pages\/23296\/revisions\/23324"}],"wp:attachment":[{"href":"https:\/\/cjf-fjc.ca\/fr\/wp-json\/wp\/v2\/media?parent=23296"}],"curies":[{"name":"wp","href":"https:\/\/api.w.org\/{rel}","templated":true}]}}