{"id":23183,"date":"2024-07-18T15:33:51","date_gmt":"2024-07-18T19:33:51","guid":{"rendered":"https:\/\/cjf-fjc.ca\/?page_id=23183"},"modified":"2025-12-15T14:28:19","modified_gmt":"2025-12-15T19:28:19","slug":"le-prix-cjf-edward-burtynsky-pour-le-photojournalisme-climatique","status":"publish","type":"page","link":"https:\/\/cjf-fjc.ca\/fr\/le-prix-cjf-edward-burtynsky-pour-le-photojournalisme-climatique\/","title":{"rendered":"Le prix CJF-Edward Burtynsky pour le Photojournalisme Climatique"},"content":{"rendered":"<div class=\"wpb-content-wrapper\"><p>[vc_row][vc_column width=\u00a0\u00bb2\/3&Prime;][vc_column_text css=\u00a0\u00bb\u00a0\u00bb]<\/p>\n<h1>Le Prix FJC Edward Burtynsky pour le photojournalism climatique<\/h1>\n<p>Le prix&nbsp;<u>FJC Edward Burtynsky pour le photojournalisme climatique<\/u>&nbsp;c\u00e9l\u00e8bre les photographies climatiques provocantes, percutantes et inspirantes du monde entier. Le prix r\u00e9compense jusqu\u2019\u00e0 trois images d\u2019un m\u00eame photographe qui, collectivement, font mieux comprendre les causes et les effets de la crise climatique.<\/p>\n<p>Le gagnant recevra un prix de 5&nbsp;000&nbsp;$, pr\u00e9sent\u00e9 lors de la c\u00e9r\u00e9monie annuelle de remise des prix \u00e0 Toronto. Les soumissions sont ouvertes aux photojournalistes professionnels, qu\u2019ils soient employ\u00e9s par les m\u00e9dias canadiens ou qu\u2019ils travaillent \u00e0 la pige pour ceux-ci.<\/p>\n<p><strong>Les crit\u00e8res de soumission sont les suivants&nbsp;:<\/strong><\/p>\n<ul>\n<li>Les images doivent se rapporter \u00e0 la crise climatique ou montrer des personnes qui sont touch\u00e9es par la crise climatique ou qui essaient d\u2019inverser ou d\u2019att\u00e9nuer le changement climatique;<\/li>\n<li>Les images doivent avoir \u00e9t\u00e9 publi\u00e9e \u00e0 l\u2019origine entre le 1<sup>er<\/sup>&nbsp;janvier 2024 et le 31 d\u00e9cembre 2024;<\/li>\n<li>Les soumissions doivent provenir d\u2019un photojournaliste professionnel employ\u00e9 par une organisation de presse canadienne ou d\u2019un photojournaliste ind\u00e9pendant canadien dont les travaux sont publi\u00e9s par un m\u00e9dia canadien;<\/li>\n<li>Les candidats doivent inclure une description des images (maximum de 250 mots) avec leur soumission; et<\/li>\n<li>Les candidats doivent inclure leur curriculum vitae (CV) avec leur soumission;<\/li>\n<\/ul>\n<p>Chaque candidat est limit\u00e9 \u00e0 une seule soumission.<\/p>\n<p>Pour toute question, pri\u00e8re de communiquer avec Natalie Turvey, pr\u00e9sidente directrice g\u00e9n\u00e9rale de la Fondation pour le journalisme canadien \u00e0&nbsp;<a href=\"mailto:info@cjf-fjc.ca\">info@cjf-fjc.ca<\/a>.<\/p>\n<p><strong>DATE LIMITE : 23 janvier 2026 \u00e0 23h59 HE.<\/strong>[\/vc_column_text][vc_btn title=\u00a0\u00bbSoumettez votre candidature\u00a0\u00bb size=\u00a0\u00bblg\u00a0\u00bb align=\u00a0\u00bbcenter\u00a0\u00bb css=\u00a0\u00bb\u00a0\u00bb button_block=\u00a0\u00bbtrue\u00a0\u00bb link=\u00a0\u00bburl:https%3A%2F%2Fcjf-fjc.ca%2Fburtynskyform%2F\u00a0\u00bb][vc_column_text css=\u00a0\u00bb\u00a0\u00bb]Le <a href=\"https:\/\/cjf-fjc.ca\/edward-burtynsky-award-for-climate-photojournalism\/\"><strong>prix CJF-Edward Burtynsky pour le photojournalisme climatique<\/strong><\/a>, qui c\u00e9l\u00e8bre la photographie climatique provocatrice, percutante et \u00e9difiante du monde entier, a \u00e9t\u00e9 d\u00e9cern\u00e9 \u00e0<strong> Jesse Winter<\/strong>. Ce prix est g\u00e9n\u00e9reusement soutenu par Marci McDonald et Clair Balfour, Lisa Balfour Bowen et <strong>Sony<\/strong>.<\/p>\n<p><img loading=\"lazy\" decoding=\"async\" class=\"alignnone size-full wp-image-23076\" src=\"https:\/\/cjf-fjc.ca\/wp-content\/uploads\/Copy-of-Sony_Logo_Black-2_1-300x147-1.png\" alt=\"\" width=\"300\" height=\"147\" srcset=\"https:\/\/cjf-fjc.ca\/wp-content\/uploads\/Copy-of-Sony_Logo_Black-2_1-300x147-1.png 300w, https:\/\/cjf-fjc.ca\/wp-content\/uploads\/Copy-of-Sony_Logo_Black-2_1-300x147-1-24x12.png 24w, https:\/\/cjf-fjc.ca\/wp-content\/uploads\/Copy-of-Sony_Logo_Black-2_1-300x147-1-36x18.png 36w, https:\/\/cjf-fjc.ca\/wp-content\/uploads\/Copy-of-Sony_Logo_Black-2_1-300x147-1-48x24.png 48w\" sizes=\"auto, (max-width: 300px) 100vw, 300px\" \/>[\/vc_column_text][\/vc_column][vc_column width=\u00a0\u00bb1\/3&Prime; css=\u00a0\u00bb.vc_custom_1721330844301{background-color: #d8d8d8 !important;}\u00a0\u00bb][vc_column_text css=\u00a0\u00bb\u00a0\u00bb]<\/p>\n<h2>Gagnants Anciens<\/h2>\n<p>[\/vc_column_text][vc_column_text css=\u00a0\u00bb\u00a0\u00bb]<strong>2025<\/strong><\/p>\n<p><strong>Gavin John<\/strong>[\/vc_column_text][vc_images_carousel images=\u00a0\u00bb24541,24543,24545&Prime; css=\u00a0\u00bb\u00a0\u00bb][vc_column_text css=\u00a0\u00bb\u00a0\u00bb]<strong>2024 <\/strong><\/p>\n<p><strong>Jesse Winter<\/strong>[\/vc_column_text][vc_images_carousel images=\u00a0\u00bb23200,23198,22587&Prime; css=\u00a0\u00bb\u00a0\u00bb][vc_column_text css=\u00a0\u00bb\u00a0\u00bb]<strong>2023 <\/strong><\/p>\n<p><strong>Dustin Patar<\/strong><\/p>\n<p><span class=\"xn-location\">Nunavut<\/span>&nbsp;photojournalist<\/p>\n<div id=\"attachment_23190\" style=\"width: 310px\" class=\"wp-caption alignnone\"><img loading=\"lazy\" decoding=\"async\" aria-describedby=\"caption-attachment-23190\" class=\"wp-image-23190 size-medium\" src=\"https:\/\/cjf-fjc.ca\/wp-content\/uploads\/Dustin-Patar-300x200.jpg\" alt=\"\" width=\"300\" height=\"200\" srcset=\"https:\/\/cjf-fjc.ca\/wp-content\/uploads\/Dustin-Patar-300x200.jpg 300w, https:\/\/cjf-fjc.ca\/wp-content\/uploads\/Dustin-Patar-1024x682.jpg 1024w, https:\/\/cjf-fjc.ca\/wp-content\/uploads\/Dustin-Patar-768x511.jpg 768w, https:\/\/cjf-fjc.ca\/wp-content\/uploads\/Dustin-Patar-1536x1022.jpg 1536w, https:\/\/cjf-fjc.ca\/wp-content\/uploads\/Dustin-Patar-24x16.jpg 24w, https:\/\/cjf-fjc.ca\/wp-content\/uploads\/Dustin-Patar-36x24.jpg 36w, https:\/\/cjf-fjc.ca\/wp-content\/uploads\/Dustin-Patar-48x32.jpg 48w, https:\/\/cjf-fjc.ca\/wp-content\/uploads\/Dustin-Patar.jpg 2048w\" sizes=\"auto, (max-width: 300px) 100vw, 300px\" \/><p id=\"caption-attachment-23190\" class=\"wp-caption-text\">Le photo gagnante de Dustin Patar publi\u00e9 dans <em>The Narwhal<\/em> Sept. 10, 2022<\/p><\/div>\n<p><strong>&gt;&gt; Lire&nbsp;<a href=\"https:\/\/www.newswire.ca\/news-releases\/inaugural-cjf-edward-burtynsky-award-for-climate-photojournalism-goes-to-dustin-patar-814231863.html\">Cision<\/a><\/strong>[\/vc_column_text][\/vc_column][\/vc_row]<\/p>\n<\/div>","protected":false},"excerpt":{"rendered":"<p>[vc_row][vc_column width=\u00a0\u00bb2\/3&Prime;][vc_column_text css=\u00a0\u00bb\u00a0\u00bb] Le Prix FJC Edward Burtynsky pour le photojournalism climatique Le prix&nbsp;FJC Edward Burtynsky pour le photojournalisme climatique&nbsp;c\u00e9l\u00e8bre les photographies climatiques provocantes, percutantes et inspirantes du monde entier. [&hellip;]<\/p>\n","protected":false},"author":20,"featured_media":0,"parent":0,"menu_order":0,"comment_status":"closed","ping_status":"closed","template":"","meta":{"_acf_changed":false,"footnotes":""},"class_list":["post-23183","page","type-page","status-publish","hentry"],"acf":[],"_links":{"self":[{"href":"https:\/\/cjf-fjc.ca\/fr\/wp-json\/wp\/v2\/pages\/23183","targetHints":{"allow":["GET"]}}],"collection":[{"href":"https:\/\/cjf-fjc.ca\/fr\/wp-json\/wp\/v2\/pages"}],"about":[{"href":"https:\/\/cjf-fjc.ca\/fr\/wp-json\/wp\/v2\/types\/page"}],"author":[{"embeddable":true,"href":"https:\/\/cjf-fjc.ca\/fr\/wp-json\/wp\/v2\/users\/20"}],"replies":[{"embeddable":true,"href":"https:\/\/cjf-fjc.ca\/fr\/wp-json\/wp\/v2\/comments?post=23183"}],"version-history":[{"count":15,"href":"https:\/\/cjf-fjc.ca\/fr\/wp-json\/wp\/v2\/pages\/23183\/revisions"}],"predecessor-version":[{"id":25583,"href":"https:\/\/cjf-fjc.ca\/fr\/wp-json\/wp\/v2\/pages\/23183\/revisions\/25583"}],"wp:attachment":[{"href":"https:\/\/cjf-fjc.ca\/fr\/wp-json\/wp\/v2\/media?parent=23183"}],"curies":[{"name":"wp","href":"https:\/\/api.w.org\/{rel}","templated":true}]}}