{"id":23060,"date":"2024-07-18T13:42:27","date_gmt":"2024-07-18T17:42:27","guid":{"rendered":"https:\/\/cjf-fjc.ca\/?page_id=23060"},"modified":"2025-12-18T15:47:45","modified_gmt":"2025-12-18T20:47:45","slug":"bourses-de-recherche-en-journalisme-autochtone-cjf-cbc","status":"publish","type":"page","link":"https:\/\/cjf-fjc.ca\/fr\/bourses-de-recherche-en-journalisme-autochtone-cjf-cbc\/","title":{"rendered":"Bourse de recherche en journalisme autochtone FJC-CBC"},"content":{"rendered":"<div class=\"wpb-content-wrapper\"><p>[vc_row][vc_column width=\u00a0\u00bb2\/3&Prime;][vc_column_text css=\u00a0\u00bb\u00a0\u00bb]Les bourses de journalisme autochtone FJC-CBC sont offertes \u00e0 une journaliste des<strong>\u00a0Premi\u00e8res Nations, inuits ou m\u00e9tis<\/strong>\u00a0ayant un \u00e0 dix ans d\u2019exp\u00e9rience pour explorer une question d\u2019int\u00e9r\u00eat, tout en \u00e9tant accueilli(e) pendant quatre mois par CBC Indigenous dans un local de CBC. Le prix vise \u00e0 favoriser une meilleure compr\u00e9hension des questions autochtones dans les principaux m\u00e9dias et points d\u2019acc\u00e8s communautaires du Canada.<\/p>\n<p>Les candidats retenus :<\/p>\n<ul>\n<li>Passeront quatre mois avec CBC Indigenous dans un local de CBC.<\/li>\n<li>Recevront une allocation de 30 000 $ fournie par la Fondation pour le journalisme canadien.<\/li>\n<li>R\u00e9digeront ou produiront un article ou une s\u00e9rie \u00e0 la fin de leur bourse, qui sera consid\u00e9r\u00e9(e) pour publication ou diffusion par CBC News.<\/li>\n<\/ul>\n<p>Renseignements \u00e0 l\u2019intention des candidats avant de pr\u00e9senter une demande :<\/p>\n<ul>\n<li>Ces bourses auront lieu en personne \u00e0 CBC Indigenous dans un local de CBC.<\/li>\n<li>Les candidats seront responsables de l\u2019obtention de leur propre logement dans la ville h\u00f4te.<\/li>\n<li>La bourse d\u00e9butera en septembre 2026 et se terminera \u00e0 decembre.<\/li>\n<li>Les boursiers recevront une allocation de 30 000 $ vers\u00e9e en tranches bimensuelles.<\/li>\n<li>Les boursiers retenus seront invit\u00e9s \u00e0 produire un rapport post-bourse mettant en valeur leur travail et leur exp\u00e9rience, qui sera publi\u00e9 sur le site Web de la FJC et dans ses communications. Des \u00e9chantillons peuvent \u00eatre consult\u00e9s\u00a0<a href=\"https:\/\/cjf-fjc.ca\/sara-kae-kanutski-2023-24\/\">ici,\u00a0<\/a><a href=\"https:\/\/cjf-fjc.ca\/tchadas-leo-2023-24\/\">ici<\/a>\u00a0et\u00a0<a href=\"https:\/\/cjf-fjc.ca\/tanner-isaac-2023-24\/\">ici<\/a>.<\/li>\n<\/ul>\n<p>Voir les\u00a0<a href=\"https:\/\/cjf-fjc.ca\/cjf-cbc-indigenous-journalism-fellowships\/\">crit\u00e8res.<\/a><\/p>\n<p>Pour toute question, pri\u00e8re de communiquer avec Natalie Turvey, pr\u00e9sidente directrice g\u00e9n\u00e9rale de la Fondation pour le journalisme canadien \u00e0\u00a0<a href=\"mailto:info@cjf-fjc.ca\">info@cjf-fjc.ca<\/a>.<\/p>\n<p><strong>DATE LIMITE : 23 janvier 2026 \u00e0 23h59 HE.<\/strong>[\/vc_column_text]<div style=\"background-color:;height: 50px\" class=\"nicdark_section  \"><\/div>[vc_column_text css=\u00a0\u00bb\u00a0\u00bb]<\/p>\n<p>&nbsp;<\/p>\n<p>These fellowship opportunities are made possible thanks to the generous support of\u00a0<b>Sobeys Inc.<\/b><\/p>\n<p><img loading=\"lazy\" decoding=\"async\" class=\"alignnone size-medium wp-image-23066\" src=\"https:\/\/cjf-fjc.ca\/wp-content\/uploads\/SOBEYS_CONT_CORP_7738_POS1-300x105.jpg\" alt=\"\" width=\"300\" height=\"105\" srcset=\"https:\/\/cjf-fjc.ca\/wp-content\/uploads\/SOBEYS_CONT_CORP_7738_POS1-300x105.jpg 300w, https:\/\/cjf-fjc.ca\/wp-content\/uploads\/SOBEYS_CONT_CORP_7738_POS1-1024x358.jpg 1024w, https:\/\/cjf-fjc.ca\/wp-content\/uploads\/SOBEYS_CONT_CORP_7738_POS1-768x269.jpg 768w, https:\/\/cjf-fjc.ca\/wp-content\/uploads\/SOBEYS_CONT_CORP_7738_POS1-1536x538.jpg 1536w, https:\/\/cjf-fjc.ca\/wp-content\/uploads\/SOBEYS_CONT_CORP_7738_POS1-2048x717.jpg 2048w, https:\/\/cjf-fjc.ca\/wp-content\/uploads\/SOBEYS_CONT_CORP_7738_POS1-24x8.jpg 24w, https:\/\/cjf-fjc.ca\/wp-content\/uploads\/SOBEYS_CONT_CORP_7738_POS1-36x13.jpg 36w, https:\/\/cjf-fjc.ca\/wp-content\/uploads\/SOBEYS_CONT_CORP_7738_POS1-48x17.jpg 48w\" sizes=\"auto, (max-width: 300px) 100vw, 300px\" \/>[\/vc_column_text][vc_btn title=\u00a0\u00bbSoumettez votre candidature\u00a0\u00bb size=\u00a0\u00bblg\u00a0\u00bb align=\u00a0\u00bbcenter\u00a0\u00bb css=\u00a0\u00bb\u00a0\u00bb button_block=\u00a0\u00bbtrue\u00a0\u00bb link=\u00a0\u00bburl:https%3A%2F%2Fcjf-fjc.ca%2Findigenousform%2F\u00a0\u00bb]\n    <div style=\"text-align:center\" class=\"nd_options_section\">\n      <img decoding=\"async\" alt=\"\" style=\"width:100%\" class=\" nd_options_margin_0 nd_options_padding_0 \" src=\"https:\/\/cjf-fjc.ca\/wp-content\/uploads\/CJF-AWARDS-2025-4-1024x576.jpg\">\n    <\/div>\n   [vc_column_text css=\u00a0\u00bb\u00a0\u00bb]<\/p>\n<h2 id=\"tw-target-text\" class=\"tw-data-text tw-text-large tw-ta\" dir=\"ltr\" data-placeholder=\"Translation\" data-ved=\"2ahUKEwisodXw8_uNAxWcLVkFHVF0KFAQ3ewLegQICRAV\" aria-label=\"Translated text: Laur\u00e9at de la bourse de journalisme autochtone CJF \u2013 CBC\"><span class=\"Y2IQFc\" lang=\"fr\">Laur\u00e9ate de la bourse de journalisme autochtone CJF \u2013 CBC<\/span><\/h2>\n<p>&nbsp;<\/p>\n<p>TORONTO, April 29, 2025 \u2013 The Canadian Journalism Foundation (CJF) announced that\u00a0<strong>Joy SpearChief-Morris<\/strong>\u00a0is the recipient of the 2025\u00a0<strong>CJF-CBC Indigenous Journalism Fellowship<\/strong>,\u00a0established to amplify Indigenous voices and foster better comprehension of Indigenous issues.[\/vc_column_text][\/vc_column][vc_column width=\u00a0\u00bb1\/3&Prime; css=\u00a0\u00bb.vc_custom_1720027846297{background-color: #e8e8e8 !important;}\u00a0\u00bb][vc_column_text css=\u00a0\u00bb\u00a0\u00bb]<\/p>\n<h4><strong>GAGNANTS ANCIENS:<\/strong><\/h4>\n<p>&nbsp;<\/p>\n<p><strong>2024<\/strong><\/p>\n<p class=\"nd_options_margin_0_important nd_options_padding_0 \"><a href=\"https:\/\/cjf-fjc.ca\/savannah-ridley-2023-24-cjf-cbc-indigenous-journalism-fellow\/\"><strong>Savannah Ridley\u00a0<\/strong><\/a><\/p>\n<ul>\n<li><a href=\"https:\/\/www.cbc.ca\/news\/indigenous\/red-dress-alert-manitoba-1.7343495\">Indigenous organization to lead Red Dress Alert pilot project in Manitoba<\/a><\/li>\n<li><a href=\"https:\/\/www.cbc.ca\/news\/indigenous\/60s-scoop-identity-fraud-1.7350238\">60s Scoop survivors say cases of \u2018pretendians\u2019 make reconnecting with community even harder<\/a><\/li>\n<\/ul>\n<p class=\"nd_options_margin_0_important nd_options_padding_0 \"><a href=\"https:\/\/cjf-fjc.ca\/cory-bilyea-2023-24-cjf-cbc-indigenous-journalism-fellow\/\"><strong>Cory Bilyea<\/strong><\/a><\/p>\n<ul>\n<li><a href=\"https:\/\/www.cbc.ca\/newsinteractives\/features\/tota-tanon-ohkwari?fbclid=IwY2xjawF13jxleHRuA2FlbQIxMAABHanuq9fC6b8RX2NokAdZL_HDtPRcX5eWwT9mgFLllzy7UMbD1SEQ41k17w_aem_MyZGez0HstuQltmWZAUiCw\">These puppets make learning Kanien\u2019k\u00e9ha fun<\/a><\/li>\n<li><a href=\"https:\/\/www.cbc.ca\/news\/indigenous\/native-montreal-anishinaabemowin-english-1.7347108\">Native Montreal introduces new Anishinaabemowin class taught in English<\/a><\/li>\n<\/ul>\n<p class=\"nd_options_margin_0_important nd_options_padding_0 \"><a href=\"https:\/\/cjf-fjc.ca\/jaclyn-hall-2024-25\/\"><strong>Jaclyn Hall<\/strong><\/a><\/p>\n<p><a href=\"https:\/\/www.newswire.ca\/news-releases\/cjf-cbc-indigenous-journalism-fellows-announced-842272408.html\">&gt;&gt;Lire Cision\u00a0<\/a><\/p>\n<p>&nbsp;<\/p>\n<p><strong>2023\u00a0<\/strong><\/p>\n<p><strong><a href=\"https:\/\/cjf-fjc.ca\/tchadas-leo-2023-24\/\">Tchadas Leo<\/a><\/strong><\/p>\n<ul>\n<li>\u00a0<a href=\"https:\/\/www.cbc.ca\/player\/play\/2278232131599\">Survivor\u2019s Hague visit among efforts to urge quicker action from the Vatican on promises around residential schools<\/a>. | CBC<\/li>\n<\/ul>\n<p><strong><a href=\"https:\/\/cjf-fjc.ca\/tanner-isaac-2023-24\/\">Tanner Isaac<\/a><\/strong><\/p>\n<p><strong><a href=\"https:\/\/cjf-fjc.ca\/sara-kae-kanutski-2023-24\/\">Sara Kanutski<\/a><\/strong><\/p>\n<ul>\n<li><a href=\"https:\/\/www.cbc.ca\/news\/indigenous\/indigenous-workplace-boundaries-1.7007346\" target=\"_blank\" rel=\"noopener\">Why boundaries are important for Indigenous people in the workplace.<\/a> | CBC<\/li>\n<\/ul>\n<p>&nbsp;<\/p>\n<p><strong>2022<\/strong><\/p>\n<p><strong><a href=\"https:\/\/cjf-fjc.ca\/renee-lilley-22-23\/\">Ren\u00e9e Lilley<\/a><\/strong><\/p>\n<ul>\n<li><a href=\"https:\/\/www.cbc.ca\/news\/indigenous\/manitoba-metis-leaves-national-council-1.6193575\">Manitoba M\u00e9tis Federation leaves M\u00e9tis National Council | CBC<\/a><\/li>\n<li><a href=\"https:\/\/www.cbc.ca\/news\/indigenous\/metis-national-council-president-cassidy-caron-1.6204020\">M\u00e9tis National Council\u2019s 1st female leader leaves door open for Manitoba M\u00e9tis Federation to return | CBC<\/a><\/li>\n<li><a href=\"https:\/\/www.cbc.ca\/news\/indigenous\/metis-national-council-federal-representation-1.6209825\">M\u00e9tis representation at the federal level unclear as MMF breaks off from national council | CBC<\/a><\/li>\n<li><a href=\"https:\/\/www.cbc.ca\/news\/indigenous\/mmf-mnc-metis-national-council-lawsuit-1.6330524\">M\u00e9tis National Council alleges previous leaders financially harmed it to give MMF \u2018unfair advantage\u2019 | CBC<\/a><\/li>\n<li><a href=\"https:\/\/www.cbc.ca\/news\/indigenous\/mmf-mnc-metis-manitoba-lawsuit-statement-defence-1.6443292\">David Chartrand calls M\u00e9tis National Council allegations in lawsuit \u2018baseless\u2019 | CBC<\/a><\/li>\n<\/ul>\n<p><strong><a href=\"https:\/\/cjf-fjc.ca\/erin-blondeau-2022-23\/\">Erin Blondeau<\/a><\/strong><\/p>\n<ul>\n<li><a href=\"https:\/\/www.cbc.ca\/news\/indigenous\/vista-mine-cop27-keepers-water-1.6641300\">Fight against coal mine expansion to be brought to UN climate change conference. | CBC<\/a><\/li>\n<\/ul>\n<p>&nbsp;<\/p>\n<p><strong>2021<\/strong><\/p>\n<p><strong><a href=\"https:\/\/cjf-fjc.ca\/riley-yesno-2021\/\">Riley Yesno<\/a><\/strong><\/p>\n<ul>\n<li>\u201c<a href=\"https:\/\/www.cbc.ca\/news\/indigenous\/life-rez-2slgbt-indigenous-people-1.6152959\">Life on the rez for 4 2SLGBT Indigenous people<\/a>\u201c | CBC<\/li>\n<\/ul>\n<p><strong>Shayla Sayer-Brabant<\/strong><\/p>\n<p>&gt;&gt; Lire <a href=\"https:\/\/www.newswire.ca\/news-releases\/cjf-cbc-indigenous-journalism-fellowships-announced-870878797.html\">Cision\u00a0<\/a><\/p>\n<p>&nbsp;<\/p>\n<p><strong>2020<\/strong><\/p>\n<p><strong>Sean Vanderklis<\/strong><\/p>\n<p><strong><a href=\"https:\/\/cjf-fjc.ca\/karl-dockstader-2020\/\">Karl Dockstader<\/a><\/strong><\/p>\n<p>&gt;&gt; Lire <a href=\"https:\/\/www.newswire.ca\/news-releases\/cjf-cbc-indigenous-journalism-fellowships-announced-841150596.html\">Cision\u00a0<\/a><\/p>\n<p>&nbsp;<\/p>\n<p><strong>2019<\/strong><\/p>\n<p><strong><a href=\"https:\/\/cjf-fjc.ca\/charnel-anderson-2019\/\">Charnel Anderson<\/a><\/strong><\/p>\n<ul>\n<li><em>\u201c<\/em><a href=\"https:\/\/www.cbc.ca\/news\/indigenous\/georgina-island-first-nation-land-code-1.5281769\">How Georgina Island First Nation took back control of lands and resources<\/a>\u201c | CBC<\/li>\n<\/ul>\n<p><strong><a href=\"https:\/\/www.cbc.ca\/news\/indigenous\/point-of-view-wolastoqey-language-1.5365334\">Logan Perley<\/a><\/strong><\/p>\n<ul>\n<li class=\"detailHeadline\" lang=\"en\" data-cy=\"detailHeadline\"><a href=\"https:\/\/www.cbc.ca\/news\/indigenous\/point-of-view-wolastoqey-language-1.5365334\">The upriver battle of revitalizing the Wolastoqey language | CBC<\/a><\/li>\n<\/ul>\n<p>&nbsp;<\/p>\n<p><strong>2018<\/strong><\/p>\n<p><strong><a href=\"https:\/\/cjf-fjc.ca\/jasmine-kabatay-2018\/\">Jasmine Kabatay<\/a><\/strong><\/p>\n<ul>\n<li><a href=\"https:\/\/www.cbc.ca\/news\/indigenous\/cjf-indian-status-card-application-1.4845642\">2 years after Occupy INAC, Winnipeg office still closed to the public<\/a>\u00a0(CBC Indigenous), including an explainer video\u00a0<a href=\"https:\/\/www.facebook.com\/CBC.caIndigenous\/videos\/252599165431827\/?__xts__[0]=68.ARCWZj4XfcpHDhHbwi92sAY2uC9s--yYpUSw74dFgcd3dICuwy8G-appX09s3xZmBXOYg6dUdDA9RrGBOOup2AEorNBWe2RXrKaDLEJNU6mTC2lYJupLebxE-Tqum8mw-KxUD-O8ifMyY4jX0xNXN97dbdLNyS3gW2mWCW94LWvU5DXDyyX-YaiSrd4SXC8F&amp;__tn__=-R\">What is a status card?<\/a>\u00a0and a live\u00a0Q&amp;A on\u00a0<a href=\"https:\/\/www.facebook.com\/CBC.caIndigenous\/videos\/1822464944537637\/?__xts__[0]=68.ARBh4Xj2Gv10HGiNl8SmX85kcYv2FlqCVINiZWPtenBF1gPZSfTdHaY2kX-tHmzxLqEf1WN9YATL7-oFYH3wG9nnW7zyEZL8_aysslSLC7uIQjSdBqdXVJlGmPZ76NX6ydj-i1cgoiabdoJbZOcsa8pziLIQdGYxRX_50vE36ZDqn9uzWjjd2iuX9PY4AD1JXw&amp;__tn__=-R\">Indian status cards<\/a><\/li>\n<li><a href=\"https:\/\/www.cbc.ca\/news\/indigenous\/cjf-status-card-hassles-1.4845828\">Readers recount the hassles faced while using, or trying to use, an Indian status card<\/a>\u00a0(CBC Indigenous)<\/li>\n<\/ul>\n<p><strong><a href=\"https:\/\/cjf-fjc.ca\/ntawnis-piapot-2018\/\">Ntawnis Piapot<\/a><\/strong><\/p>\n<ul>\n<li><a href=\"https:\/\/www.cbc.ca\/news\/indigenous\/indigenization-university-students-1.4841965\">Indigenous students question universities\u2019 commitment to Indigenization<\/a>\u00a0(CBC Indigenous)<\/li>\n<\/ul>\n<p>&nbsp;<\/p>\n<p><strong>2017\u00a0<\/strong><\/p>\n<p><strong><a href=\"https:\/\/cjf-fjc.ca\/lenard-monkman-2017\/\">Lenard Monkman<\/a><\/strong><\/p>\n<ul>\n<li><a href=\"http:\/\/www.cbc.ca\/news\/indigenous\/pray-for-the-waters-great-water-gathering-brings-indigenous-non-indigenous-protectors-together-1.4243996\">\u2018Pray for the waters\u2019: Great Water Gathering brings Indigenous, non-Indigenous protectors together<\/a>\u00a0(online piece)<br \/>\n<a href=\"https:\/\/soundcloud.com\/user-915098429\/pray-for-the-waters-great-water-gathering-brings-indigenous-non-indigenous-protectors-together\">\u2018Pray for the waters\u2019: Great Water Gathering brings Indigenous, non-Indigenous protectors together<\/a>\u00a0(radio piece)<\/li>\n<\/ul>\n<p><strong><a href=\"https:\/\/cjf-fjc.ca\/julian-brave-noisecat-2017\/\">Julian Brave NoiseCat\u00a0<\/a><\/strong><\/p>\n<ul>\n<li><a href=\"http:\/\/www.cbc.ca\/news\/indigenous\/tribal-canoe-journey-campbell-river-1.4213295\">Tribal Canoe Journey: Tribes depart Washington on epic voyage | CBC <\/a><\/li>\n<li><a href=\"http:\/\/www.cbc.ca\/news\/indigenous\/the-border-is-not-our-border-tribal-canoe-trip-to-b-c-navigates-tradition-and-history-1.4232170\">\u2018The border is not our border\u2019: Tribal canoe trip to B.C. navigates tradition and history | CBC<\/a><\/li>\n<li><a href=\"http:\/\/'we're%20at%20the%20mercy%20of%20the%20water':%20Battling%20the%20waves%20on%20the%20tribal%20canoe%20trip\/\">\u00a0\u2018We\u2019re at the mercy of the water\u2019: Battling the waves on the tribal canoe trip | CBC<\/a><\/li>\n<li>\u00a0<a href=\"http:\/\/tribal%20canoe%20journey:%20Understanding%20the%20'cannibal%20dance'\/\">Tribal Canoe Journey: Understanding the \u2018cannibal dance\u2019 | CBC<\/a><\/li>\n<li>\u00a0<a href=\"http:\/\/'like%20a%20reawakening':%20Tribal%20Canoe%20Journey%20concludes%20with%20hope%20for%20future\/\">\u2018Like a reawakening\u2019: Tribal Canoe Journey concludes with hope for future | CBC<\/a><\/li>\n<\/ul>\n<p>&nbsp;<\/p>\n<p><strong>2016<\/strong><\/p>\n<p><strong><a href=\"https:\/\/cjf-fjc.ca\/trevor-jang-2016\/\">Trevor Jang<\/a><\/strong><\/p>\n<ul>\n<li><a href=\"http:\/\/www.cbc.ca\/news\/indigenous\/human-rights-case-launched-against-basketball-tournament-1.3666846\">Human rights complaint launched against All-Native basketball tournament committee<\/a><\/li>\n<li><a href=\"http:\/\/www.cbc.ca\/news\/aboriginal\/josiah-wilson-indian-act-hereditary-governance-1.3668636\">Analysis: Josiah Wilson, the Indian Act, hereditary governance and blood quantum<\/a><\/li>\n<li><a href=\"http:\/\/www.cbc.ca\/radio\/unreserved\/can-changing-language-challenge-perceptions-1.3667071\/basketball-is-culture-in-coastal-b-c-first-nations-communities-1.3669276\">Basketball is culture in coastal B.C. First Nations communities<\/a>\u00a0(Unreserved)<\/li>\n<\/ul>\n<p><strong><a href=\"https:\/\/cjf-fjc.ca\/stephanie-cram-2016\/\">Stephanie Cram<\/a><\/strong><\/p>\n<ul>\n<li><a href=\"http:\/\/www.cbc.ca\/news\/indigenous\/reporters-notebook-muzzled-nurses-limit-coverage-of-first-nations-health-1.3818891\">Reporter\u2019s Notebook: Muzzled nurses limit coverage of First Nations health | CBC<\/a><\/li>\n<li><a href=\"http:\/\/www.cbc.ca\/news\/indigenous\/first-nation-family-uprooted-from-reserve-for-health-1.3819879\">First Nation family forced off reserve for health care | CBC<\/a><\/li>\n<li><a href=\"http:\/\/www.cbc.ca\/1.3826391\">First Nations communities cope with lack of emergency response resources | CBC<\/a><\/li>\n<\/ul>\n<p>&nbsp;<\/p>\n<p><strong>2015\u00a0<\/strong><\/p>\n<p><strong>Wawmeesh G. Hamilton<\/strong><\/p>\n<p><strong><a href=\"https:\/\/cjf-fjc.ca\/nikki-wiart-2015\/\">Nikki Wiart<\/a><\/strong><\/p>\n<ul>\n<li><a href=\"http:\/\/www.cbc.ca\/news\/aboriginal\/aboriginal-kids-in-care-4-approaches-to-improve-canada-s-track-record-1.3129189\">Aboriginal kids in care: 4 approaches to improve Canada\u2019s track record<\/a><\/li>\n<li><a href=\"http:\/\/www.cbc.ca\/news\/aboriginal\/foster-care-program-for-aboriginal-families-boasts-70-success-rate-1.3128375\">Foster care program for aboriginal families boasts 70% success rate (Up to Speed and Unreserved)<\/a><\/li>\n<li><a href=\"http:\/\/www.cbc.ca\/news\/aboriginal\/early-intervention-could-prevent-cfs-apprehensions-winnipeg-mom-says-1.3128513\">Early intervention could prevent CFS apprehensions, Winnipeg mom says<\/a><\/li>\n<li><a href=\"http:\/\/www.cbc.ca\/news\/aboriginal\/crowd-sourced-video-project-aims-to-make-trc-report-more-accessible-1.3123525\">Crowd-sourced video project aims to make TRC report more accessible<\/a><\/li>\n<\/ul>\n<p>&nbsp;<\/p>\n<p><strong>2014<\/strong><\/p>\n<p><strong><a href=\"https:\/\/cjf-fjc.ca\/chantelle-bellrichard-2014\/\">Chantelle Bellrichard<\/a><\/strong><\/p>\n<ul>\n<li><a href=\"http:\/\/www.cbc.ca\/news\/aboriginal\/first-nations-issues-what-will-make-canadians-care-1.2689979\">First Nations Issues: What will make Canadians care?<\/a> | CBC<\/li>\n<li><a href=\"http:\/\/www.cbc.ca\/news\/aboriginal\/midwifery-program-with-core-aboriginal-mandate-halted-1.2701685\">Midwifery program with core Aboriginal mandate halted<\/a> | CBC Indigenous<\/li>\n<li><a href=\"http:\/\/www.cbc.ca\/news\/aboriginal\/bringing-birth-back-to-remote-manitoba-first-nation-1.2703154\">Bringing back birth to remote Manitoba First Nation<\/a> | CBC Indigenous<\/li>\n<\/ul>\n<p>[\/vc_column_text][\/vc_column][\/vc_row][vc_row][vc_column]<div style=\"background-color:;height: 70px\" class=\"nicdark_section  \"><\/div>[\/vc_column][\/vc_row]<\/p>\n<\/div>","protected":false},"excerpt":{"rendered":"<p>[vc_row][vc_column width=\u00a0\u00bb2\/3&Prime;][vc_column_text css=\u00a0\u00bb\u00a0\u00bb]Les bourses de journalisme autochtone FJC-CBC sont offertes \u00e0 une journaliste des\u00a0Premi\u00e8res Nations, inuits ou m\u00e9tis\u00a0ayant un \u00e0 dix ans d\u2019exp\u00e9rience pour explorer une question d\u2019int\u00e9r\u00eat, tout en [&hellip;]<\/p>\n","protected":false},"author":20,"featured_media":0,"parent":0,"menu_order":0,"comment_status":"closed","ping_status":"closed","template":"","meta":{"_acf_changed":false,"footnotes":""},"class_list":["post-23060","page","type-page","status-publish","hentry"],"acf":[],"_links":{"self":[{"href":"https:\/\/cjf-fjc.ca\/fr\/wp-json\/wp\/v2\/pages\/23060","targetHints":{"allow":["GET"]}}],"collection":[{"href":"https:\/\/cjf-fjc.ca\/fr\/wp-json\/wp\/v2\/pages"}],"about":[{"href":"https:\/\/cjf-fjc.ca\/fr\/wp-json\/wp\/v2\/types\/page"}],"author":[{"embeddable":true,"href":"https:\/\/cjf-fjc.ca\/fr\/wp-json\/wp\/v2\/users\/20"}],"replies":[{"embeddable":true,"href":"https:\/\/cjf-fjc.ca\/fr\/wp-json\/wp\/v2\/comments?post=23060"}],"version-history":[{"count":20,"href":"https:\/\/cjf-fjc.ca\/fr\/wp-json\/wp\/v2\/pages\/23060\/revisions"}],"predecessor-version":[{"id":25641,"href":"https:\/\/cjf-fjc.ca\/fr\/wp-json\/wp\/v2\/pages\/23060\/revisions\/25641"}],"wp:attachment":[{"href":"https:\/\/cjf-fjc.ca\/fr\/wp-json\/wp\/v2\/media?parent=23060"}],"curies":[{"name":"wp","href":"https:\/\/api.w.org\/{rel}","templated":true}]}}