{"id":23055,"date":"2024-07-18T13:37:16","date_gmt":"2024-07-18T17:37:16","guid":{"rendered":"https:\/\/cjf-fjc.ca\/?page_id=23055"},"modified":"2025-12-18T15:22:15","modified_gmt":"2025-12-18T20:22:15","slug":"bourse-cjf-pour-etudiants-journalistes-du-bipoc","status":"publish","type":"page","link":"https:\/\/cjf-fjc.ca\/fr\/bourse-cjf-pour-etudiants-journalistes-du-bipoc\/","title":{"rendered":"Bourse CJF pour \u00e9tudiants journalistes du BIPOC"},"content":{"rendered":"<div class=\"wpb-content-wrapper\"><p>[vc_row][vc_column]<div style=\"background-color:;height: 50px\" class=\"nicdark_section  \"><\/div>[\/vc_column][vc_column width=\u00a0\u00bb2\/3&Prime;][vc_column_text css=\u00a0\u00bb\u00a0\u00bb]Cette bourse d\u2019\u00e9tudes est destin\u00e9e aux \u00e9tudiant.e.s PANDC dans leur derni\u00e8re ann\u00e9e de premier cycle canadien en journalisme pour offrir un soutien \u00e0 ceux et celles qui ont d\u00e9montr\u00e9 un engagement envers les plus hauts standards journalistiques.<\/p>\n<p>&nbsp;<\/p>\n<p>Les candidat.e.s devront fournir des exemples de leurs travaux scolaires ou des reportages de pigistes, soit en textes \u00e9crits, vid\u00e9o, audio, montage vid\u00e9o ou autre forme journalistique. Ils et elles devront \u00e9galement \u00e9crire une lettre d\u2019intention exposant leur projet de journalisme postuniversitaire.<\/p>\n<p>&nbsp;<\/p>\n<p>Un comit\u00e9 de s\u00e9lection de la Fondation canadienne de journalisme \u00e9valuera les candidatures et d\u00e9terminera une personne r\u00e9cipiendaire de la bourse en 2025. Cette bourse annuelle de 5 000 $ b\u00e9n\u00e9ficie d\u2019un financement de la soci\u00e9t\u00e9 de communication\u00a0<a href=\"https:\/\/www.mediaprofile.com\/\">Media Profile<\/a>\u00a0de Toronto, un soutien de longue date de la FJC.<\/p>\n<p>&nbsp;<\/p>\n<p>Pour toute question, pri\u00e8re de communiquer avec Natalie Turvey, pr\u00e9sidente directrice g\u00e9n\u00e9rale de la Fondation pour le journalisme canadien \u00e0\u00a0<a href=\"mailto:info@cjf-fjc.ca\">info@cjf-fjc.ca<\/a>.<\/p>\n<p>&nbsp;<\/p>\n<p><strong>DATE LIMITE : 23 janvier 2026 \u00e0 23h59 HE.<\/strong><\/p>\n<p><strong><em>Les champs marqu\u00e9s d\u2019un ast\u00e9risque (*) sont obligatoires<\/em><\/strong>.[\/vc_column_text][vc_btn title=\u00a0\u00bbSoumettez votre candidature\u00a0\u00bb size=\u00a0\u00bblg\u00a0\u00bb align=\u00a0\u00bbcenter\u00a0\u00bb css=\u00a0\u00bb\u00a0\u00bb button_block=\u00a0\u00bbtrue\u00a0\u00bb link=\u00a0\u00bburl:https%3A%2F%2Fcjf-fjc.ca%2Fbursaryform%2F\u00a0\u00bb][vc_separator css=\u00a0\u00bb\u00a0\u00bb][\/vc_column][vc_column width=\u00a0\u00bb1\/3&Prime; css=\u00a0\u00bb.vc_custom_1720025969176{background-color: #dddddd !important;}\u00a0\u00bb][vc_column_text css=\u00a0\u00bb\u00a0\u00bb]<\/p>\n<p class=\"p1\"><b>GAGNANTS ANCIENS:<\/b><\/p>\n<p>2025<\/p>\n<p>Alexa Toguri-Laurin<\/p>\n<p>&nbsp;<\/p>\n<p><strong>2024<\/strong><\/p>\n<p><a href=\"https:\/\/youtu.be\/vNUjMBBrpWg?si=MWVPqVHIhvVLuwBv\">Jacob Aron Leung<\/a><\/p>\n<p><a href=\"https:\/\/www.newswire.ca\/news-releases\/cjf-bursary-for-bipoc-student-journalists-awarded-877759148.html\"><strong>&gt;&gt; Lire Cision\u00a0<\/strong><\/a><\/p>\n<p>&nbsp;<\/p>\n<p class=\"p1\"><b>2023<\/b><\/p>\n<p class=\"p1\">Crystal Greene<\/p>\n<p class=\"p1\"><b>&gt;&gt; Lire <\/b><a href=\"https:\/\/www.newswire.ca\/news-releases\/cjf-bursary-for-bipoc-journalism-student-awarded-899001644.html\"><span class=\"s1\"><b>Cision<\/b><\/span><\/a><\/p>\n<p>&nbsp;<\/p>\n<p class=\"p1\"><b>2022<\/b><\/p>\n<p class=\"p1\">Tobin Ng<\/p>\n<p class=\"p1\"><b>&gt;&gt; Lire <\/b><a href=\"https:\/\/www.newswire.ca\/news-releases\/carleton-student-wins-inaugural-cjf-bursary-for-bipoc-journalism-students-823368356.html\"><span class=\"s1\"><b>Cision<\/b><\/span><\/a><\/p>\n<p>[\/vc_column_text][\/vc_column][vc_column width=\u00a0\u00bb2\/3&Prime;]<div style=\"background-color:;height: 50px\" class=\"nicdark_section  \"><\/div>[vc_column_text css=\u00a0\u00bb\u00a0\u00bb]<\/p>\n<p id=\"tw-target-text\" class=\"tw-data-text tw-text-large tw-ta\" dir=\"ltr\" data-placeholder=\"Translation\" data-ved=\"2ahUKEwjT-byovcmNAxUQAHkGHfVxJtUQ3ewLegQICRAV\" aria-label=\"Translated text: Gr\u00e2ce au g\u00e9n\u00e9reux soutien de notre sponsor fondateur :\"><strong><span class=\"Y2IQFc\" lang=\"fr\">Gr\u00e2ce au g\u00e9n\u00e9reux soutien de notre sponsor fondateur :<\/span><\/strong><\/p>\n<p dir=\"ltr\" data-placeholder=\"Translation\" data-ved=\"2ahUKEwjT-byovcmNAxUQAHkGHfVxJtUQ3ewLegQICRAV\" aria-label=\"Translated text: Gr\u00e2ce au g\u00e9n\u00e9reux soutien de notre sponsor fondateur :\"><img loading=\"lazy\" decoding=\"async\" class=\"alignnone wp-image-23070\" src=\"https:\/\/cjf-fjc.ca\/wp-content\/uploads\/MP_MEDIA-PROFILE_logo_PMS-3035-002-172x300.jpg\" alt=\"\" width=\"96\" height=\"167\" srcset=\"https:\/\/cjf-fjc.ca\/wp-content\/uploads\/MP_MEDIA-PROFILE_logo_PMS-3035-002-172x300.jpg 172w, https:\/\/cjf-fjc.ca\/wp-content\/uploads\/MP_MEDIA-PROFILE_logo_PMS-3035-002-14x24.jpg 14w, https:\/\/cjf-fjc.ca\/wp-content\/uploads\/MP_MEDIA-PROFILE_logo_PMS-3035-002-21x36.jpg 21w, https:\/\/cjf-fjc.ca\/wp-content\/uploads\/MP_MEDIA-PROFILE_logo_PMS-3035-002-28x48.jpg 28w, https:\/\/cjf-fjc.ca\/wp-content\/uploads\/MP_MEDIA-PROFILE_logo_PMS-3035-002.jpg 359w\" sizes=\"auto, (max-width: 96px) 100vw, 96px\" \/><\/p>\n<p>[\/vc_column_text][\/vc_column][\/vc_row]<\/p>\n<\/div>","protected":false},"excerpt":{"rendered":"<p>[vc_row][vc_column][\/vc_column][vc_column width=\u00a0\u00bb2\/3&Prime;][vc_column_text css=\u00a0\u00bb\u00a0\u00bb]Cette bourse d\u2019\u00e9tudes est destin\u00e9e aux \u00e9tudiant.e.s PANDC dans leur derni\u00e8re ann\u00e9e de premier cycle canadien en journalisme pour offrir un soutien \u00e0 ceux et celles qui ont [&hellip;]<\/p>\n","protected":false},"author":20,"featured_media":0,"parent":0,"menu_order":0,"comment_status":"closed","ping_status":"closed","template":"","meta":{"_acf_changed":false,"footnotes":""},"class_list":["post-23055","page","type-page","status-publish","hentry"],"acf":[],"_links":{"self":[{"href":"https:\/\/cjf-fjc.ca\/fr\/wp-json\/wp\/v2\/pages\/23055","targetHints":{"allow":["GET"]}}],"collection":[{"href":"https:\/\/cjf-fjc.ca\/fr\/wp-json\/wp\/v2\/pages"}],"about":[{"href":"https:\/\/cjf-fjc.ca\/fr\/wp-json\/wp\/v2\/types\/page"}],"author":[{"embeddable":true,"href":"https:\/\/cjf-fjc.ca\/fr\/wp-json\/wp\/v2\/users\/20"}],"replies":[{"embeddable":true,"href":"https:\/\/cjf-fjc.ca\/fr\/wp-json\/wp\/v2\/comments?post=23055"}],"version-history":[{"count":20,"href":"https:\/\/cjf-fjc.ca\/fr\/wp-json\/wp\/v2\/pages\/23055\/revisions"}],"predecessor-version":[{"id":25637,"href":"https:\/\/cjf-fjc.ca\/fr\/wp-json\/wp\/v2\/pages\/23055\/revisions\/25637"}],"wp:attachment":[{"href":"https:\/\/cjf-fjc.ca\/fr\/wp-json\/wp\/v2\/media?parent=23055"}],"curies":[{"name":"wp","href":"https:\/\/api.w.org\/{rel}","templated":true}]}}