{"id":22948,"date":"2024-07-11T17:03:18","date_gmt":"2024-07-11T21:03:18","guid":{"rendered":"https:\/\/cjf-fjc.ca\/?page_id=22948"},"modified":"2024-08-09T02:27:53","modified_gmt":"2024-08-09T06:27:53","slug":"hommage-a-la-fjc","status":"publish","type":"page","link":"https:\/\/cjf-fjc.ca\/fr\/hommage-a-la-fjc\/","title":{"rendered":"Hommage \u00e0 la FJC"},"content":{"rendered":"<div class=\"wpb-content-wrapper\"><p>[vc_row][vc_column width=\u00a0\u00bb2\/3&Prime;]\n    <div style=\"text-align:left\" class=\"nd_options_section\">\n      <img decoding=\"async\" alt=\"\" style=\"width:100%\" class=\" nd_options_margin_0 nd_options_padding_0 \" src=\"https:\/\/cjf-fjc.ca\/wp-content\/uploads\/CJFTribute-copy-scaled-e1719121650250-1024x667.jpg\">\n    <\/div>\n   [vc_column_text]L&rsquo;ic\u00f4ne des m\u00e9dias <strong>Kara Swisher <\/strong>a re\u00e7u <strong>le Prix Hommage de la<\/strong> <a href=\"https:\/\/cjf-fjc.ca\/cjf-tribute\/\"><strong>FJC<\/strong><\/a><strong><u>,<\/u><\/strong> pr\u00e9sent\u00e9 par le journaliste \u00e9conomique et auteure prim\u00e9e Jacquie McNish, en reconnaissance de la carri\u00e8re journalistique pionni\u00e8re de Swisher qui donne r\u00e9guli\u00e8rement \u00ab\u00a0l\u2019heure juste\u00a0\u00bb aux grands chefs de l\u2019industrie de la technologie.[\/vc_column_text][vc_video link=\u00a0\u00bbhttps:\/\/youtu.be\/l2R8VVX2oC8?si=uM-hFm8h3BlLPNoz\u00a0\u00bb][\/vc_column][vc_column width=\u00a0\u00bb1\/3&Prime; css=\u00a0\u00bb.vc_custom_1720034916321{background-color: #e5e5e5 !important;}\u00a0\u00bb][vc_column_text css=\u00a0\u00bb\u00a0\u00bb]<\/p>\n<h4><strong>GAGNANTS ANCIENS:<\/strong><\/h4>\n<p>&nbsp;<\/p>\n<p><strong>2023\u00a0<\/strong><\/p>\n<p><a href=\"https:\/\/youtu.be\/jHBeCQrNNMo?si=dvwbDGCnf4iEMDal\">Lisa LaFlamme<\/a><\/p>\n<p>&nbsp;<\/p>\n<p><strong>2022<\/strong><\/p>\n<p><a href=\"https:\/\/youtu.be\/X4dYN0-_Pk8?si=w7dhn4V48tSCVV01\">Dr. David Suzuki<\/a><\/p>\n<p>&nbsp;<\/p>\n<p><strong>2021<\/strong><\/p>\n<p><a href=\"https:\/\/youtu.be\/m2I8ProScbU\">Andr\u00e9 Picard<\/a><\/p>\n<p><a href=\"https:\/\/youtu.be\/_Cr8ROGAjYs\">Dr. Sanjay Gupta<\/a><\/p>\n<p>&nbsp;<\/p>\n<p><strong>2020\u00a0<\/strong><\/p>\n<p><a href=\"https:\/\/youtu.be\/nRevbvItj4I\">Anna Maria Tremonti<\/a><\/p>\n<p>&nbsp;<\/p>\n<p><strong>2019\u00a0<\/strong><\/p>\n<p><a href=\"https:\/\/www.youtube.com\/watch?v=_wAz-apM2tQ\">Maria Ressa<\/a><\/p>\n<p>&nbsp;<\/p>\n<p><strong>2018\u00a0<\/strong><\/p>\n<p><a href=\"https:\/\/cjf-fjc.ca\/cjf-tribute\/#:~:text=%3E%20View%20the-,acceptance%20speech,-2017%3A%C2%A0\">Jodi Kantor<\/a><\/p>\n<p><a href=\"https:\/\/cjf-fjc.ca\/cjf-tribute\/#:~:text=%3E%20View%20the-,acceptance%20speech,-2017%3A%C2%A0\">Megan Twohey<\/a><\/p>\n<p>&nbsp;<\/p>\n<p><strong>2017\u00a0<\/strong><\/p>\n<p><a href=\"https:\/\/www.youtube.com\/watch?v=hZ04e1SEz7Q&amp;t=97s\">Jake Tapper<\/a><\/p>\n<p>&nbsp;<\/p>\n<p><strong>2016\u00a0<\/strong><\/p>\n<p><a href=\"https:\/\/www.youtube.com\/watch?v=mbHXc1b0WFM\">Tina Brown<\/a><\/p>\n<p><a href=\"https:\/\/youtu.be\/yxj1ZBFpTq8?list=PLoRrSOelNbQKz_cXQ5nG8kot1l-v2_0MK\">Sir Harold Evans<\/a><\/p>\n<p>&nbsp;<\/p>\n<p><strong>2015<\/strong><\/p>\n<p><a href=\"https:\/\/youtu.be\/yN5w9paaWvE\">Malcolm Gladwell<\/a><\/p>\n<p>&nbsp;<\/p>\n<p><strong>2014\u00a0<\/strong><\/p>\n<p>Adrienne Arsenault (<em>The National, CBC News<\/em>)<\/p>\n<p>Kevin Donovan and Robyn Doolittle (<em>Toronto Star<\/em>)<\/p>\n<p>Robert Fife (<em>CTV News<\/em>) \u201c<a href=\"http:\/\/www.cbc.ca\/news\/politics\/canadians-in-algerian-gas-plant-attack-identified-1.1325949\">Canadians in Algerian Gas Plant Attack Identified<\/a>\u201c<\/p>\n<p>Darcy Henton, (<em>Calgary Herald)<\/em> and Karen Kleiss (<em>Edmonton Journal)<\/em><\/p>\n<p>Jacquie McNish and Grant Robertson (<em>The Globe and Mail<\/em>) \u201c<a href=\"http:\/\/www.thestar.com\/news\/city_hall\/2013\/05\/16\/toronto_mayor_rob_ford_in_crack_cocaine_video_scandal.html\">Rob Ford in \u2018crack cocaine\u2019 video scandal<\/a>\u201c<\/p>\n<p>Anne Panasuk and Luc Tremblay (<em>Radio-Canada<\/em>) \u201c<a href=\"http:\/\/www.ctvnews.ca\/politics\/mike-duffy-made-secret-deal-with-harper-s-chief-of-staff-during-audit-1.1282015\">Mike Duffy Made Secret Deal with Harper\u2019s Chief Of Staff During Audit<\/a>\u201c et \u201c<a href=\"http:\/\/www.ctvnews.ca\/politics\/wright-worked-with-2-conservative-senators-to-reach-duffy-deal-emails-show-1.1428083\">Wright Worked with Two Conservative Senators to Reach Duffy Deal, Emails Show<\/a>\u201c<\/p>\n<p>&nbsp;<\/p>\n<p><strong>2013<\/strong><\/p>\n<p><em>The<\/em><a href=\"https:\/\/youtu.be\/kbVQo9cIXQ8\"><em> New York Times<\/em> (accept\u00e9 par <\/a><a href=\"https:\/\/youtu.be\/kbVQo9cIXQ8\">David Carr)<\/a><\/p>\n<p>&nbsp;<\/p>\n<p><strong>2012<\/strong><\/p>\n<p>Peter Jennings (prix posthume accept\u00e9 par Ted Koppel)<\/p>\n<p>&nbsp;<\/p>\n<p><strong>2011\u00a0<\/strong><\/p>\n<p>Robert MacNeil<\/p>\n<p>&nbsp;<\/p>\n<p><strong>2010\u00a0<\/strong><\/p>\n<p>Mike Lazaridis<\/p>\n<p>&nbsp;<\/p>\n<p><strong>2009<\/strong><\/p>\n<p>Morley Safer<\/p>\n<p>&nbsp;[\/vc_column_text][\/vc_column][\/vc_row][vc_row][vc_column]<div style=\"background-color:;height: 80px\" class=\"nicdark_section  \"><\/div>[\/vc_column][\/vc_row]<\/p>\n<\/div>","protected":false},"excerpt":{"rendered":"<p>[vc_row][vc_column width=\u00a0\u00bb2\/3&Prime;][vc_column_text]L&rsquo;ic\u00f4ne des m\u00e9dias Kara Swisher a re\u00e7u le Prix Hommage de la FJC, pr\u00e9sent\u00e9 par le journaliste \u00e9conomique et auteure prim\u00e9e Jacquie McNish, en reconnaissance de la carri\u00e8re journalistique [&hellip;]<\/p>\n","protected":false},"author":20,"featured_media":0,"parent":0,"menu_order":0,"comment_status":"closed","ping_status":"closed","template":"","meta":{"_acf_changed":false,"footnotes":""},"class_list":["post-22948","page","type-page","status-publish","hentry"],"acf":[],"_links":{"self":[{"href":"https:\/\/cjf-fjc.ca\/fr\/wp-json\/wp\/v2\/pages\/22948","targetHints":{"allow":["GET"]}}],"collection":[{"href":"https:\/\/cjf-fjc.ca\/fr\/wp-json\/wp\/v2\/pages"}],"about":[{"href":"https:\/\/cjf-fjc.ca\/fr\/wp-json\/wp\/v2\/types\/page"}],"author":[{"embeddable":true,"href":"https:\/\/cjf-fjc.ca\/fr\/wp-json\/wp\/v2\/users\/20"}],"replies":[{"embeddable":true,"href":"https:\/\/cjf-fjc.ca\/fr\/wp-json\/wp\/v2\/comments?post=22948"}],"version-history":[{"count":11,"href":"https:\/\/cjf-fjc.ca\/fr\/wp-json\/wp\/v2\/pages\/22948\/revisions"}],"predecessor-version":[{"id":23438,"href":"https:\/\/cjf-fjc.ca\/fr\/wp-json\/wp\/v2\/pages\/22948\/revisions\/23438"}],"wp:attachment":[{"href":"https:\/\/cjf-fjc.ca\/fr\/wp-json\/wp\/v2\/media?parent=22948"}],"curies":[{"name":"wp","href":"https:\/\/api.w.org\/{rel}","templated":true}]}}