{"id":22365,"date":"2024-01-23T16:47:23","date_gmt":"2024-01-23T21:47:23","guid":{"rendered":"https:\/\/cjf-fjc.ca\/?page_id=22365"},"modified":"2025-12-15T15:13:48","modified_gmt":"2025-12-15T20:13:48","slug":"le-prix-jackman","status":"publish","type":"page","link":"https:\/\/cjf-fjc.ca\/fr\/le-prix-jackman\/","title":{"rendered":"Le prix Jackman pour l&rsquo;excellence en journalisme"},"content":{"rendered":"<div class=\"wpb-content-wrapper\"><p>[vc_row][vc_column width=\u00a0\u00bb2\/3&Prime;][vc_column_text css=\u00a0\u00bb\u00a0\u00bb]Nomm\u00e9 en l&rsquo;honneur du fondateur de la FJC, le<strong> Dr Eric Jackman<\/strong>, ce prix d&rsquo;excellence annuel depuis 1996 honore les organismes de presse, grands et petits, qui adh\u00e8rent aux id\u00e9aux d&rsquo;excellence journalistique \u2013 rigueur, ind\u00e9pendance, responsabilit\u00e9, courage et originalit\u00e9 \u2013 ayant un impact positif au service de leurs communaut\u00e9s.<\/p>\n<p>Ce prix est d\u00e9cern\u00e9 \u00e0 une entreprise de presse canadienne dont le journalisme a g\u00e9n\u00e9r\u00e9 des changements profonds et positifs dans la communaut\u00e9 desservie. Il y a deux cat\u00e9gories de r\u00e9cipiendaires, les petites et grandes entreprises de presse.<\/p>\n<p><strong>La date limite pour les soumissions est le 23 janvier 2026<\/strong>.[\/vc_column_text][vc_btn title=\u00a0\u00bbSoumettez votre candidature\u00a0\u00bb size=\u00a0\u00bblg\u00a0\u00bb align=\u00a0\u00bbcenter\u00a0\u00bb css=\u00a0\u00bb\u00a0\u00bb button_block=\u00a0\u00bbtrue\u00a0\u00bb link=\u00a0\u00bburl:https%3A%2F%2Fcjf-fjc.ca%2Fexcellenceform%2F\u00a0\u00bb][\/vc_column][vc_column width=\u00a0\u00bb1\/3&Prime; css=\u00a0\u00bb.vc_custom_1719941021830{background-color: #e0e0e0 !important;}\u00a0\u00bb][vc_column_text css=\u00a0\u00bb\u00a0\u00bb]<\/p>\n<h4 class=\"p1\"><b>GAGNANTS ANCIENS:<\/b><\/h4>\n<h4><strong>2025<\/strong><\/h4>\n<p><strong>Global News<\/strong> (grands medias): <a href=\"https:\/\/www.youtube.com\/watch?v=ZNJjMfl3AaE\">The New Reality: The Business of Indigenous Kids in Care.<\/a><\/p>\n<p><strong>The Local<\/strong> (petits medias) :\u00a0 <a href=\"https:\/\/thelocal.to\/life-expectancy-varies-by-almost-12-years-across-toronto-neighbourhoods\/\">Divided City<\/a><\/p>\n<h4><strong>2024<\/strong><\/h4>\n<p><strong>The Winnipeg <em>Free Press<\/em> <\/strong>(grands media):\u00a0 <a href=\"https:\/\/www.winnipegfreepress.com\/story-tags\/the-inquest-files\">The Inquest Files<\/a>.<\/p>\n<p><strong>The Montreal <em>Gazette<\/em><\/strong> (petits medias): <a href=\"https:\/\/montrealgazette.com\/news\/local-news\/staff-haunted-by-suicide-at-the-lakeshore-hospital-er\">Staff haunted by suicide at the Lakeshore Hospital ER<\/a>;\u00a0<a href=\"https:\/\/montrealgazette.com\/news\/local-news\/whistleblowers-flagged-deaths-at-lakeshore-er-multiple-times\">Whistleblowers flagged deaths at Lakeshore ER multiple times<\/a> et <a href=\"https:\/\/montrealgazette.com\/news\/local-news\/premier-shielded-from-harsh-realities-of-lakeshore-er-sources-say\">Premier \u201cshielded\u201d from harsh realities of Lakeshore ER, sources say<\/a>.<\/p>\n<p><strong>2023<\/strong><\/p>\n<p><strong>The Globe and Mail<br \/>\n<\/strong>(grands m\u00e9dias) \u201c<a href=\"https:\/\/www.theglobeandmail.com\/canada\/article-hockey-canada-fund-sexual-assault-allegations\/\">How Hockey Canada used registration fees to build a fund to cover sexual-assault claims,<\/a>\u201d \u201c<a href=\"https:\/\/www.theglobeandmail.com\/canada\/article-court-filing-reveals-new-details-about-alleged-hockey-canada-group\/\">Court filing reveals new details about alleged Hockey Canada group sexual assault<\/a>\u201d, et \u201c<a href=\"https:\/\/www.theglobeandmail.com\/canada\/article-hockey-canada-fund-injuries-players\/\">Shut Out<\/a>,\u00a0\u00bb Robyn Doolittle, Investigative Reporter; Grant Robertson, Investigative Reporter<\/p>\n<p style=\"text-align: left;\"><strong>The Eastern Graphic<\/strong><\/p>\n<p>(petits m\u00e9dias) \u201c<a href=\"https:\/\/www.peicanada.com\/throughthecracks\/through-the-cracks\/collection_9f854ab2-9983-11ec-a446-afdf77efe70c.html\">Through the Cracks<\/a>,\u00a0\u00bb <span id=\"author-popup-8d0f13d2-ca64-11e3-a845-001a4bcf887a-asset-9f854ab2-9983-11ec-a446-afdf77efe70c\" class=\"tnt-byline asset-byline\" title=\"\" data-original-title=\"\" aria-describedby=\"popover185577\">Rachel Collier, Reporter; Paul MacNeill, Publisher<\/span><\/p>\n<p>&nbsp;<\/p>\n<p><strong>2022<\/strong><\/p>\n<p><strong>The Globe and Mail<\/strong><br \/>\n(grands m\u00e9dias) \u00ab\u00a0<a href=\"https:\/\/www.theglobeandmail.com\/world\/article-escaping-kabul-airport-afghanistan\/\">Escape from Afghanistan<\/a>,\u00a0\u00bb Mark Mackinnon, journalist and senior international correspondent<\/p>\n<p><b><i>IndigiNews<br \/>\n<\/i><\/b>(petits m\u00e9dias) \u00ab\u00a0<a href=\"https:\/\/indiginews.com\/vancouver-island\/birth-alerts\">B.C. ministry warned birth alerts \u2018illegal and unconstitutional\u2019 months before banning them<\/a>,\u00a0\u00bb Anna McKenzie, Initiative Reporter; Bayleigh Marelj, Initiative Reporter; Brielle Morgan, Initiative Reporter<\/p>\n<p>&nbsp;<\/p>\n<p><strong>2021<\/strong><br \/>\n<strong>The Globe and Mail<\/strong><br \/>\n(grands m\u00e9dias) \u00ab\u00a0<a href=\"https:\/\/www.theglobeandmail.com\/canada\/article-without-early-warning-you-cant-have-early-response-how-canadas\/\">Without early warning you can\u2019t have early response\u2019: How Canada\u2019s world-class pandemic alert system failed<\/a>,\u00a0\u00bb Grant Robertson, Investigative Reporter<\/p>\n<p><strong>The Narwhal\u00a0<\/strong><br \/>\n(petits m\u00e9dias) \u00ab\u00a0<a href=\"https:\/\/thenarwhal.ca\/site-c-dam-geotechnical-problems-bc-government-foi-docs\/\">Top B.C. government officials knew Site C dam was in serious trouble over a year ago: FOI docs<\/a>,\u00a0\u00bb Sarah Cox, Broadcaster, Author, Journalist<\/p>\n<p>&nbsp;<\/p>\n<p><strong>2020<\/strong><br \/>\n<strong>The Globe and Mail<\/strong><br \/>\n(grands m\u00e9dias) For breaking the story of the SNC-Lavalin affair and its follow-up coverage<\/p>\n<p><strong>The\u00a0London Free Press<\/strong><br \/>\n(petits m\u00e9dias) \u201c<a href=\"https:\/\/lfpress.com\/tag\/face-it\/\">Face It<\/a>\u201d projet<\/p>\n<p>&nbsp;<\/p>\n<p><strong>2019<\/strong><br \/>\n<strong>CBC News<\/strong><br \/>\n(grands m\u00e9dias) \u00ab\u00a0<a href=\"https:\/\/www.cbc.ca\/radio\/findingcleo\/click-here-to-listen-to-missing-murdered-finding-cleo-1.4557887\">Missing &amp; Murdered: Finding Cleo<\/a><em>\u00ab\u00a0<\/em><\/p>\n<p><strong>Saskatoon StarPhoenix and Regina Leader-Post<\/strong><br \/>\n(petits m\u00e9dias) For their joint coverage of the Humboldt Broncos<\/p>\n<p>&nbsp;<\/p>\n<p><strong>2018\u00a0<\/strong><br \/>\n<strong>The Globe and Mail<\/strong><br \/>\n(grands m\u00e9dias) \u201d<a href=\"https:\/\/www.theglobeandmail.com\/news\/investigations\/unfounded-37272-sexual-assault-cases-being-reviewed-402-unfounded-cases-reopened-so-far\/article37245525\/\">Unfounded<\/a>,\u201d Robyn Doolittle, investigative reporter<\/p>\n<p><strong>The Independent<\/strong><br \/>\n(petits m\u00e9dias) of Petrolia and Central Lambton, for stories revealing conflicts of interest by the chief administrative officer for the southwestern Ontario town of PetroliaHeather Wright, editor and publisher<\/p>\n<p>&nbsp;<\/p>\n<p><strong>2017<\/strong><\/p>\n<p><strong>The Canadian Press<\/strong><br \/>\n(grands m\u00e9dias) \u201d<a href=\"https:\/\/www.thecanadianpress.com\/\">Open Secret<\/a>,\u00a0\u00bb\u00a0series Andrea Baillie, managing editor; Kristy Kirkup, national affairs reporter; Heather Scoffield, Ottawa bureau chief; Sheryl Ubelacker, health reporter<\/p>\n<p><strong>The London Free Press<\/strong><br \/>\n(petits m\u00e9dias) \u201d<a href=\"https:\/\/lfpress.com\/\">Indiscernible<\/a>,\u201d Randy Richmond, reporter<\/p>\n<p>&nbsp;<\/p>\n<p><strong>2016<\/strong><br \/>\n<strong><a href=\"http:\/\/www.cbc.ca\/news\/indigenous\">CBC News<\/a><\/strong><br \/>\n(grands m\u00e9dias) Jennifer McGuire, general manager and editor-in-chief; Cecil Rosner, managing editor, CBC Manitoba<\/p>\n<p><strong><a href=\"https:\/\/www.telegraphjournal.com\/\">Telegraph-Journal\u00a0<\/a><\/strong>(Saint John, N.B.)<br \/>\n(petits m\u00e9dias) Adam Huras, provincial editor<\/p>\n<p>&nbsp;<\/p>\n<p><strong>2015<\/strong><br \/>\n<strong><a href=\"http:\/\/www.theglobeandmail.com\/\">The Globe and Mail<\/a><\/strong><br \/>\n(grands m\u00e9dias) David Walmsley, Editor-in-Chief; Ingrid Peritz, Correspondent, Montreal<\/p>\n<p><strong><a href=\"http:\/\/www.thecoast.ca\/\">The Coast<\/a><\/strong><br \/>\n(petits m\u00e9dias) Kyle Shaw, Publisher<\/p>\n<p>&nbsp;<\/p>\n<p><strong>2014<\/strong><br \/>\n<strong><a href=\"http:\/\/www.thestar.com\/\">Toronto Star<\/a><\/strong><br \/>\n(grands m\u00e9dias) Michael Cooke, Editor<\/p>\n<p><strong><a href=\"http:\/\/www.vancouverobserver.com\/\">Vancouver Observer<\/a><\/strong><br \/>\n(local media) Linda Solomon, Founder and Editor-in-Chief<\/p>\n<p>&nbsp;<\/p>\n<p><strong>2013<\/strong><br \/>\n<strong><a href=\"http:\/\/www.winnipegfreepress.com\/\">Winnipeg Free Press<\/a><\/strong><br \/>\n(grands m\u00e9dias) Paul Samyn, Editor<\/p>\n<p><strong><a href=\"http:\/\/thetyee.ca\/\">The Tyee<\/a><\/strong><br \/>\n(petits m\u00e9dias) Michelle Hoar, Director of Publishing and Advertising<\/p>\n<p>&nbsp;<\/p>\n<p><strong>2012<\/strong><br \/>\n<strong><a href=\"http:\/\/www.cbc.ca\/thecurrent\/\">The Current<\/a>\u00a0<\/strong>(CBC Radio)<br \/>\n(grands m\u00e9dias) Pam Bertrand, Executive Producer; Anna Maria Tremonti, Host<\/p>\n<p><strong><a href=\"http:\/\/www.vancouverobserver.com\/\">Vancouver Observer<\/a><\/strong><br \/>\n(petits m\u00e9dias) Linda Solomon, Founder and Editor-in-Chief<\/p>\n<p>&nbsp;<\/p>\n<p><strong>2011<\/strong><br \/>\n<strong><a href=\"http:\/\/www.thestar.com\/\">Toronto Star<\/a><\/strong><br \/>\n(grands m\u00e9dias) Michael Cooke, Editor-in-Chief<\/p>\n<p><strong><a href=\"http:\/\/www.cbc.ca\/manitoba\/\">CBC Manitoba<\/a><\/strong><br \/>\n(petits m\u00e9dias) Cecil Rosner, Managing Editor<\/p>\n<p>&nbsp;<\/p>\n<p><strong>2010<\/strong><br \/>\n<strong><a href=\"http:\/\/www.thestar.com\/\">Toronto Star<\/a><\/strong><br \/>\n(grands m\u00e9dias) Michael Cooke, Editor-in-Chief<\/p>\n<p><strong><a href=\"http:\/\/www.durhamregion.com\/\">Metroland Durham Region<\/a><\/strong><br \/>\n(petits m\u00e9dias) Joanne Burghardt, Editor-in-Chief<\/p>\n<p>&nbsp;<\/p>\n<p><strong>2009<\/strong><br \/>\n<strong><a href=\"http:\/\/www.winnipegfreepress.com\/\">Winnipeg Free Press<\/a><\/strong><br \/>\n(grands m\u00e9dias) Margo Goodhand, Editor-in-Chief<\/p>\n<p><strong><a href=\"http:\/\/thetyee.ca\/\">The Tyee<\/a><\/strong><br \/>\n(petits m\u00e9dias) David Beers, Editor-in-Chief<\/p>\n<p>&nbsp;<\/p>\n<p><strong>2008<\/strong><br \/>\n<strong><a href=\"http:\/\/www.thecanadianpress.com\/\">The Canadian Press<\/a><\/strong><br \/>\n(grands m\u00e9dias) Scott White, Editor-in-Chief<\/p>\n<p><strong><a href=\"http:\/\/www.thetelegram.com\/\">The Telegram<\/a><\/strong><br \/>\n(petits m\u00e9dias) Russell Wangersky, Editor-in-Chief<\/p>\n<p>&nbsp;<\/p>\n<p><strong>2007<\/strong><br \/>\n<strong><a href=\"http:\/\/www.thespec.com\/\">The Hamilton Spectator<\/a><\/strong><br \/>\n(grands m\u00e9dias) David Estok, Editor-in-Chief<\/p>\n<p><strong><a href=\"http:\/\/www.guelphmercury.com\/\">The Guelph Mercury<\/a><\/strong><br \/>\n(petits m\u00e9dias) Lynn Haddrall, Editor-in-Chief<\/p>\n<p>&nbsp;<\/p>\n<p><strong>2006<\/strong><br \/>\n<strong><a href=\"http:\/\/www.theglobeandmail.com\/\">The Globe and Mail<\/a><\/strong><br \/>\nEdward Greenspon, Editor-in-Chief<\/p>\n<p>&nbsp;<\/p>\n<p><strong>2005<\/strong><br \/>\n<strong><a href=\"http:\/\/www.thespec.com\/\">The Hamilton Spectator<\/a><\/strong><br \/>\nDana Robbins, Editor-in-Chief<\/p>\n<p>&nbsp;<\/p>\n<p><strong>2004<\/strong><br \/>\n<strong><a href=\"http:\/\/www.cbc.ca\/news\">CBC News<\/a><\/strong><br \/>\nTony Burman, Editor-in-Chief<\/p>\n<p>&nbsp;<\/p>\n<p><strong>2003<\/strong><br \/>\n<strong><a href=\"http:\/\/www.therecord.com\/\">The Record<\/a>\u00a0<\/strong>of Waterloo Region<br \/>\nLynn Haddrall, Editor-in-Chief<\/p>\n<p>&nbsp;<\/p>\n<p><strong>2002<\/strong><br \/>\n<strong><a href=\"http:\/\/www.ctvnews.ca\/\">CTV News<\/a><\/strong><br \/>\nKirk LaPointe, Senior Vice-President<\/p>\n<p>&nbsp;<\/p>\n<p><strong>2001<\/strong><br \/>\n<strong>CBC \u2013 Canada Now<\/strong> \u2013 Winnipeg<\/p>\n<p>Cecil Rosner, Executive Producer<\/p>\n<p>&nbsp;<\/p>\n<p><strong>2000<\/strong><br \/>\n<strong><a href=\"http:\/\/www.ottawacitizen.com\/index.html\">The Ottawa Citizen<\/a><\/strong><br \/>\nNeil Reynolds, Editor<\/p>\n<p>&nbsp;<\/p>\n<p><strong>1999<\/strong><br \/>\n<strong><a href=\"http:\/\/www.macleans.ca\/\">Maclean\u2019s Magazine<\/a><\/strong><br \/>\nBob Lewis, Editor-in-Chief<\/p>\n<p>&nbsp;<\/p>\n<p><strong>1998<\/strong><br \/>\n<strong><a href=\"http:\/\/www.thestar.com\/\">The Toronto Star<\/a><\/strong><br \/>\nJohn Honderich, Publisher<\/p>\n<p>&nbsp;<\/p>\n<p><strong>1997<\/strong><br \/>\n<strong>CBC Newfoundland and Labrador Television News and Current Affairs<\/strong><\/p>\n<p>Bob Wakeham, Area\/Executive Producer<\/p>\n<p>&nbsp;<\/p>\n<p><strong>1996<\/strong><br \/>\n<strong><a href=\"http:\/\/telegraphjournal.canadaeast.com\/\">The Telegraph-Journal<\/a>\u00a0<\/strong>and Evening Times-Globe\u00a0of Saint John, New Brunswick<br \/>\nNeil Reynolds, Editor[\/vc_column_text][\/vc_column][\/vc_row][vc_row][vc_column]<div style=\"background-color:;height: 100px\" class=\"nicdark_section  \"><\/div>[\/vc_column][\/vc_row]<\/p>\n<\/div>","protected":false},"excerpt":{"rendered":"<p>[vc_row][vc_column width=\u00a0\u00bb2\/3&Prime;][vc_column_text css=\u00a0\u00bb\u00a0\u00bb]Nomm\u00e9 en l&rsquo;honneur du fondateur de la FJC, le Dr Eric Jackman, ce prix d&rsquo;excellence annuel depuis 1996 honore les organismes de presse, grands et petits, qui adh\u00e8rent [&hellip;]<\/p>\n","protected":false},"author":16,"featured_media":0,"parent":0,"menu_order":0,"comment_status":"closed","ping_status":"closed","template":"","meta":{"_acf_changed":false,"footnotes":""},"class_list":["post-22365","page","type-page","status-publish","hentry"],"acf":[],"_links":{"self":[{"href":"https:\/\/cjf-fjc.ca\/fr\/wp-json\/wp\/v2\/pages\/22365","targetHints":{"allow":["GET"]}}],"collection":[{"href":"https:\/\/cjf-fjc.ca\/fr\/wp-json\/wp\/v2\/pages"}],"about":[{"href":"https:\/\/cjf-fjc.ca\/fr\/wp-json\/wp\/v2\/types\/page"}],"author":[{"embeddable":true,"href":"https:\/\/cjf-fjc.ca\/fr\/wp-json\/wp\/v2\/users\/16"}],"replies":[{"embeddable":true,"href":"https:\/\/cjf-fjc.ca\/fr\/wp-json\/wp\/v2\/comments?post=22365"}],"version-history":[{"count":23,"href":"https:\/\/cjf-fjc.ca\/fr\/wp-json\/wp\/v2\/pages\/22365\/revisions"}],"predecessor-version":[{"id":25595,"href":"https:\/\/cjf-fjc.ca\/fr\/wp-json\/wp\/v2\/pages\/22365\/revisions\/25595"}],"wp:attachment":[{"href":"https:\/\/cjf-fjc.ca\/fr\/wp-json\/wp\/v2\/media?parent=22365"}],"curies":[{"name":"wp","href":"https:\/\/api.w.org\/{rel}","templated":true}]}}