{"id":22349,"date":"2024-01-23T07:55:20","date_gmt":"2024-01-23T12:55:20","guid":{"rendered":"https:\/\/cjf-fjc.ca\/?page_id=22349"},"modified":"2025-12-15T14:44:26","modified_gmt":"2025-12-15T19:44:26","slug":"solutions-climatiques-fr","status":"publish","type":"page","link":"https:\/\/cjf-fjc.ca\/fr\/solutions-climatiques-fr\/","title":{"rendered":"Le prix de la FJC pour les reportages sur les solutions climatiques"},"content":{"rendered":"<div class=\"wpb-content-wrapper\"><p>[vc_row][vc_column width=\u00a0\u00bb2\/3&Prime;][vc_column_text css=\u00a0\u00bb\u00a0\u00bb]<\/p>\n<h1><strong>Le Prix FJC du reportage sur les solutions climatiques<\/strong><\/h1>\n<p>Le prix de la FJC pour les reportages sur les solutions climatiques c\u00e9l\u00e8bre le travail novateur des journalistes canadiens qui mettent en lumi\u00e8re les solutions adaptatives test\u00e9es et mises en \u0153uvre pour relever les d\u00e9fis environnementaux qui touchent le monde d\u2019aujourd\u2019hui et de demain. Le prix vise \u00e0 inspirer une couverture plus large et plus prescriptive de la crise climatique \u00e0 laquelle nous sommes tous confront\u00e9s en sensibilisant le public aux d\u00e9fis \u00e0 relever et au travail effectu\u00e9 pour ce faire.<\/p>\n<p><strong>Merci \u00e0 notre commanditaire Intact Financial Corporation.<\/strong><\/p>\n<p>Les juges prendront en consid\u00e9ration les crit\u00e8res suivants pour l\u2019attribution de ce prix :<\/p>\n<ul>\n<li>Comment ce travail met-il en \u00e9vidence les r\u00e9ponses et les solutions aux changements climatiques ? Fait-il passer le r\u00e9cit du probl\u00e8me existant \u00e0 des solutions qui permettent un changement positif ?<\/li>\n<li>La demande d\u00e9crit-elle les techniques de reportage cr\u00e9atives qui ont \u00e9t\u00e9 utilis\u00e9es pour expliquer des \u00e9l\u00e9ments compliqu\u00e9s en termes que peut comprendre un lecteur moyen ?<\/li>\n<li>Comment le travail d\u00e9montre-t-il le succ\u00e8s, la pertinence et \/ ou l\u2019importance de la solution climatique sp\u00e9cifique pr\u00e9sent\u00e9e ?<\/li>\n<li>Existe-t-il des preuves que la solution fonctionne ? De quelle mani\u00e8re ne fonctionne-t-elle pas ou pourrait-elle ne pas fonctionner ? Quels sont les param\u00e8tres utilis\u00e9s et pourquoi le sont-ils dans l\u2019\u00e9valuation de cette solution ?<\/li>\n<li>Quelles sont les donn\u00e9es qui \u00e9tayent le probl\u00e8me et la solution ?<\/li>\n<li>Les donn\u00e9es climatiques cit\u00e9es sont-elles exactes et y a-t-il suffisamment de preuves de v\u00e9rification ? L\u2019\u00e9tendue et la diversit\u00e9 des sources cit\u00e9es sont-elles suffisantes?\n<ul>\n<li>Les juges noteront qu\u2019un mauvais \u00e9quilibre peut \u00eatre l\u2019ennemi de la pr\u00e9cision et de la v\u00e9rit\u00e9 dans les rapports sur les changements climatiques. Tenter de trouver un \u00e9quilibre entre le consensus scientifique sur les changements climatiques et les points de vue des n\u00e9gationnistes du climat ou d\u2019autres personnes en d\u00e9saccord avec les conclusions scientifiques risquerait d\u2019induire en erreur le public qui consulte les actualit\u00e9s.<\/li>\n<\/ul>\n<\/li>\n<li>La recherche et les donn\u00e9es climatiques sont-elles pr\u00e9sent\u00e9es d\u2019une mani\u00e8re pertinente et facile \u00e0 comprendre pour le public ?<\/li>\n<li>Est-ce que le texte est bien \u00e9crit et respecte les principes du bon journalisme\u2009?<\/li>\n<\/ul>\n<p>&nbsp;<\/p>\n<p><strong>QUE COMPREND LE PRIX ?<\/strong><\/p>\n<p>Le prix est d\u2019une somme de 10&nbsp;000 $<\/p>\n<p><strong>ADMISSIBILIT\u00c9<\/strong><\/p>\n<p>Les changements climatiques regroupent de nombreux domaines. Ils repr\u00e9sentent une question mondiale, d\u2019une grande port\u00e9e, pouvant couvrir non seulement l\u2019environnement, mais aussi la science, la sant\u00e9, l\u2019\u00e9conomie, les entreprises, les politiques publiques, les migrations, la politique et les populations \u00e0 l\u2019\u00e9chelle locale, nationale et mondiale.<\/p>\n<p>Ce prix sera d\u00e9cern\u00e9 \u00e0 une ou un journaliste ou \u00e0 une \u00e9quipe de journalistes (employ\u00e9s \u00e0 plein temps ou ind\u00e9pendants) consid\u00e9r\u00e9s comme ayant le plus contribu\u00e9 \u00e0 mettre en lumi\u00e8re les changements climatiques et les solutions innovantes dans la presse \u00e9crite, la radiodiffusion ou les reportages en ligne au Canada en 2024.<\/p>\n<p>Les candidatures regroupant plus d\u2019un contributeur sont les bienvenues et seront jug\u00e9es comme une seule candidature. Les contributions peuvent \u00eatre soumises dans les formats suivants : article, chronique, article en ligne, \u00e9ditorial, article d\u2019opinion, \u00e9mission de radio, baladodiffusion, \u00e9mission de t\u00e9l\u00e9vision ou film documentaire.<\/p>\n<p>Nous encourageons fortement les candidatures de personnes noires, LGBT, handicap\u00e9es, membres d\u2019une minorit\u00e9 ethnique et les r\u00e9sidents d\u2019origine \u00e9trang\u00e8re.<\/p>\n<p>Pour toute question, pri\u00e8re de communiquer avec Natalie Turvey, pr\u00e9sidente directrice g\u00e9n\u00e9rale de la Fondation pour le journalisme canadien \u00e0&nbsp;<a href=\"mailto:info@cjf-fjc.ca\">info@cjf-fjc.ca<\/a>.<\/p>\n<p><strong>DATE LIMITE : 23 janvier 2026 \u00e0 23h59 HE.<\/strong>[\/vc_column_text][vc_btn title=\u00a0\u00bbSoumettez votre candidature\u00a0\u00bb size=\u00a0\u00bblg\u00a0\u00bb align=\u00a0\u00bbcenter\u00a0\u00bb css=\u00a0\u00bb\u00a0\u00bb button_block=\u00a0\u00bbtrue\u00a0\u00bb link=\u00a0\u00bburl:https%3A%2F%2Fcjf-fjc.ca%2Fclimateform%2F\u00a0\u00bb][vc_column_text css=\u00a0\u00bb\u00a0\u00bb]<b><strong>EN PARTINARIAT AVEC&nbsp;&nbsp;<\/strong><\/b><\/p>\n<p><b><strong><img loading=\"lazy\" decoding=\"async\" class=\"alignnone wp-image-15380 size-full\" src=\"https:\/\/cjf-fjc.ca\/wp-content\/uploads\/IntactFC_logo_150px.jpg\" alt=\"\" width=\"150\" height=\"72\"><\/strong><\/b><\/p>\n<p><b><strong>\u00e0&nbsp;propos Intact Financial Corporation<\/strong><\/b><\/p>\n<p>Intact Assurance est la plus importante soci\u00e9t\u00e9 d\u2019assurance automobile, habitation et entreprises au pays ainsi que le choix de plus de quatre millions de consommateurs. Notre pr\u00e9sence partout au pays et nos relations \u00e9troites avec les courtiers d\u2019assurance nous permettent d\u2019offrir \u00e0 nos assur\u00e9s le service exceptionnel, la s\u00e9curit\u00e9 et la constance auxquels ils s\u2019attendent. Intact Assurance est une soci\u00e9t\u00e9 membre d\u2019Intact Corporation financi\u00e8re (TSX : IFC), le plus important fournisseur d\u2019assurance de dommages au Canada et un chef de file de l\u2019assurance sp\u00e9cialis\u00e9e en Am\u00e9rique du Nord. . Pour en savoir plus sur Intact, veuillez visiter le&nbsp;<a href=\"https:\/\/www.intactfc.com\/French\/accueil\/default.aspx\">www.intactfc.com<\/a>.<\/p>\n<p>&nbsp;[\/vc_column_text][\/vc_column][vc_column width=\u00a0\u00bb1\/3&Prime; css=\u00a0\u00bb.vc_custom_1719350590061{background-color: #e2e2e2 !important;}\u00a0\u00bb][vc_column_text css=\u00a0\u00bb\u00a0\u00bb]<\/p>\n<h4><strong>GAGNANTS ANCIENS:<\/strong><\/h4>\n<p><strong>2025: Darius Snieckus<br \/>\n<\/strong><em>Canada\u2019s National Observer, <\/em><a href=\"https:\/\/www.nationalobserver.com\/special-reports\/big-green-build\">Big Green Build<\/a>.<\/p>\n<p><strong>2024<\/strong>:&nbsp;&nbsp;<strong>Tobie Lebel<br \/>\n<\/strong><i>D\u00e9couverte<\/i> , CBC\/Radio-Canada\u2019s team (<strong>Sylvie Mallard<\/strong>,&nbsp; <strong>Nicholas Chentrier<\/strong>,&nbsp;<strong>Fran\u00e7ois Genest<\/strong> et <strong>Fran\u00e7ois Dubuc<\/strong>), <a href=\"https:\/\/www.youtube.com\/watch?v=f4W429kgRjo\">Hydrog\u00e8ne : r\u00e9volution ou mirage?<\/a><\/p>\n<p><strong>2023<\/strong><\/p>\n<p>&#8211; <strong>Emma Gilchrist<\/strong>,&nbsp;<strong>Jimmy Thomson, Carol Linnitt, Shawn Parkinson, Arik Ligeti, Ashley Tam,&nbsp;<\/strong><strong>Stephanie Kwet\u00e1sel\u2019wet Wood<\/strong><strong>, Lindsay Sample, Taylor Roades <\/strong>et&nbsp;<strong>Jesse Winter.<\/strong><\/p>\n<p><em>The&nbsp;Narwhal<\/em><strong><em>, <\/em><\/strong><a href=\"https:\/\/thenarwhal.ca\/cop15-indigenous-led-conservation\/#:~:text=In%202021%2C%20it%20announced%20%24340,Indigenous%20Protected%20and%20Conserved%20Areass.\">How can Canada stop the biodiversity crisis? Step back and centre Indigenous Peoples.&nbsp;<\/a><\/p>\n<p>&nbsp;<\/p>\n<p><strong>2022<\/strong><\/p>\n<p>&#8211; <span class=\"xn-person\"><b>Ryan MacDonal<\/b><strong>d<\/strong><\/span><strong>, Kathryn Blaze Baum,<\/strong>&nbsp;<strong><span class=\"xn-person\">Jeffrey Jones<\/span><\/strong> et <strong><span class=\"xn-person\">Adam Radwanski<\/span><\/strong><\/p>\n<p><em>The&nbsp;<\/em><i>Globe and Mail, <\/i><a href=\"https:\/\/www.theglobeandmail.com\/business\/article-is-it-time-to-make-natural-capital-an-asset-class\/\">Is it time to make \u2018natural capital\u2019 an asset class?<\/a>, <a href=\"https:\/\/www.theglobeandmail.com\/business\/article-capturing-carbons-potential-five-companies-and-innovations-to-watch\/\">Capturing carbon\u2019s potential: Five companies and innovations to watch<\/a>, <a href=\"https:\/\/www.theglobeandmail.com\/business\/article-a-canadian-advantage-in-peril-why-the-next-federal-government-will\/\">A Canadian advantage in peril: Why the next federal government will need a plan to double our supply of clean electricity.<\/a><\/p>\n<p>&nbsp;<\/p>\n<p><strong>2021 <\/strong><\/p>\n<p>&#8211; <strong style=\"font-weight: bold;\">Laura Lynch<\/strong>, <strong style=\"font-weight: bold;\">Joan Melanson<\/strong>, <strong style=\"font-weight: bold;\">Manusha Janakiram<\/strong>, <strong style=\"font-weight: bold;\">Lisa Johnson<\/strong>, <strong style=\"font-weight: bold;\">Molly Segal<\/strong>, <strong style=\"font-weight: bold;\">Rachel Sanders<\/strong>, et <b><strong>Mathias Wolfsohn.&nbsp;<\/strong><\/b><\/p>\n<p><em>CBC Radio<\/em>, <a href=\"https:\/\/www.cbc.ca\/listen\/live-radio\/1-429-what-on-earth\">What on Earth<\/a><\/p>\n<p>&nbsp;<\/p>\n<p><strong>&gt;&gt; <a href=\"https:\/\/youtu.be\/4Fe_UjAMPKk?si=KZJdv3sx2dsqYS3a\">Regarder le discours d&rsquo;acceptation, <\/a>Laura Lynch.<\/strong>[\/vc_column_text][\/vc_column][\/vc_row][vc_row][vc_column][vc_empty_space height=\u00a0\u00bb80px\u00a0\u00bb][\/vc_column][\/vc_row]<\/p>\n<\/div>","protected":false},"excerpt":{"rendered":"<p>[vc_row][vc_column width=\u00a0\u00bb2\/3&Prime;][vc_column_text css=\u00a0\u00bb\u00a0\u00bb] Le Prix FJC du reportage sur les solutions climatiques Le prix de la FJC pour les reportages sur les solutions climatiques c\u00e9l\u00e8bre le travail novateur des journalistes [&hellip;]<\/p>\n","protected":false},"author":16,"featured_media":22351,"parent":0,"menu_order":0,"comment_status":"closed","ping_status":"closed","template":"","meta":{"_acf_changed":false,"footnotes":""},"class_list":["post-22349","page","type-page","status-publish","has-post-thumbnail","hentry"],"acf":[],"_links":{"self":[{"href":"https:\/\/cjf-fjc.ca\/fr\/wp-json\/wp\/v2\/pages\/22349","targetHints":{"allow":["GET"]}}],"collection":[{"href":"https:\/\/cjf-fjc.ca\/fr\/wp-json\/wp\/v2\/pages"}],"about":[{"href":"https:\/\/cjf-fjc.ca\/fr\/wp-json\/wp\/v2\/types\/page"}],"author":[{"embeddable":true,"href":"https:\/\/cjf-fjc.ca\/fr\/wp-json\/wp\/v2\/users\/16"}],"replies":[{"embeddable":true,"href":"https:\/\/cjf-fjc.ca\/fr\/wp-json\/wp\/v2\/comments?post=22349"}],"version-history":[{"count":22,"href":"https:\/\/cjf-fjc.ca\/fr\/wp-json\/wp\/v2\/pages\/22349\/revisions"}],"predecessor-version":[{"id":25584,"href":"https:\/\/cjf-fjc.ca\/fr\/wp-json\/wp\/v2\/pages\/22349\/revisions\/25584"}],"wp:featuredmedia":[{"embeddable":true,"href":"https:\/\/cjf-fjc.ca\/fr\/wp-json\/wp\/v2\/media\/22351"}],"wp:attachment":[{"href":"https:\/\/cjf-fjc.ca\/fr\/wp-json\/wp\/v2\/media?parent=22349"}],"curies":[{"name":"wp","href":"https:\/\/api.w.org\/{rel}","templated":true}]}}