{"id":19360,"date":"2022-04-22T11:11:24","date_gmt":"2022-04-22T15:11:24","guid":{"rendered":"https:\/\/cjf-fjc.ca\/the-landsberg-award\/"},"modified":"2025-12-22T13:52:08","modified_gmt":"2025-12-22T18:52:08","slug":"le-prix-landsberg","status":"publish","type":"page","link":"https:\/\/cjf-fjc.ca\/fr\/le-prix-landsberg\/","title":{"rendered":"Le prix Landsberg"},"content":{"rendered":"<div class=\"wpb-content-wrapper\"><p>[vc_row][vc_column width=\u00a0\u00bb2\/3&Prime;][vc_btn title=\u00a0\u00bbSoumettez votre candidature\u00a0\u00bb size=\u00a0\u00bblg\u00a0\u00bb align=\u00a0\u00bbcenter\u00a0\u00bb css=\u00a0\u00bb\u00a0\u00bb button_block=\u00a0\u00bbtrue\u00a0\u00bb link=\u00a0\u00bburl:https%3A%2F%2Fcjf-fjc.ca%2Flandsbergform%2F\u00a0\u00bb][vc_separator][vc_column_text css=\u00a0\u00bb\u00a0\u00bb]<strong>Le prix Landsberg<\/strong><\/p>\n<p><strong><img loading=\"lazy\" decoding=\"async\" class=\"alignleft wp-image-15402\" src=\"https:\/\/cjf-fjc.ca\/wp-content\/uploads\/MicheleLandsberg_4-300x200.jpg\" alt=\"\" width=\"218\" height=\"145\" srcset=\"https:\/\/cjf-fjc.ca\/wp-content\/uploads\/MicheleLandsberg_4-300x200.jpg 300w, https:\/\/cjf-fjc.ca\/wp-content\/uploads\/MicheleLandsberg_4-1024x681.jpg 1024w, https:\/\/cjf-fjc.ca\/wp-content\/uploads\/MicheleLandsberg_4-768x511.jpg 768w, https:\/\/cjf-fjc.ca\/wp-content\/uploads\/MicheleLandsberg_4.jpg 1440w\" sizes=\"auto, (max-width: 218px) 100vw, 218px\" \/><\/strong>Ce prix annuel rend hommage \u00e0 un ou une journaliste qui sensibilise ses lecteurs \u00e0 l\u2019\u00e9galit\u00e9 des genres et aux questions de justice sociale au Canada et qui vise \u00e0 susciter un accroissement de l\u2019int\u00e9r\u00eat pour les m\u00e9dias f\u00e9ministes et la voix des femmes au Canada.<\/p>\n<p>Le prix Landsberg r\u00e9compensera un journaliste (employ\u00e9 ou pigiste) dont la recherche, l&rsquo;analyse et les \u00e9crits exceptionnels permettront de voir les probl\u00e8mes d&rsquo;\u00e9galit\u00e9 chez les femmes au Canada sous une optique de genre. Les journalistes travaillant pour la presse \u00e9crite, radiophonique, t\u00e9l\u00e9vis\u00e9e et \u00e9lectronique sont admissibles.Le prix doit son nom \u00e0 Michele Landsberg, journaliste canadienne prim\u00e9e, auteure, activiste sociale et f\u00e9ministe, et permet de souligner l&rsquo;immense influence qu&rsquo;elle a eue en tant que porte-parole et mod\u00e8le d&rsquo;identification aupr\u00e8s de toutes les femmes au Canada. L&rsquo;ancienne chroniqueuse au Toronto Star a donn\u00e9 la parole \u00e0 plusieurs personnes qui n&rsquo;auraient jamais eu la chance de se faire entendre autrement.Le prix fait partie d&rsquo;une s\u00e9rie de nouvelles distinctions qui seront pr\u00e9sent\u00e9es lors de la c\u00e9r\u00e9monie annuelle de remise de prix de la FJC. Le r\u00e9cipiendaire sera choisi par un jury compos\u00e9 d&rsquo;hommes et de femmes travaillant actuellement dans le domaine des m\u00e9dias, et notamment de Landsberg.<\/p>\n<p><strong>D\u00c9FINITION DU PRIX<\/strong><br \/>\nCe prix r\u00e9compensera un journaliste (salari\u00e9 ou pigiste) faisant un travail de recherche exceptionnel et dont l&rsquo;analyse et l&rsquo;\u00e9criture se penchent sur les relations entre les sexes, et plus sp\u00e9cifiquement la question d&rsquo;\u00e9galit\u00e9 des femmes au Canada.<\/p>\n<p><strong>D\u00c9TAILS DU PRIX<\/strong><br \/>\nLe prix sera accompagn\u00e9 d&rsquo;une r\u00e9compense de 5 000 $ offerte par la Fondation canadienne des femmes.<\/p>\n<p><strong>ADMISSIBILIT\u00c9<\/strong><br \/>\nLe prix est remis au journaliste (salari\u00e9 ou pigiste) ayant effectu\u00e9 le travail le plus important en 2021&nbsp;se vouant \u00e0 aider la cause d&rsquo;\u00e9galit\u00e9 des femmes au Canada, que ce soit dans la presse \u00e9crite, sur Internet ou les m\u00e9dias de diffusion. Les dossiers de plus d&rsquo;un contributeur sont les bienvenus et seront jug\u00e9es comme une seule soumission. Les soumissions peuvent prendre les formes suivantes: un article, une chronique, un reportage en ligne, un \u00e9ditorial, un op-ed, un programme de radio ou de t\u00e9l\u00e9vision, un balado ou encore un documentaire.<\/p>\n<p><strong>Proc\u00e9dure de candidature<\/strong><br \/>\nVous pouvez soumettre&nbsp;<strong>un \u00e0 trois exemples<\/strong>&nbsp;(en anglais ou en fran\u00e7ais) de textes originaux qui d\u00e9montrent votre recherche, votre analyse et vos \u00e9crits exceptionnels qui permettent de mettre en lumi\u00e8re les questions d&rsquo;\u00e9galit\u00e9 chez les femmes au Canada et de les voir sous une optique de genre. Les soumissions sont les bienvenus dans les formats suivants : l&rsquo;article , la colonne , pi\u00e8ce en ligne , \u00e9ditorial, op-ed , programme de radio, podcast, \u00e9mission de t\u00e9l\u00e9vision ou un film documentaire .<\/p>\n<p>La courte liste sera publi\u00e9e en avril et la personne gagnante sera annonc\u00e9e lors de la c\u00e9r\u00e9monie&nbsp;des prix de la FJC le juin prochain.<\/p>\n<p>Les candidats doivent r\u00e9pondre aux questions suivantes (maximum 100 mots pour chaque r\u00e9ponse )1.&nbsp; De quelle fa\u00e7on une analyse de genre et un cadre f\u00e9ministe peuvent-ils \u00e9tayer votre travail?<\/p>\n<p>2.&nbsp; Quelles r\u00e9percussions ont eu vos articles?<\/p>\n<p>3.&nbsp; Quelle incidence \u00e0 long terme souhaitez-vous avoir avec vos \u00e9crits quant \u00e0 la sensibilisation aux probl\u00e8mes auxquels font face les femmes et les filles au Canada?<\/p>\n<p>Le jury \u00e9valuera les soumissions de cette fa\u00e7on:<\/p>\n<p>1. Le reportage en question est clairement inform\u00e9 et soutenu par une analyse de genre et un cadre f\u00e9ministe. (40%)<br \/>\n2. Le reportage en question a eu un impact positif quant aux d\u00e9fis rencontr\u00e9s par les femmes et les filles du Canada. Cela pourrait inclure la sensibilisation du public, un changement de politiques, l&rsquo;ajout d&rsquo;une nouvelle perspective \u00e0 un sujet bien connu ou un apport de visibilit\u00e9 \u00e0 un probl\u00e8me jusqu&rsquo;alors inconnu. (30%)<\/p>\n<p>3. Le reportage en question devrait avoir un impact \u00e0 long terme sur la sensibilisation de la population quant aux enjeux rencontr\u00e9s par les femmes et les filles au Canada. (30%)<\/p>\n<p><strong>M\u00e9thodologie d&rsquo;\u00e9valuation<\/strong><br \/>\nLe jury est compos\u00e9 de quatre \u00e0 huit jur\u00e9s qui examinent toutes les candidatures soumises par l&rsquo;entremise d&rsquo;un portail en ligne, classent les candidatures et assistent ensuite \u00e0 une r\u00e9union en personne ou participent par t\u00e9l\u00e9conf\u00e9rence avec leur classement pour s&rsquo;entendre sur la laur\u00e9ate ou le laur\u00e9at &#8211; et les finalistes, s&rsquo;il y a lieu &#8211; du prix. Le nom de la laur\u00e9ate ou du laur\u00e9at (et des finalistes) est annonc\u00e9 en avril ou en mai.<\/p>\n<p><strong>Membres du jury<\/strong><\/p>\n<p>D\u00e9tails bient\u00f4t disponibles.<\/p>\n<p>&nbsp;<\/p>\n<p><strong>Twitter : <a href=\"https:\/\/twitter.com\/search?q=%23LandsbergAward&amp;src=hash\"><span style=\"color: #7f0308;\">#landsbergaward<\/span><\/a><\/strong>[\/vc_column_text][vc_btn title=\u00a0\u00bbSoumettez votre candidature\u00a0\u00bb size=\u00a0\u00bblg\u00a0\u00bb align=\u00a0\u00bbcenter\u00a0\u00bb css=\u00a0\u00bb\u00a0\u00bb button_block=\u00a0\u00bbtrue\u00a0\u00bb link=\u00a0\u00bburl:https%3A%2F%2Fcjf-fjc.ca%2Flandsbergform%2F\u00a0\u00bb][\/vc_column][vc_column width=\u00a0\u00bb1\/3&Prime; css=\u00a0\u00bb.vc_custom_1723233064146{background-color: #dddddd !important;}\u00a0\u00bb][vc_column_text css=\u00a0\u00bb\u00a0\u00bb]<strong>PAST WINNERS<\/strong><\/p>\n<p><strong>2025<\/strong><\/p>\n<p><b><span class=\"xn-person\">Jana Pruden&nbsp;<\/span><\/b><span class=\"xn-person\">et <strong>Kasia Mychajlowycz<\/strong><\/span><\/p>\n<p><em><span class=\"xn-person\">The Globe and Mail<\/span><\/em><\/p>\n<p><strong>2024&nbsp;<\/strong><\/p>\n<p><strong>Lindsay Jones<\/strong><\/p>\n<p><strong>2023<\/strong><\/p>\n<p><b><span class=\"xn-person\">Molly Hayes<\/span><\/b>,&nbsp;<b><span class=\"xn-person\">Tavia Grant<\/span>&nbsp;and&nbsp;<span class=\"xn-person\">Elizabeth Renzetti<\/span><\/b><\/p>\n<p><em><span class=\"xn-person\">The Globe and Mail<\/span><\/em><\/p>\n<p>&nbsp;<\/p>\n<p><strong>2022<\/strong><\/p>\n<p><strong>Christina Frangou<\/strong><\/p>\n<p>Independant Journalist, <i><u><a href=\"https:\/\/c212.net\/c\/link\/?t=0&amp;l=en&amp;o=3560018-1&amp;h=821596728&amp;u=https%3A%2F%2Fwww.chatelaine.com%2Fliving%2Fhelen-naslund%2F&amp;a=Chatelaine\" target=\"_blank\" rel=\"nofollow noopener\">Chatelaine<\/a><\/u><\/i>,&nbsp;<i><u><a href=\"https:\/\/c212.net\/c\/link\/?t=0&amp;l=en&amp;o=3560018-1&amp;h=3637215816&amp;u=https%3A%2F%2Ftorontolife.com%2Fcity%2Firene-cybulsky-surgeon-fired-for-being-female-hamilton-general-hospital%2F&amp;a=Toronto+Life\" target=\"_blank\" rel=\"nofollow noopener\">Toronto Life<\/a> <\/u><\/i>et&nbsp;<i><u><a href=\"https:\/\/c212.net\/c\/link\/?t=0&amp;l=en&amp;o=3560018-1&amp;h=2748271723&amp;u=https%3A%2F%2Fwww.besthealthmag.ca%2Farticle%2Fwomens-health-collective-canada%2F&amp;a=Reader%27s+Digest\" target=\"_blank\" rel=\"nofollow noopener\">Reader\u2019s Digest.&nbsp;<\/a><\/u><\/i><\/p>\n<p>&nbsp;<\/p>\n<p><b>2021<\/b><\/p>\n<p><strong>Alyshah Hasham and Wendy Gillis<\/strong><\/p>\n<p><em>The Toronto Star<\/em><\/p>\n<p>&nbsp;<\/p>\n<p><strong>2020<\/strong><\/p>\n<p><strong>Elizabeth Renzetti<\/strong><\/p>\n<p><em>The Globe and Mail<\/em><\/p>\n<p>&nbsp;<\/p>\n<p><strong>2019<\/strong><\/p>\n<p><strong>Connie Walker<\/strong><\/p>\n<p><em>CBC News<\/em> Podcast, <a href=\"https:\/\/www.cbc.ca\/radio\/findingcleo\">Missing &amp; Murdered: Finding Cleo<\/a><\/p>\n<p>&nbsp;<\/p>\n<p><strong>2018&nbsp;<\/strong><\/p>\n<p><strong>Robyn Doolittle<\/strong><\/p>\n<p><em>The Globe and Mail, \u00ab\u00a0<\/em><a href=\"https:\/\/www.theglobeandmail.com\/news\/investigations\/unfounded-sexual-assault-canada-main\/article33891309\/\">Unfounded\u00a0\u00bb<\/a><\/p>\n<p>&nbsp;<\/p>\n<p><strong>2017<\/strong><\/p>\n<p><strong>Tavia Grant<\/strong><\/p>\n<p><em>The <\/em><em>Globe and Mail,<\/em>\u00ab\u00a0<a href=\"http:\/\/www.theglobeandmail.com\/news\/national\/the-trafficked-sexual-exploitation-is-costing-canadian-women-their-lives\/article28700849\/\" target=\"_blank\" rel=\"nofollow noopener\">Missing and Murdered: The Trafficked<\/a>\u00ab\u00a0, \u00ab\u00a0<a href=\"http:\/\/www.theglobeandmail.com\/news\/national\/ahead-of-missing-and-murdered-inquiry-inuit-seek-to-have-voices-heard\/article29829954\/\" target=\"_blank\" rel=\"nofollow noopener\">Ahead of missing and murdered inquiry, Inuit seek to have voices heard<\/a>\u00ab\u00a0, \u00ab\u00a0<a href=\"http:\/\/www.theglobeandmail.com\/news\/national\/women-still-earning-less-money-than-men-despite-gains-in-education-study\/article29044130\/\" target=\"_blank\" rel=\"nofollow noopener\">Women still earning less money than men despite gains in education: study.\u00a0\u00bb<\/a><\/p>\n<p><strong>&gt;&gt; Lire <a href=\"https:\/\/www.newswire.ca\/news-releases\/globe-and-mail-reporter-wins-2017-landsberg-award-619833403.html\">Cision&nbsp;<\/a><\/strong><\/p>\n<p>&nbsp;<\/p>\n<p><strong>2016<\/strong><\/p>\n<p><strong>Catherine Porter <\/strong><\/p>\n<p>Radio-Canada <em>Enqu\u00eate, <\/em>\u00ab\u00a0<a href=\"http:\/\/www.thestar.com\/news\/world\/2015\/04\/13\/college-of-physicians-slow-to-censure-silent-bystanders-porter.html\" target=\"_blank\" rel=\"nofollow noopener\">College of Physicians slow to censure silent bystanders<\/a>\u00ab\u00a0, \u00ab\u00a0<a href=\"https:\/\/www.thestar.com\/news\/canada\/slayings-of-three-women-sign-of-broken-system-porter\/article_d3244c20-ea6e-5564-9e02-03479f6f44f4.html\">Slayings of three women sign of broken system<\/a>\u00a0\u00bb ,\u00a0\u00bb<a href=\"http:\/\/www.thestar.com\/news\/federal-election\/2015\/10\/08\/niqab-debate-is-about-immigration-not-womens-equality-porter.html\" target=\"_blank\" rel=\"nofollow noopener\">Niqab debate is about immigration, not women&rsquo;s equality<\/a>.\u00a0\u00bb<\/p>\n<p><strong>&gt;&gt; Lire <a href=\"https:\/\/www.newswire.ca\/news-releases\/landsberg-award-announces-two-winners-576723381.html\">Cision<\/a><\/strong><\/p>\n<p>&nbsp;<\/p>\n<p><strong>2015<\/strong><\/p>\n<p><strong>Heather Mallick<\/strong><\/p>\n<p><em>The Toronto Star, <\/em>\u00ab\u00a0<a href=\"https:\/\/www.thestar.com\/projects\/prostitution-lessons-from-europes-streets\/article_7da009a7-5e18-5285-b825-da24f54287f5.html\">Prostitution: lessons from&nbsp;<span class=\"xn-location\">Europe&rsquo;s<\/span> streets<\/a>\u00a0\u00bb ,&nbsp;\u00ab\u00a0<a href=\"http:\/\/www.thestar.com\/news\/insight\/2014\/06\/02\/its_11_am_at_the_biggest_brothel_in_europe.html\" target=\"_blank\" rel=\"nofollow noopener\">It&rsquo;s&nbsp;<span class=\"xn-chron\">11 a.m.<\/span>&nbsp;at the biggest brothel in&nbsp;<span class=\"xn-location\">Europe<\/span><\/a>\u00a0\u00bb ,\u00a0\u00bb<a href=\"http:\/\/www.thestar.com\/news\/insight\/2014\/06\/02\/the_view_from_inside_the_amsterdam_sex_window.html\" target=\"_blank\" rel=\"nofollow noopener\">The view from inside the&nbsp;<span class=\"xn-location\">Amsterdam<\/span>&nbsp;sex window<\/a>.\u00a0\u00bb<\/p>\n<p><strong>&gt;&gt; Lire <a href=\"https:\/\/www.newswire.ca\/news-releases\/toronto-stars-heather-mallick-named-winner-of-the-landsberg-award-517487761.html\">Cision<\/a><\/strong><\/p>\n<p>&nbsp;<\/p>\n<p><strong>2014<\/strong><\/p>\n<p><strong>Janet McFarland<\/strong><\/p>\n<p><em>The Globe and Mail<\/em><\/p>\n<p><strong>&gt;&gt; Lire <a href=\"https:\/\/www.newswire.ca\/news-releases\/janet-mcfarland-named-landsberg-award-winner-514286211.html\">Cision<\/a><\/strong><\/p>\n<p>&nbsp;[\/vc_column_text][\/vc_column][\/vc_row][vc_row][vc_column][vc_column_text css=\u00a0\u00bb\u00a0\u00bb]<\/p>\n<h3>\u00c0 propos de la Fondation canadienne des femmes<\/h3>\n<p>La Fondation canadienne des femmes est la fondation publique du Canada en faveur de l\u2019\u00e9galit\u00e9 et de la justice entre les genres. Pour ce faire, elle soutient l\u2019action f\u00e9ministe communautaire en \u00e9tablissant avec des communaut\u00e9s et des organisations des partenariats pour am\u00e9liorer les conditions, en favorisant la diversit\u00e9 dans les postes de haute direction et en am\u00e9liorant les connaissances pour susciter des changements durables.<\/p>\n<p>Depuis 1991, ses partenaires et&nbsp;donateur\u2219rice\u2219s&nbsp;ont fait don de plus de 260 millions de dollars \u00e0 la Fondation pour financer plus de 3&nbsp;300 programmes qui transforment des vies partout au pays.&nbsp;Pour&nbsp;en&nbsp;savoir plus,&nbsp;voir&nbsp;femmescanadiennes.org[\/vc_column_text][\/vc_column][\/vc_row]<\/p>\n<\/div>","protected":false},"excerpt":{"rendered":"<p>[vc_row][vc_column width=\u00a0\u00bb2\/3&Prime;][vc_btn title=\u00a0\u00bbSoumettez votre candidature\u00a0\u00bb size=\u00a0\u00bblg\u00a0\u00bb align=\u00a0\u00bbcenter\u00a0\u00bb css=\u00a0\u00bb\u00a0\u00bb button_block=\u00a0\u00bbtrue\u00a0\u00bb link=\u00a0\u00bburl:https%3A%2F%2Fcjf-fjc.ca%2Flandsbergform%2F\u00a0\u00bb][vc_separator][vc_column_text css=\u00a0\u00bb\u00a0\u00bb]Le prix Landsberg Ce prix annuel rend hommage \u00e0 un ou une journaliste qui sensibilise ses lecteurs \u00e0 l\u2019\u00e9galit\u00e9 des [&hellip;]<\/p>\n","protected":false},"author":1,"featured_media":22681,"parent":0,"menu_order":0,"comment_status":"closed","ping_status":"closed","template":"","meta":{"_acf_changed":false,"footnotes":""},"class_list":["post-19360","page","type-page","status-publish","has-post-thumbnail","hentry"],"acf":[],"_links":{"self":[{"href":"https:\/\/cjf-fjc.ca\/fr\/wp-json\/wp\/v2\/pages\/19360","targetHints":{"allow":["GET"]}}],"collection":[{"href":"https:\/\/cjf-fjc.ca\/fr\/wp-json\/wp\/v2\/pages"}],"about":[{"href":"https:\/\/cjf-fjc.ca\/fr\/wp-json\/wp\/v2\/types\/page"}],"author":[{"embeddable":true,"href":"https:\/\/cjf-fjc.ca\/fr\/wp-json\/wp\/v2\/users\/1"}],"replies":[{"embeddable":true,"href":"https:\/\/cjf-fjc.ca\/fr\/wp-json\/wp\/v2\/comments?post=19360"}],"version-history":[{"count":23,"href":"https:\/\/cjf-fjc.ca\/fr\/wp-json\/wp\/v2\/pages\/19360\/revisions"}],"predecessor-version":[{"id":25648,"href":"https:\/\/cjf-fjc.ca\/fr\/wp-json\/wp\/v2\/pages\/19360\/revisions\/25648"}],"wp:featuredmedia":[{"embeddable":true,"href":"https:\/\/cjf-fjc.ca\/fr\/wp-json\/wp\/v2\/media\/22681"}],"wp:attachment":[{"href":"https:\/\/cjf-fjc.ca\/fr\/wp-json\/wp\/v2\/media?parent=19360"}],"curies":[{"name":"wp","href":"https:\/\/api.w.org\/{rel}","templated":true}]}}