{"id":19353,"date":"2022-05-13T14:20:02","date_gmt":"2022-05-13T18:20:02","guid":{"rendered":"https:\/\/cjf-fjc.ca\/newswise\/"},"modified":"2022-05-13T14:59:03","modified_gmt":"2022-05-13T18:59:03","slug":"actufute","status":"publish","type":"page","link":"https:\/\/cjf-fjc.ca\/fr\/actufute\/","title":{"rendered":"Actufut\u00e9"},"content":{"rendered":"<div class=\"wpb-content-wrapper\"><p>[vc_row][vc_column][vc_single_image image=\u00a0\u00bb19040&Prime; img_size=\u00a0\u00bbfull\u00a0\u00bb alignment=\u00a0\u00bbcenter\u00a0\u00bb][\/vc_column][\/vc_row][vc_row][vc_column][vc_column_text]<a href=\"https:\/\/doutez.ca\/\"><span style=\"color: #7f0308;\">Vous doutez? V\u00e9rifiez. Remettez en question.<\/span><\/a><br \/>\n<span style=\"color: #7f0308;\"><a style=\"color: #7f0308;\" href=\"https:\/\/www.newswire.ca\/fr\/news-releases\/la-fondation-pour-le-journalisme-canadien-outille-les-canadiens-pour-contrer-la-desinformation-858919854.html\">Communiqu\u00e9 de presse<\/a><\/span><br \/>\nLisez\u00a0<span style=\"color: #7f0308;\"><a style=\"color: #7f0308;\" href=\"https:\/\/cjf-fjc.ca\/sites\/default\/files\/CJF%20News%20Consumption%20Survey.pdf\">le Sondage de la FJC sur la consultation des m\u00e9dias<\/a><\/span><\/p>\n<p><strong>Google News Initiative s&rsquo;associe \u00e0 la FJC pour lutter contre les fausses nouvelles<\/strong><br \/>\n<em>Natalie Turvey est pr\u00e9sidente et directrice g\u00e9n\u00e9rale de la Fondation pour le journalisme canadien.<\/em><\/p>\n<p>Quel sera le r\u00f4le des fausses nouvelles dans notre d\u00e9mocratie ? Alors m\u00eame que nous c\u00e9l\u00e9brons la Journ\u00e9e mondiale de l&rsquo;information et que nous reconnaissons le r\u00f4le important que joue le journalisme dans notre vie, cette question p\u00e8se dans l&rsquo;esprit des Canadiens et des Canadiennes \u00e0 l&rsquo;approche des \u00e9lections qui auront lieu en automne prochain.<\/p>\n<p>Selon un nouveau sondage command\u00e9 par la Fondation pour le journalisme canadien (recherche men\u00e9e par Earnscliffe Strategy Group), 40 % des Canadiens disent avoir de la difficult\u00e9 \u00e0 distinguer la v\u00e9rit\u00e9 de la d\u00e9sinformation dans les nouvelles. Il montre \u00e9galement que plus de la moiti\u00e9 des r\u00e9pondants (53 %) ont r\u00e9cemment identifi\u00e9 des articles dans lesquels des faits avaient \u00e9t\u00e9 d\u00e9form\u00e9s pour faire avancer un programme.<\/p>\n<p>Dans le but de r\u00e9pondre aux pr\u00e9occupations concernant la capacit\u00e9 des Canadiens de trouver en ligne de l&rsquo;information faisant autorit\u00e9, Google News Initiative a annonc\u00e9 aujourd&rsquo;hui l&rsquo;octroi d&rsquo;une subvention d&rsquo;un million de dollars \u00e0 la Fondation pour le journalisme canadien afin de mettre en place un site intitul\u00e9 Actufut\u00e9 \u00e0 l\u2019intention des Canadiens en \u00e2ge de voter. L&rsquo;objectif est simple : aider tous les Canadiens \u00e0 comprendre la diff\u00e9rence entre le journalisme factuel et les fausses nouvelles dans le monde num\u00e9rique.<\/p>\n<p>Le projet aidera les \u00e9diteurs canadiens \u00e0 renseigner leurs auditoires sur la fa\u00e7on de comprendre et de naviguer dans un environnement d&rsquo;information de plus en plus complexe. \u00c9labor\u00e9 en collaboration avec des experts et des \u00e9ducateurs, Actufut\u00e9 offrira un contexte journalistique pouvant aider les citoyens canadiens \u00e0 \u00e9valuer la fiabilit\u00e9 de l&rsquo;information qu&rsquo;ils utilisent.<\/p>\n<p>Actufut\u00e9 s&rsquo;appuie sur le succ\u00e8s de son programme d&rsquo;initiation \u00e0 l&rsquo;actualit\u00e9, lanc\u00e9 l&rsquo;an dernier par la FJC et CIVIX (l&rsquo;\u00e9quipe derri\u00e8re Vote \u00e9tudiant). Actufut\u00e9 rejoint d\u00e9j\u00e0 les \u00e9l\u00e8ves de 98 conseils scolaires canadiens.<br \/>\nL&rsquo;engagement de Google et de la FJC envers le journalisme factuel arrive \u00e0 un moment crucial pour le Canada. Lorsqu&rsquo;on leur a demand\u00e9 si cette confusion am\u00e8ne les gens \u00e0 ne pas savoir \u00e0 qui faire confiance, 85 % des r\u00e9pondants se disent tout \u00e0 fait d&rsquo;accord ou d&rsquo;accord, comparativement \u00e0 56 % en 2018. Lorsqu&rsquo;on les informe que le Canadien moyen ne sait pas distinguer le bon journalisme des rumeurs et des mensonges, 74 % sont tout \u00e0 fait d&rsquo;accord ou d&rsquo;accord, comparativement \u00e0 63 % l&rsquo;an dernier.\u00a0\u00a0\u00a0L&rsquo;enjeu est de taille. Comprendre ce qui est r\u00e9el et ce qui ne l&rsquo;est pas en ce qui concerne l&rsquo;information que nous consommons est essentiel au bon fonctionnement d&rsquo;une d\u00e9mocratie. Actufut\u00e9 fournit aux Canadiens les outils n\u00e9cessaires pour \u00eatre des citoyens engag\u00e9s et inform\u00e9s \u00e0 l&rsquo;\u00e8re num\u00e9rique.<\/p>\n<p><span style=\"color: #7f0308;\"><a style=\"color: #7f0308;\" href=\"https:\/\/www.newswire.ca\/fr\/news-releases\/la-google-news-initiative-verse-un-million-de-dollars-a-la-fondation-pour-le-journalisme-canadien-pour-lutter-contre-les-fausses-nouvelles-847118915.html\">Communiqu\u00e9 de presse<\/a><\/span><\/p>\n<p>[\/vc_column_text][\/vc_column][\/vc_row]<\/p>\n<\/div>","protected":false},"excerpt":{"rendered":"<p>[vc_row][vc_column][vc_single_image image=\u00a0\u00bb19040&Prime; img_size=\u00a0\u00bbfull\u00a0\u00bb alignment=\u00a0\u00bbcenter\u00a0\u00bb][\/vc_column][\/vc_row][vc_row][vc_column][vc_column_text]Vous doutez? V\u00e9rifiez. Remettez en question. Communiqu\u00e9 de presse Lisez\u00a0le Sondage de la FJC sur la consultation des m\u00e9dias Google News Initiative s&rsquo;associe \u00e0 la FJC pour [&hellip;]<\/p>\n","protected":false},"author":9,"featured_media":0,"parent":0,"menu_order":0,"comment_status":"closed","ping_status":"closed","template":"","meta":{"_acf_changed":false,"footnotes":""},"class_list":["post-19353","page","type-page","status-publish","hentry"],"acf":[],"_links":{"self":[{"href":"https:\/\/cjf-fjc.ca\/fr\/wp-json\/wp\/v2\/pages\/19353","targetHints":{"allow":["GET"]}}],"collection":[{"href":"https:\/\/cjf-fjc.ca\/fr\/wp-json\/wp\/v2\/pages"}],"about":[{"href":"https:\/\/cjf-fjc.ca\/fr\/wp-json\/wp\/v2\/types\/page"}],"author":[{"embeddable":true,"href":"https:\/\/cjf-fjc.ca\/fr\/wp-json\/wp\/v2\/users\/9"}],"replies":[{"embeddable":true,"href":"https:\/\/cjf-fjc.ca\/fr\/wp-json\/wp\/v2\/comments?post=19353"}],"version-history":[{"count":4,"href":"https:\/\/cjf-fjc.ca\/fr\/wp-json\/wp\/v2\/pages\/19353\/revisions"}],"predecessor-version":[{"id":19359,"href":"https:\/\/cjf-fjc.ca\/fr\/wp-json\/wp\/v2\/pages\/19353\/revisions\/19359"}],"wp:attachment":[{"href":"https:\/\/cjf-fjc.ca\/fr\/wp-json\/wp\/v2\/media?parent=19353"}],"curies":[{"name":"wp","href":"https:\/\/api.w.org\/{rel}","templated":true}]}}