{"id":19340,"date":"2022-02-02T11:42:04","date_gmt":"2022-02-02T16:42:04","guid":{"rendered":"https:\/\/cjf-fjc.ca\/about\/"},"modified":"2022-06-02T13:58:49","modified_gmt":"2022-06-02T17:58:49","slug":"a-propos","status":"publish","type":"page","link":"https:\/\/cjf-fjc.ca\/fr\/a-propos\/","title":{"rendered":"\u00c0 propos"},"content":{"rendered":"<div class=\"wpb-content-wrapper\"><p>[vc_row][vc_column width=\u00a0\u00bb2\/3&Prime;] <h3 style=\"color:#0a0a0a;padding:px;text-align:;font-size:36px;line-height:px;letter-spacing: px;font-weight:bold\" class=\"    \">Qui sommes-nous?<\/h3> <div style=\"background-color:;height: 20px\" class=\"nicdark_section  \"><\/div><div style=\"background-color:;height: 20px\" class=\"nicdark_section  \"><\/div>[\/vc_column][\/vc_row][vc_row][vc_column width=\u00a0\u00bb1\/2&Prime;][vc_column_text el_class=\u00a0\u00bb.text-mobile\u00a0\u00bb]Fond\u00e9e en 1990, la Fondation pour le journalisme canadien fait la promotion, souligne et encourage l&rsquo;excellence en journalisme. \u00a0Elle administre un prestigieux programme annuel de prix et de bourses d&rsquo;\u00e9tudes qui comprend un gala de l&rsquo;industrie o\u00f9 des chefs de file de l&rsquo;information, des journalistes et des entreprises canadiennes se r\u00e9unissent pour rendre hommage \u00e0 des r\u00e9alisations journalistiques exceptionnelles et \u00e0 la qualit\u00e9 du journalisme professionnel. \u00a0Gr\u00e2ce \u00e0 ses conf\u00e9rences J-Talks, une s\u00e9rie de conf\u00e9rences publiques pr\u00e9sent\u00e9es chaque mois, la FJC facilite le dialogue entre les journalistes, les gens d&rsquo;affaires, les universitaires et les \u00e9tudiants sur le r\u00f4le des m\u00e9dias dans la soci\u00e9t\u00e9 canadienne et les d\u00e9fis auxquels font face les m\u00e9dias \u00e0 l&rsquo;\u00e8re num\u00e9rique. La FJC encourage \u00e9galement l&rsquo;enseignement, la formation et la recherche dans le domaine du journalisme.<\/p>\n<p>Elle travaille \u00e0 pr\u00e9server et \u00e0 favoriser l\u2019excellence en journalisme et est d\u00e9cid\u00e9e \u00e0 se pr\u00e9senter comme un catalyseur menant \u00e0 un dialogue ouvert et honn\u00eate.[\/vc_column_text][\/vc_column][vc_column width=\u00a0\u00bb1\/2&Prime;][vc_column_text]La fondation se distingue de ce qu\u2019elle aide \u00e0 am\u00e9liorer la relation existant entre les plus importants organismes publics et priv\u00e9s et les m\u00e9dias, misant sur compr\u00e9hension et coop\u00e9ration.<\/p>\n<p>La fondation compte parmi ses membres certaines des personnes les plus influentes chez les plus importantes institutions canadiennes. Le\u00a0<span style=\"color: #7f0308;\"><a style=\"color: #7f0308;\" href=\"https:\/\/cjf-fjc.ca\/fr\/comite-executif\/\">comit\u00e9 ex\u00e9cutif<\/a><\/span>\u00a0et le\u00a0<span style=\"color: #7f0308;\"><a style=\"color: #7f0308;\" href=\"https:\/\/cjf-fjc.ca\/fr\/conseil-dadministration\/\">conseil d\u2019administration<\/a><\/span>\u00a0incluent des repr\u00e9sentants de haut niveau de diverses entreprises, institutions m\u00e9diatiques, \u00e9tablissements universitaires, associations professionnelles et certaines des plus importantes fondations de bienfaisance canadiennes. FJC repose sur l\u2019engagement de ces individus inspir\u00e9s et inspirants qui acceptent d\u2019offrir de leur temps et de leur expertise afin de promouvoir la mission de la fondation.[\/vc_column_text][\/vc_column][\/vc_row][vc_row][vc_column width=\u00a0\u00bb1\/6&Prime;][\/vc_column][vc_column width=\u00a0\u00bb2\/3&Prime;][vc_video link=\u00a0\u00bbhttps:\/\/www.youtube.com\/watch?v=_wAz-apM2tQ\u00a0\u00bb][\/vc_column][vc_column width=\u00a0\u00bb1\/6&Prime;][\/vc_column][\/vc_row][vc_row full_width=\u00a0\u00bbstretch_row\u00a0\u00bb css=\u00a0\u00bb.vc_custom_1644869390164{background-color: #f8f8f8 !important;}\u00a0\u00bb][vc_column] <h2 style=\"color:#0a0a0a;padding:px;text-align:;font-size:36px;line-height:px;letter-spacing: px;font-weight:bold\" class=\"  h2heading  \">Que faisons-nous?<\/h2> [\/vc_column][\/vc_row][vc_row full_width=\u00a0\u00bbstretch_row\u00a0\u00bb css=\u00a0\u00bb.vc_custom_1645716541584{background: #f8f8f8 url(https:\/\/cjf-fjc.ca\/wp-content\/uploads\/background-about.png?id=15274) !important;background-position: center !important;background-repeat: no-repeat !important;background-size: cover !important;}\u00a0\u00bb][vc_column width=\u00a0\u00bb1\/6&Prime;][\/vc_column][vc_column width=\u00a0\u00bb2\/3&Prime;][vc_row_inner][vc_column_inner width=\u00a0\u00bb1\/4&Prime;] <h2 style=\"color:#221e1f;padding:px;text-align:center;font-size:36px;line-height:px;letter-spacing: px;font-weight:bold\" class=\"    \">01.<\/h2> [\/vc_column_inner][vc_column_inner width=\u00a0\u00bb3\/4&Prime;] <h2 style=\"color:#221e1f;padding:px;text-align:;font-size:36px;line-height:px;letter-spacing: px;font-weight:bold\" class=\"  numbered-heading  \">RECONNAISSANCE<\/h2> <div style=\"background-color:;height: 40px\" class=\"nicdark_section  \"><\/div>[vc_column_text]La FJC reconna\u00eet les r\u00e9alisations exceptionnelles des principaux acteurs du monde journalistique dans l\u2019un des plus prestigieux\u00a0<span style=\"color: #7f0308;\"><a style=\"color: #7f0308;\" href=\"https:\/\/cjf-fjc.ca\/fr\/awards\/prix\">galas annuels<\/a><\/span>\u00a0de l\u2019industrie. Le\u00a0<strong>prix d&rsquo;excellence en journalisme Jackman de la FJC\u00a0<\/strong>est le seul du genre et est remis \u00e0 un institut m\u00e9diatique ayant excell\u00e9 selon quatre crit\u00e8res bien pr\u00e9cis. Le\u00a0<strong>prix Couronnement de carri\u00e8re<\/strong>\u00a0reconna\u00eet le r\u00f4le crucial jou\u00e9 par un individu pour la progression du journalisme canadien. L&rsquo;<strong>hommage honoraire<\/strong>\u00a0est d\u00e9cern\u00e9 \u00e0 un membre des m\u00e9dias ayant utilis\u00e9 sa plateforme pour exercer un impact mondial \u00e0 travers le journalisme. Le programme culmine en notre gala annuel\u00a0o\u00f9 d\u2019\u00e9minents journalistes, des dirigeants des m\u00e9dias et des entreprises et du secteur public c\u00e9l\u00e8brent l\u2019excellence journalistique tous ensemble.\u00a0Nous sensibilisons \u00e9galement le public \u00e0 la valeur du journalisme dans le monde entier gr\u00e2ce \u00e0 la Journ\u00e9e internationale de l&rsquo;acc\u00e8s universel \u00e0 l&rsquo;information.[\/vc_column_text][\/vc_column_inner][\/vc_row_inner][vc_row_inner][vc_column_inner width=\u00a0\u00bb1\/4&Prime;] <h2 style=\"color:#221e1f;padding:px;text-align:center;font-size:36px;line-height:px;letter-spacing: px;font-weight:bold\" class=\"    \">02.<\/h2> [\/vc_column_inner][vc_column_inner width=\u00a0\u00bb3\/4&Prime;] <h2 style=\"color:#221e1f;padding:px;text-align:;font-size:36px;line-height:px;letter-spacing: px;font-weight:bold\" class=\"  numbered-heading  \">DISCUSSION<\/h2> <div style=\"background-color:;height: 40px\" class=\"nicdark_section  \"><\/div>[vc_column_text]Justice. \u00c9quit\u00e9. Unit\u00e9. D\u00e9mocratie. \u00c0 travers nos forums de discussions mensuels (en anglais), nous explorons certains des probl\u00e8mes les plus urgents auxquels le pays est aujourd\u2019hui confront\u00e9. Les forums impliquent des journalistes, des gens d\u2019affaires, des responsables gouvernementaux, des universitaires et des \u00e9tudiants afin de discuter du r\u00f4le jou\u00e9 par les m\u00e9dias dans la soci\u00e9t\u00e9 canadienne. Gr\u00e2ce \u00e0 cela, les journalistes re\u00e7oivent un aper\u00e7u des conditions et des contraintes derri\u00e8re plusieurs des d\u00e9cisions et des actions du gouvernement et des entreprises. En contrepartie, les forums permettent une meilleure compr\u00e9hension des r\u00e9alit\u00e9s qui influencent plusieurs des pratiques et des politiques dans le monde des m\u00e9dias.[\/vc_column_text][\/vc_column_inner][\/vc_row_inner][vc_row_inner][vc_column_inner width=\u00a0\u00bb1\/4&Prime;] <h2 style=\"color:#221e1f;padding:px;text-align:center;font-size:36px;line-height:px;letter-spacing: px;font-weight:bold\" class=\"    \">03.<\/h2> [\/vc_column_inner][vc_column_inner width=\u00a0\u00bb3\/4&Prime;] <h2 style=\"color:#221e1f;padding:px;text-align:;font-size:36px;line-height:px;letter-spacing: px;font-weight:bold\" class=\"  numbered-heading  \">INFORMATION<\/h2> <div style=\"background-color:;height: 40px\" class=\"nicdark_section  \"><\/div>[vc_column_text]La FJC favorise les occasions de formation, de perfectionnement et de recherche en journalisme. Le programme\u00a0<span style=\"color: #7f0308;\"><a style=\"color: #7f0308;\" href=\"https:\/\/doutez.ca\/\">Vous doutez?<\/a>\u00a0<\/span>est un programme d&rsquo;initiation \u00e0 l&rsquo;information visant \u00e0 faire comprendre aux Canadiens le r\u00f4le du journalisme dans une d\u00e9mocratie saine, et les outils permettant de trouver et de filtrer l&rsquo;information en ligne, gr\u00e2ce \u00e0 une subvention de Google.org.\u00a0La FJC est un partenaire fondateur et partisan cours de J-Source.ca (anglais) et ProjetJ.ca (fran\u00e7ais), connus sous le nom de projet de journalisme canadien, sites d\u00e9di\u00e9s \u00e0 la derni\u00e8re journalisme nouvelles, des opinions, des outils, des conseils et des connexions.\u00a0Ce sont certaines des plus influentes institutions et \u00e9coles de journalisme du pays qui sont derri\u00e8re ces initiatives. Leur objectif est de d\u00e9marrer une conversation quant aux d\u00e9fis existant dans cette poursuite de l\u2019excellence en journalisme canadien, tout en fournissant une source pratique et fiable d\u2019information et de commentaire.[\/vc_column_text][\/vc_column_inner][\/vc_row_inner][\/vc_column][vc_column width=\u00a0\u00bb1\/6&Prime;][\/vc_column][\/vc_row][vc_row][vc_column] <h3 style=\"color:#221e1f;padding:px;text-align:;font-size:36px;line-height:px;letter-spacing: px;font-weight:bold\" class=\"   nd_options_second_font \">Un organisme essentiel<\/h3> <div style=\"background-color:;height: 40px\" class=\"nicdark_section  \"><\/div>[\/vc_column][\/vc_row][vc_row][vc_column width=\u00a0\u00bb1\/2&Prime;][vc_column_text]Afin d\u2019\u00eatre capables de prendre des d\u00e9cisions \u00e9clair\u00e9es quant \u00e0 certains des enjeux cl\u00e9s de leur soci\u00e9t\u00e9, les Canadiens ont besoin de la meilleure information disponible. Un acc\u00e8s \u00e0 une information d\u00e9taill\u00e9e et d\u2019autorit\u00e9 est vital pour une d\u00e9mocratie en sant\u00e9.<\/p>\n<p>Puisqu\u2019ils demeurent la principale source d\u2019information pour les questions les plus difficiles et complexes, les m\u00e9dias jouent un r\u00f4le cl\u00e9 en ce qui concerne les prises de d\u00e9cisions publiques. Les membres des m\u00e9dias se doivent de remplir leur r\u00f4le d\u2019offrir un acc\u00e8s \u00e0 une information intelligente, importante et incisive. Pour cela, ils se doivent d\u2019entretenir des liens \u00e9troits avec des experts, qui peuvent alors offrir leurs connaissances et perspectives. Il vaut mieux comprendre les forces et les enjeux qui sous-tendent la prise de d\u00e9cisions dans les secteurs priv\u00e9, public et \u00e0 but non lucratif. Ils ont donc besoin d\u2019opportunit\u00e9s qui leur permettraient d\u2019\u00e9changer id\u00e9es et perspectives avec des coll\u00e8gues de m\u00eame que des individus hors du milieu des m\u00e9dias.[\/vc_column_text][\/vc_column][vc_column width=\u00a0\u00bb1\/2&Prime;][vc_column_text]La Fondation pour le journalisme canadien cr\u00e9e de telles opportunit\u00e9s en travaillant avec des organismes m\u00e9diatiques autant que d\u2019autres qui ne le sont pas, pour am\u00e9liorer la qualit\u00e9 de l\u2019information disponible gr\u00e2ce \u00e0 l\u2019excellence dans le journalisme. Nos forums de discussion sont de haute qualit\u00e9 et offrent un dialogue en profondeur et la chance de d\u00e9battre de plusieurs enjeux. Le r\u00e9sultat est un amalgame d\u2019id\u00e9es importantes contribuant \u00e0 une compr\u00e9hension et \u00e0 une connaissance beaucoup plus grandes.[\/vc_column_text][\/vc_column][\/vc_row][vc_row full_width=\u00a0\u00bbstretch_row\u00a0\u00bb css=\u00a0\u00bb.vc_custom_1645216935788{padding-top: 20px !important;padding-bottom: 20px !important;background-image: url(https:\/\/cjf-fjc.ca\/wp-content\/uploads\/background-1.png?id=1706) !important;background-position: center !important;background-repeat: no-repeat !important;background-size: cover !important;}\u00a0\u00bb][vc_column width=\u00a0\u00bb1\/2&Prime;][\/vc_column][vc_column width=\u00a0\u00bb1\/2&Prime;] <h4 style=\"color:#ffffff;padding:px;text-align:center;font-size:20px;line-height:px;letter-spacing: px;font-weight:\" class=\"  text3 nd_options_second_font \">Soutenez un meilleur journalisme.<\/h4>  <h3 style=\"color:#ffffff;padding:px;text-align:center;font-size:40px;line-height:40px;letter-spacing: px;font-weight:\" class=\"   nd_options_second_font \">Soutenez la Fondation pour le journalisme canadien.<\/h3> \n\t<div class=\"nd_options_section nd_options_text_align_center\">\n\t<a style=\"border: px solid;border-radius:30px;letter-spacing:px;line-height:px;font-size:px;background-color:#ffffff;padding:15px 35px;margin:20px;color:#7f0308\" rel=\"\" href=\"https:\/\/cjf-fjc.ca\/donate\/\" class=\"nicdark_display_inline_block    redbtn \">DONATE<\/a>\n\t<\/div>\n[\/vc_column][\/vc_row]<\/p>\n<\/div>","protected":false},"excerpt":{"rendered":"<p>[vc_row][vc_column width=\u00a0\u00bb2\/3&Prime;][\/vc_column][\/vc_row][vc_row][vc_column width=\u00a0\u00bb1\/2&Prime;][vc_column_text el_class=\u00a0\u00bb.text-mobile\u00a0\u00bb]Fond\u00e9e en 1990, la Fondation pour le journalisme canadien fait la promotion, souligne et encourage l&rsquo;excellence en journalisme. \u00a0Elle administre un prestigieux programme annuel de prix et [&hellip;]<\/p>\n","protected":false},"author":9,"featured_media":0,"parent":0,"menu_order":0,"comment_status":"closed","ping_status":"closed","template":"","meta":{"_acf_changed":false,"footnotes":""},"class_list":["post-19340","page","type-page","status-publish","hentry"],"acf":[],"_links":{"self":[{"href":"https:\/\/cjf-fjc.ca\/fr\/wp-json\/wp\/v2\/pages\/19340","targetHints":{"allow":["GET"]}}],"collection":[{"href":"https:\/\/cjf-fjc.ca\/fr\/wp-json\/wp\/v2\/pages"}],"about":[{"href":"https:\/\/cjf-fjc.ca\/fr\/wp-json\/wp\/v2\/types\/page"}],"author":[{"embeddable":true,"href":"https:\/\/cjf-fjc.ca\/fr\/wp-json\/wp\/v2\/users\/9"}],"replies":[{"embeddable":true,"href":"https:\/\/cjf-fjc.ca\/fr\/wp-json\/wp\/v2\/comments?post=19340"}],"version-history":[{"count":6,"href":"https:\/\/cjf-fjc.ca\/fr\/wp-json\/wp\/v2\/pages\/19340\/revisions"}],"predecessor-version":[{"id":19572,"href":"https:\/\/cjf-fjc.ca\/fr\/wp-json\/wp\/v2\/pages\/19340\/revisions\/19572"}],"wp:attachment":[{"href":"https:\/\/cjf-fjc.ca\/fr\/wp-json\/wp\/v2\/media?parent=19340"}],"curies":[{"name":"wp","href":"https:\/\/api.w.org\/{rel}","templated":true}]}}