{"id":19318,"date":"2022-04-27T12:56:41","date_gmt":"2022-04-27T16:56:41","guid":{"rendered":"https:\/\/cjf-fjc.ca\/black-journalism-fellowship-program-jury\/"},"modified":"2024-08-01T18:45:15","modified_gmt":"2024-08-01T22:45:15","slug":"les-membres-du-jury-programme-de-bourses-de-journalisme-fjc-pour-les-personnes-noires","status":"publish","type":"page","link":"https:\/\/cjf-fjc.ca\/fr\/les-membres-du-jury-programme-de-bourses-de-journalisme-fjc-pour-les-personnes-noires\/","title":{"rendered":"Les membres du jury &#8211; Programme de bourses de journalisme FJC pour les personnes noires"},"content":{"rendered":"<div class=\"wpb-content-wrapper\"><p>[vc_row][vc_column][vc_column_text css=\u00a0\u00bb\u00a0\u00bb]<\/p>\n<h2><strong>2024 Jury<\/strong><\/h2>\n<p>[\/vc_column_text][\/vc_column][\/vc_row][vc_row css=\u00a0\u00bb.vc_custom_1651071790151{margin-bottom: 30px !important;}\u00a0\u00bb][vc_column][vc_column_text css=\u00a0\u00bb\u00a0\u00bb]&nbsp;<\/p>\n<p><strong><img loading=\"lazy\" decoding=\"async\" class=\"wp-image-23300 alignnone\" src=\"https:\/\/cjf-fjc.ca\/wp-content\/uploads\/Desmond-Brown_Twitter-300x300.jpg\" alt=\"\" width=\"132\" height=\"132\" srcset=\"https:\/\/cjf-fjc.ca\/wp-content\/uploads\/Desmond-Brown_Twitter-300x300.jpg 300w, https:\/\/cjf-fjc.ca\/wp-content\/uploads\/Desmond-Brown_Twitter-150x150.jpg 150w, https:\/\/cjf-fjc.ca\/wp-content\/uploads\/Desmond-Brown_Twitter-24x24.jpg 24w, https:\/\/cjf-fjc.ca\/wp-content\/uploads\/Desmond-Brown_Twitter-36x36.jpg 36w, https:\/\/cjf-fjc.ca\/wp-content\/uploads\/Desmond-Brown_Twitter-48x48.jpg 48w, https:\/\/cjf-fjc.ca\/wp-content\/uploads\/Desmond-Brown_Twitter.jpg 400w\" sizes=\"auto, (max-width: 132px) 100vw, 132px\" \/><\/strong><\/p>\n<p><strong>Desmond Brown<br \/>\n<\/strong><\/p>\n<p>Agent immobilier, Life In The 6ix, RE\/MAX Hallmark Realty Ltd.;\u00a0ancien journaliste, CTV, National Post, Toronto Star[\/vc_column_text][\/vc_column][\/vc_row][vc_row css=\u00a0\u00bb.vc_custom_1651071790151{margin-bottom: 30px !important;}\u00a0\u00bb][vc_column][vc_column_text css=\u00a0\u00bb\u00a0\u00bb]<strong><img loading=\"lazy\" decoding=\"async\" class=\"wp-image-15524 alignnone\" src=\"https:\/\/cjf-fjc.ca\/wp-content\/uploads\/Rob-Cribb_100x133px_0.png\" alt=\"\" width=\"117\" height=\"156\" \/><\/strong><\/p>\n<p><strong>Rob Cribb<br \/>\n<\/strong><\/p>\n<p>Journaliste d&rsquo;investigation, Toronto Star ; fondateur et directeur du Bureau du journalisme d&rsquo;investigation de l&rsquo;\u00e9cole de sant\u00e9 publique Dalla Lana de l&rsquo;universit\u00e9 de Toronto[\/vc_column_text][\/vc_column][\/vc_row][vc_row css=\u00a0\u00bb.vc_custom_1651071790151{margin-bottom: 30px !important;}\u00a0\u00bb][vc_column][vc_column_text css=\u00a0\u00bb\u00a0\u00bb]<strong><img loading=\"lazy\" decoding=\"async\" class=\"wp-image-15525 size-full alignnone\" src=\"https:\/\/cjf-fjc.ca\/wp-content\/uploads\/RonCharles_100px.jpeg\" alt=\"\" width=\"100\" height=\"132\" \/><\/strong><\/p>\n<p><strong>Ron Charles<br \/>\n<\/strong><\/p>\n<p>Journaliste aux nouvelles nationales \u00e0 la retraite, CBC News[\/vc_column_text][\/vc_column][\/vc_row][vc_row css=\u00a0\u00bb.vc_custom_1651071790151{margin-bottom: 30px !important;}\u00a0\u00bb][vc_column][vc_column_text css=\u00a0\u00bb\u00a0\u00bb]<img loading=\"lazy\" decoding=\"async\" class=\" wp-image-23305\" src=\"https:\/\/cjf-fjc.ca\/wp-content\/uploads\/Melissa-Stasiuk_TheGlobeandMail-300x272.jpg\" alt=\"\" width=\"150\" height=\"136\" srcset=\"https:\/\/cjf-fjc.ca\/wp-content\/uploads\/Melissa-Stasiuk_TheGlobeandMail-300x272.jpg 300w, https:\/\/cjf-fjc.ca\/wp-content\/uploads\/Melissa-Stasiuk_TheGlobeandMail-768x695.jpg 768w, https:\/\/cjf-fjc.ca\/wp-content\/uploads\/Melissa-Stasiuk_TheGlobeandMail-24x22.jpg 24w, https:\/\/cjf-fjc.ca\/wp-content\/uploads\/Melissa-Stasiuk_TheGlobeandMail-36x33.jpg 36w, https:\/\/cjf-fjc.ca\/wp-content\/uploads\/Melissa-Stasiuk_TheGlobeandMail-48x43.jpg 48w, https:\/\/cjf-fjc.ca\/wp-content\/uploads\/Melissa-Stasiuk_TheGlobeandMail.jpg 844w\" sizes=\"auto, (max-width: 150px) 100vw, 150px\" \/><\/p>\n<p><strong>Melissa Stasiuk<\/strong><strong>\u00a0<\/strong><\/p>\n<p>Responsable du d\u00e9veloppement de la salle de presse, The Globe and Mail[\/vc_column_text][\/vc_column][\/vc_row][vc_row css=\u00a0\u00bb.vc_custom_1651071790151{margin-bottom: 30px !important;}\u00a0\u00bb][vc_column][vc_column_text css=\u00a0\u00bb\u00a0\u00bb]<img loading=\"lazy\" decoding=\"async\" class=\"wp-image-15527 alignnone\" src=\"https:\/\/cjf-fjc.ca\/wp-content\/uploads\/andree-lau-headshot_100px.jpeg\" alt=\"\" width=\"113\" height=\"145\" \/><\/p>\n<p><strong>Andree Lau<\/strong><br \/>\nDirectrice de la r\u00e9daction des nouvelles num\u00e9riques de CBC News[\/vc_column_text][vc_column_text css=\u00a0\u00bb\u00a0\u00bb]&nbsp;<\/p>\n<p><strong><img loading=\"lazy\" decoding=\"async\" class=\"wp-image-23307 alignnone\" src=\"https:\/\/cjf-fjc.ca\/wp-content\/uploads\/Sophia-Skopelitis-300x300.jpeg\" alt=\"\" width=\"138\" height=\"138\" srcset=\"https:\/\/cjf-fjc.ca\/wp-content\/uploads\/Sophia-Skopelitis-300x300.jpeg 300w, https:\/\/cjf-fjc.ca\/wp-content\/uploads\/Sophia-Skopelitis-150x150.jpeg 150w, https:\/\/cjf-fjc.ca\/wp-content\/uploads\/Sophia-Skopelitis-768x768.jpeg 768w, https:\/\/cjf-fjc.ca\/wp-content\/uploads\/Sophia-Skopelitis-24x24.jpeg 24w, https:\/\/cjf-fjc.ca\/wp-content\/uploads\/Sophia-Skopelitis-36x36.jpeg 36w, https:\/\/cjf-fjc.ca\/wp-content\/uploads\/Sophia-Skopelitis-48x48.jpeg 48w, https:\/\/cjf-fjc.ca\/wp-content\/uploads\/Sophia-Skopelitis.jpeg 800w\" sizes=\"auto, (max-width: 138px) 100vw, 138px\" \/><\/strong><\/p>\n<p><strong>Sophia Skopelitis<\/strong><\/p>\n<p>Directeur, cr\u00e9ateur de contenu, talents et ressources humaines, Bell Media &#8211; CTV News[\/vc_column_text][\/vc_column][\/vc_row]<\/p>\n<\/div>","protected":false},"excerpt":{"rendered":"<p>[vc_row][vc_column][vc_column_text css=\u00a0\u00bb\u00a0\u00bb] 2024 Jury [\/vc_column_text][\/vc_column][\/vc_row][vc_row css=\u00a0\u00bb.vc_custom_1651071790151{margin-bottom: 30px !important;}\u00a0\u00bb][vc_column][vc_column_text css=\u00a0\u00bb\u00a0\u00bb]&nbsp; Desmond Brown Agent immobilier, Life In The 6ix, RE\/MAX Hallmark Realty Ltd.;\u00a0ancien journaliste, CTV, National Post, Toronto Star[\/vc_column_text][\/vc_column][\/vc_row][vc_row css=\u00a0\u00bb.vc_custom_1651071790151{margin-bottom: 30px !important;}\u00a0\u00bb][vc_column][vc_column_text [&hellip;]<\/p>\n","protected":false},"author":9,"featured_media":0,"parent":0,"menu_order":0,"comment_status":"closed","ping_status":"closed","template":"","meta":{"_acf_changed":false,"footnotes":""},"class_list":["post-19318","page","type-page","status-publish","hentry"],"acf":[],"_links":{"self":[{"href":"https:\/\/cjf-fjc.ca\/fr\/wp-json\/wp\/v2\/pages\/19318","targetHints":{"allow":["GET"]}}],"collection":[{"href":"https:\/\/cjf-fjc.ca\/fr\/wp-json\/wp\/v2\/pages"}],"about":[{"href":"https:\/\/cjf-fjc.ca\/fr\/wp-json\/wp\/v2\/types\/page"}],"author":[{"embeddable":true,"href":"https:\/\/cjf-fjc.ca\/fr\/wp-json\/wp\/v2\/users\/9"}],"replies":[{"embeddable":true,"href":"https:\/\/cjf-fjc.ca\/fr\/wp-json\/wp\/v2\/comments?post=19318"}],"version-history":[{"count":6,"href":"https:\/\/cjf-fjc.ca\/fr\/wp-json\/wp\/v2\/pages\/19318\/revisions"}],"predecessor-version":[{"id":23335,"href":"https:\/\/cjf-fjc.ca\/fr\/wp-json\/wp\/v2\/pages\/19318\/revisions\/23335"}],"wp:attachment":[{"href":"https:\/\/cjf-fjc.ca\/fr\/wp-json\/wp\/v2\/media?parent=19318"}],"curies":[{"name":"wp","href":"https:\/\/api.w.org\/{rel}","templated":true}]}}