{"id":19309,"date":"2022-04-28T09:24:51","date_gmt":"2022-04-28T13:24:51","guid":{"rendered":"https:\/\/cjf-fjc.ca\/criteria\/"},"modified":"2022-05-13T15:27:10","modified_gmt":"2022-05-13T19:27:10","slug":"criteres-de-selection","status":"publish","type":"page","link":"https:\/\/cjf-fjc.ca\/fr\/criteres-de-selection\/","title":{"rendered":"Crit\u00e8res de s\u00e9lection"},"content":{"rendered":"<div class=\"wpb-content-wrapper\"><p>[vc_row][vc_column][vc_column_text]<strong>Les soumissions sont ferm\u00e9es<\/strong><\/p>\n<h2>Crit\u00e8res de s\u00e9lection<\/h2>\n<ul>\n<li>Les candidats seront des photographes canadiens ayant au plus cinq ans d&rsquo;exp\u00e9rience dans le milieu. Cela inclut les \u00e9tudiants, les pigistes ou encore les photographes pr\u00e9sentement travaillant chez des publications qui sont r\u00e9gionales ou autre que quotidiennes.<\/li>\n<li>La photographie restera l&rsquo;aspect central du stage de six semaines, le candidat s\u00e9lectionn\u00e9 recevra aussi certains mandats vid\u00e9os.<\/li>\n<li>Le candidat s\u00e9lectionn\u00e9 doit \u00eatre pr\u00eat \u00e0 travailler \u00e0 Toronto au si\u00e8ge social de La Presse Canadienne pour la dur\u00e9e du stage.\u00a0Les laur\u00e9ats devront d\u00e9frayer les co\u00fbts de leur d\u00e9placement et d&rsquo;h\u00e9bergement, mais recevront un salaire hebdomadaire d&rsquo;environ 875$.<\/li>\n<li>Le stage aura lieu quelque part entre avril et septembre; le moment exact sera d\u00e9termin\u00e9 entre le candidat s\u00e9lectionn\u00e9 et La Presse Canadienne.<\/li>\n<li>Les candidats retenus doivent d\u00e9j\u00e0 poss\u00e9der leur propre \u00e9quipement de base de photographie. \u00c0 l&rsquo;occasion, l\u00e0 o\u00f9 cela sera vu comme n\u00e9cessaire, La Presse Canadienne pourra leur fournir des longues lentilles et des cam\u00e9ras.<\/li>\n<li>La Presse Canadienne conservera les droits d&rsquo;auteur de toutes les photographies prises au cours du stage. Cependant, le r\u00e9cipiendaire du prix pourra les utiliser pour son portfolio ou tout autre usage personnel. La Fondation pour le journalisme canadien aura aussi la capacit\u00e9 d&rsquo;utiliser ces images \u00e0 des fins promotionnelles en relation au Prix de photojournalisme Tom Hanson.<\/li>\n<li>En soumettant un dossier, le candidat retenu autorise la Fondation pour le journalisme canadien et La Presse canadienne \u00e0 utiliser ses images sur les m\u00e9dias sociaux pour promouvoir le prochain cycle de la bourse.<\/li>\n<li>Les candidats s\u00e9lectionn\u00e9s devront r\u00e9diger un r\u00e9sum\u00e9 de leur exp\u00e9rience et pr\u00e9parer une gallerie multim\u00e9dia de leurs oeuvres pr\u00e9f\u00e9r\u00e9es \u00e0 la fin du stage; cela sera utilis\u00e9 par la Fondation pour le journalisme canadien et La Presse Canadienne pour promouvoir davantage le prix Tom Hanson.<\/li>\n<\/ul>\n<h2>Comment soumettre une candidature<\/h2>\n<ul>\n<li>Soumettre une proposition d\u00e9taill\u00e9e, d&rsquo;au plus 1 000 mots, expliquant de quelle fa\u00e7on le candidat compte utiliser le stage afin d&rsquo;enrichir son exp\u00e9rience en tant que photojournaliste. Le prix Tom Hanson vise les photojournalistes en d\u00e9but de carri\u00e8re, qui cherchent \u00e0 percer sur la sc\u00e8ne nationale ou internationale de la photographie quotidienne. Sachant cela, les candidats devraient tenter d&rsquo;expliquer en quoi ce stage les aideraient \u00e0 accomplir cela.<\/li>\n<li>Envoyer un portfolio qui comprend entre 12 et 25 photographies.<\/li>\n<li>Chaque photo doit avoir un titre; vous pouvez aussi y ajouter quelques mots pour expliquer comment elle a \u00e9t\u00e9 prise.<\/li>\n<li>Les candidats peuvent soumettre une pr\u00e9sentation multim\u00e9dia qui inclut un ou des vid\u00e9o(s).<\/li>\n<li>Il faut inclure un curriculum vitae. Les candidats peuvent aussi faire parvenir une lettre de recommendation d&rsquo;un ancien employeur ou professeur, bien que cela ne soit pas requis.<\/li>\n<\/ul>\n<p>Les candidatures pour le prix Tom Hanson sont accept\u00e9es \u00e0 compter\u00a0<strong>13\u00a0decembre 2021<\/strong>, et\u00a0<strong>la date limite est le 14 janvier 2022<\/strong>. Le r\u00e9cipiendaire du prix Tom Hanson sera choisi t\u00f4t dans le mois de mars.<\/p>\n<p>Les candidatures doivent \u00eatre envoy\u00e9es dans un fichier zip utilisant le format suivant:<\/p>\n<p>pr\u00e9nom_nomdefamille.zip<\/p>\n<p>De m\u00eame, les fichiers individuels de toutes les applications doivent respecter le m\u00eame format:<\/p>\n<p>pr\u00e9nom_nomdefamille_proposition.pdf<br \/>\npr\u00e9nom_nomdefamille_curriculumvitae.pdfpr\u00e9nom_nomdefamille_photo1.jpgpr\u00e9nom_nomdefamille_photo2.jpgetc.<\/p>\n<address>Pour toute question ou commentaire, veuillez s&rsquo;il-vous-pla\u00eet communiquer avec Vincent LeClair au\u00a0<span style=\"color: #7f0308;\"><a style=\"color: #7f0308;\" href=\"mailto:vleclair@cjf-fjc.ca\">vleclair@cjf-fjc.ca<\/a>.<\/span> Les candidatures seront accept\u00e9es via email.<\/address>\n<address>\u00a0<\/address>\n<h2>Comit\u00e9 de s\u00e9lection<\/h2>\n<p>&nbsp;<\/p>\n<p><strong>Catherine Hanson<\/strong>, \u00e9pouse de Tom Hanson<\/p>\n<p><strong>Heide Kaspar-Glorieux<\/strong>, m\u00e8re de\u00a0Tom Hanson<\/p>\n<p><strong>Graeme Roy<\/strong>, directeur de la photographie \u00e0 La Presse Canadienne<\/p>\n<p><strong>Frank Gunn<\/strong>, photographe national \u00e0 La Presse Canadienne<\/p>\n<p><strong>Fred Chartrand<\/strong>, photographe national et pigiste \u00e0 La Presse Canadienne maintenant retrait\u00e9<\/p>\n<p><strong>Tony Caldwell<\/strong>, photographe au Ottawa Sun<\/p>\n<p><strong>Marta Iwanek<\/strong>, photographe et\u00a0la r\u00e9cipiendaire du prix de photojournalisme Tom Hanson pour l&rsquo;ann\u00e9e 2015<br \/>\n<b><\/b><\/p>\n<p><b>Michelle Siu<\/b>, photographe et\u00a0la r\u00e9cipiendaire du prix de photojournalisme Tom Hanson pour l&rsquo;ann\u00e9e 2012<\/p>\n<p><strong>Scott White<\/strong>, r\u00e9dacteur de The Conversation Canada et membre du conseil d&rsquo;administration de la Fondation pour le journalisme canadien[\/vc_column_text][\/vc_column][\/vc_row]<\/p>\n<\/div>","protected":false},"excerpt":{"rendered":"<p>[vc_row][vc_column][vc_column_text]Les soumissions sont ferm\u00e9es Crit\u00e8res de s\u00e9lection Les candidats seront des photographes canadiens ayant au plus cinq ans d&rsquo;exp\u00e9rience dans le milieu. Cela inclut les \u00e9tudiants, les pigistes ou encore [&hellip;]<\/p>\n","protected":false},"author":9,"featured_media":0,"parent":0,"menu_order":0,"comment_status":"closed","ping_status":"closed","template":"","meta":{"_acf_changed":false,"footnotes":""},"class_list":["post-19309","page","type-page","status-publish","hentry"],"acf":[],"_links":{"self":[{"href":"https:\/\/cjf-fjc.ca\/fr\/wp-json\/wp\/v2\/pages\/19309","targetHints":{"allow":["GET"]}}],"collection":[{"href":"https:\/\/cjf-fjc.ca\/fr\/wp-json\/wp\/v2\/pages"}],"about":[{"href":"https:\/\/cjf-fjc.ca\/fr\/wp-json\/wp\/v2\/types\/page"}],"author":[{"embeddable":true,"href":"https:\/\/cjf-fjc.ca\/fr\/wp-json\/wp\/v2\/users\/9"}],"replies":[{"embeddable":true,"href":"https:\/\/cjf-fjc.ca\/fr\/wp-json\/wp\/v2\/comments?post=19309"}],"version-history":[{"count":4,"href":"https:\/\/cjf-fjc.ca\/fr\/wp-json\/wp\/v2\/pages\/19309\/revisions"}],"predecessor-version":[{"id":19389,"href":"https:\/\/cjf-fjc.ca\/fr\/wp-json\/wp\/v2\/pages\/19309\/revisions\/19389"}],"wp:attachment":[{"href":"https:\/\/cjf-fjc.ca\/fr\/wp-json\/wp\/v2\/media?parent=19309"}],"curies":[{"name":"wp","href":"https:\/\/api.w.org\/{rel}","templated":true}]}}