{"id":19294,"date":"2022-04-22T10:46:41","date_gmt":"2022-04-22T14:46:41","guid":{"rendered":"https:\/\/cjf-fjc.ca\/lifetime-achievement-award\/"},"modified":"2025-01-09T15:48:16","modified_gmt":"2025-01-09T20:48:16","slug":"prix-couronnement-de-carriere","status":"publish","type":"page","link":"https:\/\/cjf-fjc.ca\/fr\/prix-couronnement-de-carriere\/","title":{"rendered":"Prix Couronnement de carri\u00e8re"},"content":{"rendered":"<div class=\"wpb-content-wrapper\"><p>[vc_row][vc_column width=\u00a0\u00bb2\/3&Prime;][vc_column_text css=\u00a0\u00bb\u00a0\u00bb]<\/p>\n<h1><strong>Prix Couronnement de carri\u00e8re<\/strong><\/h1>\n<p>Le prix annuel Couronnement de carri\u00e8re, pr\u00e9sent\u00e9 par la Fondation pour le journalisme canadien, reconna\u00eet un individu ayant apport\u00e9 une contribution exceptionnelle \u00e0 la profession du journalisme au Canada. Le r\u00e9cipiendaire aura su d\u00e9montrer, tout au long de sa carri\u00e8re, qu&rsquo;il ou elle \u00e9tait \u00e0 la poursuite des plus hauts standards et id\u00e9aux journalistiques. Leurs travaux et contributions envers la profession et l&rsquo;ensemble de la soci\u00e9t\u00e9 en ont inspir\u00e9 plusieurs autres \u00e0 viser l&rsquo;excellence aussi. Ce Prix ne se limite pas \u00e0 une cat\u00e9gorie particuli\u00e8re du journalisme, c&rsquo;est pourquoi nous encourageons les candidatures en provenance de toutes les sph\u00e8res du journalisme, notamment la politique, le journalisme g\u00e9n\u00e9ral, les affaires, les arts et la culture, les sports et les caricatures\/l&rsquo;humour.<\/p>\n<p><b>Crit\u00e8res de s\u00e9lection :<\/b><br \/>\nParmi les \u00e9l\u00e9ments \u00e0 prendre en compte, il y a les suivants :<\/p>\n<ul>\n<li>L&rsquo;ensemble de leur travail journalistique au cours de leur carri\u00e8re<\/li>\n<li>Leur contribution \u00e0 la soci\u00e9t\u00e9 gr\u00e2ce \u00e0 un journalisme percutant<\/li>\n<li>La reconnaissance et le respect de leurs pairs et de la communaut\u00e9<\/li>\n<\/ul>\n<p><strong>M\u00e9thodologie d&rsquo;\u00e9valuation\u00a0<\/strong><br \/>\nLe jury est compos\u00e9 de quatre \u00e0 huit jur\u00e9s (avec des repr\u00e9sentants bilingues) qui examinent toutes les candidatures soumises par l&rsquo;entremise d&rsquo;un portail en ligne, classent les candidatures et assistent ensuite \u00e0 une r\u00e9union en personne ou participent \u00e0 une conf\u00e9rence t\u00e9l\u00e9phonique avec leurs classements afin de s&rsquo;entendre sur la laur\u00e9ate ou le laur\u00e9at du prix. Le nom de la personne gagnante est annonc\u00e9 en avril ou en mai et elle est honor\u00e9e lors du gala annuel des\u00a0<span style=\"color: #7f0308;\"><a style=\"color: #7f0308;\" href=\"https:\/\/cjf-fjc.ca\/fr\/awards\/2021-les-prix-de-la-fjc\">Prix de la FJC<\/a><\/span>.[\/vc_column_text][vc_btn title=\u00a0\u00bbPostulez ici\u00a0\u00bb align=\u00a0\u00bbcenter\u00a0\u00bb css=\u00a0\u00bb\u00a0\u00bb button_block=\u00a0\u00bbtrue\u00a0\u00bb link=\u00a0\u00bburl:https%3A%2F%2Fcjf-fjc.ca%2Flifetimeform%2F\u00a0\u00bb][vc_separator css=\u00a0\u00bb\u00a0\u00bb]\n    <div style=\"text-align:center\" class=\"nd_options_section\">\n      <img decoding=\"async\" alt=\"\" style=\"width:100%\" class=\" nd_options_margin_0 nd_options_padding_0 \" src=\"https:\/\/cjf-fjc.ca\/wp-content\/uploads\/LifeTimeAward-copy-scaled-e1718901179981-1024x684.jpg\">\n    <\/div>\n   [vc_column_text css=\u00a0\u00bb\u00a0\u00bb]&nbsp;<\/p>\n<p><strong><a href=\"https:\/\/cjf-fjc.ca\/lifetime-achievement-award\/\">Phillip Crawley <\/a><\/strong>est le laur\u00e9at du <strong>Prix de Couronnement de carri\u00e8re<\/strong>, en reconnaissance de son leadership inspirant \u00e0 la t\u00eate de l&rsquo;un des journaux phares du Canada. David Thomson, pr\u00e9sident du conseil d&rsquo;administration de Thomson Reuters et de The Woodbridge Company, a remis le prix \u00e0 M. Crawley, qui a men\u00e9 le <em>Globe and Mail<\/em> vers de nouveaux sommets d&rsquo;excellence au cours de ses 25 ann\u00e9es \u00e0 titre de chef de la direction et d&rsquo;\u00e9diteur. Pendant ce temps, le journal est devenu synonyme de journalisme novateur, de journalisme d&rsquo;investigation et de couverture intr\u00e9pide des questions critiques qui fa\u00e7onnent notre pays et le monde entier.<\/p>\n<p>&nbsp;<\/p>\n<div>\n<p><span lang=\"FR-CA\" xml:lang=\"FR-CA\"><strong>Pour de plus amples renseignements :<\/strong><br \/>\nNatalie Turvey, pr\u00e9sidente et directrice g\u00e9n\u00e9rale, Fondation pour le journalisme canadien,\u00a0<\/span><a>nturvey@cjf-fjc.ca<\/a><\/p>\n<p><span lang=\"FR-CA\" xml:lang=\"FR-CA\">Pour les occasions de parrainage, veuillez communiquer avec : Josh Gurfinkel, directeur des op\u00e9rations, Fondation pour le journalisme canadien,\u00a0<\/span><a>jgurfinkel@cjf-fjc.ca<\/a><\/p>\n<\/div>\n<p>&nbsp;[\/vc_column_text][vc_video link=\u00a0\u00bbhttps:\/\/youtu.be\/KfjkgDrCR6c\u00a0\u00bb css=\u00a0\u00bb\u00a0\u00bb][\/vc_column][vc_column width=\u00a0\u00bb1\/3&Prime; css=\u00a0\u00bb.vc_custom_1719934552698{background-color: #e2e2e2 !important;}\u00a0\u00bb][vc_column_text css=\u00a0\u00bb\u00a0\u00bb]<strong>GAGNANTS ANCIENS:<\/strong><\/p>\n<table style=\"height: 724px;\" border=\"0\" width=\"245\" cellspacing=\"0\" cellpadding=\"0\">\n<tbody>\n<tr>\n<td valign=\"top\">\n<p><strong>2023<\/strong><\/p>\n<p>Haroon Siddiqui<\/p>\n<p>&nbsp;<\/p>\n<p><strong>2022 <\/strong><\/p>\n<p>Mich\u00e8le Ouimet<\/p>\n<p>&nbsp;<\/p>\n<p><strong>2021 <\/strong><\/p>\n<p>Thaioroni\u00f3hte Dan David<\/p>\n<p>&nbsp;<\/p>\n<p><strong>2020\u00a0<\/strong><\/p>\n<p>Kim Bolan<\/p>\n<p>&nbsp;<\/p>\n<p><strong>2019<\/strong><\/p>\n<p>John Honderich<\/p>\n<p>&nbsp;<\/p>\n<p><strong>2018\u00a0<\/strong><\/p>\n<p>Peter Mansbridge<\/p>\n<p>&nbsp;<\/p>\n<p><strong>2017<\/strong><\/p>\n<p>Jean Pelletier<\/p>\n<p>&nbsp;<\/p>\n<p><strong>2016\u00a0<\/strong><\/p>\n<p>Lloyd Robertson<\/p>\n<p>&nbsp;<\/p>\n<p><strong>2015\u00a0<\/strong><\/p>\n<p>Michel Auger<\/p>\n<p>&nbsp;<\/p>\n<p><strong>2014<\/strong><\/p>\n<p>Peter Bregg<\/p>\n<p>&nbsp;<\/p>\n<p><strong>2013\u00a0<\/strong><\/p>\n<p>Michael Maclear<\/p>\n<p>&nbsp;<\/p>\n<p><strong>2012<\/strong><\/p>\n<p>Jack Sigvaldason<\/p>\n<p>&nbsp;<\/p>\n<p><strong>2011\u00a0<\/strong><\/p>\n<p>Patrick Brown<\/p>\n<p>&nbsp;<\/p>\n<p><strong>2010\u00a0<\/strong><\/p>\n<p>Lise Bissonnette<\/p>\n<p>&nbsp;<\/p>\n<p><strong>2009\u00a0<\/strong><\/p>\n<p>Joe Schlesinger<\/p>\n<p>&nbsp;<\/p>\n<p><strong>2008\u00a0<\/strong><\/p>\n<p>Sally Armstrong<\/p>\n<p>&nbsp;<\/p>\n<p><strong>2007\u00a0<\/strong><\/p>\n<p>Norman Webster<\/p>\n<p>&nbsp;<\/p>\n<p><strong>2006\u00a0<\/strong><\/p>\n<p>Knowlton Nash<\/p>\n<p>&nbsp;<\/p>\n<p><strong>2005\u00a0<\/strong><\/p>\n<p>Pierre Berton (posthumous)<\/p>\n<p>&nbsp;<\/p>\n<p><strong>2004\u00a0<\/strong><\/p>\n<p>June Callwood<\/p>\n<p>&nbsp;<\/p>\n<p><strong>2003\u00a0<\/strong><\/p>\n<p>Doris Anderson<\/p>\n<p>&nbsp;<\/p>\n<p><strong>2002\u00a0<\/strong><\/p>\n<p>Trina McQueen<\/p>\n<p>&nbsp;<\/p>\n<p><strong>2001\u00a0<\/strong><\/p>\n<p>Doug Creighton<\/p>\n<p>&nbsp;<\/p>\n<p><strong>2000\u00a0<\/strong><\/p>\n<p>Mark Starowicz<\/p>\n<p>&nbsp;<\/p>\n<p><strong>1999\u00a0<\/strong><\/p>\n<p>Bernard Derome<\/p>\n<p>&nbsp;<\/p>\n<p><strong>1998\u00a0<\/strong><\/p>\n<p>Peter C. Newman<\/p>\n<p>&nbsp;<\/p>\n<p><strong>1997\u00a0<\/strong><\/p>\n<p>Peter Gzowski<\/p>\n<p>&nbsp;<\/p>\n<p><strong>1996\u00a0<\/strong><\/p>\n<p>Robert Fulford<\/td>\n<td style=\"text-align: right;\" valign=\"top\"><\/td>\n<\/tr>\n<\/tbody>\n<\/table>\n<p>[\/vc_column_text][\/vc_column][\/vc_row][vc_row][vc_column][vc_separator][\/vc_column][\/vc_row]<\/p>\n<\/div>","protected":false},"excerpt":{"rendered":"<p>[vc_row][vc_column width=\u00a0\u00bb2\/3&Prime;][vc_column_text css=\u00a0\u00bb\u00a0\u00bb] Prix Couronnement de carri\u00e8re Le prix annuel Couronnement de carri\u00e8re, pr\u00e9sent\u00e9 par la Fondation pour le journalisme canadien, reconna\u00eet un individu ayant apport\u00e9 une contribution exceptionnelle \u00e0 [&hellip;]<\/p>\n","protected":false},"author":1,"featured_media":19297,"parent":0,"menu_order":0,"comment_status":"closed","ping_status":"closed","template":"","meta":{"_acf_changed":false,"footnotes":""},"class_list":["post-19294","page","type-page","status-publish","has-post-thumbnail","hentry"],"acf":[],"_links":{"self":[{"href":"https:\/\/cjf-fjc.ca\/fr\/wp-json\/wp\/v2\/pages\/19294","targetHints":{"allow":["GET"]}}],"collection":[{"href":"https:\/\/cjf-fjc.ca\/fr\/wp-json\/wp\/v2\/pages"}],"about":[{"href":"https:\/\/cjf-fjc.ca\/fr\/wp-json\/wp\/v2\/types\/page"}],"author":[{"embeddable":true,"href":"https:\/\/cjf-fjc.ca\/fr\/wp-json\/wp\/v2\/users\/1"}],"replies":[{"embeddable":true,"href":"https:\/\/cjf-fjc.ca\/fr\/wp-json\/wp\/v2\/comments?post=19294"}],"version-history":[{"count":27,"href":"https:\/\/cjf-fjc.ca\/fr\/wp-json\/wp\/v2\/pages\/19294\/revisions"}],"predecessor-version":[{"id":25646,"href":"https:\/\/cjf-fjc.ca\/fr\/wp-json\/wp\/v2\/pages\/19294\/revisions\/25646"}],"wp:featuredmedia":[{"embeddable":true,"href":"https:\/\/cjf-fjc.ca\/fr\/wp-json\/wp\/v2\/media\/19297"}],"wp:attachment":[{"href":"https:\/\/cjf-fjc.ca\/fr\/wp-json\/wp\/v2\/media?parent=19294"}],"curies":[{"name":"wp","href":"https:\/\/api.w.org\/{rel}","templated":true}]}}