{"id":19286,"date":"2022-05-11T13:23:55","date_gmt":"2022-05-11T17:23:55","guid":{"rendered":"https:\/\/cjf-fjc.ca\/contact\/"},"modified":"2024-07-17T12:22:55","modified_gmt":"2024-07-17T16:22:55","slug":"pour-nous-joindre","status":"publish","type":"page","link":"https:\/\/cjf-fjc.ca\/fr\/pour-nous-joindre\/","title":{"rendered":"Pour nous joindre"},"content":{"rendered":"<div class=\"wpb-content-wrapper\"><p>[vc_row][vc_column width=\u00a0\u00bb1\/2&Prime;][vc_column_text]<\/p>\n<p style=\"text-align: left;\">Veuillez s&rsquo;il vous pla\u00eet prendre note de nos nouvelles coordonn\u00e9es.<\/p>\n<p style=\"text-align: left;\">La Fondation pour le journalisme canadien<\/p>\n<p style=\"text-align: left;\">77, rue Bloor Ouest, Bureau 600<\/p>\n<p style=\"text-align: left;\">Toronto, ON \u00a0 M5S 1M2<\/p>\n<p>&nbsp;<\/p>\n<p style=\"text-align: center;\"><strong>Natalie Turvey<\/strong><\/p>\n<p style=\"text-align: center;\">Pr\u00e9sidente-directrice g\u00e9n\u00e9rale<\/p>\n<p style=\"text-align: center;\">T\u00e9l: 416-955-0396<\/p>\n<p style=\"text-align: center;\">Courriel : <a href=\"mailto:nturvey@cjf-fjc.ca\"><span style=\"color: #7f0308;\">nturvey@cjf-fjc.ca<\/span><\/a><\/p>\n<p>[\/vc_column_text][\/vc_column][vc_column width=\u00a0\u00bb1\/2&Prime;][vc_column_text css=\u00a0\u00bb\u00a0\u00bb]<\/p>\n<p style=\"text-align: center;\"><strong>Josh Gurfinkel<\/strong><\/p>\n<p style=\"text-align: center;\">Directeur des op\u00e9rations<\/p>\n<p style=\"text-align: center;\">T\u00e9l: 416-955-0394<\/p>\n<p style=\"text-align: center;\">Courriel : <a href=\"mailto:jgurfinkel@cjf-fjc.ca\"><span style=\"color: #7f0308;\">jgurfinkel@cjf-fjc.ca<\/span><\/a><\/p>\n<p>&nbsp;<\/p>\n<p style=\"text-align: center;\"><strong>Jennie Worden<\/strong><\/p>\n<p style=\"text-align: center;\">Responsable des communications et des programmes<\/p>\n<p style=\"text-align: center;\">Courriel :\u00a0<a href=\"https:\/\/cjf-fjc.ca\/contact\/#:~:text=email%3A-,jworden%40cjf%2Dfjc.ca,-Follow%20us%3A\">jworden@cjf-fjc.ca<\/a><\/p>\n<p>&nbsp;<\/p>\n<p style=\"text-align: center;\"><strong>Annicca Albano<\/strong><\/p>\n<p style=\"text-align: center;\">Coordonnateur des m\u00e9dias sociaux<\/p>\n<p style=\"text-align: center;\">Courriel : <a href=\"mailto:aalbano@cjf-fjc.ca\">aalbano@cjf-fjc.ca<\/a><\/p>\n<p>[\/vc_column_text][\/vc_column][\/vc_row][vc_row][vc_column]\n<div class=\"wpcf7 no-js\" id=\"wpcf7-f19586-o1\" lang=\"en-US\" dir=\"ltr\" data-wpcf7-id=\"19586\">\n<div class=\"screen-reader-response\"><p role=\"status\" aria-live=\"polite\" aria-atomic=\"true\"><\/p> <ul><\/ul><\/div>\n<form action=\"\/fr\/wp-json\/wp\/v2\/pages\/19286#wpcf7-f19586-o1\" method=\"post\" class=\"wpcf7-form init\" aria-label=\"Contact form\" novalidate=\"novalidate\" data-status=\"init\">\n<fieldset class=\"hidden-fields-container\"><input type=\"hidden\" name=\"_wpcf7\" value=\"19586\" \/><input type=\"hidden\" name=\"_wpcf7_version\" value=\"6.1.5\" \/><input type=\"hidden\" name=\"_wpcf7_locale\" value=\"en_US\" \/><input type=\"hidden\" name=\"_wpcf7_unit_tag\" value=\"wpcf7-f19586-o1\" \/><input type=\"hidden\" name=\"_wpcf7_container_post\" value=\"0\" \/><input type=\"hidden\" name=\"_wpcf7_posted_data_hash\" value=\"\" \/><input type=\"hidden\" name=\"_wpcf7_recaptcha_response\" value=\"\" \/>\n<\/fieldset>\n<p><label> Votre nom<br \/>\n<span class=\"wpcf7-form-control-wrap\" data-name=\"your-name\"><input size=\"40\" maxlength=\"400\" class=\"wpcf7-form-control wpcf7-text wpcf7-validates-as-required\" aria-required=\"true\" aria-invalid=\"false\" value=\"\" type=\"text\" name=\"your-name\" \/><\/span> <\/label>\n<\/p>\n<p><label> Votre e-mail<br \/>\n<span class=\"wpcf7-form-control-wrap\" data-name=\"your-email\"><input size=\"40\" maxlength=\"400\" class=\"wpcf7-form-control wpcf7-email wpcf7-validates-as-required wpcf7-text wpcf7-validates-as-email\" aria-required=\"true\" aria-invalid=\"false\" value=\"\" type=\"email\" name=\"your-email\" \/><\/span> <\/label>\n<\/p>\n<p><label> Mati\u00e8re<br \/>\n<span class=\"wpcf7-form-control-wrap\" data-name=\"your-subject\"><input size=\"40\" maxlength=\"400\" class=\"wpcf7-form-control wpcf7-text wpcf7-validates-as-required\" aria-required=\"true\" aria-invalid=\"false\" value=\"\" type=\"text\" name=\"your-subject\" \/><\/span> <\/label>\n<\/p>\n<p><label> Votre message<br \/>\n<span class=\"wpcf7-form-control-wrap\" data-name=\"your-message\"><textarea cols=\"40\" rows=\"10\" maxlength=\"2000\" class=\"wpcf7-form-control wpcf7-textarea wpcf7-validates-as-required\" aria-required=\"true\" aria-invalid=\"false\" name=\"your-message\"><\/textarea><\/span> <\/label>\n<\/p>\n<p><input class=\"wpcf7-form-control wpcf7-submit has-spinner\" type=\"submit\" value=\"Soumettre\" \/>\n<\/p><div class=\"wpcf7-response-output\" aria-hidden=\"true\"><\/div>\n<\/form>\n<\/div>\n[\/vc_column][\/vc_row]<\/p>\n<\/div>","protected":false},"excerpt":{"rendered":"<p>[vc_row][vc_column width=\u00a0\u00bb1\/2&Prime;][vc_column_text] Veuillez s&rsquo;il vous pla\u00eet prendre note de nos nouvelles coordonn\u00e9es. La Fondation pour le journalisme canadien 77, rue Bloor Ouest, Bureau 600 Toronto, ON \u00a0 M5S 1M2 &nbsp; [&hellip;]<\/p>\n","protected":false},"author":9,"featured_media":0,"parent":0,"menu_order":0,"comment_status":"closed","ping_status":"closed","template":"","meta":{"_acf_changed":false,"footnotes":""},"class_list":["post-19286","page","type-page","status-publish","hentry"],"acf":[],"_links":{"self":[{"href":"https:\/\/cjf-fjc.ca\/fr\/wp-json\/wp\/v2\/pages\/19286","targetHints":{"allow":["GET"]}}],"collection":[{"href":"https:\/\/cjf-fjc.ca\/fr\/wp-json\/wp\/v2\/pages"}],"about":[{"href":"https:\/\/cjf-fjc.ca\/fr\/wp-json\/wp\/v2\/types\/page"}],"author":[{"embeddable":true,"href":"https:\/\/cjf-fjc.ca\/fr\/wp-json\/wp\/v2\/users\/9"}],"replies":[{"embeddable":true,"href":"https:\/\/cjf-fjc.ca\/fr\/wp-json\/wp\/v2\/comments?post=19286"}],"version-history":[{"count":14,"href":"https:\/\/cjf-fjc.ca\/fr\/wp-json\/wp\/v2\/pages\/19286\/revisions"}],"predecessor-version":[{"id":23157,"href":"https:\/\/cjf-fjc.ca\/fr\/wp-json\/wp\/v2\/pages\/19286\/revisions\/23157"}],"wp:attachment":[{"href":"https:\/\/cjf-fjc.ca\/fr\/wp-json\/wp\/v2\/media?parent=19286"}],"curies":[{"name":"wp","href":"https:\/\/api.w.org\/{rel}","templated":true}]}}