{"id":19270,"date":"2022-04-22T11:37:26","date_gmt":"2022-04-22T15:37:26","guid":{"rendered":"https:\/\/cjf-fjc.ca\/cjf-black-journalism-fellowship-program\/"},"modified":"2025-12-18T15:13:55","modified_gmt":"2025-12-18T20:13:55","slug":"programme-de-bourses-de-journalisme-fjc-pour-les-personnes-noires","status":"publish","type":"page","link":"https:\/\/cjf-fjc.ca\/fr\/programme-de-bourses-de-journalisme-fjc-pour-les-personnes-noires\/","title":{"rendered":"Programme de bourses de journalisme FJC pour les personnes noires"},"content":{"rendered":"<div class=\"wpb-content-wrapper\"><p>[vc_row][vc_column width=\u00a0\u00bb2\/3&Prime;][vc_btn title=\u00a0\u00bbPostulez ici\u00a0\u00bb color=\u00a0\u00bbdanger\u00a0\u00bb align=\u00a0\u00bbcenter\u00a0\u00bb css=\u00a0\u00bb\u00a0\u00bb button_block=\u00a0\u00bbtrue\u00a0\u00bb link=\u00a0\u00bburl:https%3A%2F%2Fcjf-fjc.ca%2Fblackfellowshipform%2F\u00a0\u00bb][vc_column_text css=\u00a0\u00bb\u00a0\u00bb]Par ses cinq bourses individuelles, ce programme vise \u00e0 amplifier les voix Noires, augmenter la couverture m\u00e9diatique des questions Noires et participer au d\u00e9veloppement des leaders des m\u00e9dias de demain, notamment en offrant des opportunit\u00e9s uniques aux journalistes Noir.e.s en d\u00e9but de carri\u00e8re (moins de cinq ans d\u2019exp\u00e9rience) un stage d\u2019une dur\u00e9e de six mois dans une salle ou un bureau de nouvelles participant.<\/p>\n<p>Les bourses sont :<\/p>\n<ul>\n<li>La bourse FJC-CBC\/Radio-Canada pour le journalisme Noir\u2009;<\/li>\n<li>La bourse FJC-CBC\/Radio-Canada pour le journalisme des femmes Noires\u2009;<\/li>\n<li>\u00a0La bourse FJC-CTV News pour le journalisme Noir\u2009;<\/li>\n<li>La bourse pour le journalisme d\u2019investigation Noir; et<\/li>\n<li>La bourse FJC-Globe and Mail pour le journalisme \u00e9conomique Noir.<\/li>\n<\/ul>\n<p>Les laur\u00e9ats pourront ainsi :<\/p>\n<ul>\n<li>Seront accueillis pendant six mois par l\u2019un de nos partenaires m\u00e9dias suivants\u00a0: CBC\/Radio-Canada (anglais et fran\u00e7ais),\u00a0<em>CTV News<\/em>, The Investigative Journalism Bureau de l\u2019\u00c9cole de sant\u00e9 publique Dalla\u00a0Lana de l\u2019Universit\u00e9 de Toronto, ou\u00a0<em>The Globe and Mail<\/em><em>;<\/em><\/li>\n<li>B\u00e9n\u00e9ficier d\u2019un mentorat et d\u2019une formation pour acqu\u00e9rir diverses comp\u00e9tences, notamment en mati\u00e8re de montage vid\u00e9o et audio, de r\u00e9daction, de recherche et de reportage d\u2019enqu\u00eate;<\/li>\n<li>Recevoir une allocation \u00e0 temps plein pour la dur\u00e9e de la bourse;<\/li>\n<li>R\u00e9diger ou produire un article\/un segment pendant la dur\u00e9e de la bourse, qui sera pris en consid\u00e9ration pour \u00eatre publi\u00e9\/diffus\u00e9.<\/li>\n<li>Les candidates s\u00e9lectionn\u00e9es doivent avoir la possibilit\u00e9 de d\u00e9m\u00e9nager.<\/li>\n<\/ul>\n<h2>Conditions :<\/h2>\n<ul>\n<li>La bourse de journalisme FJC-CBC\/Radio-Canada pour les femmes noires est ouverte aux femmes canadiennes de race noire.<\/li>\n<li>Les employ\u00e9s \u00e0 temps plein de CBC News\/Radio-Canada, CTV News ou du The Globe and Mail\u00a0<strong>ne peuvent pas<\/strong>\u00a0poser leur candidature.<\/li>\n<li>Les employ\u00e9s occasionnels ou contractuels de CBC News\/Radio-Canada, CTV News ou du The Globe and Mail\u00a0<strong>peuvent<\/strong>\u00a0poser leur candidature.<\/li>\n<\/ul>\n<p>Veuillez noter que seuls les candidats pr\u00e9s\u00e9lectionn\u00e9s seront contact\u00e9s pour un entretien.<\/p>\n<p>Pour toute question, pri\u00e8re de communiquer avec Natalie Turvey, pr\u00e9sidente directrice g\u00e9n\u00e9rale de la Fondation pour le journalisme canadien \u00e0\u00a0<a href=\"mailto:info@cjf-fjc.ca\">info@cjf-fjc.ca<\/a>.<\/p>\n<p><strong>DATE LIMITE : 23 janvier 2026 \u00e0 23h59 HE.<\/strong><\/p>\n<p>Gr\u00e2ce au soutien g\u00e9n\u00e9reux de nos commanditaires: BMO Financial Group, Aritzia, Canada Life et les co-parrains Unifor et North Horizon.[\/vc_column_text][vc_btn title=\u00a0\u00bbPostulez ici\u00a0\u00bb color=\u00a0\u00bbdanger\u00a0\u00bb align=\u00a0\u00bbcenter\u00a0\u00bb css=\u00a0\u00bb\u00a0\u00bb button_block=\u00a0\u00bbtrue\u00a0\u00bb link=\u00a0\u00bburl:https%3A%2F%2Fcjf-fjc.ca%2Fblackfellowshipform%2F\u00a0\u00bb][vc_separator css=\u00a0\u00bb\u00a0\u00bb][vc_column_text css=\u00a0\u00bb\u00a0\u00bb]<\/p>\n<h2><\/h2>\n<h2 id=\"tw-target-text\" class=\"tw-data-text tw-text-large tw-ta\" dir=\"ltr\" data-placeholder=\"Translation\" data-ved=\"2ahUKEwiwiJii7P2NAxXJEFkFHWDmJoQQ3ewLegQICRAV\" aria-label=\"Translated text: Les laur\u00e9ats des bourses de journalisme noir de la CJF\"><span class=\"Y2IQFc\" lang=\"fr\">Les laur\u00e9ats des bourses de journalisme noir de la CJF<\/span><\/h2>\n<p>&nbsp;<\/p>\n<p>Toronto, May 12, 2025\u00a0\u2013 The Canadian Journalism Foundation (CJF) announced\u00a0<strong>Myrialine Catule, Amal Mohamud, Adriel Smiley, Bianca Thompson and Kayla Thompson<\/strong>\u00a0as recipients of this year\u2019s\u00a0 annual\u00a0<a href=\"https:\/\/cjf-fjc.ca\/fr\/programme-de-bourses-de-journalisme-fjc-pour-les-personnes-noires\/\">Black Journalism Fellowship Program<\/a>, in partnership with CBC\/Radio-Canada, CTV News,\u00a0<i>The Globe and Mail<\/i>\u00a0and the Investigative Journalism Bureau (IJB).<\/p>\n<p>&nbsp;<\/p>\n<p>The fellowship program aims to amplify Black voices, improve coverage of Black issues in the news and cultivate future Black media leaders. Each fellowship provides a unique opportunity for an early-career Black journalist\u2014with one-to-five years\u2019 experience\u2014to be hosted for six months at CBC\/Radio-Canada (English and French),\u00a0<i>The<\/i>\u00a0<i>Globe and Mail<\/i>, a CTV News newsroom or at the IJB at the University of Toronto\u2019s Dalla Lana School of Public Health Sciences.<\/p>\n<p>&nbsp;<\/p>\n<p>The Fellowship recipients are:<\/p>\n<ul>\n<li aria-level=\"1\"><b>Myrialine Catule<\/b>, a recent graduate of Concordia University with a Bachelor of Arts and Science in Journalism, recipient of the CJF-IJB Black Journalism Fellowship;<\/li>\n<li aria-level=\"1\"><b>Amal Mohamud<\/b>, a first-generation Somali-Canadian journalist and producer living in Edmonton, recipient of the CJF-CBC\/Radio-Canada Black Women\u2019s Journalism Fellowship;<\/li>\n<li aria-level=\"1\"><b>Adriel Smiley<\/b>, an award-winning Toronto-based journalist and multimedia storyteller and creator of the acclaimed podcast Album Mode, recipient of the CJF-CBC\/Radio-Canada Black Journalism Fellowship;<\/li>\n<li aria-level=\"1\"><b>Bianca Thompson<\/b>, a Toronto-based freelance multimedia journalist, recipient of the CJF-<i>Globe and Mail<\/i>\u00a0Black Business Journalism Fellowship; and<\/li>\n<li aria-level=\"1\"><b>Kayla Thompson<\/b>, a Toronto-based journalist currently working at Caribbean Vibrations TV, recipient of the CJF-CTV News Black Journalism Fellowship.<\/li>\n<\/ul>\n<p>[\/vc_column_text][vc_separator]<div style=\"background-color:;height: 70px\" class=\"nicdark_section  \"><\/div>[vc_video link=\u00a0\u00bbhttps:\/\/youtu.be\/sN0GM8zyVWY?si=clX1fxQ1cMk_VjV3&Prime; css=\u00a0\u00bb\u00a0\u00bb]<div style=\"background-color:;height: 70px\" class=\"nicdark_section  \"><\/div>[vc_column_text css=\u00a0\u00bb\u00a0\u00bb]<strong>Thanks to the generous support of our sponsors:<\/strong><\/p>\n<p><img loading=\"lazy\" decoding=\"async\" class=\"alignnone wp-image-18159\" src=\"https:\/\/cjf-fjc.ca\/wp-content\/uploads\/aritzia-1.png\" alt=\"\" width=\"88\" height=\"88\" srcset=\"https:\/\/cjf-fjc.ca\/wp-content\/uploads\/aritzia-1.png 300w, https:\/\/cjf-fjc.ca\/wp-content\/uploads\/aritzia-1-150x150.png 150w, https:\/\/cjf-fjc.ca\/wp-content\/uploads\/aritzia-1-200x200.png 200w\" sizes=\"auto, (max-width: 88px) 100vw, 88px\" \/> <img loading=\"lazy\" decoding=\"async\" class=\"alignnone wp-image-18223\" src=\"https:\/\/cjf-fjc.ca\/wp-content\/uploads\/bmo-5-300x175.png\" alt=\"\" width=\"127\" height=\"74\" srcset=\"https:\/\/cjf-fjc.ca\/wp-content\/uploads\/bmo-5-300x175.png 300w, https:\/\/cjf-fjc.ca\/wp-content\/uploads\/bmo-5-1024x596.png 1024w, https:\/\/cjf-fjc.ca\/wp-content\/uploads\/bmo-5-768x447.png 768w, https:\/\/cjf-fjc.ca\/wp-content\/uploads\/bmo-5.png 1080w\" sizes=\"auto, (max-width: 127px) 100vw, 127px\" \/> <img loading=\"lazy\" decoding=\"async\" class=\"alignnone wp-image-24061\" src=\"https:\/\/cjf-fjc.ca\/wp-content\/uploads\/Canadalifelogo-300x175-1.png\" alt=\"\" width=\"124\" height=\"72\" srcset=\"https:\/\/cjf-fjc.ca\/wp-content\/uploads\/Canadalifelogo-300x175-1.png 300w, https:\/\/cjf-fjc.ca\/wp-content\/uploads\/Canadalifelogo-300x175-1-24x14.png 24w, https:\/\/cjf-fjc.ca\/wp-content\/uploads\/Canadalifelogo-300x175-1-36x21.png 36w, https:\/\/cjf-fjc.ca\/wp-content\/uploads\/Canadalifelogo-300x175-1-48x28.png 48w\" sizes=\"auto, (max-width: 124px) 100vw, 124px\" \/><\/p>\n<p><img loading=\"lazy\" decoding=\"async\" class=\"alignnone wp-image-24071\" src=\"https:\/\/cjf-fjc.ca\/wp-content\/uploads\/Unifor300x175.png\" alt=\"\" width=\"114\" height=\"66\" srcset=\"https:\/\/cjf-fjc.ca\/wp-content\/uploads\/Unifor300x175.png 300w, https:\/\/cjf-fjc.ca\/wp-content\/uploads\/Unifor300x175-24x14.png 24w, https:\/\/cjf-fjc.ca\/wp-content\/uploads\/Unifor300x175-36x21.png 36w, https:\/\/cjf-fjc.ca\/wp-content\/uploads\/Unifor300x175-48x28.png 48w\" sizes=\"auto, (max-width: 114px) 100vw, 114px\" \/> <img loading=\"lazy\" decoding=\"async\" class=\"alignnone wp-image-24073\" src=\"https:\/\/cjf-fjc.ca\/wp-content\/uploads\/north_horizon_inc_logo300x175.jpg\" alt=\"\" width=\"136\" height=\"79\" srcset=\"https:\/\/cjf-fjc.ca\/wp-content\/uploads\/north_horizon_inc_logo300x175.jpg 300w, https:\/\/cjf-fjc.ca\/wp-content\/uploads\/north_horizon_inc_logo300x175-24x14.jpg 24w, https:\/\/cjf-fjc.ca\/wp-content\/uploads\/north_horizon_inc_logo300x175-36x21.jpg 36w, https:\/\/cjf-fjc.ca\/wp-content\/uploads\/north_horizon_inc_logo300x175-48x28.jpg 48w\" sizes=\"auto, (max-width: 136px) 100vw, 136px\" \/>[\/vc_column_text][\/vc_column][vc_column width=\u00a0\u00bb1\/3&Prime; css=\u00a0\u00bb.vc_custom_1719943698710{background-color: #dbdbdb !important;}\u00a0\u00bb][vc_column_text css=\u00a0\u00bb\u00a0\u00bb]<\/p>\n<h4><strong>GAGNANTS ANCIENS:<\/strong><\/h4>\n<p>&nbsp;<\/p>\n<p><strong>2024<\/strong><\/p>\n<p class=\"nd_options_margin_0_important nd_options_padding_0 \"><a href=\"https:\/\/cjf-fjc.ca\/demar-grant-2024\/\"><strong>D\u00e9mar Grant\u00a0<\/strong><\/a><\/p>\n<ul>\n<li><a href=\"https:\/\/www.thestar.com\/news\/investigations\/ontario-nurses-raising-alarm-over-high-patient-loads-that-put-patients-at-risk-internal-reports\/article_d5dcb456-efc5-11ef-b536-8ff2a96d4b60.html\">Nursing Investigation | The Toronto Star<\/a><\/li>\n<li><a href=\"https:\/\/us21.campaign-archive.com\/?u=07054110ce65597c3a2fc4b91&amp;id=181c9557db\">Behind the curtain of Niagara Health\u2019s grievous nursing ratios \u2013 Newsletter | Investigative Journalism Bureau<\/a><\/li>\n<li><a href=\"https:\/\/us21.campaign-archive.com\/?u=07054110ce65597c3a2fc4b91&amp;id=14746dd373\">The Bureau unmasks the NIHB\u2019s \u2018failing\u2019 \u2013 Newsletter | Investigative Journalism Bureau<\/a><\/li>\n<li><a href=\"https:\/\/us21.campaign-archive.com\/?u=07054110ce65597c3a2fc4b91&amp;id=44cdbc792e\">The IJB Exposes Exploitative Cracks in the Clinical Trial Industry \u2013 Newsletter | Investigative Journalism Bureau<\/a><\/li>\n<\/ul>\n<p class=\"nd_options_margin_0_important nd_options_padding_0 \"><a href=\"https:\/\/cjf-fjc.ca\/dominique-gene-2024\/\"><strong>Dominique Gen\u00e9<\/strong><\/a><\/p>\n<p class=\"nd_options_margin_0_important nd_options_padding_0 \"><a href=\"https:\/\/cjf-fjc.ca\/aajah-sauter-2024\/\"><strong>Aajah Sauter\u00a0<\/strong><\/a><\/p>\n<ul>\n<li><a href=\"https:\/\/www.cbc.ca\/listen\/live-radio\/1-63-the-current\/clip\/16126712-why-steroids-might-give-superhero-body-online\">Why steroids might not give you that \u2018superhero\u2019 body you see online | CBC News<\/a><\/li>\n<li><a href=\"https:\/\/www.cbc.ca\/player\/play\/audio\/9.6611405\">Migrant caregiver \u2018in limbo\u2019 after years working in Canada | CBC News<\/a><\/li>\n<\/ul>\n<p class=\"nd_options_margin_0_important nd_options_padding_0 \"><a href=\"https:\/\/cjf-fjc.ca\/zuhra-jibril-2024\/\"><strong>Zuhra Jibril\u00a0<\/strong><\/a><\/p>\n<ul>\n<li><a href=\"https:\/\/www.ctvnews.ca\/toronto\/video\/2025\/02\/14\/maternal-mortality-rates-for-black-women-are-rising\/\">Maternal Mortality rates for Black women are rising | CTV News Toronto<\/a><\/li>\n<li><a href=\"https:\/\/review.bellmedia.ca\/view\/1016845036\">Smile for Sache: How one organization is feeding the hungry during the month of Ramadan | CTV News Toronto<\/a><\/li>\n<li><a href=\"https:\/\/www.ctvnews.ca\/video\/2025\/03\/06\/ctv-national-news-a-suspicious-spike-in-tesla-sales-in-canada\/\">A suspicious spike in Tesla sales in Canada | CTV National News<\/a><\/li>\n<li><a href=\"https:\/\/www.youtube.com\/watch?v=1WPrrDfqwgU\">Birth Rates at an all time low according to Statistics Canada | CP24 Breakfast<\/a><\/li>\n<li><a href=\"https:\/\/www.cp24.com\/video\/2024\/12\/18\/young-professionals-are-ditching-traditional-business-formal-attire\/\">Young professionals are ditching traditional business formal attire | CP24 Breakfast<\/a><\/li>\n<\/ul>\n<p class=\"nd_options_margin_0_important nd_options_padding_0 \"><a href=\"https:\/\/cjf-fjc.ca\/daysha-loppie-2024\/\"><strong>Daysha Loppie\u00a0<\/strong><\/a><\/p>\n<ul>\n<li><a href=\"https:\/\/www.youtube.com\/watch?v=RQacFx1Tbj8\">Inside the interrogation room: The men who armed themselves at convoy protests | The Fifth Estate<\/a><\/li>\n<li><a href=\"https:\/\/www.youtube.com\/watch?v=9OWznNplhV0\">Who killed Sonya Cywink? A sister\u2019s journey to find the truth | The Fifth Estate<\/a><\/li>\n<\/ul>\n<p>&nbsp;<\/p>\n<p><strong>2023<\/strong><\/p>\n<p><strong><a href=\"https:\/\/cjf-fjc.ca\/leila-ahouman-2023\/\">Le\u00efla Ahouman<\/a><\/strong><\/p>\n<p><strong><a href=\"https:\/\/cjf-fjc.ca\/daniel-reale-chin-2023\/\">Daniel Reale-Chin<\/a><\/strong><\/p>\n<p><strong><a href=\"https:\/\/cjf-fjc.ca\/serenalopez\/\">Serena Lopez<\/a><\/strong><\/p>\n<ul>\n<li><a href=\"https:\/\/www.ctvnews.ca\/lifestyle\/one-of-a-kind-dedicated-black-arts-hub-aims-to-increase-access-for-black-creatives-in-canada-1.6650060\" target=\"_blank\" rel=\"noopener noreferrer\" data-saferedirecturl=\"https:\/\/www.google.com\/url?q=https:\/\/www.ctvnews.ca\/lifestyle\/one-of-a-kind-dedicated-black-arts-hub-aims-to-increase-access-for-black-creatives-in-canada-1.6650060&amp;source=gmail&amp;ust=1711458486260000&amp;usg=AOvVaw2WTV-Owjh9Z-LHMQMXc4mL\">Black artists talk about impact of first multidisciplinary arts space in Canada | CTV News<\/a><\/li>\n<li><a href=\"https:\/\/www.cp24.com\/a-new-study-suggests-that-money-challenges-are-impacting-the-mental-health-of-ontarians-here-is-how-you-can-cope-1.6686238?cache=yes%3FautoPlay%3Dtrue\" target=\"_blank\" rel=\"noopener noreferrer\" data-saferedirecturl=\"https:\/\/www.google.com\/url?q=https:\/\/www.cp24.com\/a-new-study-suggests-that-money-challenges-are-impacting-the-mental-health-of-ontarians-here-is-how-you-can-cope-1.6686238?cache%3Dyes%253FautoPlay%253Dtrue&amp;source=gmail&amp;ust=1711458486260000&amp;usg=AOvVaw26H5fRJXjdR7kAEt9wcOvX\">A new study suggests that money challenges are impacting the mental health of Ontarians. Here is how you can cope| CP24.com<\/a><\/li>\n<\/ul>\n<p><strong><a href=\"https:\/\/cjf-fjc.ca\/mzwandile-poncana-2023\/\">Mzwandile Poncana<\/a><\/strong><\/p>\n<ul>\n<li><a href=\"https:\/\/www.thestar.com\/news\/investigations\/they-need-new-homes-roads-and-schools-but-indigenous-communities-across-canada-can-t-catch\/article_4131d6d4-f669-11ee-9283-3359a8ffe2a6.html\">They need new homes, roads and schools. But Indigenous communities across Canada \u2018can\u2019t catch up\u2019 thanks to staggering $349B infrastructure gap. | Toronto Star<\/a><\/li>\n<\/ul>\n<p><strong><a href=\"https:\/\/cjf-fjc.ca\/rahma-shafi-2023\/\">Rahma Shafi<\/a><\/strong><\/p>\n<ul>\n<li><a href=\"https:\/\/www.tiktok.com\/@cbcnews\/video\/7315074187666705669?_r=1&amp;_t=8m9gq2gGVF7\">One of Toronto\u2019s oldest strip clubs is on its way to becoming a heritage site because of the building\u2019s historical and cultural legacy. | CBC\u00a0<\/a><\/li>\n<\/ul>\n<p>&nbsp;<\/p>\n<p><strong>2022<\/strong><\/p>\n<p><strong><a href=\"https:\/\/cjf-fjc.ca\/wendy-ann-clarke-2022\/\">Wendy-Ann Clarke<\/a><\/strong><\/p>\n<p><strong><a href=\"https:\/\/cjf-fjc.ca\/kiernan-green-2022\/\">Kiernan Green<\/a><\/strong><\/p>\n<ul>\n<li>\u201c<a href=\"https:\/\/www.cbc.ca\/listen\/live-radio\/1-429\/clip\/15962888\">How Somalia\u2019s drought\u00a0<\/a>has put the squeeze Somali-Canadian remittance spending.\u201d\u00a0CBC\u2019s\u00a0<em>What On Earth<\/em>\u00a0climate podcast.\u00a0Jan. 29, 2023.<\/li>\n<li>\u201c<a href=\"https:\/\/www.cbc.ca\/news\/business\/linkedin-study-consent-1.6625768\">LinkedIn experiment changed job prospects for millions \u2014 and it raises red\u00a0<\/a>flags: privacy experts.\u201d\u00a0CBC Business. Oct. 23, 2022.<\/li>\n<li>\u201c<a href=\"https:\/\/www.cbc.ca\/news\/business\/mothers-remote-work-pandemic-legacy-1.6607205\">The pandemic changed how we work. Now, mothers want it to stay\u00a0<\/a>that way.\u201d\u00a0CBC Business. Oct. 10, 2022.<\/li>\n<\/ul>\n<p><strong><a href=\"https:\/\/cjf-fjc.ca\/dorcas-marfo-2022\/\">Dorcas Marfo<\/a><\/strong><\/p>\n<ul>\n<li><a href=\"https:\/\/toronto.ctvnews.ca\/nurses-leaving-canada-doubled-in-the-last-five-years-amid-health-care-crisis-1.6126807\">Nurses leaving Canada doubled in the last five years.<\/a><\/li>\n<li><a href=\"https:\/\/toronto.ctvnews.ca\/popular-ontario-driving-school-promises-to-make-changes-after-investigation-raises-questions-1.6226156\">Popular Ontario driving school promises to make changes after investigation.<\/a><\/li>\n<li><a href=\"https:\/\/toronto.ctvnews.ca\/illegal-dumping-complaints-in-toronto-pile-up-as-enforcement-falls-investigation-1.6174394#:~:text=A%20CTV%20News%20investigation%20shows,the%20rise%20as%20enforcement%20falls.&amp;text=Complaints%20of%20trash%20illegally%20dumped,unsightly%20garbage%20to%20litter%20neighbourhoods\">Illegal dumping complaints in Toronto<\/a><\/li>\n<li><a href=\"https:\/\/www.cp24.com\/news\/nordstrom-isn-t-the-first-big-u-s-retailer-to-pull-out-of-canada-here-are-the-others-that-have-come-and-gone-over-the-years-1.6298153\">Nordstrom isn\u2019t the first big retailer to pull out of Canada<\/a><\/li>\n<li><a href=\"https:\/\/www.cp24.com\/news\/study-reveals-walking-more-reduces-risk-of-heart-diseases-or-stroke-for-older-adults-1.6296571\">New study reveals walking more reduces risk<\/a><\/li>\n<\/ul>\n<p><strong><a href=\"https:\/\/cjf-fjc.ca\/ashleigh-rae-thomas-2022\/\">Ashleigh-Rae Thomas<\/a><\/strong><\/p>\n<ul>\n<li><a href=\"https:\/\/www.cbc.ca\/news\/entertainment\/author\/ashleigh-rae-thomas-1.6613978\" data-saferedirecturl=\"https:\/\/www.google.com\/url?q=https:\/\/www.cbc.ca\/news\/entertainment\/author\/ashleigh-rae-thomas-1.6613978&amp;source=gmail&amp;ust=1681935825121000&amp;usg=AOvVaw1F7dtsSsr-Drfe-u5fo-A0\">Ashleigh-Rae Thomas at CBC\/Radio-Canada<\/a><\/li>\n<\/ul>\n<p>&nbsp;<\/p>\n<p><strong>2021<\/strong><\/p>\n<p><strong><a href=\"https:\/\/cjf-fjc.ca\/josie-fome-2021\/\">Josie Fom\u00e9<\/a><\/strong><\/p>\n<ul>\n<li>\u201c<a href=\"https:\/\/www.ctvnews.ca\/canada\/how-black-youth-are-reclaiming-their-mental-health-in-canada-1.5810559\">How Black Youth are Reclaiming their Mental Health in Canada<\/a>,\u201d\u00a0Josie Fom\u00e9,\u00a0<em>CTV News<\/em>\u00a0(March 11, 2022)<\/li>\n<\/ul>\n<p><strong><a href=\"https:\/\/cjf-fjc.ca\/tiffany-mboyo-mongu-2021\/\">Tiffany Mboyo Mongu<\/a><\/strong><\/p>\n<ul>\n<li>\u201c<a href=\"https:\/\/www.cbc.ca\/listen\/live-radio\/1-82\/clip\/15898755\">Black Canadian women may be under-screened for cancers<\/a>,\u201d\u00a0<em>Here and Now with Gill Deacon,\u00a0<\/em>CBC Radio One\u00a0(February 16, 2022)<\/li>\n<\/ul>\n<p><strong><a href=\"https:\/\/cjf-fjc.ca\/dannielle-piper-2021\/\">Dannielle Piper<\/a><\/strong><\/p>\n<ul>\n<li>\u201c<a href=\"https:\/\/www.cbc.ca\/news\/canada\/british-columbia\/b-c-hate-crime-law-advocates-1.6264589\">Lawmakers have long tried to make hate a crime \u2014 but the law can only do so much, advocates say<\/a>,\u201d Dannielle Piper,\u00a0<em>CBC News<\/em>\u00a0(November 27, 2021)<\/li>\n<li>\u201c<a href=\"https:\/\/www.cbc.ca\/news\/canada\/online-learning-post-secondary-science-degrees-1.6364340\">Flexibility of virtual learning prompts some post-secondary students to pursue more online studies<\/a>,\u201d\u00a0Dannielle Piper,\u00a0<em>CBC News<\/em>\u00a0(March 5, 2022)<\/li>\n<\/ul>\n<p>[\/vc_column_text][\/vc_column][\/vc_row]<\/p>\n<\/div>","protected":false},"excerpt":{"rendered":"<p>[vc_row][vc_column width=\u00a0\u00bb2\/3&Prime;][vc_btn title=\u00a0\u00bbPostulez ici\u00a0\u00bb color=\u00a0\u00bbdanger\u00a0\u00bb align=\u00a0\u00bbcenter\u00a0\u00bb css=\u00a0\u00bb\u00a0\u00bb button_block=\u00a0\u00bbtrue\u00a0\u00bb link=\u00a0\u00bburl:https%3A%2F%2Fcjf-fjc.ca%2Fblackfellowshipform%2F\u00a0\u00bb][vc_column_text css=\u00a0\u00bb\u00a0\u00bb]Par ses cinq bourses individuelles, ce programme vise \u00e0 amplifier les voix Noires, augmenter la couverture m\u00e9diatique des questions Noires et [&hellip;]<\/p>\n","protected":false},"author":1,"featured_media":19273,"parent":0,"menu_order":0,"comment_status":"closed","ping_status":"closed","template":"","meta":{"_acf_changed":false,"footnotes":""},"class_list":["post-19270","page","type-page","status-publish","has-post-thumbnail","hentry"],"acf":[],"_links":{"self":[{"href":"https:\/\/cjf-fjc.ca\/fr\/wp-json\/wp\/v2\/pages\/19270","targetHints":{"allow":["GET"]}}],"collection":[{"href":"https:\/\/cjf-fjc.ca\/fr\/wp-json\/wp\/v2\/pages"}],"about":[{"href":"https:\/\/cjf-fjc.ca\/fr\/wp-json\/wp\/v2\/types\/page"}],"author":[{"embeddable":true,"href":"https:\/\/cjf-fjc.ca\/fr\/wp-json\/wp\/v2\/users\/1"}],"replies":[{"embeddable":true,"href":"https:\/\/cjf-fjc.ca\/fr\/wp-json\/wp\/v2\/comments?post=19270"}],"version-history":[{"count":33,"href":"https:\/\/cjf-fjc.ca\/fr\/wp-json\/wp\/v2\/pages\/19270\/revisions"}],"predecessor-version":[{"id":25635,"href":"https:\/\/cjf-fjc.ca\/fr\/wp-json\/wp\/v2\/pages\/19270\/revisions\/25635"}],"wp:featuredmedia":[{"embeddable":true,"href":"https:\/\/cjf-fjc.ca\/fr\/wp-json\/wp\/v2\/media\/19273"}],"wp:attachment":[{"href":"https:\/\/cjf-fjc.ca\/fr\/wp-json\/wp\/v2\/media?parent=19270"}],"curies":[{"name":"wp","href":"https:\/\/api.w.org\/{rel}","templated":true}]}}