{"id":19047,"date":"2022-05-11T14:45:13","date_gmt":"2022-05-11T18:45:13","guid":{"rendered":"https:\/\/cjf-fjc.ca\/doubt-it-check-it-challenge-it\/"},"modified":"2022-05-13T14:57:52","modified_gmt":"2022-05-13T18:57:52","slug":"vous-doutez-verifiez-remettez-en-question","status":"publish","type":"page","link":"https:\/\/cjf-fjc.ca\/fr\/vous-doutez-verifiez-remettez-en-question\/","title":{"rendered":"Vous doutez? V\u00e9rifiez. Remettez en question."},"content":{"rendered":"<div class=\"wpb-content-wrapper\"><p>[vc_row][vc_column][vc_single_image image=\u00a0\u00bb19052&Prime; img_size=\u00a0\u00bbfull\u00a0\u00bb alignment=\u00a0\u00bbcenter\u00a0\u00bb][\/vc_column][\/vc_row][vc_row][vc_column][vc_column_text]<\/p>\n<p align=\"center\"><b><span lang=\"FR-CA\" xml:lang=\"FR-CA\">La Fondation pour le journalisme canadien outille les Canadiens<br \/>\npour contrer la d\u00e9sinformation<\/span><\/b><\/p>\n<p>&nbsp;<\/p>\n<p align=\"center\"><i><span lang=\"FR-CA\" xml:lang=\"FR-CA\">Nul besoin d\u2019\u00eatre journaliste pour s\u2019attaquer aux fausses nouvelles.<\/span><\/i><\/p>\n<p align=\"center\"><i><span lang=\"FR-CA\" xml:lang=\"FR-CA\">Vous doutez? V\u00e9rifiez. Remettez en question.<\/span><\/i><\/p>\n<p><span lang=\"FR-CA\" xml:lang=\"FR-CA\">TORONTO, 2 octobre, 2019 \u2013 La Fondation pour le journalisme canadien (FJC) lance aujourd\u2019hui la campagne\u00a0<i>Doutez<\/i>, qui vise \u00e0 d\u00e9velopper les comp\u00e9tences des Canadiens et \u00e0 leur offrir des outils pour combattre les fausses nouvelles et la d\u00e9sinformation. Le but est simple : aider les Canadiens \u00e0 faire la diff\u00e9rence entre le journalisme bas\u00e9 sur des faits et les fausses nouvelles qu\u2019ils rencontrent dans le monde num\u00e9rique et les m\u00e9dias sociaux.<\/span><\/p>\n<p><span lang=\"FR-CA\" xml:lang=\"FR-CA\">En utilisant l\u2019humour, des conseils pratiques et des collaborations avec des personnalit\u00e9s des m\u00e9dias,\u00a0<i>Doutez<\/i>\u00a0pr\u00e9sente les trois \u00e9tapes simples que tous peuvent suivre pour que le sceptique qui sommeille en eux se mette au travail :\u00a0<b>Vous doutez? V\u00e9rifiez. Remettez en question.<\/b><\/span><\/p>\n<p><span lang=\"FR-CA\" xml:lang=\"FR-CA\">\u00ab\u00a0<i>M\u00eame s\u2019il s\u2019agit d\u2019un sujet tr\u00e8s s\u00e9rieux, nous utilisons l\u2019humour pour encourager les gens \u00e0 s\u2019engager, partager et, ultimement, \u00e0 s\u2019attaquer aux fausses nouvelles et \u00e0 la d\u00e9sinformation<\/i>\u00a0\u00bb, a d\u00e9clar\u00e9 la pr\u00e9sidente et chef de la direction de la FJC, Natalie Turvey. \u00ab\u00a0<i>Nous voulons que les Canadiens deviennent des citoyens avis\u00e9s devant l\u2019information qu\u2019ils consomment. Soyez sceptique \u2013 si vous doutez, v\u00e9rifiez et remettez en question, et s\u2019il le faut, d\u00e9criez-le. Pour la FJC, il est primordial que tous les citoyens aient acc\u00e8s \u00e0 des sources fiables d\u2019actualit\u00e9 et d\u2019information pour participer pleinement \u00e0 notre d\u00e9mocratie<\/i>. \u00bb<\/span><\/p>\n<p><i><span lang=\"FR-CA\" xml:lang=\"FR-CA\">Doutez<\/span><\/i><span lang=\"FR-CA\" xml:lang=\"FR-CA\">\u00a0d\u00e9coule d\u2019un pr\u00e9c\u00e9dent partenariat avec\u00a0<\/span><span style=\"color: #7f0308;\"><a style=\"color: #7f0308;\" href=\"https:\/\/civix.ca\/\">CIVIX<\/a><\/span><span lang=\"FR-CA\" xml:lang=\"FR-CA\">\u00a0pour la mise en \u0153uvre d\u2019Actufut\u00e9, un programme de litt\u00e9ratie m\u00e9diatique destin\u00e9 aux \u00e9l\u00e8ves canadiens qui leur permet de mieux comprendre le r\u00f4le du journalisme dans une d\u00e9mocratie saine et de d\u00e9couvrir les outils pour trouver et filtrer l\u2019information en ligne. Actufut\u00e9 est soutenu par une bourse de Google.org.<\/span><\/p>\n<p><span lang=\"FR-CA\" xml:lang=\"FR-CA\">La campagne comprend un site Internet<span style=\"color: #7f0308;\"> (<\/span><\/span><span style=\"color: #7f0308;\"><a style=\"color: #7f0308;\" href=\"https:\/\/doutez.ca\/\">https:\/\/doutez.ca<\/a><\/span><span lang=\"FR-CA\" xml:lang=\"FR-CA\"><span style=\"color: #7f0308;\">)<\/span> qui pr\u00e9sente des conseils utiles, des liens vers des sites de v\u00e9rification des faits ind\u00e9pendants, des vid\u00e9os expliquant des techniques simples de v\u00e9rification des faits ainsi qu\u2019un quiz ludique sur les fausses nouvelles qui permet aux visiteurs de tester les connaissances apprises. Une campagne publicitaire num\u00e9rique et des messages d\u2019int\u00e9r\u00eat public de personnalit\u00e9s m\u00e9diatiques canadiennes seront aussi pr\u00e9sent\u00e9s. Avec cette approche ludique, la FJC esp\u00e8re que les messages seront mieux compris par les Canadiens. Tout au long de la campagne, les Canadiens pourront d\u00e9couvrir des nouveaux contenus.<\/span><\/p>\n<p><span lang=\"FR-CA\" xml:lang=\"FR-CA\">\u00ab\u00a0<i>Maintenant plus que jamais, les gens s\u2019informent par le biais de sources en ligne et des m\u00e9dias sociaux<\/i>\u00a0\u00bb, a poursuivi madame Turvey. \u00ab\u00a0<i>Les Canadiens ont acc\u00e8s \u00e0 une quantit\u00e9 sans pr\u00e9c\u00e9dent d\u2019information. Dans ce contexte, ils doivent continuellement trier et \u00e9valuer l\u2019information qu\u2019ils rencontrent.<\/i>\u00a0\u00bb<\/span><\/p>\n<p><span lang=\"FR-CA\" xml:lang=\"FR-CA\">La campagne\u00a0<i>Doutez<\/i>\u00a0sensibilisera le public canadien au fait que les fausses nouvelles sont plus pr\u00e9sentes qu\u2019ils ne le pensent et leur enseignera comment v\u00e9rifier les faits. Selon des\u00a0<\/span><span style=\"color: #7f0308;\"><a style=\"color: #7f0308;\" href=\"https:\/\/cjf-fjc.ca\/sites\/default\/files\/CJF%20News%20Consumption%20Survey.pdf\">donn\u00e9es recueillies par la Fondation pour le journalisme canadien<\/a><\/span><span lang=\"FR-CA\" xml:lang=\"FR-CA\">, appuy\u00e9es sur les recherches de la\u00a0<\/span><span lang=\"FR-CA\" xml:lang=\"FR-CA\">soci\u00e9t\u00e9 Earnscliffe ainsi que sur celles<span style=\"color: #7f0308;\">\u00a0<\/span><\/span><span style=\"color: #7f0308;\"><a style=\"color: #7f0308;\" href=\"https:\/\/www.cigionline.org\/sites\/default\/files\/documents\/2019%20CIGI-Ipsos%20Global%20Survey%20-%20Part%203%20Social%20Media%2C%20Fake%20News%20%26%20Algorithms.pdf\">d\u2019Ipsos Affaires Publiques pour le Centre pour l&rsquo;innovation dans la gouvernance internationale<\/a><\/span><span lang=\"FR-CA\" xml:lang=\"FR-CA\"><span style=\"color: #7f0308;\">\u00a0<\/span>et de\u00a0<\/span><span style=\"color: #7f0308;\"><a style=\"color: #7f0308;\" href=\"https:\/\/science.sciencemag.org\/content\/359\/6380\/1146\">chercheurs de l\u2019Institut de technologie du Massachusetts<\/a><\/span><span lang=\"FR-CA\" xml:lang=\"FR-CA\">\u00a0(MIT) :<\/span><\/p>\n<ul>\n<li><b><span lang=\"FR-CA\" xml:lang=\"FR-CA\">90 %<\/span><\/b><span lang=\"FR-CA\" xml:lang=\"FR-CA\">\u00a0des Canadiens avouent s&rsquo;\u00eatre fait prendre par une fausse nouvelle.<\/span><\/li>\n<li><span lang=\"FR-CA\" xml:lang=\"FR-CA\">Encore pire, les fausses nouvelles se r\u00e9pandent\u00a0<b>six fois<\/b>\u00a0plus vite que la v\u00e9rit\u00e9.<\/span><\/li>\n<li><span lang=\"FR-CA\" xml:lang=\"FR-CA\">Seulement\u00a0<b>33 %<\/b>\u00a0des Canadiens tentent r\u00e9guli\u00e8rement de confirmer que les nouvelles qu\u2019ils voient proviennent de sources fiables.<\/span><\/li>\n<li><b><span lang=\"FR-CA\" xml:lang=\"FR-CA\">40 %<\/span><\/b><span lang=\"FR-CA\" xml:lang=\"FR-CA\">\u00a0des Canadiens disent avoir de la difficult\u00e9 \u00e0 distinguer la v\u00e9rit\u00e9 de la d\u00e9sinformation.<\/span><\/li>\n<li><span lang=\"FR-CA\" xml:lang=\"FR-CA\">Plus de la moiti\u00e9 des r\u00e9pondants (<b>53 %<\/b>) croient avoir r\u00e9cemment pris connaissance de nouvelles dont certaines informations avaient \u00e9t\u00e9 d\u00e9form\u00e9es dans le but de faire avancer une id\u00e9e.<\/span><\/li>\n<\/ul>\n<p><span lang=\"FR-CA\" xml:lang=\"FR-CA\">Les Canadiens peuvent tester leurs capacit\u00e9s \u00e0 identifier les fausses nouvelles en faisant ce quiz en ligne cr\u00e9\u00e9 pour la campagne\u00a0<i>Doutez<\/i>\u00a0:<span style=\"color: #7f0308;\">\u00a0<\/span><\/span><span style=\"color: #7f0308;\"><a style=\"color: #7f0308;\" href=\"https:\/\/doutez.ca\/faites-le-test\/\">https:\/\/doutez.ca\/faites-le-test\/<\/a><\/span><\/p>\n<p><span lang=\"FR-CA\" xml:lang=\"FR-CA\">#Doutez<\/span>[\/vc_column_text][\/vc_column][\/vc_row]<\/p>\n<\/div>","protected":false},"excerpt":{"rendered":"<p>[vc_row][vc_column][vc_single_image image=\u00a0\u00bb19052&Prime; img_size=\u00a0\u00bbfull\u00a0\u00bb alignment=\u00a0\u00bbcenter\u00a0\u00bb][\/vc_column][\/vc_row][vc_row][vc_column][vc_column_text] La Fondation pour le journalisme canadien outille les Canadiens pour contrer la d\u00e9sinformation &nbsp; Nul besoin d\u2019\u00eatre journaliste pour s\u2019attaquer aux fausses nouvelles. Vous doutez? V\u00e9rifiez. [&hellip;]<\/p>\n","protected":false},"author":9,"featured_media":0,"parent":0,"menu_order":0,"comment_status":"closed","ping_status":"closed","template":"","meta":{"_acf_changed":false,"footnotes":""},"class_list":["post-19047","page","type-page","status-publish","hentry"],"acf":[],"_links":{"self":[{"href":"https:\/\/cjf-fjc.ca\/fr\/wp-json\/wp\/v2\/pages\/19047","targetHints":{"allow":["GET"]}}],"collection":[{"href":"https:\/\/cjf-fjc.ca\/fr\/wp-json\/wp\/v2\/pages"}],"about":[{"href":"https:\/\/cjf-fjc.ca\/fr\/wp-json\/wp\/v2\/types\/page"}],"author":[{"embeddable":true,"href":"https:\/\/cjf-fjc.ca\/fr\/wp-json\/wp\/v2\/users\/9"}],"replies":[{"embeddable":true,"href":"https:\/\/cjf-fjc.ca\/fr\/wp-json\/wp\/v2\/comments?post=19047"}],"version-history":[{"count":4,"href":"https:\/\/cjf-fjc.ca\/fr\/wp-json\/wp\/v2\/pages\/19047\/revisions"}],"predecessor-version":[{"id":19377,"href":"https:\/\/cjf-fjc.ca\/fr\/wp-json\/wp\/v2\/pages\/19047\/revisions\/19377"}],"wp:attachment":[{"href":"https:\/\/cjf-fjc.ca\/fr\/wp-json\/wp\/v2\/media?parent=19047"}],"curies":[{"name":"wp","href":"https:\/\/api.w.org\/{rel}","templated":true}]}}