{"id":19031,"date":"2022-05-11T14:28:16","date_gmt":"2022-05-11T18:28:16","guid":{"rendered":"https:\/\/cjf-fjc.ca\/quebecers-on-vaccine-knowledge-and-trust-in-news\/"},"modified":"2022-05-13T15:17:22","modified_gmt":"2022-05-13T19:17:22","slug":"les-quebecois-sur-la-connaissance-des-vaccins-et-la-confiance-dans-les-nouvelles","status":"publish","type":"page","link":"https:\/\/cjf-fjc.ca\/fr\/les-quebecois-sur-la-connaissance-des-vaccins-et-la-confiance-dans-les-nouvelles\/","title":{"rendered":"Les Qu\u00e9b\u00e9cois sur la connaissance des vaccins et la confiance dans les nouvelles"},"content":{"rendered":"<div class=\"wpb-content-wrapper\"><p>[vc_row][vc_column][vc_single_image image=\u00a0\u00bb19037&Prime; img_size=\u00a0\u00bbfull\u00a0\u00bb alignment=\u00a0\u00bbcenter\u00a0\u00bb][vc_column_text]<\/p>\n<p align=\"center\"><b><span lang=\"FR-CA\" xml:lang=\"FR-CA\">Selon la Fondation pour le journalisme canadien, les Qu\u00e9b\u00e9cois sont les plus confiants dans leur capacit\u00e9 \u00e0 rep\u00e9rer les fausses nouvelles, mais ils obtiennent les pointages les plus bas au test de la culture de l&rsquo;information<\/span><\/b><\/p>\n<p align=\"center\"><i><span lang=\"FR-CA\" xml:lang=\"FR-CA\">Moins du tiers des Qu\u00e9b\u00e9cois ont obtenu la note de A lors d\u2019un questionnaire, et un Qu\u00e9b\u00e9cois sur quatre n\u2019a pas r\u00e9ussi le test<\/span><\/i><\/p>\n<p><b><span lang=\"FR-CA\" xml:lang=\"FR-CA\">TORONTO (26 mai 2021)\u00a0<\/span><\/b><span lang=\"FR-CA\" xml:lang=\"FR-CA\">Selon un nouveau<span style=\"color: #7f0308;\">\u00a0<\/span><\/span><span style=\"color: #7f0308;\"><a style=\"color: #7f0308;\" href=\"https:\/\/cjf-fjc.ca\/sites\/default\/files\/CJF%20Keep%20Truth%20Well%20-%20Summary%20Research%20Report.pdf\">sondage<\/a><\/span><span lang=\"FR-CA\" xml:lang=\"FR-CA\"><span style=\"color: #7f0308;\">\u00a0<\/span>de la Fondation pour le journalisme canadien (FJC), les Qu\u00e9b\u00e9cois sont les plus confiants parmi les Canadiens quant \u00e0 leur capacit\u00e9 \u00e0 identifier les fausses nouvelles. En outre, parmi les Canadiens, ils sont les plus susceptibles de regarder ou de lire les nouvelles quotidiennement, et ils accordent la plus grande confiance aux journalistes et aux politiciens lorsqu&rsquo;il s&rsquo;agit de nouvelles sur la COVID-19 et les vaccins.\u00a0 Cependant, les Qu\u00e9b\u00e9cois disent aussi qu&rsquo;ils se sentent le moins inform\u00e9s sur les effets secondaires du vaccin, par rapport aux autres provinces.<\/span><\/p>\n<p><span lang=\"FR-CA\" xml:lang=\"FR-CA\">\u00ab La confiance dans les nouvelles est devenue une question de sant\u00e9 publique \u00bb, a d\u00e9clar\u00e9 Kathy English, pr\u00e9sidente du conseil d&rsquo;administration de la FJC.\u00a0 \u00ab La d\u00e9sinformation sur les vaccins est facilement disponible en ligne, mais les journalistes fournissent de l&rsquo;information digne de confiance qui peut \u00e9clairer les d\u00e9cisions qui sauvent des vies. \u00bb<\/span><\/p>\n<p><span lang=\"FR-CA\" xml:lang=\"FR-CA\">Le sondage de la FCJ comprenait un questionnaire visant \u00e0 mesurer la croyance des gens en certaines des plus importantes fausset\u00e9s v\u00e9hicul\u00e9es sur la COVID-19 et le vaccin. Les Qu\u00e9b\u00e9cois \u00e9taient les moins susceptibles d&rsquo;obtenir un A (au moins 10 questions correctes sur 12) comparativement \u00e0 toute autre r\u00e9gion du Canada, et plus d&rsquo;un quart des Qu\u00e9b\u00e9cois ont \u00e9chou\u00e9 au test.\u00a0 Seuls 28 % des Canadiens ont obtenu la note de A.<\/span><\/p>\n<p><span lang=\"FR-CA\" xml:lang=\"FR-CA\">\u00ab Notre recherche montre que les personnes qui font confiance aux m\u00e9dias et aux journalistes sont mieux inform\u00e9es des avantages des vaccins contre la COVID-19 que celles qui se m\u00e9fient des m\u00e9dias et obtiennent leurs informations d&rsquo;autres sources \u00bb, a d\u00e9clar\u00e9 Natalie Turvey, pr\u00e9sidente et directrice g\u00e9n\u00e9rale de la FJC. \u00ab De plus, nous avons constat\u00e9 que 83 % des personnes qui ont obtenu les meilleurs r\u00e9sultats au questionnaire font confiance aux journalistes pour leur donner de l&rsquo;information sur la COVID et les vaccins, ce qui indique que leur niveau de culture de l&rsquo;information est \u00e9lev\u00e9. \u00bb<\/span><\/p>\n<p><span lang=\"FR-CA\" xml:lang=\"FR-CA\">L&rsquo;\u00e9tude a montr\u00e9 que 64 % des Qu\u00e9b\u00e9cois se feront vacciner contre la COVID d\u00e8s que le vaccin sera disponible (ce qui est plus \u00e9lev\u00e9 que le taux national, puisque 61 % des Canadiens ont d\u00e9clar\u00e9 qu&rsquo;ils se feraient vacciner imm\u00e9diatement contre le coronavirus).\u00a0 Huit pour cent des Qu\u00e9b\u00e9cois disent qu&rsquo;ils ne se feront jamais vacciner. En comparaison, c&rsquo;est en Alberta que l&rsquo;on trouve le plus grand nombre de personnes qui ne se feront jamais vacciner (13 pour cent).<\/span><\/p>\n<p><b><span lang=\"FR-CA\" xml:lang=\"FR-CA\">Des diff\u00e9rences d\u2019un bout \u00e0 l\u2019autre du pays<\/span><\/b><\/p>\n<ul>\n<li><span lang=\"FR-CA\" xml:lang=\"FR-CA\">Les Qu\u00e9b\u00e9cois sont plus susceptibles de faire confiance aux journalistes (72 %) et aux politiciens lorsqu&rsquo;il s&rsquo;agit de nouvelles concernant la COVID-19 et le vaccin. Les Prairies et l&rsquo;Alberta ont le moins confiance dans les politiciens et les autorit\u00e9s gouvernementales.\u00a0<\/span><\/li>\n<li><span lang=\"FR-CA\" xml:lang=\"FR-CA\">Les Albertains se disent les moins inform\u00e9s sur le coronavirus. Cependant, ils sont les mieux inform\u00e9s sur les effets secondaires du vaccin (77 %). Les Ontariens sont \u00e9galement bien inform\u00e9s \u00e0 ce sujet (74 %), tandis que les Qu\u00e9b\u00e9cois disent en savoir le moins (63 %).<\/span><\/li>\n<li><span lang=\"FR-CA\" xml:lang=\"FR-CA\">Les Qu\u00e9b\u00e9cois sont les plus susceptibles de consommer des nouvelles quotidiennement (75 %), principalement \u00e0 la t\u00e9l\u00e9vision (56 %), mais ils sont \u00e9galement plus susceptibles de lire les sites Web des journaux (36 %) et les messages commandit\u00e9s sur les m\u00e9dias sociaux (29 %) que les habitants des autres provinces et territoires. Parmi les Canadiens, les Albertains sont les moins susceptibles de consommer des nouvelles quotidiennement (61 %).<\/span><\/li>\n<li><span lang=\"FR-CA\" xml:lang=\"FR-CA\">Les Albertains sont plus susceptibles de dire qu&rsquo;ils ont partag\u00e9 de fausses nouvelles (18 %), tandis que les Ontariens et les Qu\u00e9b\u00e9cois sont les moins susceptibles de ce faire (13 % et 14 % respectivement).<\/span><\/li>\n<li><span lang=\"FR-CA\" xml:lang=\"FR-CA\">Les Qu\u00e9b\u00e9cois sont les plus confiants dans leur capacit\u00e9 \u00e0 rep\u00e9rer les fausses nouvelles (76 %), tandis que les Britanno-Colombiens sont les moins confiants (63 %).<\/span><\/li>\n<\/ul>\n<p><span lang=\"FR-CA\" xml:lang=\"FR-CA\">Ce sondage a \u00e9t\u00e9 r\u00e9alis\u00e9 par Pollara Strategic Insights pour le compte de la FJC. Le sondage a \u00e9t\u00e9 effectu\u00e9 en ligne aupr\u00e8s d&rsquo;un \u00e9chantillon fiable et al\u00e9atoire de 2 013 r\u00e9sidents canadiens adultes (18 ans et plus) entre le 3 et le 9 mars 2021. Il comporte une marge d&rsquo;erreur de \u00b1 2,2 %.<\/span><\/p>\n<p><span lang=\"FR-CA\" xml:lang=\"FR-CA\">\u00ab Bien qu&rsquo;il y ait de nettes diff\u00e9rences r\u00e9gionales, ce qui nous saute vraiment aux yeux, c&rsquo;est l&rsquo;importance pour les Canadiens d&rsquo;obtenir leurs nouvelles de sources cr\u00e9dibles et de v\u00e9rifier les faits qu&rsquo;ils voient \u00bb, a d\u00e9clar\u00e9 Craig Worden, pr\u00e9sident de Pollara Strategic Insights. \u00ab L&rsquo;endroit o<\/span><span lang=\"FR-CA\" xml:lang=\"FR-CA\">\u00f9<\/span><span lang=\"FR-CA\" xml:lang=\"FR-CA\">\u00a0les Canadiens obtiennent leurs informations, et la fa\u00e7on de les obtenir, en particulier sur la COVID-19 et les vaccins, ont, de toute \u00e9vidence, un impact sur leur comportement. \u00bb<\/span><\/p>\n<p><span lang=\"FR-CA\" xml:lang=\"FR-CA\">\u00ab Nous avons vu dans le pass\u00e9 des recherches qui sugg\u00e8rent que la culture de l\u2019information chez les Canadiens est \u00e0 la hausse, et ceci est certainement encourageant \u00bb, de dire Natalie Turvey. \u00ab Gr\u00e2ce \u00e0 leur confiance accrue dans les nouvelles, les Canadiens sont beaucoup plus conscients des dangers des fausses nouvelles et de la n\u00e9cessit\u00e9 de rechercher des sources de nouvelles cr\u00e9dibles et de v\u00e9rifier les faits qu&rsquo;ils voient. Il y a encore du travail \u00e0 faire pour combattre la d\u00e9sinformation, mais la progression est encourageante.\u00a0\u00bb<\/span><\/p>\n<p><b>\u00c0 propos de la Fondation pour le journalisme canadien<\/b><br \/>\nFond\u00e9e en 1990,\u00a0<span style=\"color: #7f0308;\"><a style=\"color: #7f0308;\" href=\"http:\/\/cjf-fjc.ca\/fr\">la Fondation pour le journalisme canadien<\/a>\u00a0<\/span>fait la promotion, souligne et encourage l&rsquo;excellence en journalisme.\u00a0 Elle administre un prestigieux programme annuel de prix et de bourses d&rsquo;\u00e9tudes qui comprend un gala de l&rsquo;industrie o\u00f9 des chefs de file de l&rsquo;information, des journalistes et des entreprises canadiennes se r\u00e9unissent pour rendre hommage \u00e0 des r\u00e9alisations journalistiques exceptionnelles et \u00e0 la qualit\u00e9 du journalisme professionnel.\u00a0 Gr\u00e2ce \u00e0 ses conf\u00e9rences J-Talks, une s\u00e9rie de conf\u00e9rences publiques pr\u00e9sent\u00e9es chaque mois, la FJC facilite le dialogue entre les journalistes, les gens d&rsquo;affaires, les universitaires et les \u00e9tudiants sur le r\u00f4le des m\u00e9dias dans la soci\u00e9t\u00e9 canadienne et les d\u00e9fis auxquels font face les m\u00e9dias \u00e0 l&rsquo;\u00e8re num\u00e9rique. La FJC encourage \u00e9galement l&rsquo;enseignement, la formation et la recherche dans le domaine du journalisme.<\/p>\n<p>Pour de plus amples renseignements ou pour une entrevue avec un repr\u00e9sentant de la FJC :<\/p>\n<p>Jeri Brown, Media Profile<\/p>\n<p><span style=\"color: #7f0308;\"><a style=\"color: #7f0308;\" href=\"mailto:Jeri.brown@mediaprofile.com\">Jeri.brown@mediaprofile.com<\/a><\/span><\/p>\n<p><span lang=\"FR-CA\" xml:lang=\"FR-CA\">416-455-7188<\/span><\/p>\n<p><span lang=\"FR-CA\" xml:lang=\"FR-CA\">Natalie Turvey,\u00a0<\/span>Pr\u00e9sidente et directrice g\u00e9n\u00e9rale<br \/>\nLa Fondation pour le journalisme canadien <span style=\"color: #7f0308;\"><a style=\"color: #7f0308;\" href=\"mailto:nturvey@cjf-fjc.ca\">nturvey@cjf-fjc.ca<\/a><\/span>[\/vc_column_text][\/vc_column][\/vc_row]<\/p>\n<\/div>","protected":false},"excerpt":{"rendered":"<p>[vc_row][vc_column][vc_single_image image=\u00a0\u00bb19037&Prime; img_size=\u00a0\u00bbfull\u00a0\u00bb alignment=\u00a0\u00bbcenter\u00a0\u00bb][vc_column_text] Selon la Fondation pour le journalisme canadien, les Qu\u00e9b\u00e9cois sont les plus confiants dans leur capacit\u00e9 \u00e0 rep\u00e9rer les fausses nouvelles, mais ils obtiennent les pointages [&hellip;]<\/p>\n","protected":false},"author":9,"featured_media":0,"parent":0,"menu_order":0,"comment_status":"closed","ping_status":"closed","template":"","meta":{"_acf_changed":false,"footnotes":""},"class_list":["post-19031","page","type-page","status-publish","hentry"],"acf":[],"_links":{"self":[{"href":"https:\/\/cjf-fjc.ca\/fr\/wp-json\/wp\/v2\/pages\/19031","targetHints":{"allow":["GET"]}}],"collection":[{"href":"https:\/\/cjf-fjc.ca\/fr\/wp-json\/wp\/v2\/pages"}],"about":[{"href":"https:\/\/cjf-fjc.ca\/fr\/wp-json\/wp\/v2\/types\/page"}],"author":[{"embeddable":true,"href":"https:\/\/cjf-fjc.ca\/fr\/wp-json\/wp\/v2\/users\/9"}],"replies":[{"embeddable":true,"href":"https:\/\/cjf-fjc.ca\/fr\/wp-json\/wp\/v2\/comments?post=19031"}],"version-history":[{"count":4,"href":"https:\/\/cjf-fjc.ca\/fr\/wp-json\/wp\/v2\/pages\/19031\/revisions"}],"predecessor-version":[{"id":19385,"href":"https:\/\/cjf-fjc.ca\/fr\/wp-json\/wp\/v2\/pages\/19031\/revisions\/19385"}],"wp:attachment":[{"href":"https:\/\/cjf-fjc.ca\/fr\/wp-json\/wp\/v2\/media?parent=19031"}],"curies":[{"name":"wp","href":"https:\/\/api.w.org\/{rel}","templated":true}]}}