{"id":18877,"date":"2022-02-02T10:37:53","date_gmt":"2022-02-02T15:37:53","guid":{"rendered":"https:\/\/cjf-fjc.ca\/cjf-supporters\/"},"modified":"2024-06-25T15:58:28","modified_gmt":"2024-06-25T19:58:28","slug":"commanditaires","status":"publish","type":"page","link":"https:\/\/cjf-fjc.ca\/fr\/commanditaires\/","title":{"rendered":"Commanditaires"},"content":{"rendered":"<div class=\"wpb-content-wrapper\"><p>[vc_row][vc_column]<div style=\"background-color:;height: 40px\" class=\"nicdark_section  \"><\/div><div style=\"background-color:;height: 20px\" class=\"nicdark_section  \"><\/div>[\/vc_column][\/vc_row][vc_row][vc_column width=\u00a0\u00bb2\/3&Prime;] <h2 style=\"color:#0a0a0a;padding:px;text-align:;font-size:36px;line-height:px;letter-spacing: px;font-weight:bold\" class=\"  h2heading  \">Un grand merci \u00e0 tous nos commanditaires et supporters<\/h2> <div style=\"background-color:;height: 20px\" class=\"nicdark_section  \"><\/div>[vc_column_text]La fondation pour le journalisme canadien b\u00e9n\u00e9ficie d\u2019une aide financi\u00e8re en provenance de la part de membres des m\u00e9dias, de diverse soci\u00e9t\u00e9s et de son gala annuel. La fondation ne re\u00e7oit aucune subvention de la part du public, mais invite \u00e0 l\u2019occasion le gouvernement \u00e0 parrainer des \u00e9v\u00e9nements de d\u00e9veloppement professionnels selon ce que c\u2019est appropri\u00e9. Cela a notamment men\u00e9 \u00e0 des soir\u00e9es portant sur les th\u00e8mes de la justice, de la sant\u00e9, et des peuples autochtones.[\/vc_column_text][\/vc_column][vc_column width=\u00a0\u00bb1\/3&Prime;] <h3 style=\"color:#7f0308;padding:px;text-align:center;font-size:40px;line-height:40px;letter-spacing: px;font-weight:\" class=\"   nd_options_second_font \">Soutenez un meilleur journalisme.<\/h3> \n\t<div class=\"nd_options_section nd_options_text_align_center\">\n\t<a style=\"border: px solid;border-radius:30px;letter-spacing:px;line-height:px;font-size:px;background-color:#7f0308;padding:15px 35px;margin:20px;color:#ffffff\" rel=\"\" href=\"https:\/\/cjf-fjc.ca\/donate\/\" class=\"nicdark_display_inline_block    redbtn \">DONATE<\/a>\n\t<\/div>\n[\/vc_column][\/vc_row][vc_row][vc_column]<div style=\"background-color:;height: 40px\" class=\"nicdark_section  \"><\/div> <h3 style=\"color:#0a0a0a;padding:px;text-align:center;font-size:36px;line-height:px;letter-spacing: px;font-weight:bold\" class=\"    \">COMMANDITAIRE FONDATEUR<\/h3> <div style=\"background-color:;height: 20px\" class=\"nicdark_section  \"><\/div>[vc_separator color=\u00a0\u00bbcustom\u00a0\u00bb accent_color=\u00a0\u00bb#221e1f\u00a0\u00bb][vc_single_image image=\u00a0\u00bb17463&Prime; img_size=\u00a0\u00bbmedium\u00a0\u00bb alignment=\u00a0\u00bbcenter\u00a0\u00bb][\/vc_column][\/vc_row][vc_row][vc_column]<div style=\"background-color:;height: 100px\" class=\"nicdark_section  \"><\/div> <h3 style=\"color:#0a0a0a;padding:px;text-align:center;font-size:36px;line-height:px;letter-spacing: px;font-weight:bold\" class=\"    \">PLATINE<\/h3> <div style=\"background-color:;height: 20px\" class=\"nicdark_section  \"><\/div>[vc_separator color=\u00a0\u00bbcustom\u00a0\u00bb accent_color=\u00a0\u00bb#221e1f\u00a0\u00bb][vc_row_inner][vc_column_inner width=\u00a0\u00bb1\/4&Prime;][vc_single_image image=\u00a0\u00bb17478&Prime; img_size=\u00a0\u00bbmedium\u00a0\u00bb alignment=\u00a0\u00bbcenter\u00a0\u00bb][vc_single_image image=\u00a0\u00bb17481&Prime; img_size=\u00a0\u00bbfull\u00a0\u00bb alignment=\u00a0\u00bbcenter\u00a0\u00bb][\/vc_column_inner][vc_column_inner width=\u00a0\u00bb1\/4&Prime;][vc_single_image image=\u00a0\u00bb17479&Prime; img_size=\u00a0\u00bbmedium\u00a0\u00bb alignment=\u00a0\u00bbcenter\u00a0\u00bb][vc_single_image image=\u00a0\u00bb17482&Prime; img_size=\u00a0\u00bbfull\u00a0\u00bb alignment=\u00a0\u00bbcenter\u00a0\u00bb][\/vc_column_inner][vc_column_inner width=\u00a0\u00bb1\/4&Prime;][vc_single_image image=\u00a0\u00bb17486&Prime; img_size=\u00a0\u00bbmedium\u00a0\u00bb alignment=\u00a0\u00bbcenter\u00a0\u00bb][vc_single_image image=\u00a0\u00bb17485&Prime; img_size=\u00a0\u00bbfull\u00a0\u00bb alignment=\u00a0\u00bbcenter\u00a0\u00bb][\/vc_column_inner][vc_column_inner width=\u00a0\u00bb1\/4&Prime;]\n    <div style=\"text-align:center\" class=\"nd_options_section\">\n      <img decoding=\"async\" alt=\"\" style=\"width:80%\" class=\" nd_options_margin_0 nd_options_padding_0 \" src=\"https:\/\/cjf-fjc.ca\/wp-content\/uploads\/Intact-2-1024x596.png\">\n    <\/div>\n   \n    <div style=\"text-align:center\" class=\"nd_options_section\">\n      <img decoding=\"async\" alt=\"\" style=\"width:90%\" class=\" nd_options_margin_0 nd_options_padding_0 \" src=\"https:\/\/cjf-fjc.ca\/wp-content\/uploads\/CBC-1-1024x596.png\">\n    <\/div>\n   [\/vc_column_inner][\/vc_row_inner][\/vc_column][\/vc_row][vc_row][vc_column]<div style=\"background-color:;height: 100px\" class=\"nicdark_section  \"><\/div> <h3 style=\"color:#0a0a0a;padding:px;text-align:center;font-size:36px;line-height:px;letter-spacing: px;font-weight:bold\" class=\"    \">OR<\/h3> <div style=\"background-color:;height: 20px\" class=\"nicdark_section  \"><\/div>[vc_separator color=\u00a0\u00bbcustom\u00a0\u00bb accent_color=\u00a0\u00bb#221e1f\u00a0\u00bb][vc_row_inner][vc_column_inner width=\u00a0\u00bb1\/4&Prime;]\n    <div style=\"text-align:center\" class=\"nd_options_section\">\n      <img decoding=\"async\" alt=\"\" style=\"width:\" class=\" nd_options_margin_0 nd_options_padding_0 \" src=\"https:\/\/cjf-fjc.ca\/wp-content\/uploads\/Rogers130x130.png\">\n    <\/div>\n   [\/vc_column_inner][vc_column_inner width=\u00a0\u00bb1\/4&Prime;]\n    <div style=\"text-align:center\" class=\"nd_options_section\">\n      <img decoding=\"async\" alt=\"\" style=\"width:\" class=\" nd_options_margin_0 nd_options_padding_0 \" src=\"https:\/\/cjf-fjc.ca\/wp-content\/uploads\/unifor130x130.png\">\n    <\/div>\n   [\/vc_column_inner][vc_column_inner width=\u00a0\u00bb1\/4&Prime;]\n    <div style=\"text-align:center\" class=\"nd_options_section\">\n      <img decoding=\"async\" alt=\"\" style=\"width:80%\" class=\" nd_options_margin_0 nd_options_padding_0 \" src=\"https:\/\/cjf-fjc.ca\/wp-content\/uploads\/media-1024x596.png\">\n    <\/div>\n   [\/vc_column_inner][\/vc_row_inner][\/vc_column][\/vc_row][vc_row][vc_column]<div style=\"background-color:;height: 100px\" class=\"nicdark_section  \"><\/div> <h3 style=\"color:#0a0a0a;padding:px;text-align:center;font-size:36px;line-height:px;letter-spacing: px;font-weight:bold\" class=\"    \">SOUTIENS EN NATURE<\/h3> <div style=\"background-color:;height: 20px\" class=\"nicdark_section  \"><\/div>[vc_separator color=\u00a0\u00bbcustom\u00a0\u00bb accent_color=\u00a0\u00bb#221e1f\u00a0\u00bb][vc_row_inner css=\u00a0\u00bb.vc_custom_1645214342713{margin-bottom: 80px !important;}\u00a0\u00bb][vc_column_inner width=\u00a0\u00bb1\/4&Prime;][vc_single_image image=\u00a0\u00bb17494&Prime; img_size=\u00a0\u00bbfull\u00a0\u00bb alignment=\u00a0\u00bbcenter\u00a0\u00bb]\n    <div style=\"text-align:center\" class=\"nd_options_section\">\n      <img decoding=\"async\" alt=\"\" style=\"width:80%\" class=\" nd_options_margin_0 nd_options_padding_0 \" src=\"https:\/\/cjf-fjc.ca\/wp-content\/uploads\/In-Kind-4.-Cision_logo-1024x303.png\">\n    <\/div>\n   [\/vc_column_inner][vc_column_inner width=\u00a0\u00bb1\/4&Prime;][vc_single_image image=\u00a0\u00bb17495&Prime; img_size=\u00a0\u00bbfull\u00a0\u00bb alignment=\u00a0\u00bbcenter\u00a0\u00bb]\n    <div style=\"text-align:center\" class=\"nd_options_section\">\n      <img decoding=\"async\" alt=\"\" style=\"width:80%\" class=\" nd_options_margin_0 nd_options_padding_0 \" src=\"https:\/\/cjf-fjc.ca\/wp-content\/uploads\/cbc-news.png\">\n    <\/div>\n   [\/vc_column_inner][vc_column_inner width=\u00a0\u00bb1\/4&Prime;][vc_single_image image=\u00a0\u00bb17493&Prime; img_size=\u00a0\u00bbfull\u00a0\u00bb alignment=\u00a0\u00bbcenter\u00a0\u00bb][vc_single_image image=\u00a0\u00bb17496&Prime; img_size=\u00a0\u00bbfull\u00a0\u00bb alignment=\u00a0\u00bbcenter\u00a0\u00bb][\/vc_column_inner][vc_column_inner width=\u00a0\u00bb1\/4&Prime;][vc_single_image image=\u00a0\u00bb17502&Prime; img_size=\u00a0\u00bbfull\u00a0\u00bb alignment=\u00a0\u00bbcenter\u00a0\u00bb]\n    <div style=\"text-align:center\" class=\"nd_options_section\">\n      <img decoding=\"async\" alt=\"\" style=\"width:80%\" class=\" nd_options_margin_0 nd_options_padding_0 \" src=\"https:\/\/cjf-fjc.ca\/wp-content\/uploads\/Porter_Airlines_91-1024x536.png\">\n    <\/div>\n   [\/vc_column_inner][\/vc_row_inner][\/vc_column][\/vc_row][vc_row full_width=\u00a0\u00bbstretch_row\u00a0\u00bb css=\u00a0\u00bb.vc_custom_1645216935788{padding-top: 20px !important;padding-bottom: 20px !important;background-image: url(https:\/\/cjf-fjc.ca\/wp-content\/uploads\/background-1.png?id=1706) !important;background-position: center !important;background-repeat: no-repeat !important;background-size: cover !important;}\u00a0\u00bb][vc_column width=\u00a0\u00bb1\/2&Prime;][\/vc_column][vc_column width=\u00a0\u00bb1\/2&Prime;] <h4 style=\"color:#ffffff;padding:px;text-align:center;font-size:20px;line-height:px;letter-spacing: px;font-weight:\" class=\"  text3 nd_options_second_font \">Soutenez un meilleur journalisme.<\/h4>  <h3 style=\"color:#ffffff;padding:px;text-align:center;font-size:40px;line-height:40px;letter-spacing: px;font-weight:\" class=\"   nd_options_second_font \">Soutenez la Fondation pour le journalisme canadien.<\/h3> \n\t<div class=\"nd_options_section nd_options_text_align_center\">\n\t<a style=\"border: px solid;border-radius:30px;letter-spacing:px;line-height:px;font-size:px;background-color:#ffffff;padding:15px 35px;margin:20px;color:#7f0308\" rel=\"\" href=\"https:\/\/cjf-fjc.ca\/donate\/\" class=\"nicdark_display_inline_block    redbtn \">FAIRE UN DON<\/a>\n\t<\/div>\n[\/vc_column][\/vc_row]<\/p>\n<\/div>","protected":false},"excerpt":{"rendered":"<p>[vc_row][vc_column][\/vc_column][\/vc_row][vc_row][vc_column width=\u00a0\u00bb2\/3&Prime;][vc_column_text]La fondation pour le journalisme canadien b\u00e9n\u00e9ficie d\u2019une aide financi\u00e8re en provenance de la part de membres des m\u00e9dias, de diverse soci\u00e9t\u00e9s et de son gala annuel. La fondation [&hellip;]<\/p>\n","protected":false},"author":9,"featured_media":0,"parent":0,"menu_order":0,"comment_status":"closed","ping_status":"closed","template":"","meta":{"_acf_changed":false,"footnotes":""},"class_list":["post-18877","page","type-page","status-publish","hentry"],"acf":[],"_links":{"self":[{"href":"https:\/\/cjf-fjc.ca\/fr\/wp-json\/wp\/v2\/pages\/18877","targetHints":{"allow":["GET"]}}],"collection":[{"href":"https:\/\/cjf-fjc.ca\/fr\/wp-json\/wp\/v2\/pages"}],"about":[{"href":"https:\/\/cjf-fjc.ca\/fr\/wp-json\/wp\/v2\/types\/page"}],"author":[{"embeddable":true,"href":"https:\/\/cjf-fjc.ca\/fr\/wp-json\/wp\/v2\/users\/9"}],"replies":[{"embeddable":true,"href":"https:\/\/cjf-fjc.ca\/fr\/wp-json\/wp\/v2\/comments?post=18877"}],"version-history":[{"count":10,"href":"https:\/\/cjf-fjc.ca\/fr\/wp-json\/wp\/v2\/pages\/18877\/revisions"}],"predecessor-version":[{"id":22971,"href":"https:\/\/cjf-fjc.ca\/fr\/wp-json\/wp\/v2\/pages\/18877\/revisions\/22971"}],"wp:attachment":[{"href":"https:\/\/cjf-fjc.ca\/fr\/wp-json\/wp\/v2\/media?parent=18877"}],"curies":[{"name":"wp","href":"https:\/\/api.w.org\/{rel}","templated":true}]}}