{"id":18832,"date":"2022-04-27T12:37:40","date_gmt":"2022-04-27T16:37:40","guid":{"rendered":"https:\/\/cjf-fjc.ca\/the-landsberg-award-jury\/"},"modified":"2024-08-01T17:02:17","modified_gmt":"2024-08-01T21:02:17","slug":"les-membres-du-jury","status":"publish","type":"page","link":"https:\/\/cjf-fjc.ca\/fr\/les-membres-du-jury\/","title":{"rendered":"Les membres du jury &#8211; Le prix Landsberg"},"content":{"rendered":"<div class=\"wpb-content-wrapper\"><p>[vc_row][vc_column][vc_column_text css=\u00a0\u00bb\u00a0\u00bb]<\/p>\n<h4><strong>2024 Jury<\/strong><\/h4>\n<p>[\/vc_column_text][\/vc_column][\/vc_row][vc_row css=\u00a0\u00bb.vc_custom_1651071790151{margin-bottom: 30px !important;}\u00a0\u00bb][vc_column][vc_column_text css=\u00a0\u00bb\u00a0\u00bb]<strong><img loading=\"lazy\" decoding=\"async\" class=\"wp-image-15510 alignleft\" src=\"https:\/\/cjf-fjc.ca\/wp-content\/uploads\/Sally_Armstrong_crop.jpeg\" alt=\"\" width=\"127\" height=\"124\" \/>Pr\u00e9sidente &#8211; Sally Armstrong<br \/>\n<\/strong>Journaliste, militante des droits de la personne et auteure[\/vc_column_text][\/vc_column][\/vc_row][vc_row css=\u00a0\u00bb.vc_custom_1651071790151{margin-bottom: 30px !important;}\u00a0\u00bb][vc_column][vc_column_text css=\u00a0\u00bb\u00a0\u00bb]<img loading=\"lazy\" decoding=\"async\" class=\"wp-image-15512 alignleft\" src=\"https:\/\/cjf-fjc.ca\/wp-content\/uploads\/DENISE_BALKISSOON_100px.jpeg\" alt=\"\" width=\"114\" height=\"120\" \/><\/p>\n<p><b>Denise Balkissoon<\/b><br \/>\nChef du bureau de l&rsquo;Ontario, <em>The Narwhal<\/em>[\/vc_column_text][\/vc_column][\/vc_row][vc_row css=\u00a0\u00bb.vc_custom_1651071790151{margin-bottom: 30px !important;}\u00a0\u00bb][vc_column][vc_column_text css=\u00a0\u00bb\u00a0\u00bb]<strong><img loading=\"lazy\" decoding=\"async\" class=\"wp-image-15513 alignleft\" src=\"https:\/\/cjf-fjc.ca\/wp-content\/uploads\/michele_landsberg_crop-300x280.jpeg\" alt=\"\" width=\"123\" height=\"114\" srcset=\"https:\/\/cjf-fjc.ca\/wp-content\/uploads\/michele_landsberg_crop-300x280.jpeg 300w, https:\/\/cjf-fjc.ca\/wp-content\/uploads\/michele_landsberg_crop.jpeg 424w\" sizes=\"auto, (max-width: 123px) 100vw, 123px\" \/><b>Michele Landsberg<\/b><br \/>\n<\/strong>Journaliste, auteure, f\u00e9ministe et d\u00e9fenseure de la justice sociale<\/p>\n<p>&nbsp;[\/vc_column_text][\/vc_column][\/vc_row][vc_row css=\u00a0\u00bb.vc_custom_1651078023710{margin-bottom: 30px !important;}\u00a0\u00bb][vc_column][vc_column_text css=\u00a0\u00bb\u00a0\u00bb]<strong><img loading=\"lazy\" decoding=\"async\" class=\" wp-image-22642 alignleft\" src=\"https:\/\/cjf-fjc.ca\/wp-content\/uploads\/Suzanne-Duncan-300x300.jpeg\" alt=\"\" width=\"124\" height=\"124\" srcset=\"https:\/\/cjf-fjc.ca\/wp-content\/uploads\/Suzanne-Duncan-300x300.jpeg 300w, https:\/\/cjf-fjc.ca\/wp-content\/uploads\/Suzanne-Duncan-150x150.jpeg 150w, https:\/\/cjf-fjc.ca\/wp-content\/uploads\/Suzanne-Duncan-24x24.jpeg 24w, https:\/\/cjf-fjc.ca\/wp-content\/uploads\/Suzanne-Duncan-36x36.jpeg 36w, https:\/\/cjf-fjc.ca\/wp-content\/uploads\/Suzanne-Duncan-48x48.jpeg 48w, https:\/\/cjf-fjc.ca\/wp-content\/uploads\/Suzanne-Duncan.jpeg 696w\" sizes=\"auto, (max-width: 124px) 100vw, 124px\" \/><\/strong><b><strong>Suzanne Duncan<\/strong><\/b><br \/>\n<span lang=\"FR-CA\" xml:lang=\"FR-CA\">Pr\u00e9sidente et directrice g\u00e9n\u00e9rale par int\u00e9rim, Fondation canadienne des femmes<\/span><\/p>\n<p><strong>\u00a0<\/strong>[\/vc_column_text][\/vc_column][\/vc_row][vc_row css=\u00a0\u00bb.vc_custom_1651071790151{margin-bottom: 30px !important;}\u00a0\u00bb][vc_column][vc_column_text css=\u00a0\u00bb\u00a0\u00bb]<strong><img loading=\"lazy\" decoding=\"async\" class=\"wp-image-22644 alignleft\" src=\"https:\/\/cjf-fjc.ca\/wp-content\/uploads\/EricaIfill.jpeg\" alt=\"\" width=\"156\" height=\"87\" srcset=\"https:\/\/cjf-fjc.ca\/wp-content\/uploads\/EricaIfill.jpeg 300w, https:\/\/cjf-fjc.ca\/wp-content\/uploads\/EricaIfill-24x13.jpeg 24w, https:\/\/cjf-fjc.ca\/wp-content\/uploads\/EricaIfill-36x20.jpeg 36w, https:\/\/cjf-fjc.ca\/wp-content\/uploads\/EricaIfill-48x27.jpeg 48w\" sizes=\"auto, (max-width: 156px) 100vw, 156px\" \/><\/strong><\/p>\n<p><strong>Erica Ifill<\/strong><br \/>\nJournaliste et \u00e9conomiste anti-oppression, chroniqueur au <em>The Hill Times<\/em>, fondateur et co-animateur du podcast <em>Bad + Bitchy<\/em>, directeur des politiques chez <em>Not In My Color<\/em>[\/vc_column_text][\/vc_column][\/vc_row][vc_row css=\u00a0\u00bb.vc_custom_1651071790151{margin-bottom: 30px !important;}\u00a0\u00bb][vc_column][vc_column_text css=\u00a0\u00bb\u00a0\u00bb]<strong><img loading=\"lazy\" decoding=\"async\" class=\"wp-image-22646 alignleft\" src=\"https:\/\/cjf-fjc.ca\/wp-content\/uploads\/Laura-Julie-Perreault.jpeg\" alt=\"\" width=\"109\" height=\"109\" srcset=\"https:\/\/cjf-fjc.ca\/wp-content\/uploads\/Laura-Julie-Perreault.jpeg 100w, https:\/\/cjf-fjc.ca\/wp-content\/uploads\/Laura-Julie-Perreault-24x24.jpeg 24w, https:\/\/cjf-fjc.ca\/wp-content\/uploads\/Laura-Julie-Perreault-36x36.jpeg 36w, https:\/\/cjf-fjc.ca\/wp-content\/uploads\/Laura-Julie-Perreault-48x48.jpeg 48w\" sizes=\"auto, (max-width: 109px) 100vw, 109px\" \/><\/strong><\/p>\n<p><strong>Laura-Julie Perreault<\/strong><br \/>\nChroniqueuse aux affaires internationales, <em>La Presse<\/em>[\/vc_column_text][vc_column_text css=\u00a0\u00bb\u00a0\u00bb]&nbsp;<\/p>\n<p>&nbsp;<\/p>\n<p><img loading=\"lazy\" decoding=\"async\" class=\"wp-image-23319 alignleft\" src=\"https:\/\/cjf-fjc.ca\/wp-content\/uploads\/Shanelle-Kaul-254x300.jpg\" alt=\"\" width=\"119\" height=\"140\" srcset=\"https:\/\/cjf-fjc.ca\/wp-content\/uploads\/Shanelle-Kaul-254x300.jpg 254w, https:\/\/cjf-fjc.ca\/wp-content\/uploads\/Shanelle-Kaul-20x24.jpg 20w, https:\/\/cjf-fjc.ca\/wp-content\/uploads\/Shanelle-Kaul-30x36.jpg 30w, https:\/\/cjf-fjc.ca\/wp-content\/uploads\/Shanelle-Kaul-41x48.jpg 41w, https:\/\/cjf-fjc.ca\/wp-content\/uploads\/Shanelle-Kaul.jpg 458w\" sizes=\"auto, (max-width: 119px) 100vw, 119px\" \/><\/p>\n<p>&nbsp;<\/p>\n<p><strong>Shanelle Kaul<\/strong><\/p>\n<p>CBS News Correspondant[\/vc_column_text][\/vc_column][\/vc_row]<\/p>\n<\/div>","protected":false},"excerpt":{"rendered":"<p>[vc_row][vc_column][vc_column_text css=\u00a0\u00bb\u00a0\u00bb] 2024 Jury [\/vc_column_text][\/vc_column][\/vc_row][vc_row css=\u00a0\u00bb.vc_custom_1651071790151{margin-bottom: 30px !important;}\u00a0\u00bb][vc_column][vc_column_text css=\u00a0\u00bb\u00a0\u00bb]Pr\u00e9sidente &#8211; Sally Armstrong Journaliste, militante des droits de la personne et auteure[\/vc_column_text][\/vc_column][\/vc_row][vc_row css=\u00a0\u00bb.vc_custom_1651071790151{margin-bottom: 30px !important;}\u00a0\u00bb][vc_column][vc_column_text css=\u00a0\u00bb\u00a0\u00bb] Denise Balkissoon Chef du bureau [&hellip;]<\/p>\n","protected":false},"author":9,"featured_media":0,"parent":0,"menu_order":0,"comment_status":"closed","ping_status":"closed","template":"","meta":{"_acf_changed":false,"footnotes":""},"class_list":["post-18832","page","type-page","status-publish","hentry"],"acf":[],"_links":{"self":[{"href":"https:\/\/cjf-fjc.ca\/fr\/wp-json\/wp\/v2\/pages\/18832","targetHints":{"allow":["GET"]}}],"collection":[{"href":"https:\/\/cjf-fjc.ca\/fr\/wp-json\/wp\/v2\/pages"}],"about":[{"href":"https:\/\/cjf-fjc.ca\/fr\/wp-json\/wp\/v2\/types\/page"}],"author":[{"embeddable":true,"href":"https:\/\/cjf-fjc.ca\/fr\/wp-json\/wp\/v2\/users\/9"}],"replies":[{"embeddable":true,"href":"https:\/\/cjf-fjc.ca\/fr\/wp-json\/wp\/v2\/comments?post=18832"}],"version-history":[{"count":7,"href":"https:\/\/cjf-fjc.ca\/fr\/wp-json\/wp\/v2\/pages\/18832\/revisions"}],"predecessor-version":[{"id":23322,"href":"https:\/\/cjf-fjc.ca\/fr\/wp-json\/wp\/v2\/pages\/18832\/revisions\/23322"}],"wp:attachment":[{"href":"https:\/\/cjf-fjc.ca\/fr\/wp-json\/wp\/v2\/media?parent=18832"}],"curies":[{"name":"wp","href":"https:\/\/api.w.org\/{rel}","templated":true}]}}