{"id":18822,"date":"2022-05-10T15:31:45","date_gmt":"2022-05-10T19:31:45","guid":{"rendered":"https:\/\/cjf-fjc.ca\/the-board\/"},"modified":"2024-07-29T15:01:58","modified_gmt":"2024-07-29T19:01:58","slug":"conseil-dadministration","status":"publish","type":"page","link":"https:\/\/cjf-fjc.ca\/fr\/conseil-dadministration\/","title":{"rendered":"Conseil d&rsquo;administration"},"content":{"rendered":"<div class=\"wpb-content-wrapper\"><p>[vc_row][vc_column][\/vc_column][\/vc_row][vc_row css=\u00a0\u00bb.vc_custom_1660315454306{border-radius: 1px !important;}\u00a0\u00bb][vc_column width=\u00a0\u00bb1\/3&Prime;][vc_column_text]<\/p>\n<p style=\"text-align: center;\"><u>Pr\u00e9sidente<\/u><br \/>\n<b>Kathy English<\/b><br \/>\n<em>Journaliste chevronn\u00e9e<\/em>[\/vc_column_text][vc_column_text css=\u00a0\u00bb\u00a0\u00bb]<\/p>\n<p style=\"text-align: center;\"><u>Vice Chair<\/u><br \/>\n<b>Angela Pacienza<\/b><br \/>\n<i>Executive Editor<\/i><br \/>\nThe Globe and Mail<\/p>\n<p>[\/vc_column_text][\/vc_column][vc_column width=\u00a0\u00bb1\/3&Prime;][vc_column_text]<\/p>\n<p style=\"text-align: center;\"><u>Vice-pr\u00e9sidente<\/u><br \/>\n<strong>Maureen Shaughnessy Kitts<\/strong><br \/>\n<em>Associ\u00e9e principale<\/em><br \/>\nShaughnessy Kitts Communications[\/vc_column_text][\/vc_column][vc_column width=\u00a0\u00bb1\/3&Prime;][vc_column_text]<\/p>\n<p style=\"text-align: center;\"><u>Tr\u00e9sorier<\/u><br \/>\n<strong>Peter Bishop<\/strong><br \/>\n<em>PDG par int\u00e9rim<\/em><br \/>\nCorus Orthodontists[\/vc_column_text][vc_column_text css=\u00a0\u00bb\u00a0\u00bb]<\/p>\n<p style=\"text-align: center;\"><u>Vice Chair<\/u><br \/>\n<b>Jeff Elgie<\/b><br \/>\n<i>CEO<\/i><br \/>\nVillage Media Inc.<\/p>\n<p>[\/vc_column_text][\/vc_column][\/vc_row][vc_row][vc_column width=\u00a0\u00bb1\/4&Prime;][vc_column_text css=\u00a0\u00bb\u00a0\u00bb]<\/p>\n<p style=\"text-align: center;\"><b>Elamin Abdelmahmoud<\/b><br \/>\n<i>Host, COMMOTION<\/i><br \/>\nCBC Radio<\/p>\n<p>[\/vc_column_text][\/vc_column][vc_column width=\u00a0\u00bb1\/2&Prime;][vc_column_text]<\/p>\n<p style=\"text-align: center;\"><b>Andrew Bernstein<\/b><br \/>\n<em>Associ\u00e9<\/em><br \/>\nTorys LLP[\/vc_column_text][vc_column_text css=\u00a0\u00bb\u00a0\u00bb]<\/p>\n<p style=\"text-align: center;\"><b>Rob Benzie<\/b><br \/>\n<i>Queen\u2019s Park Bureau Chief<\/i><br \/>\nToronto Star<\/p>\n<p>[\/vc_column_text][\/vc_column][vc_column width=\u00a0\u00bb1\/4&Prime;][vc_column_text]<\/p>\n<p style=\"text-align: center;\"><b>Aaron Brindle<\/b><br \/>\n<i><em>Associ\u00e9<\/em><br \/>\n<\/i>Radical Ventures[\/vc_column_text][\/vc_column][\/vc_row][vc_row][vc_column width=\u00a0\u00bb1\/4&Prime;][vc_column_text]<\/p>\n<p style=\"text-align: center;\"><b>Desmond Brown<\/b><br \/>\n<i><em>Agent immobilier<\/em>, Life In The 6ix, RE\/MAX Hallmark Realty Ltd.; <em>ancien journaliste<\/em>, CTV, National Post, Toronto Star<\/i>[\/vc_column_text][\/vc_column][vc_column width=\u00a0\u00bb1\/2&Prime;][vc_column_text]<\/p>\n<p style=\"text-align: center;\"><b>Fran\u00e7ois Cardinal<\/b><br \/>\n<i>\u00c9diteur adjoint, vice-pr\u00e9sident Information<\/i><br \/>\nLa Presse[\/vc_column_text][\/vc_column][vc_column width=\u00a0\u00bb1\/4&Prime;][vc_column_text css=\u00a0\u00bb\u00a0\u00bb]<\/p>\n<p style=\"text-align: center;\"><b>Maxime Chagnon<br \/>\n<\/b><i>Directeur, M\u00e9dias et Affaires publiques<\/i><b><br \/>\n<\/b>WSP Canada<\/p>\n<p>[\/vc_column_text][\/vc_column][\/vc_row][vc_row][vc_column width=\u00a0\u00bb1\/4&Prime;][vc_column_text css=\u00a0\u00bb\u00a0\u00bb]<\/p>\n<p style=\"text-align: center;\"><b>Amber Kanwar<\/b><br \/>\n<i>Senior Anchor<\/i><br \/>\nBNN Bloomberg<\/p>\n<p>[\/vc_column_text][\/vc_column][vc_column width=\u00a0\u00bb1\/2&Prime;][vc_column_text css=\u00a0\u00bb\u00a0\u00bb]<\/p>\n<p style=\"text-align: center;\"><b>Erin Millar<\/b><br \/>\n<i>CEO &amp; Co-founder<\/i><br \/>\nIndiegraf<\/p>\n<p>[\/vc_column_text][\/vc_column][vc_column width=\u00a0\u00bb1\/4&Prime;][vc_column_text]<\/p>\n<p style=\"text-align: center;\"><b>Brodie Fenlon<\/b><br \/>\n<em>R\u00e9dacteur en chef<\/em><br \/>\nCBC News[\/vc_column_text][\/vc_column][\/vc_row][vc_row][vc_column width=\u00a0\u00bb1\/4&Prime;][vc_column_text]<\/p>\n<p style=\"text-align: center;\"><b>Iris Fischer<\/b><br \/>\n<em>Associ\u00e9e<\/em><br \/>\nBlake, Cassels &amp; Graydon LLP[\/vc_column_text][\/vc_column][vc_column width=\u00a0\u00bb1\/2&Prime;][vc_column_text]<\/p>\n<p style=\"text-align: center;\"><b>Diane Flanagan<\/b><br \/>\n<em>V.P. des Affaires g\u00e9n\u00e9rales et des Communications<\/em><br \/>\nIntact Financial Corporation[\/vc_column_text][\/vc_column][vc_column width=\u00a0\u00bb1\/4&Prime;][vc_column_text css=\u00a0\u00bb\u00a0\u00bb]<\/p>\n<p style=\"text-align: center;\"><b>Matt Galloway<\/b><br \/>\n<i>Host, The Current<\/i><br \/>\nCBC Radio One<\/p>\n<p>[\/vc_column_text][\/vc_column][\/vc_row][vc_row][vc_column width=\u00a0\u00bb1\/4&Prime;][vc_column_text css=\u00a0\u00bb\u00a0\u00bb]<\/p>\n<p style=\"text-align: center;\"><b>Ramneek Gill<\/b><br \/>\n<i>Media Executive\/Former General Manager \u2013 CP24 &amp; CTV News Toronto<\/i><\/p>\n<p>[\/vc_column_text][\/vc_column][vc_column width=\u00a0\u00bb1\/2&Prime;][vc_column_text]<\/p>\n<p style=\"text-align: center;\"><b>Susan Harada<\/b><br \/>\n<em>Professeure agr\u00e9g\u00e9e<\/em><br \/>\nUniversit\u00e9 Carleton, \u00c9cole de journalisme et de Communication[\/vc_column_text][\/vc_column][vc_column width=\u00a0\u00bb1\/4&Prime;][vc_column_text]<\/p>\n<p style=\"text-align: center;\"><b>Graeme Harris<\/b><br \/>\n<em>Pr\u00e9sident<\/em><br \/>\nStrategic Profile Management[\/vc_column_text][\/vc_column][\/vc_row][vc_row][vc_column width=\u00a0\u00bb1\/4&Prime;][vc_column_text]<\/p>\n<p style=\"text-align: center;\"><b>Chethan Lakshman<\/b><br \/>\n<em>Sp\u00e9cialiste principal des Communications et de la Gestion de r\u00e9putation<\/em>[\/vc_column_text][\/vc_column][vc_column width=\u00a0\u00bb1\/2&Prime;][vc_column_text css=\u00a0\u00bb\u00a0\u00bb]<\/p>\n<p style=\"text-align: center;\"><b>Amber LeBlanc<\/b><br \/>\n<i>Director, CityNews 680<\/i><br \/>\nRogers Media<\/p>\n<p>[\/vc_column_text][\/vc_column][vc_column width=\u00a0\u00bb1\/4&Prime;][vc_column_text]<\/p>\n<p style=\"text-align: center;\"><b>Paul Lehmann<\/b><br \/>\n<em>Directeur des Affaires publiques corporatives et des Communications<\/em><br \/>\nBMO Financial Group[\/vc_column_text][\/vc_column][\/vc_row][vc_row][vc_column width=\u00a0\u00bb1\/4&Prime;][vc_column_text]<\/p>\n<p style=\"text-align: center;\"><b>Paul MacNeill<\/b><br \/>\n<em>\u00c9diteur<\/em><br \/>\nIsland Press Limited[\/vc_column_text][\/vc_column][vc_column width=\u00a0\u00bb1\/2&Prime;][vc_column_text]<\/p>\n<p style=\"text-align: center;\"><b>Gillian McArdle<\/b><br \/>\n<em>Directrice principale, Communications institutionnelles<\/em><br \/>\nRBC[\/vc_column_text][\/vc_column][vc_column width=\u00a0\u00bb1\/4&Prime;][vc_column_text css=\u00a0\u00bb\u00a0\u00bb]<\/p>\n<p style=\"text-align: center;\"><b>Allison Mudge<\/b><br \/>\n<em>S.V.P. principale des Communications et des affaires publiques<\/em><br \/>\nCIBC<\/p>\n<p>[\/vc_column_text][\/vc_column][\/vc_row][vc_row][vc_column width=\u00a0\u00bb1\/4&Prime;][vc_column_text]<\/p>\n<p style=\"text-align: center;\"><b>Farah Nasser<\/b><br \/>\n<em>Pr\u00e9sentatrice<\/em><br \/>\n<span class=\"serif\">Global National<\/span>[\/vc_column_text][\/vc_column][vc_column width=\u00a0\u00bb1\/2&Prime;][vc_column_text]<\/p>\n<p style=\"text-align: center;\"><b>Anne Marie Owens<\/b><br \/>\n<em>R\u00e9dactrice en chef<\/em><br \/>\nToronto Star[\/vc_column_text][\/vc_column][vc_column width=\u00a0\u00bb1\/4&Prime;][vc_column_text]<\/p>\n<p style=\"text-align: center;\"><b>Angela Pacienza<\/b><br \/>\n<em>R\u00e9dactrice en chef<\/em><br \/>\nThe Globe and Mail[\/vc_column_text][\/vc_column][\/vc_row][vc_row][vc_column width=\u00a0\u00bb1\/4&Prime;][vc_column_text]<\/p>\n<p style=\"text-align: center;\"><b>Paolo Pasquini<\/b><br \/>\n<em>VP par int\u00e9rim, Affaires institutionnelles et publiques <\/em><br \/>\nTD Bank Group[\/vc_column_text][\/vc_column][vc_column width=\u00a0\u00bb1\/2&Prime;][vc_column_text]<\/p>\n<p style=\"text-align: center;\"><b>Sunny Puri<\/b><br \/>\n<em>Associ\u00e9 principal et Gestionnaire de portefeuille<\/em><br \/>\nAnson Funds[\/vc_column_text][\/vc_column][vc_column width=\u00a0\u00bb1\/4&Prime;][vc_column_text]<\/p>\n<p style=\"text-align: center;\"><b>Marina Strauss<\/b><br \/>\n<em>Journaliste ind\u00e9pendante et ancienne journaliste et chroniqueuse sp\u00e9cialiste du commerce de d\u00e9tail<\/em>[\/vc_column_text][\/vc_column][\/vc_row][vc_row][vc_column width=\u00a0\u00bb1\/4&Prime;][vc_column_text css=\u00a0\u00bb\u00a0\u00bb]<\/p>\n<p style=\"text-align: center;\"><b>Andrew Willis<\/b><br \/>\n<em>Journaliste \u00e9conomique<\/em><br \/>\nThe Globe and Mail<\/p>\n<p>[\/vc_column_text][\/vc_column][vc_column width=\u00a0\u00bb1\/2&Prime;][vc_column_text]<\/p>\n<p style=\"text-align: center;\"><b>Chris Waddell<\/b><br \/>\n<em>Professeur agr\u00e9g\u00e9<\/em><br \/>\n\u00c9cole de journalisme et de Communication, Universit\u00e9 Carleton[\/vc_column_text][\/vc_column][vc_column width=\u00a0\u00bb1\/4&Prime;][vc_column_text]<\/p>\n<p style=\"text-align: center;\"><b>Connie Walker<\/b><br \/>\n<em>Journaliste et animatrice de \u00ab\u00a0Stolen: The Search for Jermain\u00a0\u00bb<\/em><br \/>\nGimlet Media[\/vc_column_text][\/vc_column][\/vc_row][vc_row][vc_column width=\u00a0\u00bb1\/4&Prime;][\/vc_column][vc_column width=\u00a0\u00bb1\/2&Prime;][vc_column_text css=\u00a0\u00bb\u00a0\u00bb]<\/p>\n<p style=\"text-align: center;\"><b>Terrie Tweddle<\/b><br \/>\n<i>Chief Brand and Communications Officer<\/i><br \/>\nRogers Communications<\/p>\n<p>[\/vc_column_text][\/vc_column][vc_column width=\u00a0\u00bb1\/4&Prime;][\/vc_column][\/vc_row][vc_row][vc_column][vc_separator color=\u00a0\u00bbblack\u00a0\u00bb][\/vc_column][\/vc_row][vc_row][vc_column][vc_column_text]<strong>GOUVERNEURS HONORAIRES DE LA FJC<\/strong>[\/vc_column_text][\/vc_column][\/vc_row][vc_row][vc_column width=\u00a0\u00bb1\/3&Prime;][vc_column_text]<\/p>\n<p style=\"text-align: center;\"><span style=\"text-decoration: underline;\"><b><strong><u>Fondateur de la FJC <\/u><\/strong>:<\/b><\/span><br \/>\n<b>Frederic (Eric) L.R. Jackman, C.M., O.Ont., C.D., Ph.D., C.Psych., LL.D.<\/b><br \/>\n<em>Pr\u00e9sident<\/em><br \/>\nFondation Jackman[\/vc_column_text][\/vc_column][vc_column width=\u00a0\u00bb1\/3&Prime;][vc_column_text]<\/p>\n<p style=\"text-align: center;\"><b>Michael Benedict <\/b><br \/>\n<em>Pr\u00e9sident<\/em><br \/>\nMCB Strategies[\/vc_column_text][\/vc_column][vc_column width=\u00a0\u00bb1\/3&Prime;][vc_column_text]<\/p>\n<p style=\"text-align: center;\"><b>Cal Bricker <\/b><br \/>\n<em>PDG<\/em><br \/>\nSpirits Canada[\/vc_column_text][\/vc_column][\/vc_row][vc_row][vc_column width=\u00a0\u00bb1\/3&Prime;][vc_column_text]<\/p>\n<p style=\"text-align: center;\"><b>Michel Cormier <\/b><br \/>\n<i>Ancien Directeur g\u00e9n\u00e9ral information des Services fran\u00e7ais<\/i><br \/>\nCBC\/Radio-Canada[\/vc_column_text][\/vc_column][vc_column width=\u00a0\u00bb1\/3&Prime;][vc_column_text]<\/p>\n<p style=\"text-align: center;\"><b>John Cruickshank <\/b><br \/>\n<em>Ancien Consul g\u00e9n\u00e9ral du Canada \u00e0 Chicago<\/em>[\/vc_column_text][\/vc_column][vc_column width=\u00a0\u00bb1\/3&Prime;][vc_column_text]<\/p>\n<p style=\"text-align: center;\"><b>Paul Deegan <\/b><br \/>\n<em>Pr\u00e9sident et Chef de la direction<\/em><br \/>\nNews Media Canada[\/vc_column_text][\/vc_column][\/vc_row][vc_row][vc_column width=\u00a0\u00bb1\/3&Prime;][vc_column_text]<\/p>\n<p style=\"text-align: center;\"><b>Hershell Ezrin<\/b><br \/>\n<em>Directeur g\u00e9n\u00e9ral<\/em><br \/>\nEzrin Communications[\/vc_column_text][\/vc_column][vc_column width=\u00a0\u00bb1\/3&Prime;][vc_column_text]<\/p>\n<p style=\"text-align: center;\"><b>John Fraser <\/b><br \/>\n<em>Pr\u00e9sident ex\u00e9cutif<\/em><br \/>\nNational NewsMedia Council[\/vc_column_text][\/vc_column][vc_column width=\u00a0\u00bb1\/3&Prime;][vc_column_text]<\/p>\n<p style=\"text-align: center;\"><b>Wendy Freeman<\/b><br \/>\n<em>Cadre en radiodiffusion<\/em>[\/vc_column_text][\/vc_column][\/vc_row][vc_row][vc_column width=\u00a0\u00bb1\/3&Prime;][vc_column_text]<\/p>\n<p style=\"text-align: center;\"><b>Beth Haddon <\/b><br \/>\n<em>Journaliste et ancienne cadre en radiodiffusion<\/em>[\/vc_column_text][\/vc_column][vc_column width=\u00a0\u00bb1\/3&Prime;][vc_column_text]<\/p>\n<p style=\"text-align: center;\"><b>Barry Joslin <\/b><br \/>\n<em>Pr\u00e9sident<\/em><br \/>\nFMG Consulting[\/vc_column_text][\/vc_column][vc_column width=\u00a0\u00bb1\/3&Prime;][vc_column_text]<\/p>\n<p style=\"text-align: center;\"><b>Robert Lewis <\/b><br \/>\n<em>Associ\u00e9 principal<\/em><br \/>\nRobert Lewis Ink[\/vc_column_text][\/vc_column][\/vc_row][vc_row][vc_column width=\u00a0\u00bb1\/3&Prime;][vc_column_text]<\/p>\n<p style=\"text-align: center;\"><b>John Macfarlane <\/b><br \/>\n<em>R\u00e9dacteur \u00e9m\u00e9rite<\/em><br \/>\nThe Walrus[\/vc_column_text][\/vc_column][vc_column width=\u00a0\u00bb1\/3&Prime;][vc_column_text]<\/p>\n<p style=\"text-align: center;\"><b>Trina McQueen <\/b><br \/>\n<i><em>Professeure auxiliaire, Programme MBA en Administration des arts et des m\u00e9dia<\/em>s <em>Schulich School of Business<\/em>,\u00a0<\/i><br \/>\nYork University[\/vc_column_text][\/vc_column][vc_column width=\u00a0\u00bb1\/3&Prime;][vc_column_text]<\/p>\n<p style=\"text-align: center;\"><b>Mark Sarner<\/b><br \/>\n<em>Pr\u00e9sident<\/em><br \/>\nManifest Communications[\/vc_column_text][\/vc_column][\/vc_row][vc_row][vc_column width=\u00a0\u00bb1\/3&Prime;][vc_column_text]<\/p>\n<p style=\"text-align: center;\"><b>David Walmsley<\/b><br \/>\n<em>R\u00e9dacteur en chef<\/em><br \/>\nThe Globe and Mail[\/vc_column_text][\/vc_column][vc_column width=\u00a0\u00bb1\/3&Prime;][vc_column_text]<\/p>\n<p style=\"text-align: center;\"><b>Scott White<\/b><br \/>\n<em>R\u00e9dacteur en chef<\/em><br \/>\nThe Conversation Canada[\/vc_column_text][vc_column_text css=\u00a0\u00bb\u00a0\u00bb]<\/p>\n<p style=\"text-align: center;\"><b>Graeme Harris<\/b><br \/>\n<i>President<\/i><br \/>\nStrategic Profile Management<\/p>\n<p>[\/vc_column_text][\/vc_column][vc_column width=\u00a0\u00bb1\/3&Prime;][vc_column_text css=\u00a0\u00bb\u00a0\u00bb]<\/p>\n<p style=\"text-align: center;\"><b>Bob Ezrin, O.C.<\/b><br \/>\nProducteur de musique et de divertissement, \u00e9ducateur et activiste en s\u00e9rie.<\/p>\n<p>[\/vc_column_text][\/vc_column][\/vc_row]<\/p>\n<\/div>","protected":false},"excerpt":{"rendered":"<p>[vc_row][vc_column][\/vc_column][\/vc_row][vc_row css=\u00a0\u00bb.vc_custom_1660315454306{border-radius: 1px !important;}\u00a0\u00bb][vc_column width=\u00a0\u00bb1\/3&Prime;][vc_column_text] Pr\u00e9sidente Kathy English Journaliste chevronn\u00e9e[\/vc_column_text][vc_column_text css=\u00a0\u00bb\u00a0\u00bb] Vice Chair Angela Pacienza Executive Editor The Globe and Mail [\/vc_column_text][\/vc_column][vc_column width=\u00a0\u00bb1\/3&Prime;][vc_column_text] Vice-pr\u00e9sidente Maureen Shaughnessy Kitts Associ\u00e9e principale Shaughnessy [&hellip;]<\/p>\n","protected":false},"author":9,"featured_media":0,"parent":0,"menu_order":0,"comment_status":"closed","ping_status":"closed","template":"","meta":{"_acf_changed":false,"footnotes":""},"class_list":["post-18822","page","type-page","status-publish","hentry"],"acf":[],"_links":{"self":[{"href":"https:\/\/cjf-fjc.ca\/fr\/wp-json\/wp\/v2\/pages\/18822","targetHints":{"allow":["GET"]}}],"collection":[{"href":"https:\/\/cjf-fjc.ca\/fr\/wp-json\/wp\/v2\/pages"}],"about":[{"href":"https:\/\/cjf-fjc.ca\/fr\/wp-json\/wp\/v2\/types\/page"}],"author":[{"embeddable":true,"href":"https:\/\/cjf-fjc.ca\/fr\/wp-json\/wp\/v2\/users\/9"}],"replies":[{"embeddable":true,"href":"https:\/\/cjf-fjc.ca\/fr\/wp-json\/wp\/v2\/comments?post=18822"}],"version-history":[{"count":12,"href":"https:\/\/cjf-fjc.ca\/fr\/wp-json\/wp\/v2\/pages\/18822\/revisions"}],"predecessor-version":[{"id":23273,"href":"https:\/\/cjf-fjc.ca\/fr\/wp-json\/wp\/v2\/pages\/18822\/revisions\/23273"}],"wp:attachment":[{"href":"https:\/\/cjf-fjc.ca\/fr\/wp-json\/wp\/v2\/media?parent=18822"}],"curies":[{"name":"wp","href":"https:\/\/api.w.org\/{rel}","templated":true}]}}