{"id":18814,"date":"2022-05-10T15:26:14","date_gmt":"2022-05-10T19:26:14","guid":{"rendered":"https:\/\/cjf-fjc.ca\/executive-committee\/"},"modified":"2024-09-04T20:41:10","modified_gmt":"2024-09-05T00:41:10","slug":"comite-executif","status":"publish","type":"page","link":"https:\/\/cjf-fjc.ca\/fr\/comite-executif\/","title":{"rendered":"Comit\u00e9 Ex\u00e9cutif"},"content":{"rendered":"<div class=\"wpb-content-wrapper\"><p>[vc_row][vc_column][vc_column_text css=\u00a0\u00bb\u00a0\u00bb]<\/p>\n<p style=\"text-align: center;\"><u>Pr\u00e9sidente<\/u><br \/>\n<b>Kathy English<\/b><br \/>\n<em>Journaliste chevronn\u00e9, Chair<\/em><\/p>\n<p style=\"text-align: center;\">The Canadian Journalism Foundation<\/p>\n<p>&nbsp;<\/p>\n<p style=\"text-align: center;\"><u>Vice-pr\u00e9sidente<\/u><br \/>\n<strong>Maureen Shaughnessy Kitts<\/strong><br \/>\n<em>Associ\u00e9e principale<\/em><br \/>\nShaughnessy Kitts Communications<\/p>\n<p>[\/vc_column_text][\/vc_column][\/vc_row][vc_row][vc_column width=\u00a0\u00bb1\/3&Prime;][vc_column_text css=\u00a0\u00bb\u00a0\u00bb]<\/p>\n<p style=\"text-align: center;\"><u>Vice Chair<\/u><br \/>\n<b>Angela Pacienza<\/b><br \/>\n<em>R\u00e9dacteur en chef<\/em><\/p>\n<p style=\"text-align: center;\">The Globe and Mail<\/p>\n<p>[\/vc_column_text][\/vc_column][vc_column width=\u00a0\u00bb1\/3&Prime;][vc_column_text css=\u00a0\u00bb\u00a0\u00bb]<\/p>\n<p style=\"text-align: center;\"><u>Vice Chair<\/u><br \/>\n<b>Jeff Elgie<\/b><br \/>\n<i>CEO<\/i><br \/>\nVillage Media Inc.<\/p>\n<p>[\/vc_column_text][\/vc_column][vc_column width=\u00a0\u00bb1\/3&Prime;][vc_column_text css=\u00a0\u00bb\u00a0\u00bb]<\/p>\n<p style=\"text-align: center;\"><u>Tr\u00e9sorier<\/u><br \/>\n<strong>Peter Bishop<\/strong><br \/>\n<em>PDG par int\u00e9rim<\/em><br \/>\nCorus Orthodontists<\/p>\n<p><b>\u00a0<\/b><br \/>\n<i>\u00a0<\/i>[\/vc_column_text][\/vc_column][\/vc_row][vc_row][vc_column width=\u00a0\u00bb1\/3&Prime;][vc_column_text css=\u00a0\u00bb\u00a0\u00bb]<\/p>\n<p style=\"text-align: center;\"><strong>Chris Waddell<\/strong><br \/>\n<em>Professeur agr\u00e9g\u00e9<\/em><br \/>\n\u00c9cole de journalisme et de Communication, Universit\u00e9 Carleton<\/p>\n<p>[\/vc_column_text][\/vc_column][vc_column width=\u00a0\u00bb1\/3&Prime;][vc_column_text css=\u00a0\u00bb\u00a0\u00bb]<\/p>\n<p style=\"text-align: center;\"><strong>Marina Strauss<\/strong><br \/>\n<em>Journaliste ind\u00e9pendante et ancienne journaliste et chroniqueuse sp\u00e9cialiste du commerce de d\u00e9tail<\/em><\/p>\n<p>[\/vc_column_text][\/vc_column][vc_column width=\u00a0\u00bb1\/3&Prime;][vc_column_text css=\u00a0\u00bb\u00a0\u00bb]<\/p>\n<p style=\"text-align: center;\"><strong>Andrew Willis<\/strong><br \/>\n<em>Journaliste \u00e9conomique<\/em><br \/>\nThe Globe and Mail<\/p>\n<p>&nbsp;<\/p>\n<p><b>\u00a0<\/b><br \/>\n<i>\u00a0<\/i>[\/vc_column_text][\/vc_column][\/vc_row][vc_row][vc_column width=\u00a0\u00bb1\/2&Prime;][vc_column_text css=\u00a0\u00bb\u00a0\u00bb]<\/p>\n<h1 id=\"tw-target-text\" class=\"tw-data-text tw-text-large tw-ta\" dir=\"ltr\" style=\"text-align: center;\" data-placeholder=\"Translation\" aria-label=\"Translated text\" data-ved=\"2ahUKEwi8ybbCwqqIAxWol4kEHRE4Cq0Q3ewLegQIBxAU\"><strong><span class=\"Y2IQFc\" lang=\"fr\">COMIT\u00c9 DE GOUVERNANCE ET DE NOMINATION<\/span><\/strong><\/h1>\n<p style=\"text-align: center;\"><u><em>Chair<\/em><\/u><\/p>\n<p style=\"text-align: center;\"><strong>Andrew Willis<\/strong><\/p>\n<p id=\"tw-target-text\" class=\"tw-data-text tw-text-large tw-ta\" dir=\"ltr\" style=\"text-align: center;\" data-placeholder=\"Translation\" aria-label=\"Translated text\" data-ved=\"2ahUKEwi8ybbCwqqIAxWol4kEHRE4Cq0Q3ewLegQIBxAU\"><em><span class=\"Y2IQFc\" lang=\"fr\">Journaliste d&rsquo;affaires<\/span><\/em><\/p>\n<p class=\"tw-data-text tw-text-large tw-ta\" dir=\"ltr\" style=\"text-align: center;\" data-placeholder=\"Translation\" aria-label=\"Translated text\" data-ved=\"2ahUKEwi8ybbCwqqIAxWol4kEHRE4Cq0Q3ewLegQIBxAU\">The Globe and Mail<\/p>\n<p dir=\"ltr\" data-placeholder=\"Translation\" aria-label=\"Translated text\" data-ved=\"2ahUKEwi8ybbCwqqIAxWol4kEHRE4Cq0Q3ewLegQIBxAU\">\n<p style=\"text-align: center;\"><strong>Jeff Elgie<\/strong><\/p>\n<p style=\"text-align: center;\"><i>CEO<\/i><br \/>\nVillage Media Inc.<\/p>\n<p>&nbsp;<\/p>\n<p style=\"text-align: center;\"><strong>Kathy English<\/strong><\/p>\n<p class=\"p1\" style=\"text-align: center;\"><i>Journaliste chevronn\u00e9, Chair<\/i><\/p>\n<p style=\"text-align: center;\">The Canadian Journalism Foundation<\/p>\n<p>&nbsp;<\/p>\n<p style=\"text-align: center;\"><strong>Josh Gurfinkel<\/strong><\/p>\n<p id=\"tw-target-text\" class=\"tw-data-text tw-text-large tw-ta\" dir=\"ltr\" style=\"text-align: center;\" data-placeholder=\"Translation\" aria-label=\"Translated text\" data-ved=\"2ahUKEwi8ybbCwqqIAxWol4kEHRE4Cq0Q3ewLegQIBxAU\"><em><span class=\"Y2IQFc\" lang=\"fr\">Directeur des op\u00e9rations<\/span><\/em><\/p>\n<p style=\"text-align: center;\">The Canadian Journalism Foundation<\/p>\n<p>&nbsp;<\/p>\n<p style=\"text-align: center;\"><strong>Angela Pacienza<\/strong><\/p>\n<p style=\"text-align: center;\"><em>R\u00e9dacteur en chef<\/em><\/p>\n<p style=\"text-align: center;\">The Globe and Mail<\/p>\n<p>&nbsp;<\/p>\n<p style=\"text-align: center;\"><strong>Maureen Shaughnessy Kitts<\/strong><\/p>\n<p style=\"text-align: center;\"><em>Associ\u00e9e principale<\/em><\/p>\n<p style=\"text-align: center;\">Shaughnessy Kitts Communications<\/p>\n<p>&nbsp;<\/p>\n<p style=\"text-align: center;\"><strong>Natalie Turvey<\/strong><\/p>\n<p id=\"tw-target-text\" class=\"tw-data-text tw-text-large tw-ta\" dir=\"ltr\" style=\"text-align: center;\" data-placeholder=\"Translation\" aria-label=\"Translated text\" data-ved=\"2ahUKEwi8ybbCwqqIAxWol4kEHRE4Cq0Q3ewLegQIBxAU\"><em><span class=\"Y2IQFc\" lang=\"fr\">Pr\u00e9sident et directeur g\u00e9n\u00e9ral<\/span><\/em><\/p>\n<p style=\"text-align: center;\">The Canadian Journalism Foundation<\/p>\n<p>[\/vc_column_text][\/vc_column][vc_column width=\u00a0\u00bb1\/2&Prime;][vc_column_text css=\u00a0\u00bb\u00a0\u00bb]<\/p>\n<h1 id=\"tw-target-text\" class=\"tw-data-text tw-text-large tw-ta\" dir=\"ltr\" style=\"text-align: center;\" data-placeholder=\"Translation\" aria-label=\"Translated text\" data-ved=\"2ahUKEwi8ybbCwqqIAxWol4kEHRE4Cq0Q3ewLegQIBxAU\"><strong><span class=\"Y2IQFc\" lang=\"fr\">COMIT\u00c9 DES RESSOURCES HUMAINES<\/span><\/strong><\/h1>\n<p style=\"text-align: center;\"><u><em>Chair<\/em><\/u><\/p>\n<p style=\"text-align: center;\"><b>Kathy English<\/b><\/p>\n<p style=\"text-align: center;\"><i>Journaliste chevronn\u00e9, Chair<\/i><\/p>\n<p style=\"text-align: center;\">The Canadian Journalism Foundation<\/p>\n<p>&nbsp;<\/p>\n<p style=\"text-align: center;\"><b>Peter Bishop<\/b><\/p>\n<p style=\"text-align: center;\"><em>Interim C.F.O.<\/em><br \/>\nCorus Orthodontists<\/p>\n<p>&nbsp;<\/p>\n<p style=\"text-align: center;\"><b>Jeff Elgie<\/b><\/p>\n<p style=\"text-align: center;\"><i>CEO<\/i><br \/>\nVillage Media Inc.<\/p>\n<p>&nbsp;<\/p>\n<p style=\"text-align: center;\"><b>Angela Pacienza<\/b><\/p>\n<p id=\"tw-target-text\" class=\"tw-data-text tw-text-large tw-ta\" dir=\"ltr\" style=\"text-align: center;\" data-placeholder=\"Translation\" aria-label=\"Translated text\" data-ved=\"2ahUKEwi8ybbCwqqIAxWol4kEHRE4Cq0Q3ewLegQIBxAU\"><em><span class=\"Y2IQFc\" lang=\"fr\">R\u00e9dacteur en chef<\/span><\/em><\/p>\n<p style=\"text-align: center;\">The Globe and Mail<\/p>\n<p>&nbsp;<\/p>\n<p style=\"text-align: center;\"><b>Maureen Shaughnessy Kitts<\/b><\/p>\n<p style=\"text-align: center;\"><em>Associ\u00e9e principale<\/em><\/p>\n<p style=\"text-align: center;\">Shaughnessy Kitts Communications<\/p>\n<p>&nbsp;<\/p>\n<p style=\"text-align: center;\"><b>Andrew Willis<\/b><\/p>\n<p style=\"text-align: center;\"><em>Journaliste \u00e9conomique<\/em><\/p>\n<p style=\"text-align: center;\">The Globe and Mail<\/p>\n<p>[\/vc_column_text][\/vc_column][\/vc_row][vc_row][vc_column width=\u00a0\u00bb1\/2&Prime;][vc_column_text css=\u00a0\u00bb\u00a0\u00bb]<\/p>\n<h1 id=\"tw-target-text\" class=\"tw-data-text tw-text-large tw-ta\" dir=\"ltr\" style=\"text-align: center;\" data-placeholder=\"Translation\" aria-label=\"Translated text\" data-ved=\"2ahUKEwi8ybbCwqqIAxWol4kEHRE4Cq0Q3ewLegQIBxAU\"><strong><span class=\"Y2IQFc\" lang=\"fr\">COMIT\u00c9 DE LA C\u00c9R\u00c9MONIE DES PRIX<\/span><\/strong><\/h1>\n<p style=\"text-align: center;\"><u><em>Chair<\/em><\/u><\/p>\n<p style=\"text-align: center;\"><strong>Maureen Shaughnessy Kitts<\/strong><\/p>\n<p style=\"text-align: center;\"><em>Associ\u00e9e principale<\/em><\/p>\n<p style=\"text-align: center;\">Shaughnessy Kitts Communications<\/p>\n<p>&nbsp;<\/p>\n<p style=\"text-align: center;\"><strong>Kathy English<\/strong><\/p>\n<p class=\"p1\" style=\"text-align: center;\"><i>Journaliste chevronn\u00e9, Chair<\/i><\/p>\n<p style=\"text-align: center;\">The Canadian Journalism Foundation<\/p>\n<p>&nbsp;<\/p>\n<p style=\"text-align: center;\"><strong>Josh Gurfinkel<\/strong><\/p>\n<p id=\"tw-target-text\" class=\"tw-data-text tw-text-large tw-ta\" dir=\"ltr\" style=\"text-align: center;\" data-placeholder=\"Translation\" aria-label=\"Translated text\" data-ved=\"2ahUKEwi8ybbCwqqIAxWol4kEHRE4Cq0Q3ewLegQIBxAU\"><em><span class=\"Y2IQFc\" lang=\"fr\">Directeur des op\u00e9rations<\/span><\/em><\/p>\n<p style=\"text-align: center;\">The Canadian Journalism Foundation<\/p>\n<p>&nbsp;<\/p>\n<p style=\"text-align: center;\"><strong>Marina Strauss<\/strong><\/p>\n<p style=\"text-align: center;\"><em>Journaliste ind\u00e9pendante et ancienne journaliste et chroniqueuse sp\u00e9cialiste du commerce de d\u00e9tail<\/em><\/p>\n<p>&nbsp;<\/p>\n<p style=\"text-align: center;\"><strong>Natalie Turvey<\/strong><\/p>\n<p id=\"tw-target-text\" class=\"tw-data-text tw-text-large tw-ta\" dir=\"ltr\" style=\"text-align: center;\" data-placeholder=\"Translation\" aria-label=\"Translated text\" data-ved=\"2ahUKEwi8ybbCwqqIAxWol4kEHRE4Cq0Q3ewLegQIBxAU\"><em><span class=\"Y2IQFc\" lang=\"fr\">Pr\u00e9sident et directeur g\u00e9n\u00e9ral<\/span><\/em><\/p>\n<p style=\"text-align: center;\">The Canadian Journalism Foundation<\/p>\n<p>&nbsp;<\/p>\n<p style=\"text-align: center;\"><strong>Jennie Worden<\/strong><\/p>\n<p id=\"tw-target-text\" class=\"tw-data-text tw-text-large tw-ta\" dir=\"ltr\" style=\"text-align: center;\" data-placeholder=\"Translation\" aria-label=\"Translated text\" data-ved=\"2ahUKEwi8ybbCwqqIAxWol4kEHRE4Cq0Q3ewLegQIBxAU\"><em><span class=\"Y2IQFc\" lang=\"fr\">Responsable des communications et des programmes<\/span><\/em><\/p>\n<p style=\"text-align: center;\">The Canadian Journalism Foundation<\/p>\n<p>[\/vc_column_text][\/vc_column][vc_column width=\u00a0\u00bb1\/2&Prime;][vc_column_text css=\u00a0\u00bb\u00a0\u00bb]<\/p>\n<h1 id=\"tw-target-text\" class=\"tw-data-text tw-text-large tw-ta\" dir=\"ltr\" style=\"text-align: center;\" data-placeholder=\"Translation\" aria-label=\"Translated text\" data-ved=\"2ahUKEwi8ybbCwqqIAxWol4kEHRE4Cq0Q3ewLegQIBxAU\"><strong><span class=\"Y2IQFc\" lang=\"fr\">COMIT\u00c9 DE PROGRAMMATION<\/span><\/strong><\/h1>\n<p style=\"text-align: center;\"><u><em>Co \u2013 Chair<\/em><\/u><\/p>\n<p style=\"text-align: center;\"><strong>Kathy English et Angela Pacienza<\/strong><\/p>\n<p>&nbsp;<\/p>\n<p style=\"text-align: center;\"><strong>Natalie Turvey<\/strong><\/p>\n<p id=\"tw-target-text\" class=\"tw-data-text tw-text-large tw-ta\" dir=\"ltr\" style=\"text-align: center;\" data-placeholder=\"Translation\" aria-label=\"Translated text\" data-ved=\"2ahUKEwi8ybbCwqqIAxWol4kEHRE4Cq0Q3ewLegQIBxAU\"><em><span class=\"Y2IQFc\" lang=\"fr\">Pr\u00e9sident et directeur g\u00e9n\u00e9ral<\/span><\/em><\/p>\n<p style=\"text-align: center;\">The Canadian Journalism Foundation<\/p>\n<p>&nbsp;<\/p>\n<p style=\"text-align: center;\"><strong>Jennie Worden<\/strong><\/p>\n<p id=\"tw-target-text\" class=\"tw-data-text tw-text-large tw-ta\" dir=\"ltr\" style=\"text-align: center;\" data-placeholder=\"Translation\" aria-label=\"Translated text\" data-ved=\"2ahUKEwi8ybbCwqqIAxWol4kEHRE4Cq0Q3ewLegQIBxAU\"><em><span class=\"Y2IQFc\" lang=\"fr\">Responsable des communications et des programmes<\/span><\/em><\/p>\n<p style=\"text-align: center;\">The Canadian Journalism Foundation<\/p>\n<p>&nbsp;<\/p>\n<p style=\"text-align: center;\"><strong>Canadian Media Thought Leaders (ad hoc)<\/strong><\/p>\n<p>[\/vc_column_text][\/vc_column][\/vc_row][vc_row][vc_column width=\u00a0\u00bb1\/2&Prime;][vc_column_text css=\u00a0\u00bb\u00a0\u00bb]<\/p>\n<h1 id=\"tw-target-text\" class=\"tw-data-text tw-text-large tw-ta\" dir=\"ltr\" style=\"text-align: center;\" data-placeholder=\"Translation\" aria-label=\"Translated text\" data-ved=\"2ahUKEwi8ybbCwqqIAxWol4kEHRE4Cq0Q3ewLegQIBxAU\"><strong><span class=\"Y2IQFc\" lang=\"fr\">COMIT\u00c9 DES PRIX<\/span><\/strong><\/h1>\n<p style=\"text-align: center;\"><u><em>Chair<\/em><\/u><\/p>\n<p style=\"text-align: center;\"><strong>Chris Waddell<\/strong><\/p>\n<p style=\"text-align: center;\"><em>Professeur agr\u00e9g\u00e9<\/em><br \/>\n\u00c9cole de journalisme et de Communication, Universit\u00e9 Carleton<\/p>\n<p>&nbsp;<\/p>\n<p style=\"text-align: center;\"><strong>Desmond Brown\u00a0<\/strong><\/p>\n<p id=\"tw-target-text\" class=\"tw-data-text tw-text-large tw-ta\" dir=\"ltr\" style=\"text-align: center;\" data-placeholder=\"Translation\" aria-label=\"Translated text\" data-ved=\"2ahUKEwi8ybbCwqqIAxWol4kEHRE4Cq0Q3ewLegQIBxAU\"><span class=\"Y2IQFc\" lang=\"fr\"><em>Agent immobilier<\/em>, Life In The 6ix, RE\/MAX Hallmark Realty Ltd.; <em>Ancien journaliste<\/em>, CTV, National Post, Toronto Star<\/span><\/p>\n<p>&nbsp;<\/p>\n<p style=\"text-align: center;\"><strong>Susan Harada<\/strong><\/p>\n<p id=\"tw-target-text\" class=\"tw-data-text tw-text-large tw-ta\" dir=\"ltr\" style=\"text-align: center;\" data-placeholder=\"Translation\" aria-label=\"Translated text\" data-ved=\"2ahUKEwi8ybbCwqqIAxWol4kEHRE4Cq0Q3ewLegQIBxAU\"><span class=\"Y2IQFc\" lang=\"fr\"><em>Professeur agr\u00e9g\u00e9, \u00c9cole de journalisme et de communication<\/em>, Universit\u00e9 Carleton<\/span><\/p>\n<p>&nbsp;<\/p>\n<p style=\"text-align: center;\"><strong>Royson James\u00a0<\/strong><\/p>\n<p id=\"tw-target-text\" class=\"tw-data-text tw-text-large tw-ta\" dir=\"ltr\" style=\"text-align: center;\" data-placeholder=\"Translation\" aria-label=\"Translated text\" data-ved=\"2ahUKEwi8ybbCwqqIAxWol4kEHRE4Cq0Q3ewLegQIBxAU\"><span class=\"Y2IQFc\" lang=\"fr\"><em>Chroniqueur ind\u00e9pendant<\/em><\/span><\/p>\n<p class=\"tw-data-text tw-text-large tw-ta\" dir=\"ltr\" style=\"text-align: center;\" data-placeholder=\"Translation\" aria-label=\"Translated text\" data-ved=\"2ahUKEwi8ybbCwqqIAxWol4kEHRE4Cq0Q3ewLegQIBxAU\">Toronto Star<\/p>\n<p>&nbsp;<\/p>\n<p style=\"text-align: center;\"><strong>Angela Pacienza<\/strong><\/p>\n<p id=\"tw-target-text\" class=\"tw-data-text tw-text-large tw-ta\" dir=\"ltr\" style=\"text-align: center;\" data-placeholder=\"Translation\" aria-label=\"Translated text\" data-ved=\"2ahUKEwi8ybbCwqqIAxWol4kEHRE4Cq0Q3ewLegQIBxAU\"><em><span class=\"Y2IQFc\" lang=\"fr\">R\u00e9dacteur en chef<\/span><\/em><\/p>\n<p class=\"tw-data-text tw-text-large tw-ta\" dir=\"ltr\" style=\"text-align: center;\" data-placeholder=\"Translation\" aria-label=\"Translated text\" data-ved=\"2ahUKEwi8ybbCwqqIAxWol4kEHRE4Cq0Q3ewLegQIBxAU\">The Globe and Mail<\/p>\n<p>&nbsp;<\/p>\n<p style=\"text-align: center;\"><strong>Seema Patel<\/strong><\/p>\n<div class=\"display-flex flex-wrap align-items-center full-height\" style=\"text-align: center;\">\n<div class=\"display-flex \">\n<div class=\" display-flex full-width\">\n<div>\n<p id=\"tw-target-text\" class=\"tw-data-text tw-text-large tw-ta\" dir=\"ltr\" data-placeholder=\"Translation\" aria-label=\"Translated text\" data-ved=\"2ahUKEwi8ybbCwqqIAxWol4kEHRE4Cq0Q3ewLegQIBxAU\"><span class=\"Y2IQFc\" lang=\"fr\"><em>Directeur principal, vid\u00e9o originale et journalisme d&rsquo;investigation<\/em><\/span><\/p>\n<p class=\"tw-data-text tw-text-large tw-ta\" dir=\"ltr\" data-placeholder=\"Translation\" aria-label=\"Translated text\" data-ved=\"2ahUKEwi8ybbCwqqIAxWol4kEHRE4Cq0Q3ewLegQIBxAU\"><span class=\"Y2IQFc\" lang=\"fr\">CBC News<br \/>\n<\/span><\/p>\n<\/div>\n<\/div>\n<\/div>\n<\/div>\n<p>&nbsp;<\/p>\n<p style=\"text-align: center;\"><strong>Maureen Shaughnessy Kitts<\/strong><\/p>\n<p style=\"text-align: center;\"><em>Associ\u00e9e principale<\/em><\/p>\n<p style=\"text-align: center;\">Shaughnessy Kitts Communications<\/p>\n<p>&nbsp;<\/p>\n<p style=\"text-align: center;\"><strong>Marina Strauss<\/strong><\/p>\n<p style=\"text-align: center;\"><em>Journaliste ind\u00e9pendante et ancienne journaliste et chroniqueuse sp\u00e9cialiste du commerce de d\u00e9tail<\/em><\/p>\n<p>[\/vc_column_text][\/vc_column][vc_column width=\u00a0\u00bb1\/2&Prime;][vc_column_text css=\u00a0\u00bb\u00a0\u00bb]<\/p>\n<h1 id=\"tw-target-text\" class=\"tw-data-text tw-text-large tw-ta\" dir=\"ltr\" style=\"text-align: center;\" data-placeholder=\"Translation\" aria-label=\"Translated text\" data-ved=\"2ahUKEwi8ybbCwqqIAxWol4kEHRE4Cq0Q3ewLegQIBxAU\"><strong><span class=\"Y2IQFc\" lang=\"fr\">COMIT\u00c9 DE D\u00c9VELOPPEMENT DU FONDS<\/span><\/strong><\/h1>\n<p style=\"text-align: center;\"><u><em>Chair<\/em><\/u><\/p>\n<p style=\"text-align: center;\"><strong>Marina Strauss<\/strong><\/p>\n<p style=\"text-align: center;\"><em>Journaliste ind\u00e9pendante et ancienne journaliste et chroniqueuse sp\u00e9cialiste du commerce de d\u00e9tail<\/em><\/p>\n<p>&nbsp;<\/p>\n<p style=\"text-align: center;\"><strong>Aaron Brindle<\/strong><\/p>\n<p id=\"tw-target-text\" class=\"tw-data-text tw-text-large tw-ta\" dir=\"ltr\" style=\"text-align: center;\" data-placeholder=\"Translation\" aria-label=\"Translated text\" data-ved=\"2ahUKEwi8ybbCwqqIAxWol4kEHRE4Cq0Q3ewLegQIBxAU\"><em><span class=\"Y2IQFc\" lang=\"fr\">Partenaire<\/span><\/em><\/p>\n<p class=\"tw-data-text tw-text-large tw-ta\" dir=\"ltr\" style=\"text-align: center;\" data-placeholder=\"Translation\" aria-label=\"Translated text\" data-ved=\"2ahUKEwi8ybbCwqqIAxWol4kEHRE4Cq0Q3ewLegQIBxAU\">Radical Ventures<\/p>\n<p>&nbsp;<\/p>\n<p style=\"text-align: center;\"><strong>Maxime Chagnon<\/strong><\/p>\n<p style=\"text-align: center;\"><i>Directeur, M\u00e9dias et Affaires publiques<\/i><b><br \/>\n<\/b>WSP Canada<\/p>\n<p>&nbsp;<\/p>\n<p style=\"text-align: center;\"><strong>Kathy English<\/strong><\/p>\n<p class=\"p1\" style=\"text-align: center;\"><i>Journaliste chevronn\u00e9, Chair<\/i><\/p>\n<p style=\"text-align: center;\">The Canadian Journalism Foundation<\/p>\n<p>&nbsp;<\/p>\n<p style=\"text-align: center;\"><strong>Chethan Lakshman<\/strong><\/p>\n<p id=\"tw-target-text\" class=\"tw-data-text tw-text-large tw-ta\" dir=\"ltr\" style=\"text-align: center;\" data-placeholder=\"Translation\" aria-label=\"Translated text\" data-ved=\"2ahUKEwi8ybbCwqqIAxWol4kEHRE4Cq0Q3ewLegQIBxAU\"><em><span class=\"Y2IQFc\" lang=\"fr\">Sp\u00e9cialiste senior en communications et gestion de la r\u00e9putation<br \/>\n<\/span><\/em><\/p>\n<p>&nbsp;<\/p>\n<p style=\"text-align: center;\"><strong>Paul Lehmann<\/strong><\/p>\n<p id=\"tw-target-text\" class=\"tw-data-text tw-text-large tw-ta\" dir=\"ltr\" style=\"text-align: center;\" data-placeholder=\"Translation\" aria-label=\"Translated text\" data-ved=\"2ahUKEwi8ybbCwqqIAxWol4kEHRE4Cq0Q3ewLegQIBxAU\"><em><span class=\"Y2IQFc\" lang=\"fr\">Responsable des affaires publiques et des communications de l&rsquo;entreprise<\/span><\/em><\/p>\n<p style=\"text-align: center;\">BMO Financial Group<\/p>\n<p>&nbsp;<\/p>\n<p style=\"text-align: center;\"><strong>Gillian McArdle<\/strong><\/p>\n<p id=\"tw-target-text\" class=\"tw-data-text tw-text-large tw-ta\" dir=\"ltr\" style=\"text-align: center;\" data-placeholder=\"Translation\" aria-label=\"Translated text\" data-ved=\"2ahUKEwi8ybbCwqqIAxWol4kEHRE4Cq0Q3ewLegQIBxAU\"><em><span class=\"Y2IQFc\" lang=\"fr\">Directeur principal, communications corporatives<\/span><\/em><\/p>\n<p style=\"text-align: center;\">RBC<\/p>\n<p>&nbsp;<\/p>\n<p style=\"text-align: center;\"><strong>Allison Mudge<\/strong><\/p>\n<p id=\"tw-target-text\" class=\"tw-data-text tw-text-large tw-ta\" dir=\"ltr\" style=\"text-align: center;\" data-placeholder=\"Translation\" aria-label=\"Translated text\" data-ved=\"2ahUKEwi8ybbCwqqIAxWol4kEHRE4Cq0Q3ewLegQIBxAU\"><em><span class=\"Y2IQFc\" lang=\"fr\">S.V.P. Communications et affaires publiques<\/span><\/em><\/p>\n<p style=\"text-align: center;\">CIBC<\/p>\n<p>&nbsp;<\/p>\n<p style=\"text-align: center;\"><strong>Nick Poirier<\/strong><\/p>\n<p style=\"text-align: center;\"><em>Principal<\/em>, Viridian Solutions<\/p>\n<p>&nbsp;<\/p>\n<p style=\"text-align: center;\"><strong>Sunny Puri<\/strong><\/p>\n<p style=\"text-align: center;\"><em>Principal, <span class=\"Y2IQFc\" lang=\"fr\">Gestionnaire de portefeuille<\/span><\/em><\/p>\n<p style=\"text-align: center;\"><i><\/i>Anson Funds<\/p>\n<p>&nbsp;<\/p>\n<p style=\"text-align: center;\"><strong>Maureen Shaughnessy Kitts<\/strong><\/p>\n<p style=\"text-align: center;\"><em>Associ\u00e9e principale<\/em><\/p>\n<p style=\"text-align: center;\">Shaughnessy Kitts Communications<\/p>\n<p>[\/vc_column_text][\/vc_column][\/vc_row][vc_row][vc_column]<div style=\"background-color:;height: 60px\" class=\"nicdark_section  \"><\/div>[\/vc_column][\/vc_row]<\/p>\n<\/div>","protected":false},"excerpt":{"rendered":"<p>[vc_row][vc_column][vc_column_text css=\u00a0\u00bb\u00a0\u00bb] Pr\u00e9sidente Kathy English Journaliste chevronn\u00e9, Chair The Canadian Journalism Foundation &nbsp; Vice-pr\u00e9sidente Maureen Shaughnessy Kitts Associ\u00e9e principale Shaughnessy Kitts Communications [\/vc_column_text][\/vc_column][\/vc_row][vc_row][vc_column width=\u00a0\u00bb1\/3&Prime;][vc_column_text css=\u00a0\u00bb\u00a0\u00bb] Vice Chair Angela Pacienza R\u00e9dacteur [&hellip;]<\/p>\n","protected":false},"author":9,"featured_media":0,"parent":0,"menu_order":0,"comment_status":"closed","ping_status":"closed","template":"","meta":{"_acf_changed":false,"footnotes":""},"class_list":["post-18814","page","type-page","status-publish","hentry"],"acf":[],"_links":{"self":[{"href":"https:\/\/cjf-fjc.ca\/fr\/wp-json\/wp\/v2\/pages\/18814","targetHints":{"allow":["GET"]}}],"collection":[{"href":"https:\/\/cjf-fjc.ca\/fr\/wp-json\/wp\/v2\/pages"}],"about":[{"href":"https:\/\/cjf-fjc.ca\/fr\/wp-json\/wp\/v2\/types\/page"}],"author":[{"embeddable":true,"href":"https:\/\/cjf-fjc.ca\/fr\/wp-json\/wp\/v2\/users\/9"}],"replies":[{"embeddable":true,"href":"https:\/\/cjf-fjc.ca\/fr\/wp-json\/wp\/v2\/comments?post=18814"}],"version-history":[{"count":12,"href":"https:\/\/cjf-fjc.ca\/fr\/wp-json\/wp\/v2\/pages\/18814\/revisions"}],"predecessor-version":[{"id":23701,"href":"https:\/\/cjf-fjc.ca\/fr\/wp-json\/wp\/v2\/pages\/18814\/revisions\/23701"}],"wp:attachment":[{"href":"https:\/\/cjf-fjc.ca\/fr\/wp-json\/wp\/v2\/media?parent=18814"}],"curies":[{"name":"wp","href":"https:\/\/api.w.org\/{rel}","templated":true}]}}