{"id":18650,"date":"2017-04-20T09:13:42","date_gmt":"2017-04-20T13:13:42","guid":{"rendered":"https:\/\/cjf-fjc.ca\/accueil\/"},"modified":"2024-07-31T02:07:05","modified_gmt":"2024-07-31T06:07:05","slug":"accueil","status":"publish","type":"page","link":"https:\/\/cjf-fjc.ca\/fr\/","title":{"rendered":"Accueil"},"content":{"rendered":"<div class=\"wpb-content-wrapper\"><p>[vc_row full_width=\u00a0\u00bbstretch_row\u00a0\u00bb css=\u00a0\u00bb.vc_custom_1650642648647{background-position: center !important;background-repeat: no-repeat !important;background-size: cover !important;}\u00a0\u00bb el_class=\u00a0\u00bbhero\u00a0\u00bb][vc_column css=\u00a0\u00bb.vc_custom_1650642607591{background-position: center !important;background-repeat: no-repeat !important;background-size: cover !important;}\u00a0\u00bb]\n\t\t\t<!-- START slider2 REVOLUTION SLIDER 6.7.34 --><p class=\"rs-p-wp-fix\"><\/p>\n\t\t\t<rs-module-wrap id=\"rev_slider_9_1_wrapper\" data-source=\"gallery\" style=\"visibility:hidden;background:transparent;padding:0;margin:0px auto;margin-top:0;margin-bottom:0;\">\n\t\t\t\t<rs-module id=\"rev_slider_9_1\" style=\"\" data-version=\"6.7.34\">\n\t\t\t\t\t<rs-slides style=\"overflow: hidden; position: absolute;\">\n\t\t\t\t\t\t<rs-slide style=\"position: absolute;\" data-key=\"rs-61\" data-title=\"Current J-Talk\" data-in=\"o:0;\" data-out=\"a:false;\">\n\t\t\t\t\t\t\t<img decoding=\"async\" src=\"\/\/cjf-fjc.ca\/wp-content\/plugins\/revslider\/sr6\/assets\/assets\/dummy.png\" alt=\"Current J-Talk\" title=\"Accueil\" class=\"rev-slidebg tp-rs-img rs-lazyload\" data-lazyload=\"\/\/cjf-fjc.ca\/wp-content\/plugins\/revslider\/sr6\/assets\/assets\/transparent.png\" data-no-retina>\n<!--\n\t\t\t\t\t\t\t--><a\n\t\t\t\t\t\t\t\tid=\"slider-9-slide-61-layer-3\" \n\t\t\t\t\t\t\t\tclass=\"rs-layer\"\n\t\t\t\t\t\t\t\thref=\"https:\/\/cjf-fjc.ca\/event\/covering-the-conflagration\/\" target=\"_self\"\n\t\t\t\t\t\t\t\tdata-type=\"image\"\n\t\t\t\t\t\t\t\tdata-rsp_ch=\"on\"\n\t\t\t\t\t\t\t\tdata-xy=\"x:113px;y:148px;\"\n\t\t\t\t\t\t\t\tdata-text=\"w:normal;\"\n\t\t\t\t\t\t\t\tdata-dim=\"w:1034px;h:582px;\"\n\t\t\t\t\t\t\t\tdata-frame_1=\"x:1px;y:-151px;\"\n\t\t\t\t\t\t\t\tdata-frame_999=\"o:0;st:w;\"\n\t\t\t\t\t\t\t\tstyle=\"z-index:5;\"\n\t\t\t\t\t\t\t><img decoding=\"async\" src=\"\/\/cjf-fjc.ca\/wp-content\/plugins\/revslider\/sr6\/assets\/assets\/dummy.png\" alt=\"\" class=\"tp-rs-img rs-lazyload\" width=\"1920\" height=\"1080\" data-lazyload=\"\/\/cjf-fjc.ca\/wp-content\/uploads\/Covering-the-Conflagration-1.jpg\" data-no-retina> \n\t\t\t\t\t\t\t<\/a><!--\n-->\t\t\t\t\t<\/rs-slide>\n\t\t\t\t\t\t<rs-slide style=\"position: absolute;\" data-key=\"rs-57\" data-title=\"J-Talks season slide\" data-in=\"o:0;\" data-out=\"a:false;\">\n\t\t\t\t\t\t\t<img decoding=\"async\" src=\"\/\/cjf-fjc.ca\/wp-content\/plugins\/revslider\/sr6\/assets\/assets\/dummy.png\" alt=\"J-Talks season slide\" title=\"Accueil\" class=\"rev-slidebg tp-rs-img rs-lazyload\" data-lazyload=\"\/\/cjf-fjc.ca\/wp-content\/plugins\/revslider\/sr6\/assets\/assets\/transparent.png\" data-no-retina>\n<!--\n\t\t\t\t\t\t\t--><a\n\t\t\t\t\t\t\t\tid=\"slider-9-slide-57-layer-11\" \n\t\t\t\t\t\t\t\tclass=\"rs-layer\"\n\t\t\t\t\t\t\t\thref=\"https:\/\/cjf-fjc.ca\/j-talks-2026\/\" target=\"_self\"\n\t\t\t\t\t\t\t\tdata-type=\"image\"\n\t\t\t\t\t\t\t\tdata-rsp_ch=\"on\"\n\t\t\t\t\t\t\t\tdata-xy=\"x:90px;y:-3px;\"\n\t\t\t\t\t\t\t\tdata-text=\"w:normal;\"\n\t\t\t\t\t\t\t\tdata-dim=\"w:1049px;h:590px;\"\n\t\t\t\t\t\t\t\tdata-frame_999=\"o:0;st:w;\"\n\t\t\t\t\t\t\t\tstyle=\"z-index:5;\"\n\t\t\t\t\t\t\t><img decoding=\"async\" src=\"\/\/cjf-fjc.ca\/wp-content\/plugins\/revslider\/sr6\/assets\/assets\/dummy.png\" alt=\"J-Talks 2026\" class=\"tp-rs-img rs-lazyload\" width=\"1920\" height=\"1080\" data-lazyload=\"\/\/cjf-fjc.ca\/wp-content\/uploads\/J-Talks-Winter-2026-Banner.jpg\" data-no-retina> \n\t\t\t\t\t\t\t<\/a><!--\n-->\t\t\t\t\t<\/rs-slide>\n\t\t\t\t\t\t<rs-slide style=\"position: absolute;\" data-key=\"rs-60\" data-title=\"Awards Tribute\" data-in=\"o:0;\" data-out=\"a:false;\">\n\t\t\t\t\t\t\t<img decoding=\"async\" src=\"\/\/cjf-fjc.ca\/wp-content\/plugins\/revslider\/sr6\/assets\/assets\/dummy.png\" alt=\"Awards Tribute\" title=\"Accueil\" class=\"rev-slidebg tp-rs-img rs-lazyload\" data-lazyload=\"\/\/cjf-fjc.ca\/wp-content\/plugins\/revslider\/sr6\/assets\/assets\/transparent.png\" data-no-retina>\n<!--\n\t\t\t\t\t\t\t--><a\n\t\t\t\t\t\t\t\tid=\"slider-9-slide-60-layer-0\" \n\t\t\t\t\t\t\t\tclass=\"rs-layer\"\n\t\t\t\t\t\t\t\thref=\"https:\/\/cjf-fjc.ca\/2026-cjf-awards\/\" target=\"_self\"\n\t\t\t\t\t\t\t\tdata-type=\"image\"\n\t\t\t\t\t\t\t\tdata-rsp_ch=\"on\"\n\t\t\t\t\t\t\t\tdata-xy=\"x:102px;y:1px;\"\n\t\t\t\t\t\t\t\tdata-text=\"w:normal;\"\n\t\t\t\t\t\t\t\tdata-dim=\"w:1058px;h:595px;\"\n\t\t\t\t\t\t\t\tdata-frame_999=\"o:0;st:w;\"\n\t\t\t\t\t\t\t\tstyle=\"z-index:5;\"\n\t\t\t\t\t\t\t><img decoding=\"async\" src=\"\/\/cjf-fjc.ca\/wp-content\/plugins\/revslider\/sr6\/assets\/assets\/dummy.png\" alt=\"\" class=\"tp-rs-img rs-lazyload\" width=\"2560\" height=\"1440\" data-lazyload=\"\/\/cjf-fjc.ca\/wp-content\/uploads\/CJF-awards-2026_banner.png\" data-no-retina> \n\t\t\t\t\t\t\t<\/a><!--\n-->\t\t\t\t\t<\/rs-slide>\n\t\t\t\t\t\t<rs-slide style=\"position: absolute;\" data-key=\"rs-53\" data-title=\"2026 Save the Date\" data-in=\"o:0;\" data-out=\"a:false;\">\n\t\t\t\t\t\t\t<img decoding=\"async\" src=\"\/\/cjf-fjc.ca\/wp-content\/plugins\/revslider\/sr6\/assets\/assets\/dummy.png\" alt=\"2026 Save the Date\" title=\"Accueil\" class=\"rev-slidebg tp-rs-img rs-lazyload\" data-lazyload=\"\/\/cjf-fjc.ca\/wp-content\/plugins\/revslider\/sr6\/assets\/assets\/transparent.png\" data-no-retina>\n<!--\n\t\t\t\t\t\t\t--><rs-layer\n\t\t\t\t\t\t\t\tid=\"slider-9-slide-53-layer-8\" \n\t\t\t\t\t\t\t\tdata-type=\"image\"\n\t\t\t\t\t\t\t\tdata-rsp_ch=\"on\"\n\t\t\t\t\t\t\t\tdata-xy=\"y:-24px;\"\n\t\t\t\t\t\t\t\tdata-text=\"w:normal;\"\n\t\t\t\t\t\t\t\tdata-dim=\"w:1249px;h:714px;\"\n\t\t\t\t\t\t\t\tdata-frame_999=\"o:0;st:w;\"\n\t\t\t\t\t\t\t\tstyle=\"z-index:5;\"\n\t\t\t\t\t\t\t><img decoding=\"async\" src=\"\/\/cjf-fjc.ca\/wp-content\/plugins\/revslider\/sr6\/assets\/assets\/dummy.png\" alt=\"CJF Awards 2026 Champions of Truth Join us for the industry\u2019s must-attend event. Save the Date #CJFAwards June 10, 2026 Fairmont Royal York, Toronto The following awards will be recognized: CJF Lifetime Achievement Award CJF Tribute CJF Dr. Eric Jackman Award for Excellence in Journalism The CJF Hinton Award for Excellence in AI Safety Reporting \u2013 NEW The Landsberg Award CJF Award for Climate Solutions Reporting CJF Edward Burtynsky Award for Climate Photojournalism CJF Black Journalism Fellowships CJF-CBC Indigenous Journalism Fellowship CJF Indigenous Health Journalism Fellowship in partnership with the Canadian Medical Association CJF Bursary for BIPOC Student Journalists Tom Hanson Photojournalism Award William Southam Journalism Fellowships at Massey College Martin Wise Goodman Canadian Nieman Fellowship at Harvard University For sponsorship opportunities, contact: Josh Gurfinkel, Director of Operations jgurfinkel@cjf-fjc.ca The Canadian Journalism Foundation is working for better journalism. As journalism goes, so goes democracy.\" class=\"tp-rs-img rs-lazyload\" width=\"2003\" height=\"1145\" data-lazyload=\"\/\/cjf-fjc.ca\/wp-content\/uploads\/2677-CJFA_STD-5.0horizontal.jpg\" data-no-retina> \n\t\t\t\t\t\t\t<\/rs-layer><!--\n-->\t\t\t\t\t<\/rs-slide>\n\t\t\t\t\t\t<rs-slide style=\"position: absolute;\" data-key=\"rs-59\" data-title=\"A View from Washington\" data-in=\"o:0;\" data-out=\"a:false;\">\n\t\t\t\t\t\t\t<img decoding=\"async\" src=\"\/\/cjf-fjc.ca\/wp-content\/plugins\/revslider\/sr6\/assets\/assets\/dummy.png\" alt=\"A View from Washington\" title=\"Accueil\" class=\"rev-slidebg tp-rs-img rs-lazyload\" data-lazyload=\"\/\/cjf-fjc.ca\/wp-content\/plugins\/revslider\/sr6\/assets\/assets\/transparent.png\" data-no-retina>\n<!--\n\t\t\t\t\t\t\t--><a\n\t\t\t\t\t\t\t\tid=\"slider-9-slide-59-layer-1\" \n\t\t\t\t\t\t\t\tclass=\"rs-layer\"\n\t\t\t\t\t\t\t\thref=\"https:\/\/cjf-fjc.ca\/event\/a-view-from-washington\/\" target=\"_self\"\n\t\t\t\t\t\t\t\tdata-type=\"image\"\n\t\t\t\t\t\t\t\tdata-rsp_ch=\"on\"\n\t\t\t\t\t\t\t\tdata-xy=\"x:95px;y:-4px;\"\n\t\t\t\t\t\t\t\tdata-text=\"w:normal;\"\n\t\t\t\t\t\t\t\tdata-dim=\"w:1064px;h:599px;\"\n\t\t\t\t\t\t\t\tdata-frame_999=\"o:0;st:w;\"\n\t\t\t\t\t\t\t\tstyle=\"z-index:5;\"\n\t\t\t\t\t\t\t><img decoding=\"async\" src=\"\/\/cjf-fjc.ca\/wp-content\/plugins\/revslider\/sr6\/assets\/assets\/dummy.png\" alt=\"A View from Washington\" class=\"tp-rs-img rs-lazyload\" width=\"1920\" height=\"1080\" data-lazyload=\"\/\/cjf-fjc.ca\/wp-content\/uploads\/View-from-Washington.png\" data-no-retina> \n\t\t\t\t\t\t\t<\/a><!--\n-->\t\t\t\t\t<\/rs-slide>\n\t\t\t\t\t\t<rs-slide style=\"position: absolute;\" data-key=\"rs-58\" data-title=\"NextGen\" data-in=\"o:0;\" data-out=\"a:false;\">\n\t\t\t\t\t\t\t<img decoding=\"async\" src=\"\/\/cjf-fjc.ca\/wp-content\/plugins\/revslider\/sr6\/assets\/assets\/dummy.png\" alt=\"NextGen\" title=\"Accueil\" class=\"rev-slidebg tp-rs-img rs-lazyload\" data-lazyload=\"\/\/cjf-fjc.ca\/wp-content\/plugins\/revslider\/sr6\/assets\/assets\/transparent.png\" data-no-retina>\n<!--\n\t\t\t\t\t\t\t--><a\n\t\t\t\t\t\t\t\tid=\"slider-9-slide-58-layer-6\" \n\t\t\t\t\t\t\t\tclass=\"rs-layer rev-btn\"\n\t\t\t\t\t\t\t\thref=\"https:\/\/cjf-fjc.ca\/cjf-nextgen-creator-journalists-training-program\/\" target=\"_self\"\n\t\t\t\t\t\t\t\tdata-type=\"button\"\n\t\t\t\t\t\t\t\tdata-color=\"#ffffff\"\n\t\t\t\t\t\t\t\tdata-bsh=\"v:11px;b:22px;\"\n\t\t\t\t\t\t\t\tdata-rsp_ch=\"on\"\n\t\t\t\t\t\t\t\tdata-xy=\"x:57px;y:443px;\"\n\t\t\t\t\t\t\t\tdata-text=\"w:normal;s:22;l:66;fw:500;\"\n\t\t\t\t\t\t\t\tdata-dim=\"minh:0;\"\n\t\t\t\t\t\t\t\tdata-padding=\"r:66;l:66;\"\n\t\t\t\t\t\t\t\tdata-border=\"bor:5px,5px,5px,5px;\"\n\t\t\t\t\t\t\t\tdata-frame_999=\"o:0;st:w;\"\n\t\t\t\t\t\t\t\tdata-frame_hover=\"bgc:linear-gradient(rgba(255,149,0,1) 0%, rgba(255,94,58,1) 100%);bor:5px,5px,5px,5px;e:power1.inOut;bri:120%;\"\n\t\t\t\t\t\t\t\tstyle=\"z-index:6;background:linear-gradient(rgba(91,29,0,1) 0%, rgba(255,94,58,1) 100%);font-family:'Archivo';\"\n\t\t\t\t\t\t\t>Learn more \n\t\t\t\t\t\t\t<\/a><!--\n\n\t\t\t\t\t\t\t--><a\n\t\t\t\t\t\t\t\tid=\"slider-9-slide-58-layer-7\" \n\t\t\t\t\t\t\t\tclass=\"rs-layer\"\n\t\t\t\t\t\t\t\thref=\"https:\/\/cjf-fjc.ca\/cjf-nextgen-creator-journalists-training-program\/\" target=\"_self\"\n\t\t\t\t\t\t\t\tdata-type=\"image\"\n\t\t\t\t\t\t\t\tdata-rsp_ch=\"on\"\n\t\t\t\t\t\t\t\tdata-xy=\"x:2px;y:-7px;\"\n\t\t\t\t\t\t\t\tdata-text=\"w:normal;\"\n\t\t\t\t\t\t\t\tdata-dim=\"w:1242px;h:699px;\"\n\t\t\t\t\t\t\t\tdata-frame_999=\"o:0;st:w;\"\n\t\t\t\t\t\t\t\tstyle=\"z-index:5;\"\n\t\t\t\t\t\t\t><img decoding=\"async\" src=\"\/\/cjf-fjc.ca\/wp-content\/plugins\/revslider\/sr6\/assets\/assets\/dummy.png\" alt=\"CJF NextGen Creator-Journalists Training\" class=\"tp-rs-img rs-lazyload\" width=\"2240\" height=\"1260\" data-lazyload=\"\/\/cjf-fjc.ca\/wp-content\/uploads\/Next-Gen-Banner.png\" data-no-retina> \n\t\t\t\t\t\t\t<\/a><!--\n-->\t\t\t\t\t<\/rs-slide>\n\t\t\t\t\t<\/rs-slides>\n\t\t\t\t<\/rs-module>\n\t\t\t\t<script>\n\t\t\t\t\tsetREVStartSize({c: 'rev_slider_9_1',rl:[1240,1024,778,480],el:[600],gw:[1240],gh:[600],type:'standard',justify:'',layout:'fullwidth',mh:\"0\"});if (window.RS_MODULES!==undefined && window.RS_MODULES.modules!==undefined && window.RS_MODULES.modules[\"revslider91\"]!==undefined) {window.RS_MODULES.modules[\"revslider91\"].once = false;window.revapi9 = undefined;if (window.RS_MODULES.checkMinimal!==undefined) window.RS_MODULES.checkMinimal()}\n\t\t\t\t<\/script>\n\t\t\t<\/rs-module-wrap>\n\t\t\t<!-- END REVOLUTION SLIDER -->\n[\/vc_column][\/vc_row][vc_row][vc_column width=\u00a0\u00bb1\/6&Prime;][\/vc_column][vc_column width=\u00a0\u00bb2\/3&Prime; el_class=\u00a0\u00bbheader\u00a0\u00bb][vc_empty_space height=\u00a0\u00bb35px\u00a0\u00bb] <h2 style=\"color:#0a0a0a;padding:px;text-align:center;font-size:45px;line-height:px;letter-spacing: px;font-weight:bold\" class=\"  h2heading nd_options_first_font \">Comme va le journalisme, ainsi va la d\u00e9mocratie<\/h2>  <h2 style=\"color:#707070;padding:20px;text-align:center;font-size:45px;line-height:15px;letter-spacing: px;font-weight:bold\" class=\"  h2heading nd_options_first_font \"><\/h2> [vc_empty_space height=\u00a0\u00bb20px\u00a0\u00bb][vc_column_text css=\u00a0\u00bb\u00a0\u00bb]<\/p>\n<div><\/div>\n<div class=\"vc_empty_space\" style=\"text-align: center;\">Fond\u00e9e en 1990, la Fondation pour le journalisme canadien promeut, c\u00e9l\u00e8bre et facilite l\u2019excellence en journalisme. La fondation g\u00e8re un prestigieux prix et bourses programme\u00a0mettant en vedette un\u00a0<a href=\"https:\/\/cjf-fjc.ca\/cjf-awards\/\"><strong>gala de<\/strong><\/a>\u00a0l\u2019industrie\u00a0o\u00f9 les chefs de file de l\u2019information, les journalistes et les entreprises canadiennes se r\u00e9unissent pour c\u00e9l\u00e9brer les r\u00e9alisations journalistiques exceptionnelles et la valeur du journalisme professionnel. Par mois\u00a0J-Talks, une s\u00e9rie de conf\u00e9rences publiques, le CJF facilite le dialogue entre journalistes, gens d\u2019affaires, universitaires et \u00e9tudiants sur le r\u00f4le des m\u00e9dias dans la soci\u00e9t\u00e9 canadienne et les d\u00e9fis permanents pour les m\u00e9dias \u00e0 l\u2019\u00e8re num\u00e9rique. La fondation favorise \u00e9galement les opportunit\u00e9s pour le journalisme\u00a0l\u2019\u00e9ducation, la formation et la recherche.<\/div>\n<p>[\/vc_column_text][\/vc_column][vc_column width=\u00a0\u00bb1\/6&Prime;][\/vc_column][\/vc_row][vc_row full_width=\u00a0\u00bbstretch_row\u00a0\u00bb css=\u00a0\u00bb.vc_custom_1653489196659{background-image: url(https:\/\/cjf-fjc.ca\/wp-content\/uploads\/background-events1.png?id=19507) !important;background-position: center !important;background-repeat: no-repeat !important;background-size: cover !important;}\u00a0\u00bb][vc_column] <h4 style=\"color:#ffffff;padding:px;text-align:center;font-size:20px;line-height:20px;letter-spacing: 2px;font-weight:lighter\" class=\"  subtitle nd_options_second_font \">CJF J-TALKS:<\/h4>  <h1 style=\"color:#ffffff;padding:px;text-align:center;font-size:50px;line-height:50px;letter-spacing: px;font-weight:bold\" class=\"  h2heading nd_options_first_font \">JOURNALISM MATTERS.<\/h1> <div style=\"background-color:;height: 30px\" class=\"nicdark_section  \"><\/div>[vc_raw_html]JTNDZGl2JTIwYWxpZ24lM0QlMjJjZW50ZXIlMjIlM0UlNUJlY3MtbGlzdC1ldmVudHMlMjBkZXNpZ24lM0QlMjJ0YWJsZSUyMiUyMGZyb21kYXRlJTNEJTI3MjAyMS0wMS0zMSUyNyUyMGZ1dHVyZW9ubHklM0QlMjdmYWxzZSUyNyUyMHBhZ2luYXRpb24lM0QlMjJmYWxzZSUyMiUyMG9yZGVyJTNEJTIyREVTQyUyMiUyMGxpbWl0JTNEJTIyMyUyMiUyMHRpdGxlc2l6ZSUzRCUyMjE2cHglMjIlMjBleGNlcnB0JTNEJTI3ZmFsc2UlMjclNUQlM0MlMkZkaXYlM0U=[\/vc_raw_html]\n\t<div class=\"nd_options_section nd_options_text_align_center\">\n\t<a style=\"border: 2px solid #ffffff;border-radius:30px;letter-spacing:px;line-height:14px;font-size:14px;padding:15px 25px;margin:20px;color:#ffffff\" rel=\"\" href=\"https:\/\/cjf-fjc.ca\/j-talks-live\/\" class=\"nicdark_display_inline_block  nd_options_font_weight_normal nd_options_first_font  \">Plus d\u2019evenements<\/a>\n\t<\/div>\n<div style=\"background-color:;height: 10px\" class=\"nicdark_section  \"><\/div>[\/vc_column][\/vc_row][vc_row full_width=\u00a0\u00bbstretch_row\u00a0\u00bb content_placement=\u00a0\u00bbmiddle\u00a0\u00bb css=\u00a0\u00bb.vc_custom_1643660324061{background-color: #e4e4e4 !important;}\u00a0\u00bb][vc_column width=\u00a0\u00bb1\/2&Prime;] <h4 style=\"color:#0a0a0a;padding:px;text-align:;font-size:20px;line-height:20px;letter-spacing: 2px;font-weight:lighter\" class=\"  subtitle nd_options_second_font \">S'ABONNER<\/h4>  <h1 style=\"color:#0a0a0a;padding:px;text-align:;font-size:50px;line-height:50px;letter-spacing: px;font-weight:bold\" class=\"  h2heading nd_options_first_font \">NOTRE INFOLETTRE<\/h1> <div style=\"background-color:;height: 50px\" class=\"nicdark_section  \"><\/div>[\/vc_column][vc_column width=\u00a0\u00bb1\/2&Prime;][vc_empty_space height=\u00a0\u00bb80px\u00a0\u00bb][vc_column_text css=\u00a0\u00bb\u00a0\u00bb]<script>(function() {\n\twindow.mc4wp = window.mc4wp || {\n\t\tlisteners: [],\n\t\tforms: {\n\t\t\ton: function(evt, cb) {\n\t\t\t\twindow.mc4wp.listeners.push(\n\t\t\t\t\t{\n\t\t\t\t\t\tevent   : evt,\n\t\t\t\t\t\tcallback: cb\n\t\t\t\t\t}\n\t\t\t\t);\n\t\t\t}\n\t\t}\n\t}\n})();\n<\/script><!-- Mailchimp for WordPress v4.12.1 - https:\/\/wordpress.org\/plugins\/mailchimp-for-wp\/ --><form id=\"mc4wp-form-1\" class=\"mc4wp-form mc4wp-form-1695 mc4wp-form-theme mc4wp-form-theme-light\" method=\"post\" data-id=\"1695\" data-name=\"General\" ><div class=\"mc4wp-form-fields\"><div class=\"newsletter-row\">\r\n\t<label> \r\n\t\t<input type=\"email\" name=\"EMAIL\" placeholder=\"Your email address\" required \/>\r\n\t<\/label>\r\n  \t<input id=\"newsletterSubscribe\" type=\"submit\" value=\"Subscribe\">\r\n<\/div>\r\n<style>\r\n  .newsletter-row {\r\n  \tdisplay:flex;\r\n    flex-direction:row;\r\n    justify-content:space-between;\r\n    align-items:center;\r\n  }\r\n  @media(max-width:479px){\r\n  \t.newsletter-row {\r\n    \tflex-direction:column;\r\n\t\tjustify-content:flex-start;\r\n\t\talign-items: flex-start;\r\n\t\trow-gap: 20px;\r\n    }\r\n    #newsletterSubscribe {\r\n\t\tmargin-left:0px !important;\r\n    }\r\n  }\r\n  .newsletter-row label {\r\n    margin:0;\r\n    padding:0;\r\n    width:100% !important;\r\n    margin-right:20px;\r\n  }\r\n  #newsletterSubscribe {\r\n      border-radius:30px !important;\r\n      background-color:#7f0308 !important;\r\n      margin-left:20px;\r\n      color:#ffffff !important;\r\n  }\r\n<\/style><\/div><label style=\"display: none !important;\">Laissez ce champ vide si vous \u00eates humain\u00a0: <input type=\"text\" name=\"_mc4wp_honeypot\" value=\"\" tabindex=\"-1\" autocomplete=\"off\" \/><\/label><input type=\"hidden\" name=\"_mc4wp_timestamp\" value=\"1776438118\" \/><input type=\"hidden\" name=\"_mc4wp_form_id\" value=\"1695\" \/><input type=\"hidden\" name=\"_mc4wp_form_element_id\" value=\"mc4wp-form-1\" \/><div class=\"mc4wp-response\"><\/div><\/form><!-- \/ Mailchimp for WordPress Plugin -->[\/vc_column_text][\/vc_column][\/vc_row][vc_row][vc_column el_class=\u00a0\u00bblogo-collections\u00a0\u00bb] <h3 style=\"color:#0a0a0a;padding:30px;text-align:;font-size:32px;line-height:px;letter-spacing: px;font-weight:bold\" class=\"  h2heading h2heading-padding nd_options_second_font \">PRINCIPAUX SOUTIENS DE LA CJF<\/h3> [vc_images_carousel images=\u00a0\u00bb17452,17460,17442,17461,17443,17451,17459,17453,22039,22049,17450&Prime; img_size=\u00a0\u00bbfull\u00a0\u00bb speed=\u00a0\u00bb1500&Prime; slides_per_view=\u00a0\u00bb6&Prime; autoplay=\u00a0\u00bbyes\u00a0\u00bb hide_pagination_control=\u00a0\u00bbyes\u00a0\u00bb wrap=\u00a0\u00bbyes\u00a0\u00bb el_class=\u00a0\u00bbdesktophomeslider\u00a0\u00bb][vc_images_carousel images=\u00a0\u00bb17362,17363,17364,17365,17366,17367,17368,17369,17370,17371&Prime; img_size=\u00a0\u00bbfull\u00a0\u00bb speed=\u00a0\u00bb\u00a0\u00bb slides_per_view=\u00a0\u00bb2&Prime; autoplay=\u00a0\u00bbyes\u00a0\u00bb hide_pagination_control=\u00a0\u00bbyes\u00a0\u00bb wrap=\u00a0\u00bbyes\u00a0\u00bb el_class=\u00a0\u00bbmobilehomeslider\u00a0\u00bb] <h3 style=\"color:#0a0a0a;padding:30px;text-align:;font-size:32px;line-height:px;letter-spacing: px;font-weight:bold\" class=\"  h2heading h2heading-padding nd_options_second_font \">SOUTIENS EN NATURE<\/h3> [vc_images_carousel images=\u00a0\u00bb17457,17455,17448,18202,17440,21203,17441,22044&Prime; img_size=\u00a0\u00bbfull\u00a0\u00bb speed=\u00a0\u00bb1500&Prime; slides_per_view=\u00a0\u00bb6&Prime; autoplay=\u00a0\u00bbyes\u00a0\u00bb hide_pagination_control=\u00a0\u00bbyes\u00a0\u00bb wrap=\u00a0\u00bbyes\u00a0\u00bb el_class=\u00a0\u00bbdesktophomeslider\u00a0\u00bb][vc_images_carousel images=\u00a0\u00bb17441,17440,17446,17448,17455&Prime; img_size=\u00a0\u00bbfull\u00a0\u00bb speed=\u00a0\u00bb\u00a0\u00bb slides_per_view=\u00a0\u00bb2&Prime; autoplay=\u00a0\u00bbyes\u00a0\u00bb hide_pagination_control=\u00a0\u00bbyes\u00a0\u00bb wrap=\u00a0\u00bbyes\u00a0\u00bb el_class=\u00a0\u00bbmobilehomeslider\u00a0\u00bb][\/vc_column][\/vc_row][vc_row full_width=\u00a0\u00bbstretch_row\u00a0\u00bb css=\u00a0\u00bb.vc_custom_1645216935788{padding-top: 20px !important;padding-bottom: 20px !important;background-image: url(https:\/\/cjf-fjc.ca\/wp-content\/uploads\/background-1.png?id=1706) !important;background-position: center !important;background-repeat: no-repeat !important;background-size: cover !important;}\u00a0\u00bb][vc_column width=\u00a0\u00bb1\/2&Prime;][\/vc_column][vc_column width=\u00a0\u00bb1\/2&Prime;] <h4 style=\"color:#ffffff;padding:px;text-align:center;font-size:20px;line-height:px;letter-spacing: px;font-weight:\" class=\"  text3 nd_options_second_font \">Soutenez un meilleur journalisme.<\/h4>  <h3 style=\"color:#ffffff;padding:px;text-align:center;font-size:40px;line-height:40px;letter-spacing: px;font-weight:\" class=\"   nd_options_second_font \">Soutenez la Fondation pour le journalisme canadien.<\/h3> \n\t<div class=\"nd_options_section nd_options_text_align_center\">\n\t<a style=\"border: px solid;border-radius:30px;letter-spacing:px;line-height:px;font-size:px;background-color:#ffffff;padding:15px 35px;margin:20px;color:#7f0308\" rel=\"\" href=\"https:\/\/cjf-fjc.ca\/donate\/\" class=\"nicdark_display_inline_block    redbtn \">FAIRE UN DON<\/a>\n\t<\/div>\n[\/vc_column][\/vc_row]<\/p>\n<\/div>","protected":false},"excerpt":{"rendered":"<p>[vc_row full_width=\u00a0\u00bbstretch_row\u00a0\u00bb css=\u00a0\u00bb.vc_custom_1650642648647{background-position: center !important;background-repeat: no-repeat !important;background-size: cover !important;}\u00a0\u00bb el_class=\u00a0\u00bbhero\u00a0\u00bb][vc_column css=\u00a0\u00bb.vc_custom_1650642607591{background-position: center !important;background-repeat: no-repeat !important;background-size: cover !important;}\u00a0\u00bb][\/vc_column][\/vc_row][vc_row][vc_column width=\u00a0\u00bb1\/6&Prime;][\/vc_column][vc_column width=\u00a0\u00bb2\/3&Prime; el_class=\u00a0\u00bbheader\u00a0\u00bb][vc_empty_space height=\u00a0\u00bb35px\u00a0\u00bb][vc_empty_space height=\u00a0\u00bb20px\u00a0\u00bb][vc_column_text css=\u00a0\u00bb\u00a0\u00bb] Fond\u00e9e en 1990, la Fondation pour le [&hellip;]<\/p>\n","protected":false},"author":1,"featured_media":0,"parent":0,"menu_order":0,"comment_status":"closed","ping_status":"closed","template":"","meta":{"_acf_changed":false,"footnotes":""},"class_list":["post-18650","page","type-page","status-publish","hentry"],"acf":[],"_links":{"self":[{"href":"https:\/\/cjf-fjc.ca\/fr\/wp-json\/wp\/v2\/pages\/18650","targetHints":{"allow":["GET"]}}],"collection":[{"href":"https:\/\/cjf-fjc.ca\/fr\/wp-json\/wp\/v2\/pages"}],"about":[{"href":"https:\/\/cjf-fjc.ca\/fr\/wp-json\/wp\/v2\/types\/page"}],"author":[{"embeddable":true,"href":"https:\/\/cjf-fjc.ca\/fr\/wp-json\/wp\/v2\/users\/1"}],"replies":[{"embeddable":true,"href":"https:\/\/cjf-fjc.ca\/fr\/wp-json\/wp\/v2\/comments?post=18650"}],"version-history":[{"count":28,"href":"https:\/\/cjf-fjc.ca\/fr\/wp-json\/wp\/v2\/pages\/18650\/revisions"}],"predecessor-version":[{"id":23277,"href":"https:\/\/cjf-fjc.ca\/fr\/wp-json\/wp\/v2\/pages\/18650\/revisions\/23277"}],"wp:attachment":[{"href":"https:\/\/cjf-fjc.ca\/fr\/wp-json\/wp\/v2\/media?parent=18650"}],"curies":[{"name":"wp","href":"https:\/\/api.w.org\/{rel}","templated":true}]}}